{"id":51,"date":"2012-08-14T11:16:28","date_gmt":"2012-08-14T14:16:28","guid":{"rendered":"https:\/\/wp.ufpel.edu.br\/modelage\/?page_id=51"},"modified":"2012-08-14T11:16:53","modified_gmt":"2012-08-14T14:16:53","slug":"projetos-pedagogicos","status":"publish","type":"page","link":"https:\/\/wp.ufpel.edu.br\/modelage\/projetos-pedagogicos\/","title":{"rendered":"PROJETOS PEDAG\u00d3GICOS"},"content":{"rendered":"<p>A partir do conv\u00eanio REUNI firmado com a UFPel, participou ativamente da elabora\u00e7\u00e3o dos seguintes projetos pedag\u00f3gicos:<\/p>\n<p>1) Bacharelado em Engenharia Geol\u00f3gica<\/p>\n<p>2) Bacharelado em Engenharia de Petr\u00f3leo (E&amp;P)<\/p>\n<p>3) Curso Superior de Tecnologia em Geoprocessamento<\/p>\n<p>Mais informa\u00e7\u00f5es podem ser obtidas no Menu acima, ou em contato direto com as respectivas coordena\u00e7\u00f5es dos cursos.<\/p>\n","protected":false},"excerpt":{"rendered":"<p>A partir do conv\u00eanio REUNI firmado com a UFPel, participou ativamente da elabora\u00e7\u00e3o dos seguintes projetos pedag\u00f3gicos: 1) Bacharelado em Engenharia Geol\u00f3gica 2) Bacharelado em Engenharia de Petr\u00f3leo (E&amp;P) 3) Curso Superior de Tecnologia em Geoprocessamento Mais informa\u00e7\u00f5es podem ser obtidas no Menu acima, ou em contato direto com as respectivas coordena\u00e7\u00f5es dos cursos.<\/p>\n","protected":false},"author":201,"featured_media":0,"parent":0,"menu_order":3,"comment_status":"closed","ping_status":"closed","template":"","meta":{"footnotes":""},"class_list":["post-51","page","type-page","status-publish","hentry"],"_links":{"self":[{"href":"https:\/\/wp.ufpel.edu.br\/modelage\/wp-json\/wp\/v2\/pages\/51","targetHints":{"allow":["GET"]}}],"collection":[{"href":"https:\/\/wp.ufpel.edu.br\/modelage\/wp-json\/wp\/v2\/pages"}],"about":[{"href":"https:\/\/wp.ufpel.edu.br\/modelage\/wp-json\/wp\/v2\/types\/page"}],"author":[{"embeddable":true,"href":"https:\/\/wp.ufpel.edu.br\/modelage\/wp-json\/wp\/v2\/users\/201"}],"replies":[{"embeddable":true,"href":"https:\/\/wp.ufpel.edu.br\/modelage\/wp-json\/wp\/v2\/comments?post=51"}],"version-history":[{"count":3,"href":"https:\/\/wp.ufpel.edu.br\/modelage\/wp-json\/wp\/v2\/pages\/51\/revisions"}],"predecessor-version":[{"id":53,"href":"https:\/\/wp.ufpel.edu.br\/modelage\/wp-json\/wp\/v2\/pages\/51\/revisions\/53"}],"wp:attachment":[{"href":"https:\/\/wp.ufpel.edu.br\/modelage\/wp-json\/wp\/v2\/media?parent=51"}],"curies":[{"name":"wp","href":"https:\/\/api.w.org\/{rel}","templated":true}]}}