{"id":48,"date":"2012-08-14T11:09:02","date_gmt":"2012-08-14T14:09:02","guid":{"rendered":"https:\/\/wp.ufpel.edu.br\/modelage\/?page_id=48"},"modified":"2012-08-14T11:09:02","modified_gmt":"2012-08-14T14:09:02","slug":"projetos-de-pesquisa","status":"publish","type":"page","link":"https:\/\/wp.ufpel.edu.br\/modelage\/projetos-de-pesquisa\/","title":{"rendered":"PROJETOS DE PESQUISA"},"content":{"rendered":"<p>Os projetos de pesquisa que est\u00e3o sendo atualmente executados s\u00e3o:<\/p>\n<p>1)<\/p>\n<p>2)<\/p>\n<p>3)<\/p>\n<p>Veja algumas informa\u00e7\u00f5es adicionais no Menu acima.<\/p>\n<p>Qualquer informa\u00e7\u00e3o adicional, por favor, sinta-se a vontade para entrar em contato.<\/p>\n","protected":false},"excerpt":{"rendered":"<p>Os projetos de pesquisa que est\u00e3o sendo atualmente executados s\u00e3o: 1) 2) 3) Veja algumas informa\u00e7\u00f5es adicionais no Menu acima. Qualquer informa\u00e7\u00e3o adicional, por favor, sinta-se a vontade para entrar em contato.<\/p>\n","protected":false},"author":201,"featured_media":0,"parent":0,"menu_order":2,"comment_status":"closed","ping_status":"closed","template":"","meta":{"footnotes":""},"class_list":["post-48","page","type-page","status-publish","hentry"],"_links":{"self":[{"href":"https:\/\/wp.ufpel.edu.br\/modelage\/wp-json\/wp\/v2\/pages\/48","targetHints":{"allow":["GET"]}}],"collection":[{"href":"https:\/\/wp.ufpel.edu.br\/modelage\/wp-json\/wp\/v2\/pages"}],"about":[{"href":"https:\/\/wp.ufpel.edu.br\/modelage\/wp-json\/wp\/v2\/types\/page"}],"author":[{"embeddable":true,"href":"https:\/\/wp.ufpel.edu.br\/modelage\/wp-json\/wp\/v2\/users\/201"}],"replies":[{"embeddable":true,"href":"https:\/\/wp.ufpel.edu.br\/modelage\/wp-json\/wp\/v2\/comments?post=48"}],"version-history":[{"count":2,"href":"https:\/\/wp.ufpel.edu.br\/modelage\/wp-json\/wp\/v2\/pages\/48\/revisions"}],"predecessor-version":[{"id":50,"href":"https:\/\/wp.ufpel.edu.br\/modelage\/wp-json\/wp\/v2\/pages\/48\/revisions\/50"}],"wp:attachment":[{"href":"https:\/\/wp.ufpel.edu.br\/modelage\/wp-json\/wp\/v2\/media?parent=48"}],"curies":[{"name":"wp","href":"https:\/\/api.w.org\/{rel}","templated":true}]}}