{"id":36,"date":"2012-08-13T20:27:57","date_gmt":"2012-08-13T23:27:57","guid":{"rendered":"https:\/\/wp.ufpel.edu.br\/modelage\/?page_id=36"},"modified":"2012-08-14T11:39:19","modified_gmt":"2012-08-14T14:39:19","slug":"linhas-de-pesquisa","status":"publish","type":"page","link":"https:\/\/wp.ufpel.edu.br\/modelage\/linhas-de-pesquisa\/","title":{"rendered":"LINHAS DE PESQUISA"},"content":{"rendered":"<p>As linhas de pesquisa desenvolvidas pelo LABORAT\u00d3RIO DE MODELAGEM AMBIENTAL E GEOL\u00d3GICA s\u00e3o:<\/p>\n<p>1) INSTRUMENTA\u00c7\u00c3O GEOL\u00d3GICA E AMBIENTAL<\/p>\n<p>2)PROSPEC\u00c7\u00c3O E PESQUISA MINERAL<\/p>\n<p>3) INTEGRA\u00c7\u00c3O E MODELAGEM DE DADOS ESPACIAIS<\/p>\n<p>4) EXTENS\u00c3O MINERAL<\/p>\n<p>Veja a descri\u00e7\u00e3o dessas linhas de pesquisa no Menu acima.<\/p>\n","protected":false},"excerpt":{"rendered":"<p>As linhas de pesquisa desenvolvidas pelo LABORAT\u00d3RIO DE MODELAGEM AMBIENTAL E GEOL\u00d3GICA s\u00e3o: 1) INSTRUMENTA\u00c7\u00c3O GEOL\u00d3GICA E AMBIENTAL 2)PROSPEC\u00c7\u00c3O E PESQUISA MINERAL 3) INTEGRA\u00c7\u00c3O E MODELAGEM DE DADOS ESPACIAIS 4) EXTENS\u00c3O MINERAL Veja a descri\u00e7\u00e3o dessas linhas de pesquisa no Menu acima.<\/p>\n","protected":false},"author":201,"featured_media":0,"parent":0,"menu_order":1,"comment_status":"closed","ping_status":"closed","template":"","meta":{"footnotes":""},"class_list":["post-36","page","type-page","status-publish","hentry"],"_links":{"self":[{"href":"https:\/\/wp.ufpel.edu.br\/modelage\/wp-json\/wp\/v2\/pages\/36","targetHints":{"allow":["GET"]}}],"collection":[{"href":"https:\/\/wp.ufpel.edu.br\/modelage\/wp-json\/wp\/v2\/pages"}],"about":[{"href":"https:\/\/wp.ufpel.edu.br\/modelage\/wp-json\/wp\/v2\/types\/page"}],"author":[{"embeddable":true,"href":"https:\/\/wp.ufpel.edu.br\/modelage\/wp-json\/wp\/v2\/users\/201"}],"replies":[{"embeddable":true,"href":"https:\/\/wp.ufpel.edu.br\/modelage\/wp-json\/wp\/v2\/comments?post=36"}],"version-history":[{"count":8,"href":"https:\/\/wp.ufpel.edu.br\/modelage\/wp-json\/wp\/v2\/pages\/36\/revisions"}],"predecessor-version":[{"id":40,"href":"https:\/\/wp.ufpel.edu.br\/modelage\/wp-json\/wp\/v2\/pages\/36\/revisions\/40"}],"wp:attachment":[{"href":"https:\/\/wp.ufpel.edu.br\/modelage\/wp-json\/wp\/v2\/media?parent=36"}],"curies":[{"name":"wp","href":"https:\/\/api.w.org\/{rel}","templated":true}]}}