{"id":16,"date":"2012-08-13T15:11:33","date_gmt":"2012-08-13T18:11:33","guid":{"rendered":"https:\/\/wp.ufpel.edu.br\/modelage\/?page_id=16"},"modified":"2012-08-14T11:00:03","modified_gmt":"2012-08-14T14:00:03","slug":"extensao-mineral","status":"publish","type":"page","link":"https:\/\/wp.ufpel.edu.br\/modelage\/linhas-de-pesquisa\/extensao-mineral\/","title":{"rendered":"EXTENS\u00c3O MINERAL"},"content":{"rendered":"<p>Essa linha de pesquisa procura investigar e implementar t\u00e9cnicas de pesquisa e extra\u00e7\u00e3o mineral adequadas para micro e pequenas empresas (principalmente cooperativas de garimpeiros), otimizando os recursos humanos existentes e promovendo mudan\u00e7as de cultura extrativa para uma cultura de inova\u00e7\u00e3o tecnol\u00f3gica sustent\u00e1vel. Os principais ganhos de inova\u00e7\u00e3o tecnol\u00f3gica nessas empresas s\u00e3o obtidos a partir de um \u00e1rduo trabalho de mudan\u00e7a de cultura t\u00e9cnica, onde a gest\u00e3o das organiza\u00e7\u00f5es deve levar em considera\u00e7\u00e3o tanto os aspectos t\u00e9cnicos, quanto os aspectos humanos, tais como a motiva\u00e7\u00e3o para o trabalho, a criatividade, a lideran\u00e7a, as rela\u00e7\u00f5es interpessoais e demais fatores envolvidos no relacionamento humano. A base conceitual que est\u00e1 por tr\u00e1s dessa mudan\u00e7a de cultura t\u00e9cnica e de inova\u00e7\u00e3o tecnol\u00f3gica \u00e9 dada por Piaget e Thiollent. Neste sentido, m\u00e9todos de pesquisa e educa\u00e7\u00e3o de base construtivista s\u00e3o i mportant\u00edssimos na inser\u00e7\u00e0o de tecnologia em \u00e1reas carentes, na medida em que est\u00e3o consideram amplamente os aspectos acima mencionados. O m\u00e9todo da &#8220;pesquisa-a\u00e7\u00e3o&#8221; (Thiollent, 1997), por exemplo, prop\u00f5e a realiza\u00e7\u00e3o de uma pesquisa envolvendo pessoas ou grupos pertencentes aos v\u00e1rios n\u00edveis hier\u00e1rquicos da organiza\u00e7\u00e3o que t\u00eam implica\u00e7\u00e3o com um problema para a obten\u00e7\u00e3o de um diagn\u00f3stico que ir\u00e1 desencadear a\u00e7\u00f5es que provocam mudan\u00e7as na organiza\u00e7\u00e3o. Dessa forma, o m\u00e9todo de pesquisa-a\u00e7\u00e3o possui um car\u00e1ter participativo, pelo fato de promover a integra\u00e7\u00e3o entre todas as pessoas envolvidas em uma determinada situa\u00e7\u00e3o que se encontra em investiga\u00e7\u00e3o. O diagn\u00f3stico das percep\u00e7\u00f5es de ambiente de trabalho, das possibilidades de melhoria das t\u00e9cnicas utilizadas, dos impactos no ambiente e na sa\u00fade s\u00e3o produzidos de forma construtiva, assim como a implementa\u00e7\u00e3o das melhorias.<\/p>\n","protected":false},"excerpt":{"rendered":"<p>Essa linha de pesquisa procura investigar e implementar t\u00e9cnicas de pesquisa e extra\u00e7\u00e3o mineral adequadas para micro e pequenas empresas (principalmente cooperativas de garimpeiros), otimizando os recursos humanos existentes e promovendo mudan\u00e7as de cultura extrativa para uma cultura de inova\u00e7\u00e3o tecnol\u00f3gica sustent\u00e1vel. Os principais ganhos de inova\u00e7\u00e3o tecnol\u00f3gica nessas empresas s\u00e3o obtidos a partir de [&hellip;]<\/p>\n","protected":false},"author":201,"featured_media":0,"parent":36,"menu_order":4,"comment_status":"closed","ping_status":"closed","template":"","meta":{"footnotes":""},"class_list":["post-16","page","type-page","status-publish","hentry"],"_links":{"self":[{"href":"https:\/\/wp.ufpel.edu.br\/modelage\/wp-json\/wp\/v2\/pages\/16","targetHints":{"allow":["GET"]}}],"collection":[{"href":"https:\/\/wp.ufpel.edu.br\/modelage\/wp-json\/wp\/v2\/pages"}],"about":[{"href":"https:\/\/wp.ufpel.edu.br\/modelage\/wp-json\/wp\/v2\/types\/page"}],"author":[{"embeddable":true,"href":"https:\/\/wp.ufpel.edu.br\/modelage\/wp-json\/wp\/v2\/users\/201"}],"replies":[{"embeddable":true,"href":"https:\/\/wp.ufpel.edu.br\/modelage\/wp-json\/wp\/v2\/comments?post=16"}],"version-history":[{"count":5,"href":"https:\/\/wp.ufpel.edu.br\/modelage\/wp-json\/wp\/v2\/pages\/16\/revisions"}],"predecessor-version":[{"id":45,"href":"https:\/\/wp.ufpel.edu.br\/modelage\/wp-json\/wp\/v2\/pages\/16\/revisions\/45"}],"up":[{"embeddable":true,"href":"https:\/\/wp.ufpel.edu.br\/modelage\/wp-json\/wp\/v2\/pages\/36"}],"wp:attachment":[{"href":"https:\/\/wp.ufpel.edu.br\/modelage\/wp-json\/wp\/v2\/media?parent=16"}],"curies":[{"name":"wp","href":"https:\/\/api.w.org\/{rel}","templated":true}]}}