{"id":13,"date":"2012-08-13T15:11:54","date_gmt":"2012-08-13T18:11:54","guid":{"rendered":"https:\/\/wp.ufpel.edu.br\/modelage\/?page_id=13"},"modified":"2012-08-14T10:59:47","modified_gmt":"2012-08-14T13:59:47","slug":"integracao-e-modelagem-de-dados-espaciais","status":"publish","type":"page","link":"https:\/\/wp.ufpel.edu.br\/modelage\/linhas-de-pesquisa\/integracao-e-modelagem-de-dados-espaciais\/","title":{"rendered":"INTEGRA\u00c7\u00c3O E MODELAGEM DE DADOS ESPACIAIS"},"content":{"rendered":"<p>Essa linha de pesquisa busca investigar os processos de integra\u00e7\u00e3o de dados por meio da aplica\u00e7\u00e3o de Sistemas Geogr\u00e1ficos de Informa\u00e7\u00e3o. Os dados pass\u00edveis de integra\u00e7\u00e3o s\u00e3o de diversas naturezas e origens: mapas geol\u00f3gicos, mapas de lineamentos estruturais, mapas geoqu\u00edmicos (derivados de campanhas de prospec\u00e7\u00e3o geoqu\u00edmica), mapas geof\u00edsicos (derivados de campanhas de prospec\u00e7\u00e3o geof\u00edsica), levantamentos por sensores remotos, etc Para a execu\u00e7\u00e3o dessas investiga\u00e7\u00f5es, o Laborat\u00f3rio de Modelagem Geol\u00f3gica j\u00e1 disp\u00f5e de softwares (ENVI, SPANS, IDRISI, SPRING, GRASS, GEOSOFT OASIS MONTAJ, MULTISPEC) e de equipamentos (computadores PC, mesas digitalizadoras, impressoras). A integra\u00e7\u00e3o de dados requer a constru\u00e7\u00e3o, ou a elabora\u00e7\u00e3o de modelos conceituais tanto de dep\u00f3sitos minerais, quanto de processos naturais (p.ex.: movimentos de massa em encostas). O modelo conceitual consiste na defini\u00e7\u00e3o do comportamento espacial entre as vari\u00e1veis de interesse; por exemplo: a correla\u00e7\u00e3o positiva entre duas, ou mais vari\u00e1veis permite definir um comportamento e ser avaliado cuidadosamente frente ao fen\u00f4meno, processo, ou a localiza\u00e7\u00e3o espacial dessas vari\u00e1veis. Essas atividades v\u00eam sendo conduzidas de modo gradativo em v\u00e1rias \u00e1reas do conhecimento, o que possibilita a troca de refer\u00eancias profissionais para avan\u00e7o do conhecimento cient\u00edfico. A conex\u00e3o entre as \u00e1reas de conhecimento \u00e9 dada pelo ferramental (SIGs), pela base principal de dados (geol\u00f3gicos, geoqu\u00edmicos, geof\u00edsicos, ambientais, bot\u00e2nicos, etc&#8230;) e pelas t\u00e9cnicas matem\u00e1ticas de integra\u00e7\u00e3o e modelagem de dados. As \u00e1reas de aplica\u00e7\u00e3o incluem pesquisa mineral, geotecnia, geologia m\u00e9dica, geomorfologia, an\u00e1lise ambiental, agricultura de precis\u00e3o, por exemplo.<\/p>\n","protected":false},"excerpt":{"rendered":"<p>Essa linha de pesquisa busca investigar os processos de integra\u00e7\u00e3o de dados por meio da aplica\u00e7\u00e3o de Sistemas Geogr\u00e1ficos de Informa\u00e7\u00e3o. Os dados pass\u00edveis de integra\u00e7\u00e3o s\u00e3o de diversas naturezas e origens: mapas geol\u00f3gicos, mapas de lineamentos estruturais, mapas geoqu\u00edmicos (derivados de campanhas de prospec\u00e7\u00e3o geoqu\u00edmica), mapas geof\u00edsicos (derivados de campanhas de prospec\u00e7\u00e3o geof\u00edsica), levantamentos [&hellip;]<\/p>\n","protected":false},"author":201,"featured_media":0,"parent":36,"menu_order":3,"comment_status":"closed","ping_status":"closed","template":"","meta":{"footnotes":""},"class_list":["post-13","page","type-page","status-publish","hentry"],"_links":{"self":[{"href":"https:\/\/wp.ufpel.edu.br\/modelage\/wp-json\/wp\/v2\/pages\/13","targetHints":{"allow":["GET"]}}],"collection":[{"href":"https:\/\/wp.ufpel.edu.br\/modelage\/wp-json\/wp\/v2\/pages"}],"about":[{"href":"https:\/\/wp.ufpel.edu.br\/modelage\/wp-json\/wp\/v2\/types\/page"}],"author":[{"embeddable":true,"href":"https:\/\/wp.ufpel.edu.br\/modelage\/wp-json\/wp\/v2\/users\/201"}],"replies":[{"embeddable":true,"href":"https:\/\/wp.ufpel.edu.br\/modelage\/wp-json\/wp\/v2\/comments?post=13"}],"version-history":[{"count":5,"href":"https:\/\/wp.ufpel.edu.br\/modelage\/wp-json\/wp\/v2\/pages\/13\/revisions"}],"predecessor-version":[{"id":44,"href":"https:\/\/wp.ufpel.edu.br\/modelage\/wp-json\/wp\/v2\/pages\/13\/revisions\/44"}],"up":[{"embeddable":true,"href":"https:\/\/wp.ufpel.edu.br\/modelage\/wp-json\/wp\/v2\/pages\/36"}],"wp:attachment":[{"href":"https:\/\/wp.ufpel.edu.br\/modelage\/wp-json\/wp\/v2\/media?parent=13"}],"curies":[{"name":"wp","href":"https:\/\/api.w.org\/{rel}","templated":true}]}}