{"id":112,"date":"2012-08-15T11:07:58","date_gmt":"2012-08-15T14:07:58","guid":{"rendered":"https:\/\/wp.ufpel.edu.br\/modelage\/?page_id=112"},"modified":"2012-08-15T11:09:02","modified_gmt":"2012-08-15T14:09:02","slug":"material-didatico","status":"publish","type":"page","link":"https:\/\/wp.ufpel.edu.br\/modelage\/material-didatico\/","title":{"rendered":"MATERIAL DID\u00c1TICO"},"content":{"rendered":"<p>Com base na experi\u00eancia profissional, alguns materiais did\u00e1ticos est\u00e3o sendo preparados para publica\u00e7\u00e3o na forma de livros, preenchendo, assim, algumas lacunas especializadas de material did\u00e1ticos atualizado e que permitam a forma\u00e7\u00e3o mais integral dos profissionais daa \u00e1reas da engenharia e ci\u00eancias da terra.<\/p>\n<p>Atualmente, est\u00e3o em diferentes fases de organiza\u00e7\u00e3o e editora\u00e7\u00e3o, os seguintes documentos:<\/p>\n<p>1) GEOESTAT\u00cdSTICA: caderno t\u00e9cnico (2011). PIRES, C.A.F.; STRIEDER, A.J. &amp; Dal\u00b4ASTA, A.P. Edi\u00e7\u00e3o pela Editora da UFSM. Livro conclu\u00eddo (aguarda indexa\u00e7\u00e3o pela Biblioteca Nacional).<\/p>\n<p>2) PROSPEC\u00c7\u00c3O MINERAL E GEOLOGIA DE MINA (2012). STRIEDER, A.J. Em aperfei\u00e7oamento e edi\u00e7\u00e3o de figuras.<\/p>\n<p>3) TOPOGRAFIA, GEOD\u00c9SIA E CARTOGRAFIA APLICADAS EM SISTEMAS DE INFORMA\u00c7\u00d5ES GEORREFERENCIADAS. (2011)\u00a0 DAL FORNO, G.L. &amp; STRIEDER, A.J. Em aperfei\u00e7oamento e edi\u00e7\u00e3o de figuras.<\/p>\n<p>Algumas informa\u00e7\u00f5es adicionais dos materiais did\u00e1ticos podem ser obtidas no Menu acima.\u00a0\u00a0\u00a0\u00a0\u00a0\u00a0\u00a0\u00a0\u00a0\u00a0\u00a0\u00a0\u00a0\u00a0\u00a0\u00a0\u00a0\u00a0\u00a0\u00a0 C\u00f3pias pr\u00e9vias podem ser obtidas sob pedido aos autores.\u00a0\u00a0 Sinta-se \u00e0 contade para entrar em contato.<\/p>\n","protected":false},"excerpt":{"rendered":"<p>Com base na experi\u00eancia profissional, alguns materiais did\u00e1ticos est\u00e3o sendo preparados para publica\u00e7\u00e3o na forma de livros, preenchendo, assim, algumas lacunas especializadas de material did\u00e1ticos atualizado e que permitam a forma\u00e7\u00e3o mais integral dos profissionais daa \u00e1reas da engenharia e ci\u00eancias da terra. Atualmente, est\u00e3o em diferentes fases de organiza\u00e7\u00e3o e editora\u00e7\u00e3o, os seguintes documentos: [&hellip;]<\/p>\n","protected":false},"author":201,"featured_media":0,"parent":0,"menu_order":4,"comment_status":"closed","ping_status":"closed","template":"","meta":{"footnotes":""},"class_list":["post-112","page","type-page","status-publish","hentry"],"_links":{"self":[{"href":"https:\/\/wp.ufpel.edu.br\/modelage\/wp-json\/wp\/v2\/pages\/112","targetHints":{"allow":["GET"]}}],"collection":[{"href":"https:\/\/wp.ufpel.edu.br\/modelage\/wp-json\/wp\/v2\/pages"}],"about":[{"href":"https:\/\/wp.ufpel.edu.br\/modelage\/wp-json\/wp\/v2\/types\/page"}],"author":[{"embeddable":true,"href":"https:\/\/wp.ufpel.edu.br\/modelage\/wp-json\/wp\/v2\/users\/201"}],"replies":[{"embeddable":true,"href":"https:\/\/wp.ufpel.edu.br\/modelage\/wp-json\/wp\/v2\/comments?post=112"}],"version-history":[{"count":3,"href":"https:\/\/wp.ufpel.edu.br\/modelage\/wp-json\/wp\/v2\/pages\/112\/revisions"}],"predecessor-version":[{"id":114,"href":"https:\/\/wp.ufpel.edu.br\/modelage\/wp-json\/wp\/v2\/pages\/112\/revisions\/114"}],"wp:attachment":[{"href":"https:\/\/wp.ufpel.edu.br\/modelage\/wp-json\/wp\/v2\/media?parent=112"}],"curies":[{"name":"wp","href":"https:\/\/api.w.org\/{rel}","templated":true}]}}