{"id":10,"date":"2012-08-13T15:12:27","date_gmt":"2012-08-13T18:12:27","guid":{"rendered":"https:\/\/wp.ufpel.edu.br\/modelage\/?page_id=10"},"modified":"2012-08-14T10:59:30","modified_gmt":"2012-08-14T13:59:30","slug":"prospeccao-e-pesquisa-mineral","status":"publish","type":"page","link":"https:\/\/wp.ufpel.edu.br\/modelage\/linhas-de-pesquisa\/prospeccao-e-pesquisa-mineral\/","title":{"rendered":"PROSPEC\u00c7\u00c3O E PESQUISA MINERAL"},"content":{"rendered":"<p>A investiga\u00e7\u00e3o das estruturas controladoras de dep\u00f3sitos minerais requer o levantamento e a an\u00e1lise consorciada de v\u00e1rios elementos geol\u00f3gicos, tais como: estruturas geol\u00f3gicas, discrimina\u00e7\u00e3o de parag\u00eaneses minerais, de zonas de altera\u00e7\u00e3o, da natureza dos fluidos mineralizantes, das caracter\u00edsticas litogeoqu\u00edmicas das rochas encaixantes prim\u00e1rias e das rochas hospedeiras imediatamente relacionadas aos corpos de min\u00e9rio. Esses elementos s\u00e3o fundamentais para o estabelecimento de modelos metalogen\u00e9ticos dos corpos de min\u00e9rio. Por\u00e9m, a vincula\u00e7\u00e3o de modelos metalogen\u00e9ticos \u00e0s estruturas controladoras dos dep\u00f3sitos minerais nas diferentes escalas de investiga\u00e7\u00e3o \u00e9 que garante o estabelecimento de modelos prospectivos, ou explorat\u00f3rios adequados. Dentro da pesquisa mineral, tamb\u00e9m se busca investigar a adequa\u00e7\u00e3o de modelos cl\u00e1ssicos de dep\u00f3sitos minerais para as condi\u00e7\u00f5es das \u00e1reas, ou distritos minerais que est\u00e3o sendo estudados. Tal adequa\u00e7\u00e3o \u00e9 importante na medida em que os modelos cl\u00e1ssicos est\u00e3o concebidos sob par\u00e2metros gerais de controle de dep\u00f3sitos minerais e, assim, n\u00e3o garantem a aplica\u00e7\u00e3o imediata para as condi\u00e7\u00f5es geol\u00f3gicas locais de cada distrito mineiro. Os instrumentos de pesquisa mineral de detalhe consistem basicamente de: modelamento geol\u00f3gico de dep\u00f3sitos minerais, caracteriza\u00e7\u00e3o tecnol\u00f3gica de min\u00e9rio, prospec\u00e7\u00e3o geof\u00edsica de detalhe (geof\u00edsica de mina), amostragem do corpo de min\u00e9rio, etc Os elementos geol\u00f3gicos investigados est\u00e3o diretamente relacionados com a geometria e a continuidade espacial do corpo de min\u00e9rio, bem como das caracter\u00edsticas do processo mineralizante. Tais elementos dependem, em \u00faltima an\u00e1lise, do modelo metalogen\u00e9tico e\/ou do modelo explorat\u00f3rio do corpo de min\u00e9rio considerado. A pesquisa mineral busca integrar soft (dados geof\u00edsicos, p.ex.) e hard (dados geoqu\u00edmicos, p.ex.) informations para delimitar os corpos minerais mais importantes e, com isso, permitir a programa\u00e7\u00e3o de sondagens com o objetivo de avalia\u00e7\u00e3o de dep\u00f3sitos.<\/p>\n","protected":false},"excerpt":{"rendered":"<p>A investiga\u00e7\u00e3o das estruturas controladoras de dep\u00f3sitos minerais requer o levantamento e a an\u00e1lise consorciada de v\u00e1rios elementos geol\u00f3gicos, tais como: estruturas geol\u00f3gicas, discrimina\u00e7\u00e3o de parag\u00eaneses minerais, de zonas de altera\u00e7\u00e3o, da natureza dos fluidos mineralizantes, das caracter\u00edsticas litogeoqu\u00edmicas das rochas encaixantes prim\u00e1rias e das rochas hospedeiras imediatamente relacionadas aos corpos de min\u00e9rio. Esses elementos [&hellip;]<\/p>\n","protected":false},"author":201,"featured_media":0,"parent":36,"menu_order":2,"comment_status":"closed","ping_status":"closed","template":"","meta":{"footnotes":""},"class_list":["post-10","page","type-page","status-publish","hentry"],"_links":{"self":[{"href":"https:\/\/wp.ufpel.edu.br\/modelage\/wp-json\/wp\/v2\/pages\/10","targetHints":{"allow":["GET"]}}],"collection":[{"href":"https:\/\/wp.ufpel.edu.br\/modelage\/wp-json\/wp\/v2\/pages"}],"about":[{"href":"https:\/\/wp.ufpel.edu.br\/modelage\/wp-json\/wp\/v2\/types\/page"}],"author":[{"embeddable":true,"href":"https:\/\/wp.ufpel.edu.br\/modelage\/wp-json\/wp\/v2\/users\/201"}],"replies":[{"embeddable":true,"href":"https:\/\/wp.ufpel.edu.br\/modelage\/wp-json\/wp\/v2\/comments?post=10"}],"version-history":[{"count":6,"href":"https:\/\/wp.ufpel.edu.br\/modelage\/wp-json\/wp\/v2\/pages\/10\/revisions"}],"predecessor-version":[{"id":43,"href":"https:\/\/wp.ufpel.edu.br\/modelage\/wp-json\/wp\/v2\/pages\/10\/revisions\/43"}],"up":[{"embeddable":true,"href":"https:\/\/wp.ufpel.edu.br\/modelage\/wp-json\/wp\/v2\/pages\/36"}],"wp:attachment":[{"href":"https:\/\/wp.ufpel.edu.br\/modelage\/wp-json\/wp\/v2\/media?parent=10"}],"curies":[{"name":"wp","href":"https:\/\/api.w.org\/{rel}","templated":true}]}}