{"id":57,"date":"2020-06-27T15:28:33","date_gmt":"2020-06-27T18:28:33","guid":{"rendered":"https:\/\/wp.ufpel.edu.br\/modela\/?page_id=57"},"modified":"2020-10-26T09:09:16","modified_gmt":"2020-10-26T12:09:16","slug":"confira-algumas-producoes-audiovisuais-clicando-nas-imagens","status":"publish","type":"page","link":"https:\/\/wp.ufpel.edu.br\/modela\/confira-algumas-producoes-audiovisuais-clicando-nas-imagens\/","title":{"rendered":"Confira algumas produ\u00e7\u00f5es audiovisuais clicando nas imagens"},"content":{"rendered":"<div id=\"lista-formatada\">\n<p><span style=\"color: #333333\"><strong>Confira algumas produ\u00e7\u00f5es audio-visuais clicando nas imagens<\/strong><\/span><\/p>\n<p><span style=\"color: #333333\"><a href=\"https:\/\/www.youtube.com\/watch?v=IUGgopc9beI\"><img class=\"wp-image-2018 size-thumbnail alignleft\" src=\"https:\/\/wp.ufpel.edu.br\/gegradi\/files\/2014\/01\/casa-do-conselheiro-200x113.jpg\" alt=\"\" width=\"200\" height=\"113\" \/><\/a><\/span><\/p>\n<p><strong>Casa do Conselheiro<\/strong> :<\/p>\n<p>Fa\u00e7a um passeio virtual na Casa do Conselheiro \u2013 Museu do doce UFPel, Pelotas. V\u00eddeo produzido na nuvem de pontos do Casar\u00e3o.<\/p>\n<p>&nbsp;<\/p>\n<p><a href=\"https:\/\/www.youtube.com\/watch?v=3vvT5jhiV64\"><img class=\"alignleft wp-image-2447 size-thumbnail\" src=\"https:\/\/wp.ufpel.edu.br\/gegradi\/files\/2020\/05\/architectural-hetitage-200x200.png\" alt=\"\" width=\"200\" height=\"200\" \/><\/a><\/p>\n<p>&nbsp;<\/p>\n<p>&nbsp;<\/p>\n<p><strong>Architectural Heritage in the palm of hand \/ GEGRADI : <\/strong><\/p>\n<p>Apresenta alguns trabalhos do projeto MODELA Pelotas, bem como a modelagem do patrim\u00f4nio pelotense, modelos em impress\u00e3o 3D, corte a laser, realidade aumentada, maquetes de papel e origami arquitet\u00f4nico.<\/p>\n<p>&nbsp;<\/p>\n<p><a href=\"https:\/\/www.youtube.com\/watch?v=5cwhzmjGnBw\"><img class=\"alignleft wp-image-2449 size-thumbnail\" src=\"https:\/\/wp.ufpel.edu.br\/gegradi\/files\/2020\/05\/gegradi-alfagaviota-200x200.png\" alt=\"\" width=\"200\" height=\"200\" \/><\/a><\/p>\n<p>&nbsp;<\/p>\n<p>&nbsp;<\/p>\n<p><strong>GEGRADI ALFA GAVIOTA :<\/strong><\/p>\n<p>O impacto da rede Alfa Gaviota no contexto do ensino, pesquisa e extens\u00e3o de Arquitetura atrav\u00e9s do Grupo de Ensino\/Aprendizagem de Gr\u00e1fica Digital (GEGRADI) da Universidade Federal de Pelotas.<\/p>\n<p>&nbsp;<\/p>\n<p><a href=\"https:\/\/www.youtube.com\/watch?v=VZvD6elyEdc\"><img class=\"alignleft wp-image-2450 size-thumbnail\" src=\"https:\/\/wp.ufpel.edu.br\/gegradi\/files\/2020\/05\/maquetes-t\u00e1teis-modela-200x200.png\" alt=\"\" width=\"200\" height=\"200\" \/><\/a><\/p>\n<p>&nbsp;<\/p>\n<p>&nbsp;<\/p>\n<p><strong>Maquetes t\u00e1teis :\u00a0<\/strong><\/p>\n<p>Reportagem do Jornal do Almo\u00e7o, mostra o estudo das maquetes t\u00e1teis do patrim\u00f4nio arquitet\u00f4nico de Pelotas e a exposi\u00e7\u00e3o realizada no Campus Anglo-UFPel.<\/p>\n<p>&nbsp;<\/p>\n<p><a href=\"https:\/\/globoplay.globo.com\/v\/5475431\/\"><img class=\"alignleft wp-image-2448 size-thumbnail\" src=\"https:\/\/wp.ufpel.edu.br\/gegradi\/files\/2020\/05\/baronesa_t\u00e1teis-200x200.jpeg\" alt=\"\" width=\"200\" height=\"200\" \/><\/a><\/p>\n<p>&nbsp;<\/p>\n<p>&nbsp;<\/p>\n<p><strong>Um museu acess\u00edvel para cegos : <\/strong><\/p>\n<p>Reportagem dispon\u00edvel na GloboPlay, do programa \u201cComo Ser\u00e1?\u201d, que relata as r\u00e9plicas t\u00e1teis dos m\u00f3veis do Museu da Baronesa, para que deficientes visuais possam ter no\u00e7\u00e3o do tamanho e do formato da mob\u00edlia presentes na visita\u00e7\u00e3o do museu.<\/p>\n<p>&nbsp;<\/p>\n<p><a href=\"http:\/\/repositorio.iau.usp.br\/handle\/RIIAU\/271\" target=\"_blank\" rel=\"noopener noreferrer\"><img class=\"alignleft wp-image-122\" src=\"https:\/\/wp.ufpel.edu.br\/modela\/files\/2020\/10\/video-projeto-modela-4.jpg\" alt=\"\" width=\"200\" height=\"133\" srcset=\"https:\/\/wp.ufpel.edu.br\/modela\/files\/2020\/10\/video-projeto-modela-4.jpg 491w, https:\/\/wp.ufpel.edu.br\/modela\/files\/2020\/10\/video-projeto-modela-4-400x266.jpg 400w\" sizes=\"(max-width: 200px) 100vw, 200px\" \/><\/a><\/p>\n<\/div>\n<p>&nbsp;<\/p>\n<p>&nbsp;<\/p>\n<p><strong>Um col\u00f3quio internacional Brasil &#8211; It\u00e1lia.<\/strong><\/p>\n","protected":false},"excerpt":{"rendered":"<p>Confira algumas produ\u00e7\u00f5es audio-visuais clicando nas imagens Casa do Conselheiro : Fa\u00e7a um passeio virtual na Casa do Conselheiro \u2013 Museu do doce UFPel, Pelotas. V\u00eddeo produzido na nuvem de pontos do Casar\u00e3o. &nbsp; &nbsp; &nbsp; Architectural Heritage in the palm of hand \/ GEGRADI : Apresenta alguns trabalhos do projeto MODELA Pelotas, bem como [&hellip;]<\/p>\n","protected":false},"author":263,"featured_media":0,"parent":0,"menu_order":0,"comment_status":"closed","ping_status":"closed","template":"","meta":{"footnotes":""},"class_list":["post-57","page","type-page","status-publish","hentry"],"_links":{"self":[{"href":"https:\/\/wp.ufpel.edu.br\/modela\/wp-json\/wp\/v2\/pages\/57","targetHints":{"allow":["GET"]}}],"collection":[{"href":"https:\/\/wp.ufpel.edu.br\/modela\/wp-json\/wp\/v2\/pages"}],"about":[{"href":"https:\/\/wp.ufpel.edu.br\/modela\/wp-json\/wp\/v2\/types\/page"}],"author":[{"embeddable":true,"href":"https:\/\/wp.ufpel.edu.br\/modela\/wp-json\/wp\/v2\/users\/263"}],"replies":[{"embeddable":true,"href":"https:\/\/wp.ufpel.edu.br\/modela\/wp-json\/wp\/v2\/comments?post=57"}],"version-history":[{"count":14,"href":"https:\/\/wp.ufpel.edu.br\/modela\/wp-json\/wp\/v2\/pages\/57\/revisions"}],"predecessor-version":[{"id":126,"href":"https:\/\/wp.ufpel.edu.br\/modela\/wp-json\/wp\/v2\/pages\/57\/revisions\/126"}],"wp:attachment":[{"href":"https:\/\/wp.ufpel.edu.br\/modela\/wp-json\/wp\/v2\/media?parent=57"}],"curies":[{"name":"wp","href":"https:\/\/api.w.org\/{rel}","templated":true}]}}