{"id":51,"date":"2020-06-27T15:21:12","date_gmt":"2020-06-27T18:21:12","guid":{"rendered":"https:\/\/wp.ufpel.edu.br\/modela\/?page_id=51"},"modified":"2020-06-28T22:11:02","modified_gmt":"2020-06-29T01:11:02","slug":"ii-congresso-nacional-para-salvaguarda-do-patrimonio-cultural-em-cachoeira-do-sul","status":"publish","type":"page","link":"https:\/\/wp.ufpel.edu.br\/modela\/ii-congresso-nacional-para-salvaguarda-do-patrimonio-cultural-em-cachoeira-do-sul\/","title":{"rendered":"II Congresso Nacional para Salvaguarda do patrim\u00f4nio cultural em Cachoeira do Sul"},"content":{"rendered":"<div id=\"lista-formatada\">\n<a href=\"https:\/\/wp.ufpel.edu.br\/modela\/files\/2020\/06\/Evento_Modela2.jpg\"><img class=\"aligncenter size-full wp-image-19\" src=\"https:\/\/wp.ufpel.edu.br\/modela\/files\/2020\/06\/Evento_Modela2.jpg\" alt=\"\" width=\"874\" height=\"246\" srcset=\"https:\/\/wp.ufpel.edu.br\/modela\/files\/2020\/06\/Evento_Modela2.jpg 874w, https:\/\/wp.ufpel.edu.br\/modela\/files\/2020\/06\/Evento_Modela2-400x113.jpg 400w, https:\/\/wp.ufpel.edu.br\/modela\/files\/2020\/06\/Evento_Modela2-768x216.jpg 768w\" sizes=\"(max-width: 874px) 100vw, 874px\" \/><\/a><\/p>\n<p>A professora Adriane Borda e a acad\u00eamica Ramile Leandro participaram do II Congresso Nacional Para Salvaguarda do patrim\u00f4nio cultural em Cachoeira do Sul. No evento a acad\u00eamica apresentou o artigo \u201cPara Al\u00e9m do olhar: o patrim\u00f4nio hist\u00f3rico da cidade de Pelotas na palma da m\u00e3o.&#8221;<\/p>\n<p>\u00c9 uma honra para n\u00f3s do Gegradi lutar pelo patrim\u00f4nio cultural brasileiro ao lado de pessoas como o prof. Dr. Andrey Schlee e demais participantes do congresso!<\/p>\n<ul>\n<li>Produ\u00e7\u00e3o Acad\u00eamica<\/li>\n<\/ul>\n<p>LEANDRO, R. ; BORDA,A.B.A.S ; PIRES, J. F. Para al\u00e9m do olhar: o patrim\u00f4nio hist\u00f3rico da cidade de Pelotas na palma da m\u00e3o .. In: II CONGRESSO NACIONAL PARA SALVAGUARDA DO PATRIM\u00d4NIO CULTURAL, 2019, Cachoeira do Sul, RS. Patrim\u00f4nio cultural e globaliza\u00e7\u00e3o: as problem\u00e1ticas da preserva\u00e7\u00e3o do patrim\u00f4nio cultural no s\u00e9culo XXI. Cachoeira do Sul: UFSM-CS, 2019. v. 1. p. 255-271. <a href=\"https:\/\/www.ufsm.br\/cursos\/graduacao\/cachoeira-do-sul\/arquitetura-e-urbanismo\/wp-content\/uploads\/sites\/221\/2020\/03\/II_CNSPC_2019__Anais_Volume-1.pdf?fbclid=IwAR3PhpvsiaKosQtquPxA1-ir0KjgTcGTdsnZ3hfEAyYAPi1q4aLWBJZa5Bs\">Clique aqui para acessar.<\/a>\n<\/div>\n","protected":false},"excerpt":{"rendered":"<p>A professora Adriane Borda e a acad\u00eamica Ramile Leandro participaram do II Congresso Nacional Para Salvaguarda do patrim\u00f4nio cultural em Cachoeira do Sul. No evento a acad\u00eamica apresentou o artigo \u201cPara Al\u00e9m do olhar: o patrim\u00f4nio hist\u00f3rico da cidade de Pelotas na palma da m\u00e3o.&#8221; \u00c9 uma honra para n\u00f3s do Gegradi lutar pelo patrim\u00f4nio [&hellip;]<\/p>\n","protected":false},"author":263,"featured_media":0,"parent":0,"menu_order":0,"comment_status":"closed","ping_status":"closed","template":"","meta":{"footnotes":""},"class_list":["post-51","page","type-page","status-publish","hentry"],"_links":{"self":[{"href":"https:\/\/wp.ufpel.edu.br\/modela\/wp-json\/wp\/v2\/pages\/51","targetHints":{"allow":["GET"]}}],"collection":[{"href":"https:\/\/wp.ufpel.edu.br\/modela\/wp-json\/wp\/v2\/pages"}],"about":[{"href":"https:\/\/wp.ufpel.edu.br\/modela\/wp-json\/wp\/v2\/types\/page"}],"author":[{"embeddable":true,"href":"https:\/\/wp.ufpel.edu.br\/modela\/wp-json\/wp\/v2\/users\/263"}],"replies":[{"embeddable":true,"href":"https:\/\/wp.ufpel.edu.br\/modela\/wp-json\/wp\/v2\/comments?post=51"}],"version-history":[{"count":3,"href":"https:\/\/wp.ufpel.edu.br\/modela\/wp-json\/wp\/v2\/pages\/51\/revisions"}],"predecessor-version":[{"id":91,"href":"https:\/\/wp.ufpel.edu.br\/modela\/wp-json\/wp\/v2\/pages\/51\/revisions\/91"}],"wp:attachment":[{"href":"https:\/\/wp.ufpel.edu.br\/modela\/wp-json\/wp\/v2\/media?parent=51"}],"curies":[{"name":"wp","href":"https:\/\/api.w.org\/{rel}","templated":true}]}}