{"id":45,"date":"2020-06-27T15:18:10","date_gmt":"2020-06-27T18:18:10","guid":{"rendered":"https:\/\/wp.ufpel.edu.br\/modela\/?page_id=45"},"modified":"2020-06-28T22:10:01","modified_gmt":"2020-06-29T01:10:01","slug":"7enac-7o-encontro-nacional-de-acesibilidade-cultural-na-ufrgs-em-porto-alegre","status":"publish","type":"page","link":"https:\/\/wp.ufpel.edu.br\/modela\/7enac-7o-encontro-nacional-de-acesibilidade-cultural-na-ufrgs-em-porto-alegre\/","title":{"rendered":"7ENAC &#8211; 7\u00ba Encontro Nacional de Acesibilidade Cultural &#8211; na UFRGS &#8211; em Porto Alegre"},"content":{"rendered":"<div id=\"lista-formatada\" style=\"text-align: justify\"><a href=\"https:\/\/wp.ufpel.edu.br\/modela\/files\/2020\/06\/Evento_Modela1.jpg\"><img class=\"aligncenter size-full wp-image-18\" src=\"https:\/\/wp.ufpel.edu.br\/modela\/files\/2020\/06\/Evento_Modela1.jpg\" alt=\"\" width=\"874\" height=\"246\" srcset=\"https:\/\/wp.ufpel.edu.br\/modela\/files\/2020\/06\/Evento_Modela1.jpg 874w, https:\/\/wp.ufpel.edu.br\/modela\/files\/2020\/06\/Evento_Modela1-400x113.jpg 400w, https:\/\/wp.ufpel.edu.br\/modela\/files\/2020\/06\/Evento_Modela1-768x216.jpg 768w\" sizes=\"(max-width: 874px) 100vw, 874px\" \/><\/a><br \/>\nNo dia 19 de setembro de 2019, o grupo GEGRADI participou do 7ENAC- 7 \u00ba Encontro Nacional de Acessibilidade Cultural- na UFRGS- em Porto Alegre. O evento tem como objetivo a divulga\u00e7\u00e3o e aproxima\u00e7\u00e3o de experi\u00eancias que atuem em prol da cultura acess\u00edvel. Pela tarde, houve a apresenta\u00e7\u00e3o dos trabalhos da disciplina de Requisitos Curriculares de Extens\u00e3o e do Projeto Modela Pelotas.Na disciplina de Requisitos Curriculares de Extens\u00e3o, contamos com a apresenta\u00e7\u00e3o da Livia Marques Boyle, com o trabalho &#8211; Representa\u00e7\u00e3o das Casas G\u00eameas por Tecnologias de Fabrica\u00e7\u00e3o Digital: uma contribui\u00e7\u00e3o para o acervo t\u00e1til do entorno da pra\u00e7a Coronel Pedro Os\u00f3rio. Trabalho desenvolvido em parceria com os alunos da disciplina de extens\u00e3o: Anelize Teixeira, Eduarda Galho e Igor Corr\u00eaa. No Projeto Modela Pelotas, contamos com a apresenta\u00e7\u00e3o do Edemar Dias Xavier Junior, com o trabalho &#8211; Fotogrametria Digital e Modelagem Escultural como Documenta\u00e7\u00e3o de um Acervo Museol\u00f3gico: O caso de uma conversadeira do Museu da Baronesa\/Pelotas, RS. Trabalho desenvolvido em parceria com o Bolsista Maur\u00edcio Costa Montone.<\/p>\n<p style=\"text-align: justify\">Parabenizamos os trabalhos apresentados no evento e agradecemos a colabora\u00e7\u00e3o de todos pela participa\u00e7\u00e3o e contribui\u00e7\u00e3o com o Grupo de Estudos GEGRADI.<\/p>\n<ul>\n<li>Produ\u00e7\u00e3o Acad\u00eamica<\/li>\n<\/ul>\n<p>BOYLE, L. M. ; TEIXEIRA, A. S. ; SANTOS, E. G. ; KNORR, I. C. ; BRAGA, K. C. ; BORDA,A.B.A.S . Representa\u00e7\u00f5es das Casas G\u00eameas por tecnologias de fabrica\u00e7\u00e3o digital: uma contribui\u00e7\u00e3o para o acervo t\u00e1til do entorno da pra\u00e7a Cel Pedro Os\u00f3rio, Pelotas. In: 7 ENAC Encontro Nacional de Acessibilidade Cultural, 2019, Porto Alegre. Acessibilidade e Cultura em Rede. Porto Alegre: UFRGS, 2019. v. 1. p. 168-174. <a href=\"https:\/\/drive.google.com\/file\/d\/1l2MqDW0MzT4m2JNKe6RU1XGFu0L-LMFD\/view\">Clique aqui para acessar<\/a>.<\/p>\n<p>Xavier, E. ; Montone, M. ; BORDA,A.B.A.S. Fotogrametria digital e modelagem escultural como documenta\u00e7\u00e3o de um acervo museol\u00f3gico: o caso de uma conversadeira do Museu da Baronesa\/Pelotas, RS. In: 7 ENAC Encontro Nacional de Acessibilidade Cultural, 2019, Porto Alegre. Acessibilidade e Cultura em Rede. Porto Alegre: UFRGS, 2019. v. 1. p. 69-75. <a href=\"https:\/\/drive.google.com\/file\/d\/1l2MqDW0MzT4m2JNKe6RU1XGFu0L-LMFD\/view\">Clique aqui para acessar.<\/a><\/p>\n<\/div>\n","protected":false},"excerpt":{"rendered":"<p>No dia 19 de setembro de 2019, o grupo GEGRADI participou do 7ENAC- 7 \u00ba Encontro Nacional de Acessibilidade Cultural- na UFRGS- em Porto Alegre. O evento tem como objetivo a divulga\u00e7\u00e3o e aproxima\u00e7\u00e3o de experi\u00eancias que atuem em prol da cultura acess\u00edvel. Pela tarde, houve a apresenta\u00e7\u00e3o dos trabalhos da disciplina de Requisitos Curriculares [&hellip;]<\/p>\n","protected":false},"author":263,"featured_media":0,"parent":0,"menu_order":0,"comment_status":"closed","ping_status":"closed","template":"","meta":{"footnotes":""},"class_list":["post-45","page","type-page","status-publish","hentry"],"_links":{"self":[{"href":"https:\/\/wp.ufpel.edu.br\/modela\/wp-json\/wp\/v2\/pages\/45","targetHints":{"allow":["GET"]}}],"collection":[{"href":"https:\/\/wp.ufpel.edu.br\/modela\/wp-json\/wp\/v2\/pages"}],"about":[{"href":"https:\/\/wp.ufpel.edu.br\/modela\/wp-json\/wp\/v2\/types\/page"}],"author":[{"embeddable":true,"href":"https:\/\/wp.ufpel.edu.br\/modela\/wp-json\/wp\/v2\/users\/263"}],"replies":[{"embeddable":true,"href":"https:\/\/wp.ufpel.edu.br\/modela\/wp-json\/wp\/v2\/comments?post=45"}],"version-history":[{"count":5,"href":"https:\/\/wp.ufpel.edu.br\/modela\/wp-json\/wp\/v2\/pages\/45\/revisions"}],"predecessor-version":[{"id":49,"href":"https:\/\/wp.ufpel.edu.br\/modela\/wp-json\/wp\/v2\/pages\/45\/revisions\/49"}],"wp:attachment":[{"href":"https:\/\/wp.ufpel.edu.br\/modela\/wp-json\/wp\/v2\/media?parent=45"}],"curies":[{"name":"wp","href":"https:\/\/api.w.org\/{rel}","templated":true}]}}