{"id":43,"date":"2020-06-27T15:22:06","date_gmt":"2020-06-27T18:22:06","guid":{"rendered":"https:\/\/wp.ufpel.edu.br\/modela\/?page_id=43"},"modified":"2022-05-29T20:02:28","modified_gmt":"2022-05-29T23:02:28","slug":"congressos-e-exposicoes","status":"publish","type":"page","link":"https:\/\/wp.ufpel.edu.br\/modela\/congressos-e-exposicoes\/","title":{"rendered":"Congressos e Exposi\u00e7\u00f5es"},"content":{"rendered":"<div id=\"lista-formatada-expansivel\"><span class=\"collapseomatic noarrow\" id=\"id69e06c63060aa\"  tabindex=\"0\" title=\"Congressos\"    >Congressos<\/span><div id=\"target-id69e06c63060aa\" class=\"collapseomatic_content \"><a href=\"https:\/\/wp.ufpel.edu.br\/modela\/7enac-7o-encontro-nacional-de-acesibilidade-cultural-na-ufrgs-em-porto-alegre\/\">7ENAC &#8211; 7 \u00ba Encontro Nacional de Acessibilidade Cultural &#8211; na UFRGS &#8211; em Porto Alegre<\/a> <a href=\"https:\/\/wp.ufpel.edu.br\/modela\/ii-congresso-nacional-para-salvaguarda-do-patrimonio-cultural-em-cachoeira-do-sul\/\">II Congresso Nacional Para Salvaguarda do patrim\u00f4nio cultural em Cachoeira do Sul<\/a><br \/>\n<\/div><span class=\"collapseomatic noarrow\" id=\"id69e06c630613f\"  tabindex=\"0\" title=\"Exposi\u00e7\u00f5es\"    >Exposi\u00e7\u00f5es<\/span><div id=\"target-id69e06c630613f\" class=\"collapseomatic_content \"><a href=\"https:\/\/www.facebook.com\/1230477580327133\/posts\/2801551959886346\/\"> MODELA Pelotas na Fenadoce 2019<\/a> <a href=\"https:\/\/wp.ufpel.edu.br\/modela\/atualegoria\/\">AtuaAlegoria 2022<\/a> <\/div><span class=\"collapseomatic noarrow\" id=\"id69e06c6306168\"  tabindex=\"0\" title=\"Palestras\"    >Palestras<\/span><div id=\"target-id69e06c6306168\" class=\"collapseomatic_content \"> <a href=\"https:\/\/www.facebook.com\/526662367401825\/posts\/2379749592093084\/\">MODELA Pelotas: o patrim\u00f4nio na palma da m\u00e3o<\/a> <a href=\"https:\/\/www.facebook.com\/526662367401825\/posts\/2474586509276058\/\">MODELA Pelotas: entre representa\u00e7\u00f5es digitais e f\u00edsicas do patrim\u00f4nio arquitet\u00f4nico da cidade<\/a>\u00a0<\/div>\n<\/div>\n","protected":false},"excerpt":{"rendered":"","protected":false},"author":263,"featured_media":0,"parent":0,"menu_order":0,"comment_status":"closed","ping_status":"closed","template":"","meta":{"footnotes":""},"class_list":["post-43","page","type-page","status-publish","hentry"],"_links":{"self":[{"href":"https:\/\/wp.ufpel.edu.br\/modela\/wp-json\/wp\/v2\/pages\/43","targetHints":{"allow":["GET"]}}],"collection":[{"href":"https:\/\/wp.ufpel.edu.br\/modela\/wp-json\/wp\/v2\/pages"}],"about":[{"href":"https:\/\/wp.ufpel.edu.br\/modela\/wp-json\/wp\/v2\/types\/page"}],"author":[{"embeddable":true,"href":"https:\/\/wp.ufpel.edu.br\/modela\/wp-json\/wp\/v2\/users\/263"}],"replies":[{"embeddable":true,"href":"https:\/\/wp.ufpel.edu.br\/modela\/wp-json\/wp\/v2\/comments?post=43"}],"version-history":[{"count":6,"href":"https:\/\/wp.ufpel.edu.br\/modela\/wp-json\/wp\/v2\/pages\/43\/revisions"}],"predecessor-version":[{"id":227,"href":"https:\/\/wp.ufpel.edu.br\/modela\/wp-json\/wp\/v2\/pages\/43\/revisions\/227"}],"wp:attachment":[{"href":"https:\/\/wp.ufpel.edu.br\/modela\/wp-json\/wp\/v2\/media?parent=43"}],"curies":[{"name":"wp","href":"https:\/\/api.w.org\/{rel}","templated":true}]}}