{"id":32,"date":"2020-06-25T20:31:23","date_gmt":"2020-06-25T23:31:23","guid":{"rendered":"https:\/\/wp.ufpel.edu.br\/modela\/?page_id=32"},"modified":"2021-08-24T17:31:11","modified_gmt":"2021-08-24T20:31:11","slug":"publicacoes","status":"publish","type":"page","link":"https:\/\/wp.ufpel.edu.br\/modela\/publicacoes\/","title":{"rendered":"Publica\u00e7\u00f5es"},"content":{"rendered":"<div id=\"lista-formatada-expansivel\">\n<span class=\"collapseomatic noarrow\" id=\"id69df6d24da5f2\"  tabindex=\"0\" title=\"Artigos completos publicados em peri\u00f3dicos\"    >Artigos completos publicados em peri\u00f3dicos<\/span><div id=\"target-id69df6d24da5f2\" class=\"collapseomatic_content \"> <a href=\"https:\/\/www.revistas.usp.br\/gestaodeprojetos\/article\/view\/168715\" target=\"_blank\" rel=\"noopener noreferrer\">Adi\u00e7\u00e3o gradual da informa\u00e7\u00e3o sobre um patrim\u00f4nio arquitet\u00f4nico: produ\u00e7\u00e3o de modelos e de sentidos (2020).<\/a> <a href=\"http:\/\/www.educacaografica.inf.br\/artigos\/redesenhos-de-um-patrimonio-arquitetonico-como-producao-informativa-representations-of-an-architectural-heritage-as-an-informative-production-2\" target=\"_blank\" rel=\"noopener noreferrer\">Redesenhos de um patrim\u00f4nio arquitet\u00f4nico como produ\u00e7\u00e3o (in)formativa\/ Representations of an architetural heritage as an (in)formative production (2020).<\/a><br \/>\n<a href=\"http:\/\/guaiaca.ufpel.edu.br\/handle\/prefix\/7077\" target=\"_blank\" rel=\"noopener noreferrer\">A Casa do Conselheiro Maciel: visita animada pela sede do Museu do Doce da UFPel (2020).<\/a><br \/>\n<a href=\"https:\/\/periodicos.ufpel.edu.br\/ojs2\/index.php\/pixo\/article\/view\/19416\/12087\" target=\"_blank\" rel=\"noopener noreferrer\">A forma did\u00e1tica e a did\u00e1tica da forma: um exerc\u00edcio geom\u00e9trico e arquitet\u00f4nico sobre o caso da fachada do Museu Militar de Dresden (2020).<\/a><br \/>\n<a href=\"https:\/\/rbeg.net\/artigos\/artigo88.pdf\" target=\"_blank\" rel=\"noopener noreferrer\">Gamifica\u00e7\u00e3o na educa\u00e7\u00e3o patrimonial: Um caso aplicado \u00e0 plataforma opensimulator (2020).<\/a><br \/>\n<a href=\"https:\/\/periodicos.ufpel.edu.br\/ojs2\/index.php\/Projectare\/article\/view\/19008\/12313\" target=\"_blank\" rel=\"noopener noreferrer\">Reflex\u00f5es sobre (des)locamentos da produ\u00e7\u00e3o acad\u00eamica: dos modelos (t\u00e1teis) que representam um patrim\u00f4nio arquitet\u00f4nico aos modelos (EPIs) que representam um cen\u00e1rio de pandemia (2020).<\/a><br \/>\n<a href=\"http:\/\/www.educacaografica.inf.br\/artigos\/analises-de-geometria-grafica-e-a-construcao-de-conhecimento-em-arquitetura-sob-uma-abordagem-didatica-analysis-of-graphic-geometry-and-the-construction-of-knowledge-in-architecture-under-a-didactic\" target=\"_blank\" rel=\"noopener noreferrer\">An\u00e1lises de geometria gr\u00e1fica e a constru\u00e7\u00e3o de conhecimento sob uma abordagem did\u00e1tica\/ Analysis of graphic geometry and the construction of knowledge in architecture under a didactic approach (2020).<\/a> <a href=\"https:\/\/rbeg.net\/artigos\/artigo74.pdf\" target=\"_blank\" rel=\"noopener noreferrer\">Representa\u00e7\u00e3o, fabrica\u00e7\u00e3o digital e modelos t\u00e1teis: aplica\u00e7\u00e3o em mobili\u00e1rio do acervo de um museu (2019)<\/a> <a href=\"https:\/\/periodicos.ufpel.edu.br\/ojs2\/index.php\/expressaextensao\/article\/view\/13930\" target=\"_blank\" rel=\"noopener noreferrer\">Produ\u00e7\u00e3o e disponibiliza\u00e7\u00e3o de modelos t\u00e1teis da arquitetura pelotense: uma a\u00e7\u00e3o extensionista (2018)<\/a> <a href=\"http:\/\/www.educacaografica.inf.br\/artigos\/descricao-da-forma-do-mobiliario-de-interesse-patrimonial-desde-o-textual-ao-modelo-digital\" target=\"_blank\" rel=\"noopener noreferrer\">Descri\u00e7\u00e3o da forma do mobili\u00e1rio de interesse patrimonial: desde o textual ao modelo digital (2009)<\/a><\/p>\n<\/div>\n<div>\n<span class=\"collapseomatic noarrow\" id=\"id69df6d24da68e\"  tabindex=\"0\" title=\"Cap\u00edtulos de Livros e em cat\u00e1logos\"    >Cap\u00edtulos de Livros e em cat\u00e1logos<\/span><div id=\"target-id69df6d24da68e\" class=\"collapseomatic_content \"><a href=\"http:\/\/cti.ufpel.edu.br\/siepe\/arquivos\/2019\/XP_04750.pdf?ver=1568599733\">Representa\u00e7\u00f5es das Casas G\u00eameas por tecnologias de fabrica\u00e7\u00e3o digital: uma contribui\u00e7\u00e3o para o acervo t\u00e1til do entorno da pra\u00e7a Cel Pedro Os\u00f3rio, Pelotas (2020)<\/a>\u00a0<a href=\"https:\/\/doi.org\/10.11606\/9786586810035\" target=\"_blank\" rel=\"noopener noreferrer\">BETWEEN DIDACTIC DRAWING FOR HERITAGE AND DIDACTIC HERITAGE FOR DRAWING (2020)<\/a> <\/div>\n<span class=\"collapseomatic noarrow\" id=\"id69df6d24da6c3\"  tabindex=\"0\" title=\"Trabalhos completos publicados em anais de congressos\"    >Trabalhos completos publicados em anais de congressos<\/span><div id=\"target-id69df6d24da6c3\" class=\"collapseomatic_content \"> <a href=\"http:\/\/www.graphica2019.org\/assets\/doc\/Anais_Graphica_2019.pdf\">Estrat\u00e9gias de Representa\u00e7\u00e3o para a produ\u00e7\u00e3o de modelos t\u00e1teis por impress\u00e3o 3D: aplica\u00e7\u00e3o em um acervo de museu (2019)<\/a> <a href=\"https:\/\/drive.google.com\/file\/d\/1l2MqDW0MzT4m2JNKe6RU1XGFu0L-LMFD\/view\">Fotogrametria digital e modelagem escultural como documenta\u00e7\u00e3o de um acervo museol\u00f3gico: o caso de uma conversadeira do Museu da Baronesa\/Pelotas, RS (2019)<\/a> <a href=\"https:\/\/www.finersistemas.com\/atenaeditora\/index.php\/admin\/api\/ebookPDF\/3325?fbclid=IwAR3CAvjMzQnSkB6tAgth3EMVIEf_LoSQ3GY1_5AS3uC9PxrF5h4LWPiTLYk\">Representa\u00e7\u00f5es das Casas G\u00eameas por tecnologias de fabrica\u00e7\u00e3o digital: uma contribui\u00e7\u00e3o para o acervo t\u00e1til do entorno da pra\u00e7a Cel Pedro Os\u00f3rio, Pelotas (2019)<\/a>\u00a0<a href=\"https:\/\/www.proceedings.blucher.com.br\/article-details\/impressions-of-a-touristic-route-between-the-null-dimensional-and-the-three-dimensional-29807\">Impressions of a touristic route: between the null-dimensional and the three-dimensional. (2016)\u00a0<\/a>\u00a0<a href=\"https:\/\/www.proceedings.blucher.com.br\/article-details\/tactile-narratives-about-an-architectures-ornaments-27664\"><u>Tactile<\/u> <u>narratives<\/u> <u>about<\/u> <u>an<\/u> <u>architecture\u2019s<\/u> <u>ornaments<\/u><u> (2017) \u00a0<\/u><\/a>\u00a0<u><a href=\"https:\/\/www.even3.com.br\/anais\/graphica2017\/49735-o-redesenho-a-partir-de-logicas-construtivas--o-caso-das-charqueadas\/\">O redesenho a partir de l\u00f3gicas construtivas : o caso das charqueadas (2017)<\/a><\/u><br \/>\n<u><a href=\"https:\/\/www.proceedings.blucher.com.br\/article-details\/representao-de-patrimnio-a-partir-do-desenho-paramtrico-como-processo-formativo-para-o-projeto-24779\">Representa\u00e7\u00e3o de patrim\u00f4nio a partir do desenho param\u00e9trico como processo formativo para o projeto (2016)<\/a><\/u><\/p>\n<div><u><a href=\"https:\/\/www.proceedings.blucher.com.br\/article-details\/paramtricas-do-patrimnio-arquitetnico-pelotense-24806\">[PARA]m\u00e9tricas do patrim\u00f4nio arquitet\u00f4nico pelotense (2016)<\/a><\/u><br \/>\n<u><a href=\"https:\/\/www.proceedings.blucher.com.br\/article-details\/a-representao-do-espao-de-arquitetura-por-meio-de-dispositivos-tteis-uma-reviso-conceitual-e-tecnolgica-24850\">A representa\u00e7\u00e3o do espa\u00e7o de arquitetura por meio de dispositivos t\u00e1teis: uma revis\u00e3o conceitual e tecnol\u00f3gica (2016)<\/a><\/u><u><a href=\"https:\/\/www.proceedings.blucher.com.br\/article-details\/pontos-de-vista-sobre-o-patrimnio-entre-o-escaneamento-e-a-fotogrametria-24865\">Pontos (de vista) sobre o patrim\u00f4nio: entre o escaneamento e a fotogrametria (2016)<\/a><\/u><a href=\"https:\/\/wp.ufpel.edu.br\/congressoextensao\/files\/2016\/12\/TECNOLOGIA-E-PRODU%C3%87AO-2016-.pdf\">A extens\u00e3o da percep\u00e7\u00e3o: uma experi\u00eancia com a produ\u00e7\u00e3o de modelos t\u00e1teis para descrever a ambi\u00eancia gerada pela clarab\u00f3ia do Casar\u00e3o 8, Pelotas, RS <u>(2016)<\/u><\/a><a href=\"https:\/\/wp.ufpel.edu.br\/modela\/publicacoes\/\">\u00a0A tradu\u00e7\u00e3o de uma narrativa oral para a t\u00e1til, no contexto de uma casa museu do s\u00e9culo XIX: sobre a representa\u00e7\u00e3o do mobili\u00e1rio (2016)<\/a><br \/>\n<a href=\"https:\/\/www.proceedings.blucher.com.br\/article-details\/tactile-narratives-about-an-architectures-ornaments-27664\"><u>Tactile<\/u><u>models<\/u><u>of<\/u><u>elements<\/u><u>of<\/u><u>architectual<\/u><u>heritage<\/u><u>From<\/u><u>the<\/u><u>building<\/u><u>scale<\/u><u>to<\/u><u>the<\/u><u>detail<\/u><u> (2015)<\/u><\/a><a href=\"https:\/\/www.proceedings.blucher.com.br\/article-details\/entre-recursos-tteis-e-audiodescritivos-a-construo-de-um-discurso-para-atribuir-acessibilidade-fotografia-22392\"><u>Entre recursos t\u00e1teis e <\/u><u>audiodescritivos<\/u><u>: a constru\u00e7\u00e3o de um discurso para atribuir acessibilidade \u00e0 fotografia (2015)<\/u><\/a><u><a href=\"https:\/\/wp.ufpel.edu.br\/modela\/publicacoes\/\">Geometrias e representa\u00e7\u00f5es de um patrim\u00f4nio arquitet\u00f4nico: as charqueadas pelotenses (2015)<\/a><\/u><a href=\"http:\/\/guaiaca.ufpel.edu.br\/handle\/prefix\/3938\">\u00a0A representa\u00e7\u00e3o de gradis met\u00e1licos como atividade did\u00e1tica: uma conex\u00e3o entre patrim\u00f4nio, geometria e tecnologias de fabrica\u00e7\u00e3o digital.<u> (2015)<\/u><\/a><u><a href=\"https:\/\/wp.ufpel.edu.br\/modela\/publicacoes\/\">Projeto e execu\u00e7\u00e3o de modelagem para fabrica\u00e7\u00e3o digital: aplica\u00e7\u00e3o em representa\u00e7\u00e3o de patrim\u00f4nio arquitet\u00f4nico (2015)<\/a><\/u><u><a href=\"https:\/\/www.anparq.org.br\/dvd-enanparq-3\/htm\/XFramesSumarioST.htmhttps:\/\/www.anparq.org.br\/dvd-enanparq-3\/htm\/XFramesSumarioST.htm\">Tecnologias avan\u00e7adas de representa\u00e7\u00e3o aplicadas ao patrim\u00f4nio arquitet\u00f4nico: relato de experi\u00eancias de apropria\u00e7\u00e3o e investiga\u00e7\u00e3o(2014)<\/a><\/u><u><a href=\"http:\/\/www.proceedings.blucher.com.br\/article-details\/representaes-de-patrimnio-arquitetnico-para-documentar-difundir-e-tocar-14316\">Representa\u00e7\u00f5es de patrim\u00f4nio arquitet\u00f4nico: para documentar, difundir e tocar (2014)<\/a><\/u><a href=\"https:\/\/wp.ufpel.edu.br\/modela\/publicacoes\/\">PATRIMONIO, GEOMETRIA E REPRESENTA\u00c7\u00c3O: SOB UMA ABORDAGEM DID\u00c1TICA E TECNOL\u00d3GICA (2014)<\/a><u><a href=\"https:\/\/www.proceedings.blucher.com.br\/article-details\/a-lgica-compositiva-dos-artefatos-metlicos-da-arquitetura-ecltica-de-pelotas-14205\">A \u00a0l\u00f3gica \u00a0compositiva \u00a0dos \u00a0artefatos \u00a0met\u00e1licos \u00a0da \u00a0arquitetura \u00a0ecl\u00e9tica \u00a0de \u00a0Pelotas (2013)<\/a><\/u><a href=\"http:\/\/www.proceedings.blucher.com.br\/article-details\/padres-de-simetrias-e-recurso-em-ladrilhos-hidrulicos-e-bandeiras-exerccios-didticos-e-construo-de-conhecimento-sobre-patrimnio-histrico-14203\">Padr\u00f5es de simetrias e recurs\u00e3o em ladrilhos hidr\u00e1ulicos e bandeiras: exerc\u00edcios did\u00e1ticos e constru\u00e7\u00e3o de conhecimento sobre patrim\u00f4nio hist\u00f3rico (2013)<\/a><a href=\"http:\/\/www.proceedings.blucher.com.br\/article-details\/atribuio-de-acessibilidade-fotografia-atravs-da-restituio-e-desconstruo-da-tridimensionalidade-14172\">Atribui\u00e7\u00e3o \u00a0de \u00a0Acessibilidade \u00a0\u00e0 \u00a0Fotografia \u00a0atrav\u00e9s \u00a0da \u00a0Restitui\u00e7\u00e3o \u00a0e \u00a0Desconstru\u00e7\u00e3o \u00a0 da \u00a0Tridimensionalidade<\/a><u><a href=\"http:\/\/www.proceedings.blucher.com.br\/article-details\/atribuio-de-acessibilidade-fotografia-atravs-da-restituio-e-desconstruo-da-tridimensionalidade-14172\">Realidade \u00a0aumentada \u00a0e \u00a0turismo \u00a0ub\u00edquo: \u00a0aplica\u00e7\u00e3o \u00a0no \u00a0caso \u00a0das \u00a0Charqueadas \u00a0Pelotenses (2013)<\/a><\/u><a href=\"https:\/\/wp.ufpel.edu.br\/modela\/publicacoes\/\">A L\u00f3gica Compositiva dos Ladrilhos Hidra\u00falicos nos Casar\u00f5es de Pelotas (2012)<\/a><\/p>\n<p><a href=\"http:\/\/papers.cumincad.org\/data\/works\/att\/sigradi2012_68.content.pdf\">Sistematiza\u00e7\u00e3o e disponibiliza\u00e7\u00e3o da produ\u00e7\u00e3o de modelos tridimensionais digitais de patrim\u00f4nio arquitet\u00f4nico (2012)<\/a> <a href=\"http:\/\/guaiaca.ufpel.edu.br\/bitstream\/123456789\/693\/3\/Otimizacao%20de%20modelos%20digitais%20para%20visualizacao%20de%20patrimonio%20historico-arquitetonico%20em%20realidade%20aumentada.pdf\">Otimiza\u00e7\u00e3o de Modelos digitais para Visualiza\u00e7\u00e3o de Patrim\u00f4nio Hist\u00f3rico-Arquitet\u00f4nico em Realidade Aumentada<\/a><a href=\"http:\/\/guaiaca.ufpel.edu.br\/bitstream\/123456789\/692\/3\/Desenvolvimento%20de%20aplicativo%20para%20visualizacao%20de%20patrimonio%20historico-arquitetonico%20em%20realidade%20aumentada.pdf\"> Desenvolvimento de Aplicativo para Visualiza\u00e7\u00e3o de Patrim\u00f4nio Hist\u00f3rico-Arquitet\u00f4nico em Realidade Aumentada <\/a><\/p>\n<p><a href=\"https:\/\/www.academia.edu\/7831012\/Descri%C3%A7%C3%A3o_de_fotografias_a_partir_de_modelos_t%C3%A1teis_ensaios_did%C3%A1ticos_e_tecnol%C3%B3gicos\">DESCRI\u00c7\u00c3O DE FOTOGRAFIAS A PARTIR DE MODELOS T\u00c1TEIS: ENSAIOS DID\u00c1TICOS E TECNOL\u00d3GICOS (2012)<\/a><\/p>\n<p><a href=\"http:\/\/papers.cumincad.org\/data\/works\/att\/sigradi2011_282.content.pdf\">\u00a0Anamorfose na pra\u00e7a: um encontro do real e do virtual. (2011)<\/a><\/p>\n<p><a href=\"https:\/\/wp.ufpel.edu.br\/modela\/publicacoes\/\">Representa\u00e7\u00e3o de Patrim\u00f4nio Arquitet\u00f4nico como Trajet\u00f3ria de Aprendizagem em Gr\u00e1fica Digital (2010)<\/a><\/p>\n<p><a href=\"https:\/\/wp.ufpel.edu.br\/modela\/publicacoes\/\">MODELAGEM GEOM\u00c9TRICA COMO FERRAMENTA PARA AMPLIAR INFORMA\u00c7\u00c3O SOBRE O MOBILI\u00c1RIO (2009)<\/a><\/p>\n<p><a href=\"https:\/\/wp.ufpel.edu.br\/modela\/publicacoes\/\">ENTRE A FOTOGRAFIA E O MODELO VIRTUAL TRIDIMENSIONAL: DECOMPOSI\u00c7\u00c3O DO MOBILI\u00c1RIO PARA O RECONHECIMENTODE ESTILOS OU TEND\u00caNCIAS (2009)<\/a><\/p>\n<p><a href=\"https:\/\/wp.ufpel.edu.br\/modela\/publicacoes\/\">DIGITAL CONSTRUCTION AND RECONSTRUCTION AS A METHODOLOGY FOR THE TEACHING\/LEARNING OFGEOMETRIC FORM REPRESENTATION (2008)<\/a><\/p>\n<p><a href=\"https:\/\/wp.ufpel.edu.br\/posgd\/files\/2014\/11\/Sigradi_08_Dinamica.pdf\">Din\u00e2mica entre atividades de ensino, pesquisa e extens\u00e3o para a produ\u00e7\u00e3o de modelos digitais de interesse hist\u00f3rico e arquitet\u00f4nico (2008)<\/a><\/p>\n<p><a href=\"http:\/\/www.exatas.ufpr.br\/portal\/docs_degraf\/artigos_graphica\/SIMULACAO.pdf\">SIMULA\u00c7\u00c3O DE ILUMINA\u00c7\u00c3O NATURAL POR MEIOS DIGITAIS: uma abordagem did\u00e1tica (2007)<\/a><\/p>\n<p><a href=\"https:\/\/wp.ufpel.edu.br\/modela\/publicacoes\/http:\/\/www.exatas.ufpr.br\/portal\/docs_degraf\/artigos_graphica\/MODELAPELOTAS.pdf\">MODELA PELOTAS: um estudo sobre os processos relacionados \u00e0 modelagem tridimensional (2007)<\/a><\/p>\n<p><a href=\"https:\/\/wp.ufpel.edu.br\/modela\/publicacoes\/\">MODELAGEM GEOM\u00c9TRICA COMO INSTRUMENTO DE AN\u00c1LISE E REPRESENTA\u00c7\u00c3O DE MOBILI\u00c1RIO (2004) <\/a>\u00a0<\/div>\n<\/div>\n<div>\n<span class=\"collapseomatic noarrow\" id=\"id69df6d24da6fc\"  tabindex=\"0\" title=\"Resumos expandidos publicados em anais de congressos\"    >Resumos expandidos publicados em anais de congressos<\/span><div id=\"target-id69df6d24da6fc\" class=\"collapseomatic_content \"> <a href=\"https:\/\/drive.google.com\/file\/d\/1l2MqDW0MzT4m2JNKe6RU1XGFu0L-LMFD\/view\">Representa\u00e7\u00f5es das Casas G\u00eameas por tecnologias de fabrica\u00e7\u00e3o digital: uma contribui\u00e7\u00e3o para o acervo t\u00e1til do entorno da pra\u00e7a Cel Pedro Os\u00f3rio<\/a> <a href=\"https:\/\/www.ufsm.br\/cursos\/graduacao\/cachoeira-do-sul\/arquitetura-e-urbanismo\/wp-content\/uploads\/sites\/221\/2020\/03\/II_CNSPC_2019__Anais_Volume-1.pdf?fbclid=IwAR3PhpvsiaKosQtquPxA1-ir0KjgTcGTdsnZ3hfEAyYAPi1q4aLWBJZa5Bs\">Para al\u00e9m do olhar: o patrim\u00f4nio hist\u00f3rico da cidade de Pelotas na palma da m\u00e3o<\/a><\/p>\n<p><a href=\"https:\/\/cti.ufpel.edu.br\/siepe\/arquivos\/2019\/SA_04961.pdf\">Representa\u00e7\u00e3o digital para a documenta\u00e7\u00e3o do acervo do museu municipal parque da baronesa: O caso do ba\u00fa bomb\u00e9 (2019)<\/a><\/p>\n<p><a href=\"https:\/\/cti.ufpel.edu.br\/siepe\/arquivos\/2019\/SA_02000.pdf\">Quando a pesquisa universit\u00e1ria torna a cultura viva e t\u00e1til: uma reflex\u00e3o sobre a atua\u00e7\u00e3o do Projeto MODELA no Museu do Doce de Pelotas (2019)<\/a>\u00a0<a href=\"https:\/\/cti.ufpel.edu.br\/siepe\/arquivos\/2019\/SA_03401.pdf\">O uso de interfaces tang\u00edveis no ambiente museal (2019)<\/a> <a href=\"http:\/\/cti.ufpel.edu.br\/siepe\/arquivos\/2019\/SA_04902.pdf\">A representa\u00e7\u00e3o da forma de um bem cultural por meio de desenho param\u00e9trico, da escola ao arquitet\u00f4nico ao detalhe: o caso da Caixa D\u2019\u00e1gua de Pelotas<\/a>\u00a0<a href=\"http:\/\/cti.ufpel.edu.br\/siepe\/arquivos\/2019\/SA_04570.pdf\">Ludifica\u00e7\u00e3o na educa\u00e7\u00e3o patrimonial: um caso aplicado \u00e0 plataforma Opensimulator<\/a> <a href=\"https:\/\/wp.ufpel.edu.br\/congressoextensao\/files\/2018\/12\/Cultura.pdf\">Produ\u00e7\u00e3o e experimenta\u00e7\u00e3o de um mapa t\u00e1til port\u00e1til: Caso aplicado junto \u00e0 visita \u00e0 Casa do Conselheiro<\/a><\/p>\n<p><a href=\"https:\/\/cti.ufpel.edu.br\/siepe\/arquivos\/2018\/SA_02804.pdf\">Processo de representa\u00e7\u00e3o de arquitetura por impress\u00e3o 3d para a experi\u00eancia t\u00e1til (2018)<\/a><\/p>\n<p><a href=\"https:\/\/cti.ufpel.edu.br\/siepe\/arquivos\/2017\/SA_04727.pdf\">Impress\u00e3o 3d a partir de modelo de nuvem de pontos: gera\u00e7\u00e3o de modelos t\u00e1teis com geometrias complexas (2017)\u00a0<\/a><\/p>\n<p><a href=\"https:\/\/cti.ufpel.edu.br\/siepe\/arquivos\/2017\/SA_04484.pdf\">A fotogrametria como ferramenta de levantamento in loco, representa\u00e7\u00e3o e documenta\u00e7\u00e3o digital dos estuques do Casar\u00e3o 8 (2017)<\/a><\/p>\n<p><a href=\"https:\/\/cti.ufpel.edu.br\/siepe\/arquivos\/2017\/SA_04748.pdf\">Tratamento de nuvem de pontos para a impress\u00e3o 3d: entre o estado da arte e as tecnologias dispon\u00edveis em um contexto espec\u00edfico de forma\u00e7\u00e3o de arquitetura (2017)<\/a><\/p>\n<p><a href=\"https:\/\/cti.ufpel.edu.br\/siepe\/arquivos\/2017\/MD_04425.pdf\">Fotogrametria e museus: gera\u00e7\u00e3o de modelos tridimensionais para a promo\u00e7\u00e3o de acessibilidade (2017)<\/a><\/p>\n<p><a href=\"https:\/\/wp.ufpel.edu.br\/congressoextensao\/files\/2018\/07\/Educa%C3%A7%C3%A3o.pdf\">Patrim\u00f4nio vai a escola: o caso de representa\u00e7\u00f5es da charqueada Santa Rita, Pelotas, RS (2017)<\/a><\/p>\n<p><a href=\"https:\/\/wp.ufpel.edu.br\/congressoextensao\/files\/2018\/07\/Tecnologia-e-produ%C3%A7%C3%A3o.pdf\">Um toque em um suporte de mem\u00f3ria da extinta f\u00e1brica pelotense Laneira Brasileira (2017)\u00a0<\/a><\/p>\n<p><a href=\"https:\/\/cti.ufpel.edu.br\/siepe\/arquivos\/2017\/SA_04335.pdf\">Redesenho a partir do desenho param\u00e9trico: aplica\u00e7\u00e3o ao caso da Caixa D`\u00e1gua da Pra\u00e7a da Santa Casa (2017)<\/a><\/p>\n<p><a href=\"https:\/\/cti.ufpel.edu.br\/siepe\/arquivos\/2016\/EN_04191.pdf\">Desenvolvimento tecnol\u00f3gico para sonoriza\u00e7\u00e3o de um mapa t\u00e1til: circuito e programa (2016)<\/a><\/p>\n<p><a href=\"https:\/\/cti.ufpel.edu.br\/siepe\/arquivos\/2016\/SA_04623.pdf\">A tradu\u00e7\u00e3o de uma narrativa oral para a t\u00e1til, no contexto de uma casa museu do s\u00e9culo XIX: sobre a representa\u00e7\u00e3o do mobili\u00e1rio (2016)<\/a><\/p>\n<p><a href=\"https:\/\/cti.ufpel.edu.br\/siepe\/arquivos\/2016\/SA_05572.pdf\">Representa\u00e7\u00f5es de um mobili\u00e1rio do Museu da Baronesa para a experi\u00eancia t\u00e1til a partir da fabrica\u00e7\u00e3o digital (2016)<\/a><\/p>\n<p><a href=\"https:\/\/cti.ufpel.edu.br\/siepe\/arquivos\/2016\/SA_05618.pdf\">A matem\u00e1tica impl\u00edcita em l\u00f3gicas construtivas de arquitetura e o redesenho de charqueadas pelotenses (2016)<\/a><\/div>\n<span class=\"collapseomatic noarrow\" id=\"id69df6d24da720\"  tabindex=\"0\" title=\"Resumos publicados em anais de congressos\"    >Resumos publicados em anais de congressos<\/span><div id=\"target-id69df6d24da720\" class=\"collapseomatic_content \">\n<p><a href=\"http:\/\/www.casaruibarbosa.gov.br\/arquivos\/file\/Seminarios\/IV_CasaSenhorial_Caderno_Resumos.pdf\">Projeto e execu\u00e7\u00e3o de um ornamento junto ao Casar\u00e3o 8, Pelotas\/RS: um di\u00e1logo entre o p\u00fablico e o privado, entre pr\u00e1ticas tradicionais e digitais (2017)<\/a><\/p>\n<p><a href=\"http:\/\/www.casaruibarbosa.gov.br\/arquivos\/file\/Seminarios\/IV_CasaSenhorial_Caderno_Resumos.pdf\">Os estuques do Casar\u00e3o 8, Pelotas, RS: constru\u00e7\u00e3o de narrativas por meio de representa\u00e7\u00f5es t\u00e1teis (2017)<\/a><\/p>\n<p><a href=\"http:\/\/www.fec.unicamp.br\/~celani\/caadfutures_2015\/homofaber_catalogue.pdf\">Architectural Heritage in the palm of hand (2015)<\/a><\/p>\n<p><a href=\"https:\/\/www.anparq.org.br\/dvd-enanparq-3\/htm\/Artigos\/ST\/ST-PCI-006-04_%20Adriane%20Borda%20_%20ENANPARQ%202014.pdf\">Tecnologias avan\u00e7adas de representa\u00e7\u00e3o aplicadas ao patrim\u00f4nio arquitet\u00f4nico: relato de experi\u00eancias de apropria\u00e7\u00e3o e investiga\u00e7\u00e3o (2014) <\/a><\/div>\n<\/div>\n<span class=\"collapseomatic noarrow\" id=\"id69df6d24da740\"  tabindex=\"0\" title=\"Outras publica\u00e7\u00f5es bibliogr\u00e1ficas\"    >Outras publica\u00e7\u00f5es bibliogr\u00e1ficas<\/span><div id=\"target-id69df6d24da740\" class=\"collapseomatic_content \"> <a href=\"https:\/\/issuu.com\/petfaurb\/docs\/revista_maloca_ed_01_r04\">Dos jogos did\u00e1ticos ao jogo de empatia social: o desafio da pesquisa acad\u00eamica em tempos de pandemia<\/a><\/p>\n<\/div>\n<div>\n<p>&nbsp;<\/p>\n<\/div>\n<\/div>\n<\/div>\n","protected":false},"excerpt":{"rendered":"<p>&nbsp;<\/p>\n","protected":false},"author":263,"featured_media":0,"parent":0,"menu_order":0,"comment_status":"closed","ping_status":"closed","template":"","meta":{"footnotes":""},"class_list":["post-32","page","type-page","status-publish","hentry"],"_links":{"self":[{"href":"https:\/\/wp.ufpel.edu.br\/modela\/wp-json\/wp\/v2\/pages\/32","targetHints":{"allow":["GET"]}}],"collection":[{"href":"https:\/\/wp.ufpel.edu.br\/modela\/wp-json\/wp\/v2\/pages"}],"about":[{"href":"https:\/\/wp.ufpel.edu.br\/modela\/wp-json\/wp\/v2\/types\/page"}],"author":[{"embeddable":true,"href":"https:\/\/wp.ufpel.edu.br\/modela\/wp-json\/wp\/v2\/users\/263"}],"replies":[{"embeddable":true,"href":"https:\/\/wp.ufpel.edu.br\/modela\/wp-json\/wp\/v2\/comments?post=32"}],"version-history":[{"count":26,"href":"https:\/\/wp.ufpel.edu.br\/modela\/wp-json\/wp\/v2\/pages\/32\/revisions"}],"predecessor-version":[{"id":117,"href":"https:\/\/wp.ufpel.edu.br\/modela\/wp-json\/wp\/v2\/pages\/32\/revisions\/117"}],"wp:attachment":[{"href":"https:\/\/wp.ufpel.edu.br\/modela\/wp-json\/wp\/v2\/media?parent=32"}],"curies":[{"name":"wp","href":"https:\/\/api.w.org\/{rel}","templated":true}]}}