{"id":202,"date":"2022-05-23T15:57:29","date_gmt":"2022-05-23T18:57:29","guid":{"rendered":"https:\/\/wp.ufpel.edu.br\/modela\/?page_id=202"},"modified":"2022-05-30T13:16:07","modified_gmt":"2022-05-30T16:16:07","slug":"atualegoria","status":"publish","type":"page","link":"https:\/\/wp.ufpel.edu.br\/modela\/atualegoria\/","title":{"rendered":"AtuAlegoria"},"content":{"rendered":"<p><span style=\"font-size: 14pt;\"><strong>Recursos l\u00fadicos relativos \u00e0 obra &#8220;Alegoria, Sentido e Esp\u00edrito da Rep\u00fablica Farroupilha&#8221; &#8211; Helios Seelinger<\/strong><\/span><\/p>\n<p style=\"text-align: center;\"><a href=\"https:\/\/wp.ufpel.edu.br\/modela\/files\/2022\/05\/Catalogo_AtuAlegoria_leve.pdf\" rel=\"attachment wp-att-204\"><img class=\"aligncenter wp-image-204 size-medium\" src=\"https:\/\/wp.ufpel.edu.br\/modela\/files\/2022\/05\/AtuAlegoria-282x400.jpg\" alt=\"\" width=\"282\" height=\"400\" srcset=\"https:\/\/wp.ufpel.edu.br\/modela\/files\/2022\/05\/AtuAlegoria-282x400.jpg 282w, https:\/\/wp.ufpel.edu.br\/modela\/files\/2022\/05\/AtuAlegoria-723x1024.jpg 723w, https:\/\/wp.ufpel.edu.br\/modela\/files\/2022\/05\/AtuAlegoria-768x1088.jpg 768w, https:\/\/wp.ufpel.edu.br\/modela\/files\/2022\/05\/AtuAlegoria-1084x1536.jpg 1084w, https:\/\/wp.ufpel.edu.br\/modela\/files\/2022\/05\/AtuAlegoria-1446x2048.jpg 1446w, https:\/\/wp.ufpel.edu.br\/modela\/files\/2022\/05\/AtuAlegoria.jpg 1757w\" sizes=\"(max-width: 282px) 100vw, 282px\" \/><\/a><strong>Cat\u00e1logo sobre os recursos l\u00fadicos relativos \u00e0 obra produzida por Helios Seelinger em 1925: \u201cAlegoria, Sentido e Esp\u00edrito da Revolu\u00e7\u00e3o Farroupilha<\/strong> <span style=\"color: #000080;\"><em>(<span style=\"color: #000080;\"><a style=\"color: #000080;\" href=\"https:\/\/wp.ufpel.edu.br\/modela\/files\/2022\/05\/Catalogo_AtuAlegoria_leve.pdf\">Cat\u00e1logo AtuAlegori<\/a><\/span>)<\/em><\/span><\/p>\n<div style=\"width: 1920px;\" class=\"wp-video\"><video class=\"wp-video-shortcode\" id=\"video-202-1\" width=\"1920\" height=\"1080\" preload=\"metadata\" controls=\"controls\"><source type=\"video\/mp4\" src=\"https:\/\/wp.ufpel.edu.br\/modela\/files\/2022\/05\/alegori.mp4?_=1\" \/><a href=\"https:\/\/wp.ufpel.edu.br\/modela\/files\/2022\/05\/alegori.mp4\">https:\/\/wp.ufpel.edu.br\/modela\/files\/2022\/05\/alegori.mp4<\/a><\/video><\/div>\n<p style=\"text-align: center;\">V\u00eddeo demonstrativo de t\u00e9cnicas l\u00fadicas utilizadas na a\u00e7\u00e3o AtuAlegoria, em obra do museu do Doce<\/p>\n<p>Outras representa\u00e7\u00f5es l\u00fadicas digitais desta a\u00e7\u00e3o:<\/p>\n<p>Jogo digital MotivA\u00c7\u00c3O <a href=\"https:\/\/gegradimotivacao.github.io\/AtuAlegoria\/\"><span style=\"color: #000080;\"><em>aqui<\/em><\/span><\/a><br \/>\nJogo de quebra-cabe\u00e7a digital <a href=\"https:\/\/gegradimotivacao.github.io\/QuebraCabecaAtuAlegoria\/\"><em><span style=\"color: #003366;\">aqui<\/span><\/em><\/a><br \/>\nJogo que instiga a manipula\u00e7\u00e3o da obra em 360\u00ba <a href=\"https:\/\/sites.google.com\/view\/quadroheliosseelinger\/index\"><span style=\"color: #000080;\"><em>aqui<\/em><\/span><\/a><br \/>\nMosaicos do quadro podem ser observados por aproxima\u00e7\u00e3o <a href=\"https:\/\/sites.google.com\/view\/mosaicosquadrohelios\/index\"><em><span style=\"color: #000080;\">aqui<\/span><\/em><\/a><\/p>\n","protected":false},"excerpt":{"rendered":"<p>Recursos l\u00fadicos relativos \u00e0 obra &#8220;Alegoria, Sentido e Esp\u00edrito da Rep\u00fablica Farroupilha&#8221; &#8211; Helios Seelinger Cat\u00e1logo sobre os recursos l\u00fadicos relativos \u00e0 obra produzida por Helios Seelinger em 1925: \u201cAlegoria, Sentido e Esp\u00edrito da Revolu\u00e7\u00e3o Farroupilha (Cat\u00e1logo AtuAlegori) V\u00eddeo demonstrativo de t\u00e9cnicas l\u00fadicas utilizadas na a\u00e7\u00e3o AtuAlegoria, em obra do museu do Doce Outras representa\u00e7\u00f5es [&hellip;]<\/p>\n","protected":false},"author":263,"featured_media":0,"parent":0,"menu_order":0,"comment_status":"closed","ping_status":"closed","template":"","meta":{"footnotes":""},"class_list":["post-202","page","type-page","status-publish","hentry"],"_links":{"self":[{"href":"https:\/\/wp.ufpel.edu.br\/modela\/wp-json\/wp\/v2\/pages\/202","targetHints":{"allow":["GET"]}}],"collection":[{"href":"https:\/\/wp.ufpel.edu.br\/modela\/wp-json\/wp\/v2\/pages"}],"about":[{"href":"https:\/\/wp.ufpel.edu.br\/modela\/wp-json\/wp\/v2\/types\/page"}],"author":[{"embeddable":true,"href":"https:\/\/wp.ufpel.edu.br\/modela\/wp-json\/wp\/v2\/users\/263"}],"replies":[{"embeddable":true,"href":"https:\/\/wp.ufpel.edu.br\/modela\/wp-json\/wp\/v2\/comments?post=202"}],"version-history":[{"count":12,"href":"https:\/\/wp.ufpel.edu.br\/modela\/wp-json\/wp\/v2\/pages\/202\/revisions"}],"predecessor-version":[{"id":230,"href":"https:\/\/wp.ufpel.edu.br\/modela\/wp-json\/wp\/v2\/pages\/202\/revisions\/230"}],"wp:attachment":[{"href":"https:\/\/wp.ufpel.edu.br\/modela\/wp-json\/wp\/v2\/media?parent=202"}],"curies":[{"name":"wp","href":"https:\/\/api.w.org\/{rel}","templated":true}]}}