{"id":129,"date":"2021-04-26T18:48:51","date_gmt":"2021-04-26T21:48:51","guid":{"rendered":"https:\/\/wp.ufpel.edu.br\/modela\/?page_id=129"},"modified":"2021-05-18T22:23:31","modified_gmt":"2021-05-19T01:23:31","slug":"modelos","status":"publish","type":"page","link":"https:\/\/wp.ufpel.edu.br\/modela\/modelos\/","title":{"rendered":"Modelos"},"content":{"rendered":"<div class=\"sketchfab-embed-wrapper\">\n<p style=\"text-align: left\"><strong><span style=\"color: #000000\">P\u00e1gina em desenvolvimento<\/span><\/strong><\/p>\n<p style=\"text-align: center\">\n<!-- iframe plugin v.6.0 wordpress.org\/plugins\/iframe\/ -->\n<iframe src=\"https:\/\/sketchfab.com\/models\/ea9c96843ac14d238b74b9ef89c22d4e\/embed\" width=\"580\" height=\"326\" scrolling=\"yes\" class=\"iframe-class\" frameborder=\"0\"><\/iframe>\n\n<\/div>\n<p style=\"text-align: center\">Modelo da figura central do teto da sala de m\u00fasica do Museu do Doce da UFPel<\/p>\n<p style=\"text-align: center\">\n<!-- iframe plugin v.6.0 wordpress.org\/plugins\/iframe\/ -->\n<iframe 0=\"src=\" src=\"https:\/\/sketchfab.com\/models\/036e5e7992b94182887f079df2533daf\/embed\" width=\"580\" height=\"326\" scrolling=\"yes\" class=\"iframe-class\" frameborder=\"0\"><\/iframe>\n\n<p style=\"text-align: center\">Folhas de Acanto.\u00a0Detalhes do estuque do Museu do Doce de Pelotas<\/p>\n<p style=\"text-align: center\">\n<!-- iframe plugin v.6.0 wordpress.org\/plugins\/iframe\/ -->\n<iframe src=\"https:\/\/3dwarehouse.sketchup.com\/embed\/63b0f0fb8266105e2376dae81c1f75a3\" width=\"580\" height=\"326\" scrolling=\"yes\" class=\"iframe-class\" frameborder=\"0\"><\/iframe>\n\n<p style=\"text-align: center\">Secretaria de Finan\u00e7as da Prefeitura Municipal de Pelotas\/RS<\/p>\n<hr \/>\n<p>&nbsp;<\/p>\n<p><img class=\"alignleft size-medium wp-image-151\" src=\"https:\/\/wp.ufpel.edu.br\/modela\/files\/2021\/04\/modelo-3-400x226.jpg\" alt=\"\" width=\"400\" height=\"226\" srcset=\"https:\/\/wp.ufpel.edu.br\/modela\/files\/2021\/04\/modelo-3-400x226.jpg 400w, https:\/\/wp.ufpel.edu.br\/modela\/files\/2021\/04\/modelo-3-768x433.jpg 768w, https:\/\/wp.ufpel.edu.br\/modela\/files\/2021\/04\/modelo-3.jpg 893w\" sizes=\"(max-width: 400px) 100vw, 400px\" \/><\/p>\n<p>&nbsp;<\/p>\n<p>Modelo do Casar\u00e3o 2 &#8211; Secretaria de Cultura da Prefeitura Municipal de Pelotas pode ser baixado <a href=\"https:\/\/3dwarehouse.sketchup.com\/model\/27e457df0165fd21f7c6ae6fd377aea7\/Casar%C3%A3o-2-Secretaria-de-Cultura-da-Prefeitura-Municipal-de-Pelotas\" target=\"_blank\" rel=\"noopener noreferrer\"><span style=\"color: #333399\"><em>aqui<\/em><\/span><\/a><\/p>\n<p>&nbsp;<\/p>\n<p>&nbsp;<\/p>\n<p>&nbsp;<\/p>\n<p>&nbsp;<\/p>\n<hr \/>\n<p>&nbsp;<\/p>\n<p><img class=\"alignleft size-medium wp-image-155\" src=\"https:\/\/wp.ufpel.edu.br\/modela\/files\/2021\/04\/modelo-7-400x225.jpg\" alt=\"\" width=\"400\" height=\"225\" srcset=\"https:\/\/wp.ufpel.edu.br\/modela\/files\/2021\/04\/modelo-7-400x225.jpg 400w, https:\/\/wp.ufpel.edu.br\/modela\/files\/2021\/04\/modelo-7-768x432.jpg 768w, https:\/\/wp.ufpel.edu.br\/modela\/files\/2021\/04\/modelo-7.jpg 883w\" sizes=\"(max-width: 400px) 100vw, 400px\" \/><\/p>\n<p>&nbsp;<\/p>\n<p>Modelo do Mercado P\u00fablico de Pelotas pode ser baixado <a href=\"https:\/\/3dwarehouse.sketchup.com\/model\/8fd80a6e948e56683b91d885c5695824\/Mercado-P%C3%BAblico-Central-de-Pelotas\" target=\"_blank\" rel=\"noopener noreferrer\"><span style=\"color: #333399\"><em>aqui<\/em><\/span><\/a><\/p>\n<p>&nbsp;<\/p>\n<p>&nbsp;<\/p>\n<p>&nbsp;<\/p>\n<p>&nbsp;<\/p>\n<hr \/>\n<p><img class=\"alignleft size-medium wp-image-154\" src=\"https:\/\/wp.ufpel.edu.br\/modela\/files\/2021\/04\/modelo-6-400x224.jpg\" alt=\"\" width=\"400\" height=\"224\" srcset=\"https:\/\/wp.ufpel.edu.br\/modela\/files\/2021\/04\/modelo-6-400x224.jpg 400w, https:\/\/wp.ufpel.edu.br\/modela\/files\/2021\/04\/modelo-6-768x430.jpg 768w, https:\/\/wp.ufpel.edu.br\/modela\/files\/2021\/04\/modelo-6.jpg 883w\" sizes=\"(max-width: 400px) 100vw, 400px\" \/><\/p>\n<p>&nbsp;<\/p>\n<p>Modelo da\u00a0Secretaria de Finan\u00e7as da Prefeitura Municipal de Pelotas\/ RS pode ser baixado <a href=\"https:\/\/3dwarehouse.sketchup.com\/model\/63b0f0fb8266105e2376dae81c1f75a3\/Secretaria-de-Finan%C3%A7as-da-Prefeitura-Municipal-de-PelotasRS\" target=\"_blank\" rel=\"noopener noreferrer\"><span style=\"color: #333399\"><em>aqui<\/em><\/span><\/a><\/p>\n<p>&nbsp;<\/p>\n<p>&nbsp;<\/p>\n<p>&nbsp;<\/p>\n<p>&nbsp;<\/p>\n<hr \/>\n<p>&nbsp;<\/p>\n<p><img class=\"alignleft size-medium wp-image-143\" src=\"https:\/\/wp.ufpel.edu.br\/modela\/files\/2021\/04\/modelo-1-2-400x226.jpg\" alt=\"\" width=\"400\" height=\"226\" srcset=\"https:\/\/wp.ufpel.edu.br\/modela\/files\/2021\/04\/modelo-1-2-400x226.jpg 400w, https:\/\/wp.ufpel.edu.br\/modela\/files\/2021\/04\/modelo-1-2-768x434.jpg 768w, https:\/\/wp.ufpel.edu.br\/modela\/files\/2021\/04\/modelo-1-2.jpg 882w\" sizes=\"(max-width: 400px) 100vw, 400px\" \/><\/p>\n<p>&nbsp;<\/p>\n<p>Modelo do Projeto Modela UFPel &#8211; Aul\u00e1rio do Cap\u00e3o do Le\u00e3o pode ser baixado <span style=\"color: #000080\"><a style=\"color: #000080\" href=\"https:\/\/3dwarehouse.sketchup.com\/model\/a7dd514f202ad78f5788d2f340a15fe\/Aul%C3%A1rio-Cap%C3%A3o-do-Le%C3%A3o-UFPel\" target=\"_blank\" rel=\"noopener noreferrer\"><em>aqui<\/em><\/a><\/span><\/p>\n<p>&nbsp;<\/p>\n<p>&nbsp;<\/p>\n<p>&nbsp;<\/p>\n<p>&nbsp;<\/p>\n<hr \/>\n<p><img class=\"alignleft size-medium wp-image-144\" src=\"https:\/\/wp.ufpel.edu.br\/modela\/files\/2021\/04\/modelo-2-2-400x224.jpg\" alt=\"\" width=\"400\" height=\"224\" srcset=\"https:\/\/wp.ufpel.edu.br\/modela\/files\/2021\/04\/modelo-2-2-400x224.jpg 400w, https:\/\/wp.ufpel.edu.br\/modela\/files\/2021\/04\/modelo-2-2-768x430.jpg 768w, https:\/\/wp.ufpel.edu.br\/modela\/files\/2021\/04\/modelo-2-2.jpg 882w\" sizes=\"(max-width: 400px) 100vw, 400px\" \/><\/p>\n<p>&nbsp;<\/p>\n<p>Modelo do Projeto Modela UFPel &#8211; Instituto de Ci\u00eancias Humanas pode ser baixado <span style=\"color: #000080\"><a style=\"color: #000080\" href=\"https:\/\/3dwarehouse.sketchup.com\/model\/b9a05c62bccbf6dbf5788d2f340a15fe\/Instituto-de-Ci%C3%AAncias-Humanas\" target=\"_blank\" rel=\"noopener noreferrer\"><em>aqui<\/em><\/a><\/span><\/p>\n<p>&nbsp;<\/p>\n<p>&nbsp;<\/p>\n<p>&nbsp;<\/p>\n<p>&nbsp;<\/p>\n","protected":false},"excerpt":{"rendered":"<p>P\u00e1gina em desenvolvimento Modelo da figura central do teto da sala de m\u00fasica do Museu do Doce da UFPel Folhas de Acanto.\u00a0Detalhes do estuque do Museu do Doce de Pelotas Secretaria de Finan\u00e7as da Prefeitura Municipal de Pelotas\/RS &nbsp; &nbsp; Modelo do Casar\u00e3o 2 &#8211; Secretaria de Cultura da Prefeitura Municipal de Pelotas pode ser [&hellip;]<\/p>\n","protected":false},"author":263,"featured_media":0,"parent":0,"menu_order":0,"comment_status":"closed","ping_status":"closed","template":"","meta":{"footnotes":""},"class_list":["post-129","page","type-page","status-publish","hentry"],"_links":{"self":[{"href":"https:\/\/wp.ufpel.edu.br\/modela\/wp-json\/wp\/v2\/pages\/129","targetHints":{"allow":["GET"]}}],"collection":[{"href":"https:\/\/wp.ufpel.edu.br\/modela\/wp-json\/wp\/v2\/pages"}],"about":[{"href":"https:\/\/wp.ufpel.edu.br\/modela\/wp-json\/wp\/v2\/types\/page"}],"author":[{"embeddable":true,"href":"https:\/\/wp.ufpel.edu.br\/modela\/wp-json\/wp\/v2\/users\/263"}],"replies":[{"embeddable":true,"href":"https:\/\/wp.ufpel.edu.br\/modela\/wp-json\/wp\/v2\/comments?post=129"}],"version-history":[{"count":42,"href":"https:\/\/wp.ufpel.edu.br\/modela\/wp-json\/wp\/v2\/pages\/129\/revisions"}],"predecessor-version":[{"id":175,"href":"https:\/\/wp.ufpel.edu.br\/modela\/wp-json\/wp\/v2\/pages\/129\/revisions\/175"}],"wp:attachment":[{"href":"https:\/\/wp.ufpel.edu.br\/modela\/wp-json\/wp\/v2\/media?parent=129"}],"curies":[{"name":"wp","href":"https:\/\/api.w.org\/{rel}","templated":true}]}}