{"id":93,"date":"2019-03-19T11:04:11","date_gmt":"2019-03-19T14:04:11","guid":{"rendered":"https:\/\/wp.ufpel.edu.br\/mllsilva\/?page_id=93"},"modified":"2019-08-15T15:39:08","modified_gmt":"2019-08-15T18:39:08","slug":"fisica-basica-ii","status":"publish","type":"page","link":"https:\/\/wp.ufpel.edu.br\/mllsilva\/aulas\/fisica-basica-ii\/","title":{"rendered":"F\u00edsica B\u00e1sica II"},"content":{"rendered":"<p>Plano de ensino:<br \/>\n<a href=\"https:\/\/wp.ufpel.edu.br\/mllsilva\/files\/2019\/08\/plano_ensino_2019_2_11090033_T7.pdf\">Plano de Ensino T7<\/a><\/p>\n<p>Listas de exerc\u00edcios:<br \/>\n<a href=\"https:\/\/wp.ufpel.edu.br\/mllsilva\/files\/2019\/03\/lista_fluidos.pdf\">Lista 1: Fluidos<\/a><br \/>\n<a href=\"https:\/\/wp.ufpel.edu.br\/mllsilva\/files\/2019\/03\/lista_temp_calor.pdf\">Lista 2: Temperatura e Calor<\/a><br \/>\n<a href=\"https:\/\/wp.ufpel.edu.br\/mllsilva\/files\/2019\/03\/lista_gases.pdf\">Lista 3: Gases<\/a><br \/>\n<a href=\"https:\/\/wp.ufpel.edu.br\/mllsilva\/files\/2019\/03\/lista_segunda_lei.pdf\">Lista 4: Segunda Leio da Termodin\u00e2mica<\/a><br \/>\n<a href=\"https:\/\/wp.ufpel.edu.br\/mllsilva\/files\/2019\/03\/lista_oscil.pdf\">Lista 5: Oscila\u00e7\u00f5es<\/a><\/p>\n<p>Solu\u00e7\u00e3o das Listas:<br \/>\n<a href=\"https:\/\/wp.ufpel.edu.br\/mllsilva\/files\/2019\/05\/lista-2lei-termo-resolvida.pdf\">Segunda Lei da Termodin\u00e2mica<\/a><br \/>\n<a href=\"https:\/\/wp.ufpel.edu.br\/mllsilva\/files\/2019\/05\/lista_oscilacoes_questoes.pdf\">lista de oscila\u00e7\u00f5es quest\u00f5es<\/a><br \/>\n<a href=\"https:\/\/wp.ufpel.edu.br\/mllsilva\/files\/2019\/05\/lista_oscilacoes_problemas_parte1.pdf\">lista de oscila\u00e7\u00f5es problemas &#8211; parte 1<\/a><br \/>\n<a href=\"https:\/\/wp.ufpel.edu.br\/mllsilva\/files\/2019\/05\/lista_oscilacoes_problemas_parte2.pdf\">lista de oscila\u00e7\u00f5es problemas &#8211; parte 2<\/a><\/p>\n","protected":false},"excerpt":{"rendered":"<p>Plano de ensino: Plano de Ensino T7 Listas de exerc\u00edcios: Lista 1: Fluidos Lista 2: Temperatura e Calor Lista 3: Gases Lista 4: Segunda Leio da Termodin\u00e2mica Lista 5: Oscila\u00e7\u00f5es Solu\u00e7\u00e3o das Listas: Segunda Lei da Termodin\u00e2mica lista de oscila\u00e7\u00f5es quest\u00f5es lista de oscila\u00e7\u00f5es problemas &#8211; parte 1 lista de oscila\u00e7\u00f5es problemas &#8211; parte 2<\/p>\n","protected":false},"author":501,"featured_media":0,"parent":15,"menu_order":1,"comment_status":"closed","ping_status":"closed","template":"","meta":{"footnotes":""},"class_list":["post-93","page","type-page","status-publish","hentry"],"_links":{"self":[{"href":"https:\/\/wp.ufpel.edu.br\/mllsilva\/wp-json\/wp\/v2\/pages\/93","targetHints":{"allow":["GET"]}}],"collection":[{"href":"https:\/\/wp.ufpel.edu.br\/mllsilva\/wp-json\/wp\/v2\/pages"}],"about":[{"href":"https:\/\/wp.ufpel.edu.br\/mllsilva\/wp-json\/wp\/v2\/types\/page"}],"author":[{"embeddable":true,"href":"https:\/\/wp.ufpel.edu.br\/mllsilva\/wp-json\/wp\/v2\/users\/501"}],"replies":[{"embeddable":true,"href":"https:\/\/wp.ufpel.edu.br\/mllsilva\/wp-json\/wp\/v2\/comments?post=93"}],"version-history":[{"count":8,"href":"https:\/\/wp.ufpel.edu.br\/mllsilva\/wp-json\/wp\/v2\/pages\/93\/revisions"}],"predecessor-version":[{"id":139,"href":"https:\/\/wp.ufpel.edu.br\/mllsilva\/wp-json\/wp\/v2\/pages\/93\/revisions\/139"}],"up":[{"embeddable":true,"href":"https:\/\/wp.ufpel.edu.br\/mllsilva\/wp-json\/wp\/v2\/pages\/15"}],"wp:attachment":[{"href":"https:\/\/wp.ufpel.edu.br\/mllsilva\/wp-json\/wp\/v2\/media?parent=93"}],"curies":[{"name":"wp","href":"https:\/\/api.w.org\/{rel}","templated":true}]}}