{"id":110,"date":"2019-03-19T11:24:24","date_gmt":"2019-03-19T14:24:24","guid":{"rendered":"https:\/\/wp.ufpel.edu.br\/mllsilva\/?page_id=110"},"modified":"2019-06-24T14:06:28","modified_gmt":"2019-06-24T17:06:28","slug":"mecanica-geral-i","status":"publish","type":"page","link":"https:\/\/wp.ufpel.edu.br\/mllsilva\/aulas\/mecanica-geral-i\/","title":{"rendered":"Mec\u00e2nica Geral I"},"content":{"rendered":"<p>Plano de Ensino:<br \/>\n<a href=\"https:\/\/wp.ufpel.edu.br\/mllsilva\/files\/2019\/03\/Plano_de_Ensino_Mec_Ger_I_2019-2.pdf\">Plano de Ensino<\/a><\/p>\n<p>Listas:<br \/>\n<a href=\"https:\/\/wp.ufpel.edu.br\/mllsilva\/files\/2019\/03\/lista_mec_geralI_1.pdf\">Lista 1: Mec\u00e2nica Newtoniana<\/a><br \/>\n<a href=\"https:\/\/wp.ufpel.edu.br\/mllsilva\/files\/2019\/03\/lista_mec_geralI_2.pdf\">Lista 2: Oscila\u00e7\u00f5es e Gravita\u00e7\u00e3o<\/a><br \/>\n<a href=\"https:\/\/wp.ufpel.edu.br\/mllsilva\/files\/2019\/03\/lista_mec_geralI_3.pdf\">Lista 3: For\u00e7as Centrais e Corpo R\u00edgido<\/a><\/p>\n<p>Solu\u00e7\u00f5es das Listas:<br \/>\n<a href=\"https:\/\/wp.ufpel.edu.br\/mllsilva\/files\/2019\/03\/Primeira-Lista.pdf\">Solu\u00e7\u00e3o da Lista 1<\/a><br \/>\n<a href=\"https:\/\/wp.ufpel.edu.br\/mllsilva\/files\/2019\/03\/Segunda-Lista.pdf\">Solu\u00e7\u00e3o da Lista 2<\/a><\/p>\n","protected":false},"excerpt":{"rendered":"<p>Plano de Ensino: Plano de Ensino Listas: Lista 1: Mec\u00e2nica Newtoniana Lista 2: Oscila\u00e7\u00f5es e Gravita\u00e7\u00e3o Lista 3: For\u00e7as Centrais e Corpo R\u00edgido Solu\u00e7\u00f5es das Listas: Solu\u00e7\u00e3o da Lista 1 Solu\u00e7\u00e3o da Lista 2<\/p>\n","protected":false},"author":501,"featured_media":0,"parent":15,"menu_order":4,"comment_status":"closed","ping_status":"closed","template":"","meta":{"footnotes":""},"class_list":["post-110","page","type-page","status-publish","hentry"],"_links":{"self":[{"href":"https:\/\/wp.ufpel.edu.br\/mllsilva\/wp-json\/wp\/v2\/pages\/110","targetHints":{"allow":["GET"]}}],"collection":[{"href":"https:\/\/wp.ufpel.edu.br\/mllsilva\/wp-json\/wp\/v2\/pages"}],"about":[{"href":"https:\/\/wp.ufpel.edu.br\/mllsilva\/wp-json\/wp\/v2\/types\/page"}],"author":[{"embeddable":true,"href":"https:\/\/wp.ufpel.edu.br\/mllsilva\/wp-json\/wp\/v2\/users\/501"}],"replies":[{"embeddable":true,"href":"https:\/\/wp.ufpel.edu.br\/mllsilva\/wp-json\/wp\/v2\/comments?post=110"}],"version-history":[{"count":6,"href":"https:\/\/wp.ufpel.edu.br\/mllsilva\/wp-json\/wp\/v2\/pages\/110\/revisions"}],"predecessor-version":[{"id":134,"href":"https:\/\/wp.ufpel.edu.br\/mllsilva\/wp-json\/wp\/v2\/pages\/110\/revisions\/134"}],"up":[{"embeddable":true,"href":"https:\/\/wp.ufpel.edu.br\/mllsilva\/wp-json\/wp\/v2\/pages\/15"}],"wp:attachment":[{"href":"https:\/\/wp.ufpel.edu.br\/mllsilva\/wp-json\/wp\/v2\/media?parent=110"}],"curies":[{"name":"wp","href":"https:\/\/api.w.org\/{rel}","templated":true}]}}