{"id":389,"date":"2012-10-01T17:06:27","date_gmt":"2012-10-01T20:06:27","guid":{"rendered":"https:\/\/wp.ufpel.edu.br\/mlaura\/?page_id=389"},"modified":"2018-06-23T11:40:02","modified_gmt":"2018-06-23T14:40:02","slug":"ola-engenheirandos","status":"publish","type":"page","link":"https:\/\/wp.ufpel.edu.br\/mlaura\/","title":{"rendered":"Ol\u00e1, engenheirandos!"},"content":{"rendered":"<p style=\"text-align: justify\">Bem-vindos ao meu site!<\/p>\n<p style=\"text-align: justify\">Esta p\u00e1gina tem o objetivo de tornar mais f\u00e1cil nossa intera\u00e7\u00e3o professora-aluno.<br \/>\nEste espa\u00e7o \u00e9 um local de troca de informa\u00e7\u00f5es, de complementa\u00e7\u00e3o de material de aulas, de localiza\u00e7\u00e3o de material extra, de listas de exerc\u00edcios, de trabalhos propostos, de planilhas de notas e de qualquer material que seja importante para o bom andamento das nossas atividades did\u00e1ticas. Aqui voc\u00ea vai encontrar, tamb\u00e9m, o plano de ensino e o cronograma da disciplina que est\u00e1 cursando.<\/p>\n<p>Voc\u00ea sabe que poder\u00e1 recorrer sempre a este site em busca de informa\u00e7\u00f5es diversas atrav\u00e9s dos itens chamados de &#8220;material extra&#8221;, inclusive de dicas de montagem de curr\u00edculo, entrevista de empregos e outras dicas.<\/p>\n<p style=\"text-align: justify\">Dica: Se voc\u00ea n\u00e3o conseguir fazer <em>download<\/em> de algum arquivo, tente clicar na data de postagem que ele abre.<\/p>\n","protected":false},"excerpt":{"rendered":"<p>Bem-vindos ao meu site! Esta p\u00e1gina tem o objetivo de tornar mais f\u00e1cil nossa intera\u00e7\u00e3o professora-aluno. Este espa\u00e7o \u00e9 um local de troca de informa\u00e7\u00f5es, de complementa\u00e7\u00e3o de material de aulas, de localiza\u00e7\u00e3o de material extra, de listas de exerc\u00edcios, &hellip; <a href=\"https:\/\/wp.ufpel.edu.br\/mlaura\/\">Continue lendo <span class=\"meta-nav\">&rarr;<\/span><\/a><\/p>\n","protected":false},"author":175,"featured_media":0,"parent":0,"menu_order":0,"comment_status":"closed","ping_status":"closed","template":"","meta":{"footnotes":""},"class_list":["post-389","page","type-page","status-publish","hentry"],"_links":{"self":[{"href":"https:\/\/wp.ufpel.edu.br\/mlaura\/wp-json\/wp\/v2\/pages\/389","targetHints":{"allow":["GET"]}}],"collection":[{"href":"https:\/\/wp.ufpel.edu.br\/mlaura\/wp-json\/wp\/v2\/pages"}],"about":[{"href":"https:\/\/wp.ufpel.edu.br\/mlaura\/wp-json\/wp\/v2\/types\/page"}],"author":[{"embeddable":true,"href":"https:\/\/wp.ufpel.edu.br\/mlaura\/wp-json\/wp\/v2\/users\/175"}],"replies":[{"embeddable":true,"href":"https:\/\/wp.ufpel.edu.br\/mlaura\/wp-json\/wp\/v2\/comments?post=389"}],"version-history":[{"count":12,"href":"https:\/\/wp.ufpel.edu.br\/mlaura\/wp-json\/wp\/v2\/pages\/389\/revisions"}],"predecessor-version":[{"id":4892,"href":"https:\/\/wp.ufpel.edu.br\/mlaura\/wp-json\/wp\/v2\/pages\/389\/revisions\/4892"}],"wp:attachment":[{"href":"https:\/\/wp.ufpel.edu.br\/mlaura\/wp-json\/wp\/v2\/media?parent=389"}],"curies":[{"name":"wp","href":"https:\/\/api.w.org\/{rel}","templated":true}]}}