{"id":89,"date":"2011-03-24T12:01:13","date_gmt":"2011-03-24T15:01:13","guid":{"rendered":"https:\/\/wp.ufpel.edu.br\/midias\/"},"modified":"2015-05-20T12:53:22","modified_gmt":"2015-05-20T15:53:22","slug":"editais-e-portarias-do-curso","status":"publish","type":"page","link":"https:\/\/wp.ufpel.edu.br\/midias\/editais-e-portarias-do-curso\/","title":{"rendered":"Editais e Portarias do Curso"},"content":{"rendered":"<p>Nesta p\u00e1gina s\u00e3o divulgados os Editais e Portarias da Especializa\u00e7\u00e3o em M\u00eddias na Educa\u00e7\u00e3o\/UFPEL.<\/p>\n<p>&#8211; Divulga\u00e7\u00e3o do resultado final do Edital 01\/2015, sele\u00e7\u00e3o de Tutor Presencial para a Especializa\u00e7\u00e3o em M\u00eddias na Educa\u00e7\u00e3o do Polo de Picada Caf\u00e9. Acesse o resultado final em: <a href=\"https:\/\/wp.ufpel.edu.br\/midias\/files\/2015\/05\/EDITAL-N%C2%BA-01-2015-Tutor-Presencial-midias-picada-caf%C3%A9-resultadoFinal.pdf\">EDITAL N\u00ba 01-2015 Tutor Presencial-midias-picada caf\u00e9 \u2013 resultadoFinal<\/a><\/p>\n<p>&#8211; Divulga\u00e7\u00e3o do resultado da 1\u00aa Etapa do Edital 01\/2015, sele\u00e7\u00e3o de Tutor Presencial para a Especializa\u00e7\u00e3o em M\u00eddias na Educa\u00e7\u00e3o do Polo de Picada Caf\u00e9. Acesse o resultado da 1\u00aa Etapa em: <a href=\"https:\/\/wp.ufpel.edu.br\/midias\/files\/2015\/05\/EDITAL-N%C2%BA-01-2015-Tutor-Presencial-pc-midias-resultado-etapa1.pdf\">EDITAL N\u00ba 01-2015 Tutor Presencial-pc-midias-resultado-etapa1<\/a><\/p>\n<p>&#8211; Sele\u00e7\u00e3o para <b>Tutor Presencial &#8211; Polo de Picada Caf\u00e9<\/b>: Processo seletivo, para a fun\u00e7\u00e3o tempor\u00e1ria de tutor presencial para atuar no Polo de Picada Caf\u00e9 pelo Curso de de Especializa\u00e7\u00e3o em\u00a0 M\u00eddias na Educa\u00e7\u00e3o (Edital 01_2015_CEME_TP). Acesse o edital de sele\u00e7\u00e3o em: <a href=\"https:\/\/wp.ufpel.edu.br\/midias\/files\/2015\/04\/EDITAL-N\u00ba-01-2015_Tutor-Presencial-midias-PicadaCafe.pdf\">EDITAL N\u00ba 01-2015_Tutor Presencial-midias-PicadaCafe<\/a><\/p>\n<p>&nbsp;<\/p>\n<p>&#8211; Edital para sele\u00e7\u00e3o de Tutor Presencial em Hulha Negra, nova chamada para edital de 2014.\u00a0 Acesse o edital de sele\u00e7\u00e3o tutor presencial de Hulha Negra em: <a title=\"Edital Sele\u00e7\u00e3o de Tutor Presencial - Hulha Negra\" href=\"https:\/\/wp.ufpel.edu.br\/ead\/files\/2014\/10\/Edital_05_2014_midias_tp.pdf\">https:\/\/wp.ufpel.edu.br\/ead\/files\/2014\/10\/Edital_05_2014_midias_tp.pdf<\/a><\/p>\n<p>&#8211; Resultado da Sele\u00e7\u00e3o de Alunos para a Especializa\u00e7\u00e3o em M\u00eddias na Educa\u00e7\u00e3o \u2013 Vagas Remanescentes 02\/Edital 2014. Acesse o resultado em: <a href=\"https:\/\/wp.ufpel.edu.br\/midias\/files\/2014\/09\/resultado-edital-vagasremanescentes-inscri%C3%A7%C3%A3o-alunos-2014.pdf\">resultado-edital-vagasremanescentes-inscri\u00e7\u00e3o-alunos-2014<\/a><\/p>\n<p>&#8211; Resultado da Sele\u00e7\u00e3o de Alunos para a Especializa\u00e7\u00e3o em M\u00eddias na Educa\u00e7\u00e3o \u2013 Edital 2014. Acesse o resultado em:\u00a0 <a href=\"https:\/\/wp.ufpel.edu.br\/midias\/files\/2014\/07\/resultado-edital-inscri%C3%A7%C3%A3o-alunos-2014.pdf\">resultado-edital-inscri\u00e7\u00e3o-alunos-2014<\/a><\/p>\n<p>&#8211; Edital para exame de Sele\u00e7\u00e3o para o Curso de P\u00f3s-Gradua\u00e7\u00e3o Lato Sensu em M\u00eddias na Educa\u00e7\u00e3o da UFPel, edital 02\/2014 &#8211; Vagas Remanescentes. Acesse o edital de sele\u00e7\u00e3o: <a href=\"https:\/\/wp.ufpel.edu.br\/midias\/files\/2014\/07\/edital-inscri%C3%A7%C3%A3o-alunos-2014-remanescentes.pdf\">edital-inscri\u00e7\u00e3o-alunos-2014-remanescentes<\/a><\/p>\n<p>&#8211; Edital para sele\u00e7\u00e3o de Tutor Presencial em Picada Caf\u00e9, nova chamada para edital de 2014.\u00a0 Acesse o edital de sele\u00e7\u00e3o tutor presencial de Picada Caf\u00e9 em: <a href=\"http:\/\/www2.ufpel.edu.br\/cead\/images\/stories\/edital042014tpmidias.pdf\">http:\/\/www2.ufpel.edu.br\/cead\/images\/stories\/edital042014tpmidias.pdf <\/a><\/p>\n<p>&#8211; Edital para sele\u00e7\u00e3o de Tutor a Dist\u00e2ncia, edital 2014. Acesse o edital de sele\u00e7\u00e3o Tutor a Dist\u00e2ncia: <span class=\"userContent\"><a href=\"http:\/\/www2.ufpel.edu.br\/cead\/images\/stories\/edital012014tdmidias.pdf\" target=\"_blank\" rel=\"nofollow nofollow\">http:\/\/www2.ufpel.edu.br\/cead\/images\/stories\/edital012014tdmidias.pdf<\/a><\/span><\/p>\n<p>&#8211; Edital para sele\u00e7\u00e3o de Tutor Presencial, edital 2014. Acesse o edital de sele\u00e7\u00e3o tutor presencial: <a href=\"http:\/\/www2.ufpel.edu.br\/cead\/images\/stories\/edital022014tpmidias.pdf\" target=\"_blank\" rel=\"nofollow nofollow\">http:\/\/www2.ufpel.edu.br\/cead\/images\/stories\/edital022014tpmidias.pdf<\/a><\/p>\n<p>&#8211; Edital para exame de Sele\u00e7\u00e3o para o Curso de P\u00f3s-Gradua\u00e7\u00e3o Lato Sensu em M\u00eddias na Educa\u00e7\u00e3o da UFPel, edital 2014. Acesse o edital de sele\u00e7\u00e3o: <a href=\"https:\/\/wp.ufpel.edu.br\/midias\/files\/2014\/06\/edital-inscri%C3%A7%C3%A3o-alunos-2014.pdf\">edital-inscri\u00e7\u00e3o-alunos-2014<\/a><\/p>\n<p>&#8211; Chamada de candidatos selecionados no Exame de Sele\u00e7\u00e3o de Alunos 02\/2011 &#8211; PREENCHIMENTO DE VAGAS REMANESCENTES &#8211; Especializa\u00e7\u00e3o em M\u00eddias na Educa\u00e7\u00e3o da UFPEL.<a href=\"https:\/\/wp.ufpel.edu.br\/midias\/files\/2011\/12\/chamada-alunos-edital02.pdf\" target=\"_blank\"> Clique aqui<\/a> para acessar o resultado dos candidatos selecionados e dos candidatos suplentes.<\/p>\n<p>&#8211; Edital para Exame de Sele\u00e7\u00e3o de Alunos &#8211; PREENCHIMENTO DE VAGAS REMANESCENTES &#8211; Especializa\u00e7\u00e3o em M\u00eddias na Educa\u00e7\u00e3o da UFPEL: As inscri\u00e7\u00f5es ao\u00a0 estar\u00e3o abertas no per\u00edodo de 25\/11 e 29\/11\/2011. <a href=\"https:\/\/wp.ufpel.edu.br\/midias\/files\/2011\/11\/edital-inscrio-alunos-remanescentes.pdf\">Clique aqu<\/a>i para acessar o edital<\/p>\n<p>&#8211; Chamada de Candidatos Suplentes &#8211; Divulgada a lista de candidatos suplentes que devem fazer a matricula no polo. <a href=\"https:\/\/wp.ufpel.edu.br\/midias\/files\/2011\/11\/chamada-de-suplente.pdf\">Clique aqui <\/a> para acessar o resultado.<\/p>\n<p>&#8211; Exame de Sele\u00e7\u00e3o &#8211; Homologa\u00e7\u00e3o das Candidaturas &#8211; Pedido de Revis\u00e3o: Divulgada a an\u00e1lise dos recursos quanto ao pedido de revis\u00e3o de candidatura. <a href=\"https:\/\/wp.ufpel.edu.br\/midias\/files\/2011\/10\/resultado-retificado.pdf\">Clique Aqui<\/a> para acessar o resultado.<\/p>\n<p>&#8211; Edital para Exame de Sele\u00e7\u00e3o de Alunos &#8211; Especializa\u00e7\u00e3o em M\u00eddias na Educa\u00e7\u00e3o: As inscri\u00e7\u00f5es ao Exame de Sele\u00e7\u00e3o para a Especializa\u00e7\u00e3o em M\u00eddias na Educa\u00e7\u00e3o da UFPel estar\u00e3o abertas no per\u00edodo de 19\/09 a 30\/09\/2011.\u00a0 <a href=\"https:\/\/wp.ufpel.edu.br\/midias\/files\/2011\/09\/edital-inscrio-alunos-midias.pdf\" target=\"_blank\">Clique aqui para acessar o edital<\/a>.<\/p>\n<p>&#8211; PORTARIA N\u00ba 02, DE 30 DE MAR\u00c7O DE 2011: CONSTITUIR Banca Examinadora do Processo Seletivo para a forma\u00e7\u00e3o de cadastro de reserva de bolsistas que atuar\u00e3o como tutores presenciais do Curso de Especializa\u00e7\u00e3o em M\u00eddias na Educa\u00e7\u00e3o. Dispon\u00edvel em: <a title=\"PORTARIA N\u00ba 02, DE 30 DE MAR\u00c7O DE 2011\" href=\"https:\/\/wp.ufpel.edu.br\/midias\/files\/2011\/03\/portaria02-midias-ufpel.pdf\" target=\"_blank\">https:\/\/wp.ufpel.edu.br\/midias\/files\/2011\/03\/portaria02-midias-ufpel.pdf<\/a><\/p>\n<p>&#8211; PORTARIA N\u00ba 01, DE 24 DE MAR\u00c7O DE 2011: CONSTITUIR Banca Examinadora do Processo Seletivo para a forma\u00e7\u00e3o de cadastro de reserva de bolsistas que atuar\u00e3o como tutores a dist\u00e2ncia do Curso de Especializa\u00e7\u00e3o em M\u00eddias na Educa\u00e7\u00e3o. Dispon\u00edvel em: <a href=\"https:\/\/wp.ufpel.edu.br\/midias\/files\/2011\/03\/portaria01-midias-ufpel.pdf\">https:\/\/wp.ufpel.edu.br\/midias\/files\/2011\/03\/portaria01-midias-ufpel.pdf<\/a><\/p>\n<p>&#8211; EDITAL N\u00ba. 002\/2011\/UAB\/UFPEL\/M\u00cdDIAS: processo seletivo para forma\u00e7\u00e3o de cadastro de reserva de BOLSISTAS que atuar\u00e3o como TUTOR PRESENCIAL no curso de Especializa\u00e7\u00e3o em M\u00eddias na Educa\u00e7\u00e3o. <a href=\"http:\/\/www.ufpel.edu.br\/cead\/images\/stories\/edital-tutorpresencial-midias.pdf\" target=\"_blank\">DOWNLOAD DO EDITAL<\/a><\/p>\n<p>-EDITAL N\u00ba. 001\/2011\/UAB\/UFPEL\/M\u00cdDIAS: processo seletivo para a forma\u00e7\u00e3o de cadastro de reserva de BOLSISTAS que atuar\u00e3o como TUTORES A DIST\u00c2NCIA no curso de Especializa\u00e7\u00e3o em M\u00cdDIAS NA EDUCA\u00c7\u00c3O. <a href=\"http:\/\/www.ufpel.edu.br\/cead\/images\/stories\/edital-tutordistancia-midias.pdf\" target=\"_blank\">DOWNLOAD DO EDITAL<\/a><\/p>\n<p>&#8211; PORTARIA N\u00ba. 1696\/2010 &#8211; Gabinete do Reitor\/UFPEL: DESIGNAR a Professora SILVIA PORTO MEIRELLES LEITE como Coordenadora do Curso de P\u00f3s-Gradua\u00e7\u00e3o Lato Sensu em M\u00eddias na Educa\u00e7\u00e3o \u2013 Modalidade \u00e0 Dist\u00e2ncia, vinculado a UAB (Universidade Aberta do Brasil) da Universidade Federal de Pelotas. Dispon\u00edvel em: <a href=\"http:\/\/reitoria.ufpel.edu.br\/portarias\/arquivos\/1196_2010.pdf\" target=\"_blank\">http:\/\/reitoria.ufpel.edu.br\/portarias\/arquivos\/1196_2010.pdf<\/a><\/p>\n<p>&#8211; PORTARIA N\u00ba. 0910\/2010 &#8211; Gabinete do Reitor\/UFPEL: AUTORIZAR a cria\u00e7\u00e3o do Curso de P\u00f3s-Gradua\u00e7\u00e3o Lato Sensu em M\u00eddias na Educa\u00e7\u00e3o\u2013 Modalidade \u00e0 Dist\u00e2ncia, vinculado a UAB (Universidade Aberta do Brasil) da Universidade Federal de Pelotas. Dispon\u00edvel em: <a title=\"Portaria de Cria\u00e7\u00e3o da Especializa\u00e7\u00e3o em M\u00ecdias na Educa\u00e7\u00e3o\/UFPEL\" href=\"http:\/\/reitoria.ufpel.edu.br\/portarias\/arquivos\/0910_2010.pdf\" target=\"_blank\">http:\/\/reitoria.ufpel.edu.br\/portarias\/arquivos\/0910_2010.pdf<\/a><\/p>\n","protected":false},"excerpt":{"rendered":"<p>Nesta p\u00e1gina s\u00e3o divulgados os Editais e Portarias da Especializa\u00e7\u00e3o em M\u00eddias na Educa\u00e7\u00e3o\/UFPEL. &#8211; Divulga\u00e7\u00e3o do resultado final do Edital 01\/2015, sele\u00e7\u00e3o de Tutor Presencial para a Especializa\u00e7\u00e3o em M\u00eddias na Educa\u00e7\u00e3o do Polo de Picada Caf\u00e9. Acesse o resultado final em: EDITAL N\u00ba 01-2015 Tutor Presencial-midias-picada caf\u00e9 \u2013 resultadoFinal &#8211; Divulga\u00e7\u00e3o do resultado [&hellip;]<\/p>\n","protected":false},"author":68,"featured_media":0,"parent":0,"menu_order":0,"comment_status":"closed","ping_status":"closed","template":"","meta":{"footnotes":""},"class_list":["post-89","page","type-page","status-publish","hentry"],"_links":{"self":[{"href":"https:\/\/wp.ufpel.edu.br\/midias\/wp-json\/wp\/v2\/pages\/89","targetHints":{"allow":["GET"]}}],"collection":[{"href":"https:\/\/wp.ufpel.edu.br\/midias\/wp-json\/wp\/v2\/pages"}],"about":[{"href":"https:\/\/wp.ufpel.edu.br\/midias\/wp-json\/wp\/v2\/types\/page"}],"author":[{"embeddable":true,"href":"https:\/\/wp.ufpel.edu.br\/midias\/wp-json\/wp\/v2\/users\/68"}],"replies":[{"embeddable":true,"href":"https:\/\/wp.ufpel.edu.br\/midias\/wp-json\/wp\/v2\/comments?post=89"}],"version-history":[{"count":25,"href":"https:\/\/wp.ufpel.edu.br\/midias\/wp-json\/wp\/v2\/pages\/89\/revisions"}],"predecessor-version":[{"id":584,"href":"https:\/\/wp.ufpel.edu.br\/midias\/wp-json\/wp\/v2\/pages\/89\/revisions\/584"}],"wp:attachment":[{"href":"https:\/\/wp.ufpel.edu.br\/midias\/wp-json\/wp\/v2\/media?parent=89"}],"curies":[{"name":"wp","href":"https:\/\/api.w.org\/{rel}","templated":true}]}}