{"id":607,"date":"2015-09-30T10:21:24","date_gmt":"2015-09-30T13:21:24","guid":{"rendered":"https:\/\/wp.ufpel.edu.br\/midias\/?page_id=607"},"modified":"2015-09-30T10:49:46","modified_gmt":"2015-09-30T13:49:46","slug":"webconferencia","status":"publish","type":"page","link":"https:\/\/wp.ufpel.edu.br\/midias\/webconferencia\/","title":{"rendered":"Webconfer\u00eancia"},"content":{"rendered":"<p><span style=\"text-decoration: underline\"><strong>WEBCONFER\u00caNCIA\u00a0 &#8211; 2015\/2<br \/>\n<\/strong><\/span><\/p>\n<p>Os alunos que faltarem as aulas presenciais devem apresentar atestado de sa\u00fade ou de trabalho e marcarem uma aula de recupera\u00e7\u00e3o com o tutor presencial<\/p>\n<ul>\n<li>&#8211; Aula Obrigat\u00f3ria via Webconfer\u00eancia Disciplina Metodologia de Pesquisa\u00a0 (no Polo ou em casa):\u00a0 16<strong>\/11 \/2015 (19h)<\/strong>\n<ul>\n<li><a href=\"http:\/\/webconf2.rnp.br\/ufpel_cped1\" target=\"_blank\">webconf2.rnp.br\/ufpel_cped1<\/a><\/li>\n<\/ul>\n<\/li>\n<\/ul>\n<ul>\n<li>&#8211; Aula Obrigat\u00f3ria via Webconfer\u00eancia Disciplina Metodologia de Pesquisa\u00a0 (no Polo ou em casa):\u00a0 19<strong>\/10 \/2015 (19h)<\/strong>\n<ul>\n<li><a href=\"http:\/\/webconf2.rnp.br\/ufpel_cped1\" target=\"_blank\">webconf2.rnp.br\/ufpel_cped1<\/a><\/li>\n<\/ul>\n<\/li>\n<\/ul>\n<ul>\n<li>&#8211; Reuni\u00e3o com os tutores via Webconfer\u00eancia Disciplina Vivenciando o desenvolvimento de projeto com m\u00eddias integradas na educa\u00e7\u00e3o (Presen\u00e7a apenas dos tutores): \u00a016<strong>\/10 \/2015 (19h)<\/strong>\n<ul>\n<li><a href=\"http:\/\/webconf2.rnp.br\/ufpel_cped1\" target=\"_blank\">webconf2.rnp.br\/ufpel_cped1<\/a><\/li>\n<\/ul>\n<\/li>\n<\/ul>\n<ul>\n<li>&#8211; Aula Obrigat\u00f3ria via Webconfer\u00eancia Disciplina Vivenciando o desenvolvimento de projeto com m\u00eddias integradas na educa\u00e7\u00e3o\u00a0 (no Polo ou em casa) : 14<strong>\/09 \/2015 (19h)<\/strong>\n<ul>\n<li>mudou para:<a href=\"http:\/\/webconf2.rnp.br\/cead_ufpel\" target=\"_blank\"> webconf2.rnp.br\/uab_novo_hamburgo_rs <\/a><\/li>\n<\/ul>\n<\/li>\n<\/ul>\n<ul>\n<li>&#8211; Reuni\u00e3o com os tutores via Webconfer\u00eancia Disciplina Vivenciando o desenvolvimento de projeto com m\u00eddias integradas na educa\u00e7\u00e3o (Presen\u00e7a apenas dos tutores) :\u00a0 02<strong>\/09 \/2015 (19h)<\/strong>\n<ul>\n<li><a href=\"http:\/\/webconf2.rnp.br\/cead_ufpel\" target=\"_blank\">webconf2.rnp.br\/cead_ufpel<\/a><\/li>\n<\/ul>\n<\/li>\n<\/ul>\n<ul>\n<li>&#8211; Atendimento via Webconfer\u00eancia Disciplina Oficina de TV e V\u00eddeo (no Polo ou em casa): 31<strong>\/08 \/2015 (19h)<\/strong>\n<ul>\n<li><a href=\"http:\/\/webconf2.rnp.br\/cead_ufpel\" target=\"_blank\">webconf2.rnp.br\/cead_ufpel<\/a><\/li>\n<\/ul>\n<\/li>\n<\/ul>\n<ul>\n<li>&#8211; Aula Obrigat\u00f3ria com Webconfer\u00eancia Disciplina\u00a0 Oficina de TV e V\u00eddeo (no Polo ou em casa): <strong>10\/08 \/2015 (19h)<\/strong>\n<ul>\n<li><a href=\"http:\/\/webconf2.rnp.br\/cead_ufpel\" target=\"_blank\">webconf2.rnp.br\/cead_ufpel<\/a><\/li>\n<\/ul>\n<\/li>\n<\/ul>\n<p>&nbsp;<\/p>\n<p>&nbsp;<\/p>\n<p><span style=\"text-decoration: underline\"><strong>WEBCONFER\u00caNCIA\u00a0 &#8211; 2015\/1<br \/>\n<\/strong><\/span><\/p>\n<ul>\n<li>&#8211; Aula Obrigat\u00f3ria com Webconfer\u00eancia Disciplina\u00a0 Produ\u00e7\u00e3o de Textos Did\u00e1ticos (no Polo ou em casa):\u00a0 <strong>25\/05 \/2015 (19h)<\/strong>\n<ul>\n<li><a href=\"http:\/\/webconf2.rnp.br\/cead_ufpel\" target=\"_blank\">webconf2.rnp.br\/cead_ufpel<\/a><\/li>\n<\/ul>\n<\/li>\n<\/ul>\n<ul>\n<li>&#8211; Aula Obrigat\u00f3ria com Webconfer\u00eancia Disciplina\u00a0 Tecnologia Assistiva\u00a0 (no Polo ou em casa): <strong>27\/04 \/2015 (19h)<\/strong><span style=\"color: #ff0000\">(aula cancelada)<\/span><\/li>\n<li><\/li>\n<li>&#8211; Aula Obrigat\u00f3ria com Webconfer\u00eancia Disciplina A Inform\u00e1tica na Pr\u00e1tica Pedag\u00f3gica e Softwares de Autoria\u00a0 (no Polo ou em casa):\u00a0 <strong>30\/03 \/2015 (19h)<\/strong>\n<ul>\n<li><a href=\"http:\/\/webconf2.rnp.br\/cead_ufpel\" target=\"_blank\">webconf2.rnp.br\/cead_ufpel<\/a><\/li>\n<\/ul>\n<\/li>\n<\/ul>\n<ul>\n<li>&#8211; Atendimento via Webconfer\u00eancia Disciplina Objetos de Aprendizagem\u00a0 (no Polo ou em casa): <strong>23\/03 \/2015 (19h)<\/strong>\n<ul>\n<li><a href=\"http:\/\/webconf2.rnp.br\/cead_ufpel\" target=\"_blank\">webconf2.rnp.br\/cead_ufpel<\/a><\/li>\n<\/ul>\n<\/li>\n<\/ul>\n<ul>\n<li>&#8211; Aula Obrigat\u00f3ria com Webconfer\u00eancia Disciplina Objetos de Aprendizagem\u00a0 (no Polo ou em casa): <strong>02\/03 \/2015 (19h)<\/strong>\n<ul>\n<li>o link da aula est\u00e1 na disciplina do Moodle<\/li>\n<\/ul>\n<\/li>\n<\/ul>\n<p>&nbsp;<\/p>\n","protected":false},"excerpt":{"rendered":"<p>WEBCONFER\u00caNCIA\u00a0 &#8211; 2015\/2 Os alunos que faltarem as aulas presenciais devem apresentar atestado de sa\u00fade ou de trabalho e marcarem uma aula de recupera\u00e7\u00e3o com o tutor presencial &#8211; Aula Obrigat\u00f3ria via Webconfer\u00eancia Disciplina Metodologia de Pesquisa\u00a0 (no Polo ou em casa):\u00a0 16\/11 \/2015 (19h) webconf2.rnp.br\/ufpel_cped1 &#8211; Aula Obrigat\u00f3ria via Webconfer\u00eancia Disciplina Metodologia de Pesquisa\u00a0 [&hellip;]<\/p>\n","protected":false},"author":68,"featured_media":0,"parent":0,"menu_order":0,"comment_status":"closed","ping_status":"closed","template":"","meta":{"footnotes":""},"class_list":["post-607","page","type-page","status-publish","hentry"],"_links":{"self":[{"href":"https:\/\/wp.ufpel.edu.br\/midias\/wp-json\/wp\/v2\/pages\/607","targetHints":{"allow":["GET"]}}],"collection":[{"href":"https:\/\/wp.ufpel.edu.br\/midias\/wp-json\/wp\/v2\/pages"}],"about":[{"href":"https:\/\/wp.ufpel.edu.br\/midias\/wp-json\/wp\/v2\/types\/page"}],"author":[{"embeddable":true,"href":"https:\/\/wp.ufpel.edu.br\/midias\/wp-json\/wp\/v2\/users\/68"}],"replies":[{"embeddable":true,"href":"https:\/\/wp.ufpel.edu.br\/midias\/wp-json\/wp\/v2\/comments?post=607"}],"version-history":[{"count":9,"href":"https:\/\/wp.ufpel.edu.br\/midias\/wp-json\/wp\/v2\/pages\/607\/revisions"}],"predecessor-version":[{"id":625,"href":"https:\/\/wp.ufpel.edu.br\/midias\/wp-json\/wp\/v2\/pages\/607\/revisions\/625"}],"wp:attachment":[{"href":"https:\/\/wp.ufpel.edu.br\/midias\/wp-json\/wp\/v2\/media?parent=607"}],"curies":[{"name":"wp","href":"https:\/\/api.w.org\/{rel}","templated":true}]}}