{"id":487,"date":"2014-10-03T15:11:27","date_gmt":"2014-10-03T18:11:27","guid":{"rendered":"https:\/\/wp.ufpel.edu.br\/midias\/?page_id=487"},"modified":"2015-08-25T10:09:47","modified_gmt":"2015-08-25T13:09:47","slug":"aulas-presenciais","status":"publish","type":"page","link":"https:\/\/wp.ufpel.edu.br\/midias\/aulas-presenciais\/","title":{"rendered":"Aulas Presenciais"},"content":{"rendered":"<p><span style=\"text-decoration: underline\"><strong>AULAS PRESENCIAIS NO POLO com presen\u00e7a do professor &#8211; 2015\/1<\/strong><\/span><\/p>\n<p>Os alunos que faltarem as aulas presenciais devem apresentar atestado de sa\u00fade ou de trabalho e marcarem uma aula de recupera\u00e7\u00e3o com o tutor presencial. As aulas presenciais dependem da disponibilidade de carro oficial da UFPEL, no caso de n\u00e3o termo carro oficial dispon\u00edvel, a aula ser\u00e1 substitu\u00edda por webconfer\u00eancia.<\/p>\n<ul>\n<li>Aulas da Disciplina A Inform\u00e1tica na Pr\u00e1tica Pedag\u00f3gica e Softwares de Autoria<\/li>\n<\/ul>\n<p style=\"padding-left: 60px\">\u25e6 Picada Caf\u00e9 \u2013<strong> 31\/03\/2015 (19h)<\/strong> &#8211; Prof. Walter Iriondo<\/p>\n<p style=\"padding-left: 60px\">\u25e6 Novo Hamburgo \u2013<strong> 01\/04\/2015 (19h)<\/strong> &#8211; Prof. Walter Iriondo<\/p>\n<p style=\"padding-left: 60px\">\u25e6 Hulha Negra \u2013 <strong>07\/04\/2015 (19h) &#8211; <\/strong>Prof. Geraldo Fruet<\/p>\n<p style=\"padding-left: 60px\">\u25e6 S\u00e3o Sep\u00e9 \u2013 <strong>13\/04\/2015 (19h) &#8211; <\/strong>Prof. Walter Iriondo (data alterada)<\/p>\n<p style=\"padding-left: 60px\">\u25e6 Hulha Negra \u2013 <strong>23\/04\/2015 (19h) &#8211; <\/strong>Prof. Geraldo Fruet <span style=\"color: #ff0000\">(aula cancelada por falta de carro oficial)<\/span><strong><br \/>\n<\/strong><\/p>\n<ul>\n<li>Aulas das Disciplinas Tecnologia Assistiva e Produ\u00e7\u00e3o de Textos Did\u00e1ticos<\/li>\n<\/ul>\n<p style=\"padding-left: 60px\">\u25e6 Hulha Negra \u2013<strong> 11\/05\/2015 (19h)<\/strong> &#8211; Prof. GeraldoFruet<\/p>\n<p style=\"padding-left: 60px\">\u25e6 Hulha Negra \u2013<strong> 18\/06\/2015 (19h)<\/strong> &#8211; Prof. GeraldoFruet<\/p>\n<p style=\"padding-left: 60px\">\u25e6 Picada Caf\u00e9 \u2013 <strong>29\/06\/2015 (19h) &#8211; <\/strong>Prof. Elton Vergara <span style=\"color: #ff0000\">(aula cancelada)<\/span><strong><br \/>\n<\/strong><\/p>\n<p style=\"padding-left: 60px\">\u25e6 Novo Hamburgo \u2013 <strong>30\/06\/2015 (19h) &#8211;\u00a0<\/strong>Prof. Elton Vergara <span style=\"color: #ff0000\">(aula cancelada)<\/span><strong><br \/>\n<\/strong><\/p>\n<p style=\"padding-left: 60px\">\u25e6 Hulha Negra \u2013 <strong>04\/07\/2015 (9h<\/strong>) &#8211; Prof. Elton Vergara e Prof. Geraldo Fruet (avalia\u00e7\u00e3o final das disciplinas &#8211; presen\u00e7a obrigat\u00f3ria) <strong><br \/>\n<\/strong><\/p>\n<p style=\"padding-left: 60px\">\u25e6 S\u00e3o Sep\u00e9 \u2013 <strong>06\/07\/2015 (19h<\/strong>) &#8211; Prof. Elton Vergara (avalia\u00e7\u00e3o final das disciplinas &#8211; presen\u00e7a obrigat\u00f3ria) <strong><br \/>\n<\/strong><\/p>\n<p>\u00a0<span style=\"text-decoration: underline\"><strong>AULAS PRESENCIAIS &#8211; 2014\/2<\/strong><\/span><\/p>\n<p>Os alunos que faltarem as aulas presenciais devem apresentar atestado de sa\u00fade ou de trabalho e marcarem uma aula de recupera\u00e7\u00e3o com o tutor presencial<\/p>\n<ul>\n<li>Aulas com Webconfer\u00eancia\u00a0 (no Polo ou em casa) &#8211; <strong>03\/11 \/2014 (19h)<\/strong>\n<ul>\n<li>devido \u00e0 chuva, que interferiu na conex\u00e3o, a aula foi interrompida. As orienta\u00e7\u00f5es estar\u00e3o dispon\u00edveis na disciplina do Moodle.<\/li>\n<\/ul>\n<\/li>\n<\/ul>\n<ul>\n<li>Aula com Webconfer\u00eancia (no Polo) &#8211;<strong> 06\/10\/2014 (19h)<\/strong>\n<ul>\n<li>o link de acesso \u00e0 grava\u00e7\u00e3o da aula est\u00e1 na disciplina no Moodle<span id=\":1sm\" dir=\"ltr\"><\/span><\/li>\n<\/ul>\n<\/li>\n<\/ul>\n<ul>\n<li>Aula Inicial com Professor no Polo 2014\/2<\/li>\n<\/ul>\n<p style=\"padding-left: 60px\">\u25e6 Picada Caf\u00e9 \u2013<strong> 19\/09\/2014 (19h)<\/strong><br \/>\n\u25e6 Novo Hamburgo \u2013<strong> 22\/09\/2014 (19h)<\/strong><br \/>\n\u25e6 S\u00e3o Sep\u00e9 \u2013 <strong>24\/09\/2014 (19h)<\/strong><br \/>\n\u25e6 Hulha Negra \u2013 <strong>25\/09\/2014 (19h)<\/strong><\/p>\n","protected":false},"excerpt":{"rendered":"<p>AULAS PRESENCIAIS NO POLO com presen\u00e7a do professor &#8211; 2015\/1 Os alunos que faltarem as aulas presenciais devem apresentar atestado de sa\u00fade ou de trabalho e marcarem uma aula de recupera\u00e7\u00e3o com o tutor presencial. As aulas presenciais dependem da disponibilidade de carro oficial da UFPEL, no caso de n\u00e3o termo carro oficial dispon\u00edvel, a [&hellip;]<\/p>\n","protected":false},"author":68,"featured_media":0,"parent":0,"menu_order":0,"comment_status":"closed","ping_status":"closed","template":"","meta":{"footnotes":""},"class_list":["post-487","page","type-page","status-publish","hentry"],"_links":{"self":[{"href":"https:\/\/wp.ufpel.edu.br\/midias\/wp-json\/wp\/v2\/pages\/487","targetHints":{"allow":["GET"]}}],"collection":[{"href":"https:\/\/wp.ufpel.edu.br\/midias\/wp-json\/wp\/v2\/pages"}],"about":[{"href":"https:\/\/wp.ufpel.edu.br\/midias\/wp-json\/wp\/v2\/types\/page"}],"author":[{"embeddable":true,"href":"https:\/\/wp.ufpel.edu.br\/midias\/wp-json\/wp\/v2\/users\/68"}],"replies":[{"embeddable":true,"href":"https:\/\/wp.ufpel.edu.br\/midias\/wp-json\/wp\/v2\/comments?post=487"}],"version-history":[{"count":23,"href":"https:\/\/wp.ufpel.edu.br\/midias\/wp-json\/wp\/v2\/pages\/487\/revisions"}],"predecessor-version":[{"id":606,"href":"https:\/\/wp.ufpel.edu.br\/midias\/wp-json\/wp\/v2\/pages\/487\/revisions\/606"}],"wp:attachment":[{"href":"https:\/\/wp.ufpel.edu.br\/midias\/wp-json\/wp\/v2\/media?parent=487"}],"curies":[{"name":"wp","href":"https:\/\/api.w.org\/{rel}","templated":true}]}}