{"id":45,"date":"2011-02-14T21:55:41","date_gmt":"2011-02-15T00:55:41","guid":{"rendered":"https:\/\/wp.ufpel.edu.br\/midias\/"},"modified":"2015-09-23T22:43:40","modified_gmt":"2015-09-24T01:43:40","slug":"cronograma-das-atividades","status":"publish","type":"page","link":"https:\/\/wp.ufpel.edu.br\/midias\/cronograma-das-atividades\/","title":{"rendered":"Datas Importantes"},"content":{"rendered":"<p><strong>DATAS IMPORTANTES &#8211; 2\u00aa Edi\u00e7\u00e3o<\/strong><\/p>\n<p>* <strong>In\u00edcio das Aulas: <\/strong>09\/2014<\/p>\n<p>* <strong>Disciplinas: <\/strong>09\/2014 at\u00e9 12\/2015<\/p>\n<p>* <strong>Escrita do TCC e Bancas: <\/strong>02\/2016 at\u00e9 07\/2016<\/p>\n<p>* <strong>Recesso:\u00a0<\/strong>a) de 23 dez\/2014 at\u00e9 13 jan\/2015;\u00a0 b) de 14 fev\/2015 at\u00e9 22 fev\/2015<\/p>\n<p>&nbsp;<\/p>\n<p><strong>CRONOGRAMA DO CURSO<\/strong><\/p>\n<p><strong> 2014\/2<\/strong><\/p>\n<p>1. O ambiente virtual Moodle (19 set. &#8211; 06 out)<br \/>\n2. Integra\u00e7\u00e3o de M\u00eddias na Educa\u00e7\u00e3o (06 out \u2013 03 nov)<br \/>\n3. Converg\u00eancias das M\u00eddias (03 nov \u2013 01 dez)<br \/>\n# Recupera\u00e7\u00e3o das Atividades (01 dez- 12 dez)<\/p>\n<p><strong>2015\/1<br \/>\n<\/strong><\/p>\n<p><strong>Per\u00edodo de Matr\u00edcula (no Cobalto):\u00a0 27 jan &#8211; 06 fev<br \/>\n<\/strong><\/p>\n<p>4. Objeto de Aprendizagem: (02 mar &#8211; 30 mar)<br \/>\n5. A Inform\u00e1tica na Pr\u00e1tica Pedag\u00f3gica e Softwares de Autoria (30 mar \u2013 27 abr)<br \/>\n6. Tecnologia Assistiva: (27 abr \u2013 25 mai)<br \/>\n7. Produ\u00e7\u00e3o de Textos Did\u00e1ticos (25 mai \u2013 06 jul)<br \/>\n# Recupera\u00e7\u00e3o das Atividades (06 jul \u2013 17 jul)<\/p>\n<p><strong><br \/>\n2015\/2<br \/>\n<\/strong><\/p>\n<p><strong>Per\u00edodo de Matr\u00edcula (no Cobalto):<\/strong><\/p>\n<p>8. Oficina de TV e V\u00eddeo: (10 ago \u2013\u00a0 08 set)<br \/>\n9. Vivenciando o desenvolvimento de projeto com m\u00eddias<br \/>\nna educa\u00e7\u00e3o (08 set \u2013 19 out)<br \/>\n10. Metodologia da Pesquisa Cient\u00edfica (19 out \u2013 30 nov)<\/p>\n<p># Recupera\u00e7\u00e3o das Atividades da Disciplina Oficina de TV e V\u00eddeo (24 set &#8211; 19 out)<br \/>\n# Recupera\u00e7\u00e3o das Atividades das Disciplinas Vivenciando o Desenvolvimento de Projetos e Metodologia de Pesquisa (30 nov \u2013 11 dez)<\/p>\n<p>&nbsp;<\/p>\n<p><strong>2016\/1<\/strong><\/p>\n<p>Fevereiro \u2013 Maio: Escrita do TCC<br \/>\nJunho \u2013 Julho: Bancas nos Polos<\/p>\n","protected":false},"excerpt":{"rendered":"<p>DATAS IMPORTANTES &#8211; 2\u00aa Edi\u00e7\u00e3o * In\u00edcio das Aulas: 09\/2014 * Disciplinas: 09\/2014 at\u00e9 12\/2015 * Escrita do TCC e Bancas: 02\/2016 at\u00e9 07\/2016 * Recesso:\u00a0a) de 23 dez\/2014 at\u00e9 13 jan\/2015;\u00a0 b) de 14 fev\/2015 at\u00e9 22 fev\/2015 &nbsp; CRONOGRAMA DO CURSO 2014\/2 1. O ambiente virtual Moodle (19 set. &#8211; 06 out) 2. [&hellip;]<\/p>\n","protected":false},"author":68,"featured_media":0,"parent":0,"menu_order":0,"comment_status":"closed","ping_status":"closed","template":"","meta":{"footnotes":""},"class_list":["post-45","page","type-page","status-publish","hentry"],"_links":{"self":[{"href":"https:\/\/wp.ufpel.edu.br\/midias\/wp-json\/wp\/v2\/pages\/45","targetHints":{"allow":["GET"]}}],"collection":[{"href":"https:\/\/wp.ufpel.edu.br\/midias\/wp-json\/wp\/v2\/pages"}],"about":[{"href":"https:\/\/wp.ufpel.edu.br\/midias\/wp-json\/wp\/v2\/types\/page"}],"author":[{"embeddable":true,"href":"https:\/\/wp.ufpel.edu.br\/midias\/wp-json\/wp\/v2\/users\/68"}],"replies":[{"embeddable":true,"href":"https:\/\/wp.ufpel.edu.br\/midias\/wp-json\/wp\/v2\/comments?post=45"}],"version-history":[{"count":35,"href":"https:\/\/wp.ufpel.edu.br\/midias\/wp-json\/wp\/v2\/pages\/45\/revisions"}],"predecessor-version":[{"id":619,"href":"https:\/\/wp.ufpel.edu.br\/midias\/wp-json\/wp\/v2\/pages\/45\/revisions\/619"}],"wp:attachment":[{"href":"https:\/\/wp.ufpel.edu.br\/midias\/wp-json\/wp\/v2\/media?parent=45"}],"curies":[{"name":"wp","href":"https:\/\/api.w.org\/{rel}","templated":true}]}}