{"id":26,"date":"2010-08-16T20:32:10","date_gmt":"2010-08-16T23:32:10","guid":{"rendered":"https:\/\/wp.ufpel.edu.br\/midias\/"},"modified":"2014-10-03T14:42:39","modified_gmt":"2014-10-03T17:42:39","slug":"incricoes","status":"publish","type":"page","link":"https:\/\/wp.ufpel.edu.br\/midias\/incricoes\/","title":{"rendered":"Inscri\u00e7\u00e3o e Sele\u00e7\u00e3o"},"content":{"rendered":"<p><strong>Inscri\u00e7\u00f5es para Sele\u00e7\u00e3o de Alunos \u2013 Vagas Remanescentes, entre 18\/08\/2014 a 25\/08\/2014<\/strong><\/p>\n<p>As inscri\u00e7\u00f5es ao Exame de Sele\u00e7\u00e3o para Vagas Remanescentes do Curso de P\u00f3s-Gradua\u00e7\u00e3o Lato Sensu em M\u00eddias na Educa\u00e7\u00e3o da UFPel estar\u00e3o abertas no per\u00edodo de 18\/08\/2014 a 25\/08\/2014 na Secretaria dos Polos de Apoio Presencial UAB descritos abaixo:<\/p>\n<p>&#8211; Hulha Negra\/RS \u2013 Av. Get\u00falio Vargas. s\/n \u2013 Bairro: Centro, (53) 3249-1249.<br \/>\n&#8211; Picada Caf\u00e9\/RS: Rua das Azal\u00e9ias. N\u00ba: 638 \u2013 Bairro: CENTRO, (54) 3285-1948.<br \/>\n&#8211; S\u00e3o Sep\u00e9\/RS: Rua Coronel Ver\u00edssimo. N\u00ba: 1177 \u2013 Bairro: Centro, (55) 3233-1924.<\/p>\n<p><strong>Para mais informa\u00e7\u00f5es:<\/strong><\/p>\n<p><strong>Acesse o edital de sele\u00e7\u00e3o \u2013 Vagas Remanescentes<\/strong>: <a href=\"https:\/\/wp.ufpel.edu.br\/midias\/files\/2014\/07\/edital-inscri%C3%A7%C3%A3o-alunos-2014-remanescentes.pdf\">edital-inscri\u00e7\u00e3o-alunos-2014-remanescentes<\/a><\/p>\n<p>&nbsp;<\/p>\n<p><strong>Inscri\u00e7\u00f5es para Sele\u00e7\u00e3o entre 02\/06\/2014 a 18\/06\/2014<\/strong><\/p>\n<p>As inscri\u00e7\u00f5es ao Exame de Sele\u00e7\u00e3o para o Curso de P\u00f3s-Gradua\u00e7\u00e3o Lato Sensu em M\u00eddias na Educa\u00e7\u00e3o da UFPel estar\u00e3o abertas no per\u00edodo de 02\/06\/2014 a 18\/06\/2014 na Secretaria dos Polos de Apoio Presencial UAB descritos abaixo:<\/p>\n<p>&#8211; Hulha Negra\/RS \u2013 Av. Get\u00falio Vargas. s\/n \u2013 Bairro: Centro, (53) 3249-1249.<br \/>\n&#8211; Novo Hamburgo\/RS \u2013 Av. Pedro Adams Filho. N\u00ba: 4918, 2\u00ba andar \u2013 Bairro:<br \/>\nCentro, (51) 3593-2043.<br \/>\n&#8211; Picada Caf\u00e9\/RS: Rua das Azal\u00e9ias. N\u00ba: 638 \u2013 Bairro: CENTRO, (54) 3285-1948.<br \/>\n&#8211; S\u00e3o Sep\u00e9\/RS: Rua Coronel Ver\u00edssimo. N\u00ba: 1177 \u2013 Bairro: Centro, (55) 3233-1924.<\/p>\n<p><strong>Para mais informa\u00e7\u00f5es:<\/strong><\/p>\n<p><strong>Acesse o edital de sele\u00e7\u00e3o<\/strong>: <a href=\"https:\/\/wp.ufpel.edu.br\/midias\/files\/2014\/06\/edital-inscri%C3%A7%C3%A3o-alunos-2014.pdf\">edital-inscri\u00e7\u00e3o-alunos-2014<\/a><\/p>\n<p><strong>Baixe o Requerimento de Inscri\u00e7\u00e3o:<\/strong> <a href=\"https:\/\/wp.ufpel.edu.br\/midias\/files\/2014\/06\/requerimento-inscricao-midias.doc\">requerimento-inscricao-midias<\/a><\/p>\n<p>&nbsp;<\/p>\n<p>&nbsp;<\/p>\n","protected":false},"excerpt":{"rendered":"<p>Inscri\u00e7\u00f5es para Sele\u00e7\u00e3o de Alunos \u2013 Vagas Remanescentes, entre 18\/08\/2014 a 25\/08\/2014 As inscri\u00e7\u00f5es ao Exame de Sele\u00e7\u00e3o para Vagas Remanescentes do Curso de P\u00f3s-Gradua\u00e7\u00e3o Lato Sensu em M\u00eddias na Educa\u00e7\u00e3o da UFPel estar\u00e3o abertas no per\u00edodo de 18\/08\/2014 a 25\/08\/2014 na Secretaria dos Polos de Apoio Presencial UAB descritos abaixo: &#8211; Hulha Negra\/RS \u2013 [&hellip;]<\/p>\n","protected":false},"author":68,"featured_media":0,"parent":0,"menu_order":0,"comment_status":"closed","ping_status":"open","template":"","meta":{"footnotes":""},"class_list":["post-26","page","type-page","status-publish","hentry"],"_links":{"self":[{"href":"https:\/\/wp.ufpel.edu.br\/midias\/wp-json\/wp\/v2\/pages\/26","targetHints":{"allow":["GET"]}}],"collection":[{"href":"https:\/\/wp.ufpel.edu.br\/midias\/wp-json\/wp\/v2\/pages"}],"about":[{"href":"https:\/\/wp.ufpel.edu.br\/midias\/wp-json\/wp\/v2\/types\/page"}],"author":[{"embeddable":true,"href":"https:\/\/wp.ufpel.edu.br\/midias\/wp-json\/wp\/v2\/users\/68"}],"replies":[{"embeddable":true,"href":"https:\/\/wp.ufpel.edu.br\/midias\/wp-json\/wp\/v2\/comments?post=26"}],"version-history":[{"count":25,"href":"https:\/\/wp.ufpel.edu.br\/midias\/wp-json\/wp\/v2\/pages\/26\/revisions"}],"predecessor-version":[{"id":482,"href":"https:\/\/wp.ufpel.edu.br\/midias\/wp-json\/wp\/v2\/pages\/26\/revisions\/482"}],"wp:attachment":[{"href":"https:\/\/wp.ufpel.edu.br\/midias\/wp-json\/wp\/v2\/media?parent=26"}],"curies":[{"name":"wp","href":"https:\/\/api.w.org\/{rel}","templated":true}]}}