{"id":118,"date":"2011-08-25T16:43:40","date_gmt":"2011-08-25T19:43:40","guid":{"rendered":"https:\/\/wp.ufpel.edu.br\/midias\/"},"modified":"2015-09-23T22:39:43","modified_gmt":"2015-09-24T01:39:43","slug":"equipe","status":"publish","type":"page","link":"https:\/\/wp.ufpel.edu.br\/midias\/equipe\/","title":{"rendered":"Equipe"},"content":{"rendered":"<p style=\"padding-left: 30px\"><strong>EQUIPE &#8211; 2\u00aa Edi\u00e7\u00e3o<\/strong><\/p>\n<ul>\n<li><strong>Coordena\u00e7\u00e3o<\/strong>: Prof Dr Cristian Cechinel<\/li>\n<\/ul>\n<ul>\n<li><strong>Coordena\u00e7\u00e3o Adjunta<\/strong>: Prof. Dr. Walter Iriondo<\/li>\n<\/ul>\n<ul>\n<li><strong>Coordena\u00e7\u00e3o de Tutoria: <\/strong>Prof. Dr. Walter Iriondo<\/li>\n<\/ul>\n<ul>\n<li><strong>Professores<\/strong>:<br \/>\nProf\u00aa Dr\u00aa S\u00edlvia Porto Meirelles Leite<br \/>\nProf\u00aa Dr\u00aa Regina Trilho Otero Xavier<br \/>\nProf. Msc Christiano Avila<br \/>\nProf. Dr. Walter Ruben Iriondo Otero<br \/>\nProf. Msc. Elton Vergara-Nunes<br \/>\nProf\u00aa Dr\u00aa Rozane da Silveira Alves<\/li>\n<\/ul>\n<p>&nbsp;<\/p>\n<ul>\n<li><strong>Tutores a Dist\u00e2ncia<br \/>\n<\/strong>Prof\u00aa Bianca Bezerra Furtado &#8211; Novo Hamburgo<br \/>\nProf\u00aa Carla Maria Bitencurt Leite &#8211; Picada Caf\u00e9<br \/>\nProf\u00aa Cristiane Barsewisch Hobuss &#8211; S\u00e3o Sep\u00e9<br \/>\nProf\u00aa D\u00e9bora Avendano de Vasconcellos Sinoti &#8211; Moodle<br \/>\nProf. Geraldo Fruet &#8211; Hulha Negra<br \/>\nProf\u00aa Jaqueli Aparecida Fresingheli Tomaschewski &#8211; Hulha Negra<br \/>\nProf. Ricardo Ricardo Rojas Fabres &#8211; Moodle<br \/>\nProf\u00aa Simone Colvara Alves &#8211; Novo Hamburgo<\/li>\n<\/ul>\n<ul>\n<li><strong><strong>Tutores Presenciais<\/strong><\/strong><\/li>\n<\/ul>\n<blockquote><p>Prof\u00aa Eliane Beatriz Candido &#8211; Novo Hamburgo<br \/>\nProf. Neusa Vanderleia Wittmann &#8211; Picada Caf\u00e9<br \/>\nProf\u00aa Liliane Hartmam &#8211; S\u00e3o Sep\u00e9<\/p><\/blockquote>\n<ul>\n<li><strong><strong>Integrantes das Bancas de Sele\u00e7\u00e3o de Alunos e Tutores<\/strong>:<\/strong><\/li>\n<\/ul>\n<blockquote><p>Prof\u00aa Dr\u00aa. Adriane Borda Almeida da Silva<br \/>\nProf. Me. Elton Vergara Nunes<br \/>\nProf\u00aa Dr\u00aa. Michele Negrini<br \/>\nProf\u00aa Ma. Paula Lima<br \/>\nProf. Dr. Ricardo Fiegenbaum<br \/>\nProf\u00aa Dr\u00aa S\u00edlvia Meirelles Leite<br \/>\nProf\u00aa Ma Susane Barreto Anadon Nane<br \/>\nProf. Dr. Walter Ruben Iriondo Otero<\/p><\/blockquote>\n","protected":false},"excerpt":{"rendered":"<p>EQUIPE &#8211; 2\u00aa Edi\u00e7\u00e3o Coordena\u00e7\u00e3o: Prof Dr Cristian Cechinel Coordena\u00e7\u00e3o Adjunta: Prof. Dr. Walter Iriondo Coordena\u00e7\u00e3o de Tutoria: Prof. Dr. Walter Iriondo Professores: Prof\u00aa Dr\u00aa S\u00edlvia Porto Meirelles Leite Prof\u00aa Dr\u00aa Regina Trilho Otero Xavier Prof. Msc Christiano Avila Prof. Dr. Walter Ruben Iriondo Otero Prof. Msc. Elton Vergara-Nunes Prof\u00aa Dr\u00aa Rozane da Silveira Alves [&hellip;]<\/p>\n","protected":false},"author":68,"featured_media":0,"parent":0,"menu_order":0,"comment_status":"closed","ping_status":"closed","template":"","meta":{"footnotes":""},"class_list":["post-118","page","type-page","status-publish","hentry"],"_links":{"self":[{"href":"https:\/\/wp.ufpel.edu.br\/midias\/wp-json\/wp\/v2\/pages\/118","targetHints":{"allow":["GET"]}}],"collection":[{"href":"https:\/\/wp.ufpel.edu.br\/midias\/wp-json\/wp\/v2\/pages"}],"about":[{"href":"https:\/\/wp.ufpel.edu.br\/midias\/wp-json\/wp\/v2\/types\/page"}],"author":[{"embeddable":true,"href":"https:\/\/wp.ufpel.edu.br\/midias\/wp-json\/wp\/v2\/users\/68"}],"replies":[{"embeddable":true,"href":"https:\/\/wp.ufpel.edu.br\/midias\/wp-json\/wp\/v2\/comments?post=118"}],"version-history":[{"count":44,"href":"https:\/\/wp.ufpel.edu.br\/midias\/wp-json\/wp\/v2\/pages\/118\/revisions"}],"predecessor-version":[{"id":618,"href":"https:\/\/wp.ufpel.edu.br\/midias\/wp-json\/wp\/v2\/pages\/118\/revisions\/618"}],"wp:attachment":[{"href":"https:\/\/wp.ufpel.edu.br\/midias\/wp-json\/wp\/v2\/media?parent=118"}],"curies":[{"name":"wp","href":"https:\/\/api.w.org\/{rel}","templated":true}]}}