{"id":115,"date":"2011-08-25T16:22:15","date_gmt":"2011-08-25T19:22:15","guid":{"rendered":"https:\/\/wp.ufpel.edu.br\/midias\/"},"modified":"2014-10-03T15:24:35","modified_gmt":"2014-10-03T18:24:35","slug":"contatos","status":"publish","type":"page","link":"https:\/\/wp.ufpel.edu.br\/midias\/contatos\/","title":{"rendered":"Contatos e Links"},"content":{"rendered":"<p><strong>Contatos da Especializa\u00e7\u00e3o em M\u00eddias na Educa\u00e7\u00e3o (UAB\/UFPEL)<\/strong><\/p>\n<ul>\n<li><strong>E-mail: <\/strong>midias.ufpel@gmail.com<\/li>\n<li><strong>Telefone: <\/strong>53-32273677\u00a0 Ramal: 214 (turno da tarde)<\/li>\n<li><strong>Endere\u00e7o:<\/strong> CEAD &#8211; Anexo ALM, Lobo da Costa 447,\u00a0 Centro \u2013 Pelotas RS, CEP. 96010-150<\/li>\n<\/ul>\n<p><strong>Endere\u00e7os Web Importantes<br \/>\n<\/strong><\/p>\n<ul>\n<li><strong>Moodle <\/strong>(onde est\u00e3o as aulas do curso):\u00a0<a title=\"Moodle M\u00eddias - 2\u00aa Edi\u00e7\u00e3o\" href=\"http:\/\/moodle.ufpel.edu.br\/ead\" target=\"_blank\"> http:\/\/moodle.ufpel.edu.br\/ead<\/a><\/li>\n<li><strong>Cobalto <\/strong>(sistema da UFPEL para Matr\u00edculas e Notas): <a title=\"Cobalto UFPEL\" href=\"http:\/\/cobalto.ufpel.edu.br\/\" target=\"_blank\">http:\/\/cobalto.ufpel.edu.br\/<\/a><\/li>\n<\/ul>\n","protected":false},"excerpt":{"rendered":"<p>Contatos da Especializa\u00e7\u00e3o em M\u00eddias na Educa\u00e7\u00e3o (UAB\/UFPEL) E-mail: midias.ufpel@gmail.com Telefone: 53-32273677\u00a0 Ramal: 214 (turno da tarde) Endere\u00e7o: CEAD &#8211; Anexo ALM, Lobo da Costa 447,\u00a0 Centro \u2013 Pelotas RS, CEP. 96010-150 Endere\u00e7os Web Importantes Moodle (onde est\u00e3o as aulas do curso):\u00a0 http:\/\/moodle.ufpel.edu.br\/ead Cobalto (sistema da UFPEL para Matr\u00edculas e Notas): http:\/\/cobalto.ufpel.edu.br\/<\/p>\n","protected":false},"author":68,"featured_media":0,"parent":0,"menu_order":0,"comment_status":"closed","ping_status":"open","template":"","meta":{"footnotes":""},"class_list":["post-115","page","type-page","status-publish","hentry"],"_links":{"self":[{"href":"https:\/\/wp.ufpel.edu.br\/midias\/wp-json\/wp\/v2\/pages\/115","targetHints":{"allow":["GET"]}}],"collection":[{"href":"https:\/\/wp.ufpel.edu.br\/midias\/wp-json\/wp\/v2\/pages"}],"about":[{"href":"https:\/\/wp.ufpel.edu.br\/midias\/wp-json\/wp\/v2\/types\/page"}],"author":[{"embeddable":true,"href":"https:\/\/wp.ufpel.edu.br\/midias\/wp-json\/wp\/v2\/users\/68"}],"replies":[{"embeddable":true,"href":"https:\/\/wp.ufpel.edu.br\/midias\/wp-json\/wp\/v2\/comments?post=115"}],"version-history":[{"count":10,"href":"https:\/\/wp.ufpel.edu.br\/midias\/wp-json\/wp\/v2\/pages\/115\/revisions"}],"predecessor-version":[{"id":494,"href":"https:\/\/wp.ufpel.edu.br\/midias\/wp-json\/wp\/v2\/pages\/115\/revisions\/494"}],"wp:attachment":[{"href":"https:\/\/wp.ufpel.edu.br\/midias\/wp-json\/wp\/v2\/media?parent=115"}],"curies":[{"name":"wp","href":"https:\/\/api.w.org\/{rel}","templated":true}]}}