{"id":44,"date":"2018-07-15T16:33:06","date_gmt":"2018-07-15T19:33:06","guid":{"rendered":"https:\/\/wp.ufpel.edu.br\/midiars\/?page_id=44"},"modified":"2018-07-15T16:33:06","modified_gmt":"2018-07-15T19:33:06","slug":"contato","status":"publish","type":"page","link":"https:\/\/wp.ufpel.edu.br\/midiars\/contato\/","title":{"rendered":"Contato"},"content":{"rendered":"<p><strong>M\u00eddia Social:<\/strong><\/p>\n<p><a href=\"https:\/\/twitter.com\/labmidiars\" target=\"_blank\" rel=\"noopener\">\u00a0@labmidiars<\/a> (Twitter)<br \/>\n<a href=\"https:\/\/www.facebook.com\/labmidiars\" target=\"_blank\" rel=\"noopener\">labmidiars<\/a> (Facebook)<\/p>\n<p><strong>Endere\u00e7o:<\/strong><\/p>\n<p>MIDIARS (sala B143B)<br \/>\nCentro de Letras e Comunica\u00e7\u00e3o<br \/>\nUFPEL &#8211;\u00a0 Campus Porto<br \/>\nRua Gomes Carneiro, 1 &#8211; Centro &#8211; CEP 96010-610<br \/>\nPelotas, RS &#8211; Brasil<\/p>\n<p>(53) 3284-3810 (Secretaria CLC)<\/p>\n","protected":false},"excerpt":{"rendered":"<p>M\u00eddia Social: \u00a0@labmidiars (Twitter) labmidiars (Facebook) Endere\u00e7o: MIDIARS (sala B143B) Centro de Letras e Comunica\u00e7\u00e3o UFPEL &#8211;\u00a0 Campus Porto Rua Gomes Carneiro, 1 &#8211; Centro &#8211; CEP 96010-610 Pelotas, RS &#8211; Brasil (53) 3284-3810 (Secretaria CLC)<\/p>\n","protected":false},"author":867,"featured_media":0,"parent":0,"menu_order":0,"comment_status":"closed","ping_status":"closed","template":"","meta":{"footnotes":""},"class_list":["post-44","page","type-page","status-publish","hentry","nodate","item-wrap"],"_links":{"self":[{"href":"https:\/\/wp.ufpel.edu.br\/midiars\/wp-json\/wp\/v2\/pages\/44","targetHints":{"allow":["GET"]}}],"collection":[{"href":"https:\/\/wp.ufpel.edu.br\/midiars\/wp-json\/wp\/v2\/pages"}],"about":[{"href":"https:\/\/wp.ufpel.edu.br\/midiars\/wp-json\/wp\/v2\/types\/page"}],"author":[{"embeddable":true,"href":"https:\/\/wp.ufpel.edu.br\/midiars\/wp-json\/wp\/v2\/users\/867"}],"replies":[{"embeddable":true,"href":"https:\/\/wp.ufpel.edu.br\/midiars\/wp-json\/wp\/v2\/comments?post=44"}],"version-history":[{"count":1,"href":"https:\/\/wp.ufpel.edu.br\/midiars\/wp-json\/wp\/v2\/pages\/44\/revisions"}],"predecessor-version":[{"id":46,"href":"https:\/\/wp.ufpel.edu.br\/midiars\/wp-json\/wp\/v2\/pages\/44\/revisions\/46"}],"wp:attachment":[{"href":"https:\/\/wp.ufpel.edu.br\/midiars\/wp-json\/wp\/v2\/media?parent=44"}],"curies":[{"name":"wp","href":"https:\/\/api.w.org\/{rel}","templated":true}]}}