{"id":36,"date":"2018-07-15T15:50:38","date_gmt":"2018-07-15T18:50:38","guid":{"rendered":"https:\/\/wp.ufpel.edu.br\/midiars\/?page_id=36"},"modified":"2021-01-07T09:43:06","modified_gmt":"2021-01-07T12:43:06","slug":"projetos-de-pesquisa","status":"publish","type":"page","link":"https:\/\/wp.ufpel.edu.br\/midiars\/projetos-de-pesquisa\/","title":{"rendered":"Projetos de Pesquisa"},"content":{"rendered":"<p><strong>Democracia, Elei\u00e7\u00f5es e M\u00eddia Social<\/strong><\/p>\n<p>Projetos voltados para o estudo dos impactos e elementos relacionados aos processos eleitorais e pol\u00edticos no Brasil.\u00a0 Projetos de pesquisa:<\/p>\n<ul>\n<li><strong>EM BUSCA DAS FAKENEWS: Conversa\u00e7\u00f5es Pol\u00edticas eDesinforma\u00e7\u00e3o na M\u00eddia Social Brasileira (2020- atual)<\/strong><\/li>\n<li><strong>Desinforma\u00e7\u00e3o e Cidadania na M\u00eddia Social: Como combater as campanhas de &#8216;fake news&#8217;? (2019- atual)<\/strong><\/li>\n<li><strong>Filtros-Bolha e Circula\u00e7\u00e3o de Informa\u00e7\u00f5es na M\u00eddia Social(UFPEL\/UFRGS) (atual)<\/strong><\/li>\n<li>Fake News Eleitorais: O papel da desinforma\u00e7\u00e3o nas elei\u00e7\u00f5es do Brasil em 2018 (UFPEL\/Ryerson University) (2019-2020)<\/li>\n<li>Mapeando as conversa\u00e7\u00f5es em rede das Elei\u00e7\u00f5es Presidenciais de 2014 (CNPq\/UCPEL)<\/li>\n<li>#ProtestosBR: Os protestos de 2013 e seus discursos(UCPEL)<\/li>\n<\/ul>\n<p>&nbsp;<\/p>\n<p><strong>Viol\u00eancia e M\u00eddia Social<\/strong><\/p>\n<p>Projetos voltados para o estudo dos processos, impactos e elementos relacionados \u00e0 viol\u00eancia simb\u00f3lica na m\u00eddia social. Projetos de pesquisa:<\/p>\n<ul>\n<li><strong>Discurso de G\u00eanero na M\u00eddia Social: Mapeamento da Viol\u00eancia contra as Mulheres no Twitter(CNPq\/UFPEL)\u00a0<\/strong><\/li>\n<li>A Viol\u00eancia Discursiva contra a Mulher na Midia Social(CNPq\/UFPEL)<\/li>\n<li>Game On &#8211; Viol\u00eancia, Discurso e Jogos (CNPq\/UFPEL\/UFRGS)<\/li>\n<li>Viol\u00eancia, \u00d3dio e Conversa\u00e7\u00e3o nos Sites de Rede social: Estudo do Facebook<\/li>\n<\/ul>\n<p>&nbsp;<\/p>\n<p><strong>Colabora\u00e7\u00f5es Internacionais<\/strong><\/p>\n<ul>\n<li>Visual Misinformation in Global Perspective: Platforms, Devices, and Users (Supported by Facebook Grant) (2018-atual)<\/li>\n<li class=\"layout-cell layout-cell-9\">\n<div class=\"layout-cell-pad-5\">Social Media Analytics for Society and Crisis Communication (RISE-SME)\u00a0 (Supported by\u00a0 the European Union Control Association) (2019-atual)<\/div>\n<\/li>\n<\/ul>\n","protected":false},"excerpt":{"rendered":"<p>Democracia, Elei\u00e7\u00f5es e M\u00eddia Social Projetos voltados para o estudo dos impactos e elementos relacionados aos processos eleitorais e pol\u00edticos no Brasil.\u00a0 Projetos de pesquisa: EM BUSCA DAS FAKENEWS: Conversa\u00e7\u00f5es Pol\u00edticas eDesinforma\u00e7\u00e3o na M\u00eddia Social Brasileira (2020- atual) Desinforma\u00e7\u00e3o e Cidadania na M\u00eddia Social: Como combater as campanhas de &#8216;fake news&#8217;? (2019- atual) Filtros-Bolha e &hellip; <\/p>\n<p><a class=\"more-link btn\" href=\"https:\/\/wp.ufpel.edu.br\/midiars\/projetos-de-pesquisa\/\">Continue lendo<\/a><\/p>\n","protected":false},"author":867,"featured_media":0,"parent":0,"menu_order":0,"comment_status":"closed","ping_status":"closed","template":"","meta":{"footnotes":""},"class_list":["post-36","page","type-page","status-publish","hentry","nodate","item-wrap"],"_links":{"self":[{"href":"https:\/\/wp.ufpel.edu.br\/midiars\/wp-json\/wp\/v2\/pages\/36","targetHints":{"allow":["GET"]}}],"collection":[{"href":"https:\/\/wp.ufpel.edu.br\/midiars\/wp-json\/wp\/v2\/pages"}],"about":[{"href":"https:\/\/wp.ufpel.edu.br\/midiars\/wp-json\/wp\/v2\/types\/page"}],"author":[{"embeddable":true,"href":"https:\/\/wp.ufpel.edu.br\/midiars\/wp-json\/wp\/v2\/users\/867"}],"replies":[{"embeddable":true,"href":"https:\/\/wp.ufpel.edu.br\/midiars\/wp-json\/wp\/v2\/comments?post=36"}],"version-history":[{"count":5,"href":"https:\/\/wp.ufpel.edu.br\/midiars\/wp-json\/wp\/v2\/pages\/36\/revisions"}],"predecessor-version":[{"id":357,"href":"https:\/\/wp.ufpel.edu.br\/midiars\/wp-json\/wp\/v2\/pages\/36\/revisions\/357"}],"wp:attachment":[{"href":"https:\/\/wp.ufpel.edu.br\/midiars\/wp-json\/wp\/v2\/media?parent=36"}],"curies":[{"name":"wp","href":"https:\/\/api.w.org\/{rel}","templated":true}]}}