{"id":32,"date":"2018-07-15T15:45:06","date_gmt":"2018-07-15T18:45:06","guid":{"rendered":"https:\/\/wp.ufpel.edu.br\/midiars\/?page_id=32"},"modified":"2025-12-18T13:38:25","modified_gmt":"2025-12-18T16:38:25","slug":"sobre-nos","status":"publish","type":"page","link":"https:\/\/wp.ufpel.edu.br\/midiars\/sobre-nos\/","title":{"rendered":"Sobre n\u00f3s"},"content":{"rendered":"<p>O Laborat\u00f3rio <a href=\"http:\/\/dgp.cnpq.br\/dgp\/espelhogrupo\/477477\" target=\"_blank\" rel=\"noopener noreferrer\">MIDIARS<\/a> foi criado em 2013, pelos pesquisadores <a href=\"http:\/\/lattes.cnpq.br\/7230106202961229\" target=\"_blank\" rel=\"noopener noreferrer\">Raquel Recuero<\/a>, <a href=\"http:\/\/marco.toledobastos.com\/\" target=\"_blank\" rel=\"noopener noreferrer\">Marco Bastos<\/a> e <a href=\"http:\/\/lattes.cnpq.br\/0138586195845494\" target=\"_blank\" rel=\"noopener noreferrer\">Gabriela Zago<\/a>. O objetivo era criar um grupo de pesquisa interinstitucional e internacional que focasse seus trabalhos em an\u00e1lises de m\u00eddia social, de modo particular, no discurso, difus\u00e3o de informa\u00e7\u00f5es e estrutura\u00a0 dos grupos sociais naquele espa\u00e7o. Mais do que isso, o grupo desejava unir diferentes \u00e1reas de pesquisa, como a Ci\u00eancia da Computa\u00e7\u00e3o, o Design, a Ci\u00eancia Pol\u00edtica, a Lingu\u00edstica Aplicada e a Comunica\u00e7\u00e3o dentro de uma mesma perspectiva interdisciplinar de estudos de redes.\u00a0 Desde ent\u00e3o, o grupo tem trabalhado em v\u00e1rias frentes, notadamente quest\u00f5es relacionadas \u00e0 <strong>Desinforma\u00e7\u00e3o, discurso e plataformas de m\u00eddia social.\u00a0\u00a0<\/strong><\/p>\n<p>O grupo atualmente est\u00e1 sediado no Centro de Letras e Comunica\u00e7\u00e3o da Universidade Federal de Pelotas (sede f\u00edsica) e no Programa de P\u00f3s Gradua\u00e7\u00e3o da Universidade Federal do Rio Grande do Sul (PPGCOM\/UFRGS).<\/p>\n<p><strong>Coordenadores:<\/strong><\/p>\n<p><a href=\"http:\/\/lattes.cnpq.br\/7230106202961229\" target=\"_blank\" rel=\"noopener noreferrer\">Dra. Raquel Recuero<\/a> (UFPEL\/UFRGS)<br \/>\nDra. <a href=\"http:\/\/lattes.cnpq.br\/3476921812682515\" target=\"_blank\" rel=\"noopener noreferrer\">Taiane Volcan<\/a> (UFPEL)<\/p>\n<p><strong>Colaboradores:<\/strong><\/p>\n<p>Dr. Ricardo Ara\u00fajo (UFPEL)<br \/>\nDra. <a href=\"http:\/\/lattes.cnpq.br\/0138586195845494\" target=\"_blank\" rel=\"noopener noreferrer\">Gabriela Zago<\/a> (Un. of Oregon)<br \/>\nDr. <a href=\"http:\/\/lattes.cnpq.br\/0902112042317783\" target=\"_blank\" rel=\"noopener noreferrer\">Marco Toledo Bastos<\/a> (University College Dublin)<\/p>\n<p><strong>Pesquisadores atuais:<\/strong><\/p>\n<p>Dr <a href=\"http:\/\/lattes.cnpq.br\/4317325303395994\">Ot\u00e1vio Vinhas<\/a> (INCT\/DSI)<br \/>\nDra. <a href=\"http:\/\/lattes.cnpq.br\/1672672537730224\">Mariana Reis Mendes<\/a> (UFG)<br \/>\n<a href=\"http:\/\/lattes.cnpq.br\/2473007859296291\">Dr Calvin Cousin<\/a> (doutor, UFRGS)<br \/>\n<a href=\"http:\/\/lattes.cnpq.br\/6491323161177238\" target=\"_blank\" rel=\"noopener noreferrer\">Dra Carolina Bonoto<\/a> (doutora, UFRGS)<br \/>\n<a href=\"http:\/\/lattes.cnpq.br\/1691172543786123\" target=\"_blank\" rel=\"noopener noreferrer\">Dr. Luiz Ricardo Huttner<\/a> (doutor, UFRGS)<br \/>\n<a href=\"http:\/\/lattes.cnpq.br\/1642983191339920\" target=\"_blank\">Dra. Mariana Scalabrin M\u00fcller <\/a>(doutora, UFRGS)<br \/>\n<a href=\"http:\/\/lattes.cnpq.br\/7432208025362965\">Maur\u00edlio Luiz Hoffmann da Silva <\/a>(doutor, UFRGS)<br \/>\nFernanda Perez Mendon\u00e7a (doutoranda, UFPEL)<br \/>\n<a href=\"http:\/\/lattes.cnpq.br\/4515493541195543\">Daniela Agendes<\/a> (doutoranda, UFPEL)<br \/>\n<a href=\"http:\/\/lattes.cnpq.br\/4760223256345203\">Luiza Katrein<\/a> (mestranda, UFPEL)<br \/>\nLuisa Brito (Inicia\u00e7\u00e3o Cient\u00edfica\/UFPEL)<br \/>\nMicael Machado (mestrando,\/UFRGS)<br \/>\nDaniela Agendes (doutoranda\/UFPEL)<br \/>\nCissa Baini (doutoranda\/UFPEL)<br \/>\n<a href=\"http:\/\/lattes.cnpq.br\/5620033851471609\">B\u00e1rbara Tauffner de Souza<\/a> (doutoranda, USC\/EUA)<br \/>\nJulio Gemiaki (Inicia\u00e7\u00e3o Cient\u00edfica\/CNPQ)<br \/>\nPedro Vargas (Inicia\u00e7\u00e3o Cient\u00edfica\/INCT-DSI)<br \/>\nJessie Lopes (Inicia\u00e7\u00e3o Cient\u00edfica\/UFPEL)<br \/>\nLuisa Costa (Inicia\u00e7\u00e3o Cient\u00edfica\/UFPEL)<br \/>\nTheodora Nunes (Inicia\u00e7\u00e3o Cient\u00edfica\/UFPEL)<br \/>\nJulia C. M. Vilas Boas (doutoranda, UFRGS)<\/p>\n<p>&nbsp;<\/p>\n<p><strong>Pesquisadores anteriores:\u00a0<\/strong><\/p>\n<p>Dra. <a href=\"http:\/\/lattes.cnpq.br\/0749683420700686\" target=\"_blank\" rel=\"noopener noreferrer\">Suzana Guedes Cardoso<\/a> (Universidade de Bras\u00edlia)<br \/>\nDr. <a href=\"http:\/\/buscatextual.cnpq.br\/buscatextual\/visualizacv.do?metodo=apresentar&amp;id=K4338361E4\" target=\"_blank\" rel=\"noopener noreferrer\">Felipe Soares<\/a> (London Arts University)<br \/>\nDr. <a href=\"http:\/\/lattes.cnpq.br\/2124394267966159\">Guilherme Curi<\/a> (INCT\/DSI)<br \/>\nDra. <a href=\"http:\/\/buscatextual.cnpq.br\/buscatextual\/visualizacv.do?metodo=apresentar&amp;id=K4214615Y0\" target=\"_blank\" rel=\"noopener noreferrer\">Elisa Stumpf<\/a> (UFRGS)<br \/>\nDra. <a href=\"http:\/\/lattes.cnpq.br\/9621462057071226\" target=\"_blank\" rel=\"noopener noreferrer\">Let\u00edcia Schinestsck<\/a><br \/>\nDra. <a href=\"http:\/\/lattes.cnpq.br\/2334237467634990\" target=\"_blank\" rel=\"noopener noreferrer\">Paula Viegas<\/a><br \/>\nDra <a href=\"http:\/\/lattes.cnpq.br\/1206428295709177\" target=\"_blank\" rel=\"noopener noreferrer\">Graciele Silveira<\/a><br \/>\n<a href=\"http:\/\/lattes.cnpq.br\/4317325303395994\" target=\"_blank\" rel=\"noopener noreferrer\">Dr Ot\u00e1vio Vinhas<\/a> (University College Dublin)<br \/>\nMsc Gabriela Silva<br \/>\nMsc <a href=\"http:\/\/lattes.cnpq.br\/2183417541079413\">Juliana Coin Raimundo<\/a> (Comunica\u00e7\u00e3o\/UFRGS)<br \/>\nMsc <a href=\"http:\/\/lattes.cnpq.br\/1548598214531431\" target=\"_blank\" rel=\"noopener noreferrer\">Iara da Cunha Passos <\/a>(Sociologia\/UFRGS)<br \/>\nGabriela Pereira (Inicia\u00e7\u00e3o Cient\u00edfica, jornalismo, UFPEL)<br \/>\nGiele Sodr\u00e9 (Inicia\u00e7\u00e3o Cient\u00edfica, jornalismo, UFPEL)<br \/>\nIgor Silveira (Inicia\u00e7\u00e3o Cient\u00edfica, jornalismo, UFPEL)<br \/>\nThiago Lehnn (Inicia\u00e7\u00e3o Cient\u00edfica, jornalismo, UFPEL)<br \/>\nEverton Iberse (Inicia\u00e7\u00e3o Cient\u00edfica, UFPEL)<br \/>\nEduarda Saraiva (Inicia\u00e7\u00e3o Cient\u00edfica, UFPEL)<br \/>\nManoela Guterres (mestra, UFRGS)<br \/>\nMartina Pozzebon (mestra, UFRGS)<\/p>\n","protected":false},"excerpt":{"rendered":"<p>O Laborat\u00f3rio MIDIARS foi criado em 2013, pelos pesquisadores Raquel Recuero, Marco Bastos e Gabriela Zago. O objetivo era criar um grupo de pesquisa interinstitucional e internacional que focasse seus trabalhos em an\u00e1lises de m\u00eddia social, de modo particular, no discurso, difus\u00e3o de informa\u00e7\u00f5es e estrutura\u00a0 dos grupos sociais naquele espa\u00e7o. Mais do que isso, &hellip; <\/p>\n<p><a class=\"more-link btn\" href=\"https:\/\/wp.ufpel.edu.br\/midiars\/sobre-nos\/\">Continue lendo<\/a><\/p>\n","protected":false},"author":867,"featured_media":0,"parent":0,"menu_order":0,"comment_status":"closed","ping_status":"closed","template":"","meta":{"footnotes":""},"class_list":["post-32","page","type-page","status-publish","hentry","nodate","item-wrap"],"_links":{"self":[{"href":"https:\/\/wp.ufpel.edu.br\/midiars\/wp-json\/wp\/v2\/pages\/32","targetHints":{"allow":["GET"]}}],"collection":[{"href":"https:\/\/wp.ufpel.edu.br\/midiars\/wp-json\/wp\/v2\/pages"}],"about":[{"href":"https:\/\/wp.ufpel.edu.br\/midiars\/wp-json\/wp\/v2\/types\/page"}],"author":[{"embeddable":true,"href":"https:\/\/wp.ufpel.edu.br\/midiars\/wp-json\/wp\/v2\/users\/867"}],"replies":[{"embeddable":true,"href":"https:\/\/wp.ufpel.edu.br\/midiars\/wp-json\/wp\/v2\/comments?post=32"}],"version-history":[{"count":4,"href":"https:\/\/wp.ufpel.edu.br\/midiars\/wp-json\/wp\/v2\/pages\/32\/revisions"}],"predecessor-version":[{"id":650,"href":"https:\/\/wp.ufpel.edu.br\/midiars\/wp-json\/wp\/v2\/pages\/32\/revisions\/650"}],"wp:attachment":[{"href":"https:\/\/wp.ufpel.edu.br\/midiars\/wp-json\/wp\/v2\/media?parent=32"}],"curies":[{"name":"wp","href":"https:\/\/api.w.org\/{rel}","templated":true}]}}