{"id":66,"date":"2019-04-26T12:11:59","date_gmt":"2019-04-26T15:11:59","guid":{"rendered":"https:\/\/wp.ufpel.edu.br\/microbiologia\/?page_id=66"},"modified":"2019-04-26T12:49:09","modified_gmt":"2019-04-26T15:49:09","slug":"concluidas","status":"publish","type":"page","link":"https:\/\/wp.ufpel.edu.br\/microbiologia\/orientacoes\/concluidas\/","title":{"rendered":"Conclu\u00eddas"},"content":{"rendered":"<h1>Conclu\u00eddas<\/h1>\n<h2>Programa de P\u00f3s-Gradua\u00e7\u00e3o em Biotecnologia (PPGB)<\/h2>\n<p>Mestrandos<\/p>\n<ul>\n<li>Me. Tatiane Lotufo Leite.\n<ul>\n<li>T\u00edtulo: Produ\u00e7\u00e3o de bio-hidrog\u00eanio a partir do efluente da parboliza\u00e7\u00e3o do arroz<\/li>\n<li>Agencia financiadora: Coordena\u00e7\u00e3o de Aperfei\u00e7oamento de Pessoal de N\u00edvel Superior, CAPES<\/li>\n<li>Per\u00edodo: 2008 &#8211; 2010<\/li>\n<li>Lattes: <a href=\"http:\/\/buscatextual.cnpq.br\/buscatextual\/visualizacv.do?id=K4596956H5\">http:\/\/buscatextual.cnpq.br\/buscatextual\/visualizacv.do?id=K4596956H5<\/a><\/li>\n<\/ul>\n<\/li>\n<li>Me. Juliano Lacava Pereira.\n<ul>\n<li>T\u00edtulo: Castra\u00e7\u00e3o imunologica por Grnh expresso em Pichia pastoris.<\/li>\n<li>Agencia financiadora: Coordena\u00e7\u00e3o de Aperfei\u00e7oamento de Pessoal de N\u00edvel Superior.<\/li>\n<li>Per\u00edodo: 2009 &#8211; 2011<\/li>\n<li>Lattes: <a href=\"http:\/\/buscatextual.cnpq.br\/buscatextual\/visualizacv.do?id=K4517128Z4\">http:\/\/buscatextual.cnpq.br\/buscatextual\/visualizacv.do?id=K4517128Z4<\/a><\/li>\n<\/ul>\n<\/li>\n<li>Me. Regis Tuchtenhagen Sturbelle.\n<ul>\n<li>T\u00edtulo: Utiliza\u00e7\u00e3o do Quorum sensing na express\u00e3o de ant\u00edgenos vacinais em Escherichia coli enterotoxig\u00eanica<\/li>\n<li>Agencia financiadora: Coordena\u00e7\u00e3o de Aperfei\u00e7oamento de Pessoal de N\u00edvel Superior, CAPES<\/li>\n<li>Per\u00edodo: 2007 &#8211; 2009<\/li>\n<li>Lattes: <a href=\"http:\/\/buscatextual.cnpq.br\/buscatextual\/visualizacv.do?id=K4228296H4\">http:\/\/buscatextual.cnpq.br\/buscatextual\/visualizacv.do?id=K4228296H4<\/a><\/li>\n<\/ul>\n<\/li>\n<li>Me. Ana Mu\u00f1oz Vianna.\n<ul>\n<li>T\u00edtulo: Express\u00e3o heter\u00f3loga da prote\u00edna EMA-2 de Theileria equi em Pichia pastoris.<\/li>\n<li>Agencia financiadora: Coordena\u00e7\u00e3o de Aperfei\u00e7oamento de Pessoal de N\u00edvel Superior, CAPES<\/li>\n<li>Per\u00edodo: 2009 &#8211; 2011<\/li>\n<li>Lattes: <a href=\"http:\/\/buscatextual.cnpq.br\/buscatextual\/visualizacv.do?id=K4428103D3\">http:\/\/buscatextual.cnpq.br\/buscatextual\/visualizacv.do?id=K4428103D3<\/a><\/li>\n<\/ul>\n<\/li>\n<li>Me. L\u00edvia Budziarek Eslab\u00e3o.\n<ul>\n<li>T\u00edtulo: Avalia\u00e7\u00e3o do potencial imunog\u00eanico de vacinas contendo GnRH-I recombinante em camundongos machos BALB\/c.<\/li>\n<li>Agencia financiadora: Coordena\u00e7\u00e3o de Aperfei\u00e7oamento de Pessoal de N\u00edvel Superior, CAPES<\/li>\n<li>Per\u00edodo: 2014 &#8211; 2016<\/li>\n<li>Lattes: <a href=\"http:\/\/buscatextual.cnpq.br\/buscatextual\/visualizacv.do?id=K4405352A0\">http:\/\/buscatextual.cnpq.br\/buscatextual\/visualizacv.do?id=K4405352A0<\/a><\/li>\n<\/ul>\n<\/li>\n<li>Me. Itau\u00e1 Leston Araujo.\n<ul>\n<li>T\u00edtulo: Padroniza\u00e7\u00e3o da t\u00e9cnica de ELISA Indireto utilizando a glicoprote\u00edna D recombinante (rgD) expressa em Pichia pastoris como ant\u00edgeno para o diagn\u00f3stico de Herpesv\u00edrus Bovino tipo 1 e 5.<\/li>\n<li>Agencia financiadora: Coordena\u00e7\u00e3o de Aperfei\u00e7oamento de Pessoal de N\u00edvel Superior, CAPES<\/li>\n<li>Per\u00edodo: 2012 \u2013 2014<\/li>\n<li>Lattes: <a href=\"http:\/\/buscatextual.cnpq.br\/buscatextual\/visualizacv.do?id=K4211122Y5\">http:\/\/buscatextual.cnpq.br\/buscatextual\/visualizacv.do?id=K4211122Y5<\/a><\/li>\n<\/ul>\n<\/li>\n<li>\u00a0Me. Renan Eug\u00eanio Araujo Piraine.\n<ul>\n<li>\u00a0T\u00edtulo: Express\u00e3o da glicoprote\u00edna D de BoHV-5 na superf\u00edcie celular de Saccharomyces cerevisiae.<\/li>\n<li>Agencia financiadora: Coordena\u00e7\u00e3o de Aperfei\u00e7oamento de Pessoal de N\u00edvel Superior, CAPES<\/li>\n<li>Per\u00edodo: 2015 \u2013 2017<\/li>\n<li>Lattes: <a href=\"http:\/\/buscatextual.cnpq.br\/buscatextual\/visualizacv.do?id=K4406634J3\">http:\/\/buscatextual.cnpq.br\/buscatextual\/visualizacv.do?id=K4406634J3<\/a><\/li>\n<\/ul>\n<\/li>\n<li>Me. Vit\u00f3ria Sequeira Gon\u00e7alves.\n<ul>\n<li>Titulo: Express\u00e3o, caracteriza\u00e7\u00e3o e sinaliza\u00e7\u00e3o da prote\u00edna recombinante IL-17A de Bos taurus.<\/li>\n<li>Ag\u00eancia Financiadora: Conselho Nacional de Desenvolvimento Cient\u00edfico e Tecnol\u00f3gico, CNPq<\/li>\n<li>Periodo:\u00a003\/2016 a \u00a002\/2018<\/li>\n<li>Lattes: <a href=\"http:\/\/buscatextual.cnpq.br\/buscatextual\/visualizacv.do?id=K4907981J5\">http:\/\/buscatextual.cnpq.br\/buscatextual\/visualizacv.do?id=K4907981J5<\/a><\/li>\n<\/ul>\n<\/li>\n<\/ul>\n<p>Doutorandos<\/p>\n<ul>\n<li>Dr. Luana Dummer.\n<ul>\n<li>T\u00edtulo: Aplica\u00e7\u00e3o da glicoprote\u00edna D recombinante de Herpesv\u00edrus bovino 5 como ant\u00edgeno em teste de imunodiagn\u00f3stico e vacina de subunidade<\/li>\n<li>Agencia financiadora:\u00a0Conselho Nacional de Desenvolvimento Cient\u00edfico e Tecnol\u00f3gico, CNPq<\/li>\n<li>Per\u00edodo: 2009 &#8211; 2013<\/li>\n<li>Lattes: <a href=\"http:\/\/buscatextual.cnpq.br\/buscatextual\/visualizacv.do?id=K4735291E4\">http:\/\/buscatextual.cnpq.br\/buscatextual\/visualizacv.do?id=K4735291E4<\/a><\/li>\n<\/ul>\n<\/li>\n<li>Dr. Rita de C\u00e1ssia dos Santos da Concei\u00e7\u00e3o.\n<ul>\n<li>T\u00edtulo: Utiliza\u00e7\u00e3o de Quorum Sensing na produ\u00e7\u00e3o de Antigenos vacinais<\/li>\n<li>Agencia financiadora: Conselho Nacional de Desenvolvimento Cient\u00edfico e Tecnol\u00f3gico, CNPq<\/li>\n<li>Per\u00edodo: 2008 &#8211; 2012<\/li>\n<li>Lattes: <a href=\"http:\/\/buscatextual.cnpq.br\/buscatextual\/visualizacv.do?id=K4776806J5\">http:\/\/buscatextual.cnpq.br\/buscatextual\/visualizacv.do?id=K4776806J5<\/a><\/li>\n<\/ul>\n<\/li>\n<li>Dr. Regis Tuchtenhagen Sturbelle.\n<ul>\n<li>T\u00edtulo: Utiliza\u00e7\u00e3o de Qurum sensing em vacinas veterinarias.<\/li>\n<li>Agencia financiadora: Coordena\u00e7\u00e3o de Aperfei\u00e7oamento de Pessoal de N\u00edvel Superior, CAPES<\/li>\n<li>Per\u00edodo: 2009 &#8211; 2012<\/li>\n<li>Lattes: <a href=\"http:\/\/buscatextual.cnpq.br\/buscatextual\/visualizacv.do?id=K4228296H4\">http:\/\/buscatextual.cnpq.br\/buscatextual\/visualizacv.do?id=K4228296H4<\/a><\/li>\n<\/ul>\n<\/li>\n<li>Dr. Mara Helena Saalfeld.\n<ul>\n<li>T\u00edtulo: Potencialidades e usos da Silagem de colostro bovina.<\/li>\n<li>Agencia financiadora:<\/li>\n<li>Per\u00edodo:<\/li>\n<li>Lattes:<\/li>\n<\/ul>\n<\/li>\n<li>Dr. Luana Alves Dummer.\n<ul>\n<li>T\u00edtulo: Avalia\u00e7\u00e3o das respostas imunol\u00f3gicas estimuladas pela gD recombinante de BoHV-5 utilizada como vacina de subunidade.<\/li>\n<li>Agencia financiadora: Conselho Nacional de Desenvolvimento Cient\u00edfico e Tecnol\u00f3gico, CNPq<\/li>\n<li>Per\u00edodo: 2009 &#8211; 2013<\/li>\n<li>Lattes: <a href=\"http:\/\/buscatextual.cnpq.br\/buscatextual\/visualizacv.do?id=K4735291E4\">http:\/\/buscatextual.cnpq.br\/buscatextual\/visualizacv.do?id=K4735291E4<\/a><\/li>\n<\/ul>\n<\/li>\n<li>Dr. Leandro Quintana Nizoli.\n<ul>\n<li>T\u00edtulo: Express\u00e3o heter\u00f3loga e utiliza\u00e7\u00e3o da prote\u00edna recombinante EMA-1 de Theileiria equi como imunobiologico.<\/li>\n<li>Agencia financiadora: Coordena\u00e7\u00e3o de Aperfei\u00e7oamento de Pessoal de N\u00edvel Superior, CAPES<\/li>\n<li>Per\u00edodo: 2006 &#8211; 2009<\/li>\n<li>Lattes: <a href=\"http:\/\/buscatextual.cnpq.br\/buscatextual\/visualizacv.do?id=K4771214Z3\">http:\/\/buscatextual.cnpq.br\/buscatextual\/visualizacv.do?id=K4771214Z3<\/a><\/li>\n<\/ul>\n<\/li>\n<\/ul>\n<p>&nbsp;<\/p>\n<p>P\u00f3s-Doutorado<\/p>\n<ul>\n<li>Dr. Neida Lucia Conrad\n<ul>\n<li>Agencia Financiadora: Programa Nacional de P\u00f3s-Doutorado, PNPD<\/li>\n<li>Lattes: <a href=\"http:\/\/buscatextual.cnpq.br\/buscatextual\/visualizacv.do?id=K4219954U9\">http:\/\/buscatextual.cnpq.br\/buscatextual\/visualizacv.do?id=K4219954U9<\/a><\/li>\n<\/ul>\n<\/li>\n<\/ul>\n<ul>\n<li>Dr. Rodrigo Casquero Cunha.\n<ul>\n<li>T\u00edtulo: Vacinas recombinantes contra o carrapato-do-boi <em>Rhipicephalus<\/em> (<em>Boophilus<\/em>) <em>microplus.<\/em><\/li>\n<li>Agencia Financiadora: Coordena\u00e7\u00e3o de Aperfei\u00e7oamento de Pessoal de N\u00edvel Superior (CAPES).<\/li>\n<li>Per\u00edodo: 12\/2013 &#8211; 11\/2018<\/li>\n<li>Lattes: <a href=\"http:\/\/lattes.cnpq.br\/4249320103312387\">http:\/\/lattes.cnpq.br\/4249320103312387\u00a0<\/a><\/li>\n<\/ul>\n<\/li>\n<\/ul>\n<p>&nbsp;<\/p>\n<h2>Programa de P\u00f3s-Gradua\u00e7\u00e3o em Veterin\u00e1ria (PPGV)<\/h2>\n<p>Mestrandos<\/p>\n<ul>\n<li>Me. Nat\u00e1lia Berne Pinto.\n<ul>\n<li>T\u00edtulo: Controle integrado de nemat\u00f3deos de ruminantes com a utiliza\u00e7\u00e3o de bact\u00e9rias e fitoter\u00e1picos<\/li>\n<li>Agencia financiadora: Conselho Nacional de Desenvolvimento Cient\u00edfico e Tecnol\u00f3gico, CNPq<\/li>\n<li>Per\u00edodo: 2015 \u2013 2017<\/li>\n<li>Lattes: <a href=\"http:\/\/buscatextual.cnpq.br\/buscatextual\/visualizacv.do?id=K4408430Z1\">http:\/\/buscatextual.cnpq.br\/buscatextual\/visualizacv.do?id=K4408430Z1<\/a><\/li>\n<\/ul>\n<\/li>\n<li>Me. Luciana Laitano Dias de Castro.\n<ul>\n<li>T\u00edtulo: Avalia\u00e7\u00e3o in vivo de efeito nematicida de Bacillus thuringiensis oswaldocruzi sobre nemat\u00f3ides gastrintestinais de ovinos.<\/li>\n<li>Agencia financiadora: Coordena\u00e7\u00e3o de Aperfei\u00e7oamento de Pessoal de N\u00edvel Superior, CAPES<\/li>\n<li>Per\u00edodo: 2012 \u2013 2014<\/li>\n<li>Lattes: <a href=\"http:\/\/buscatextual.cnpq.br\/buscatextual\/visualizacv.do?id=K4203929Y6\">http:\/\/buscatextual.cnpq.br\/buscatextual\/visualizacv.do?id=K4203929Y6<\/a><\/li>\n<\/ul>\n<\/li>\n<li>Me. Francisco Denis Souza Santos.\n<ul>\n<li>T\u00edtulo: Avalia\u00e7\u00e3o de Bacillus toyonensis como bioadjuvante em vacina recombinante.<\/li>\n<li>Agencia financiadora: Coordena\u00e7\u00e3o de Aperfei\u00e7oamento de Pessoal de N\u00edvel Superior, CAPES<\/li>\n<li>Per\u00edodo: 2014 &#8211; 2016<\/li>\n<li>Lattes: <a href=\"http:\/\/buscatextual.cnpq.br\/buscatextual\/visualizacv.do?id=K4433336T5\">http:\/\/buscatextual.cnpq.br\/buscatextual\/visualizacv.do?id=K4433336T5<\/a><\/li>\n<\/ul>\n<\/li>\n<li>Me. Alceu Gon\u00e7alves dos Santos Junior.\n<ul>\n<li>T\u00edtulo: Clonagem e express\u00e3o do gene NcROP2 de Neospora caninum para utiliza\u00e7\u00e3o como imunobiologico.<\/li>\n<li>Agencia financiadora: Coordena\u00e7\u00e3o de Aperfei\u00e7oamento de Pessoal de N\u00edvel Superior<\/li>\n<li>Per\u00edodo: 2011 &#8211; 2013<\/li>\n<li>Lattes: <a href=\"http:\/\/buscatextual.cnpq.br\/buscatextual\/visualizacv.do?id=K4256032T3\">http:\/\/buscatextual.cnpq.br\/buscatextual\/visualizacv.do?id=K4256032T3<\/a><\/li>\n<\/ul>\n<\/li>\n<li>Me. Matheus Costa da Rosa.\n<ul>\n<li>T\u00edtulo: Vacinas alternativas para o controle da adenite equina.<\/li>\n<li>Agencia financiadora: Coordena\u00e7\u00e3o de Aperfei\u00e7oamento de Pessoal de N\u00edvel Superior, CAPES<\/li>\n<li>Per\u00edodo: 2013 &#8211; 2015<\/li>\n<li>Lattes: <a href=\"http:\/\/buscatextual.cnpq.br\/buscatextual\/visualizacv.do?id=K4329435H0\">http:\/\/buscatextual.cnpq.br\/buscatextual\/visualizacv.do?id=K4329435H0<\/a><\/li>\n<\/ul>\n<\/li>\n<li>Me. Mara R\u00fabia Romeu Pinto.\n<ul>\n<li>T\u00edtulo: Nutri\u00e7\u00e3o e Alimenta\u00e7\u00e3o de Abelhas Apis mellifera africanizada em diferentes regi\u00f5es do estado de santa Catarina: rela\u00e7\u00e3o com a produ\u00e7\u00e3o, fisiologia, sanidade e seguran\u00e7a alimentar.<\/li>\n<li>Agencia financiadora:<\/li>\n<li>Per\u00edodo: 2006 &#8211; 2008<\/li>\n<li>Lattes: <a href=\"http:\/\/buscatextual.cnpq.br\/buscatextual\/visualizacv.do?id=K4735291E4\">http:\/\/buscatextual.cnpq.br\/buscatextual\/visualizacv.do?id=K4735291E4<\/a><\/li>\n<\/ul>\n<\/li>\n<li>Me. Carina Martins de Moraes.\n<ul>\n<li>T\u00edtulo: Caracteriza\u00e7\u00e3o e estimativa da reatividade cruzada de cepas de Streptococcus equi isolados de eq\u00fcinos na regi\u00e3o sul de Rio Grande do Sul.<\/li>\n<li>Agencia financiadora:<\/li>\n<li>Per\u00edodo:<\/li>\n<li>Lattes:<\/li>\n<\/ul>\n<\/li>\n<li>Me. Talita B Roos.\n<ul>\n<li>T\u00edtulo: Efeito dos probi\u00f3ticos Saccharommyces boulardii e Bacillus cereus var. toyoi na resposta imune de ovinos.<\/li>\n<li>Agencia financiadora:<\/li>\n<li>Per\u00edodo:<\/li>\n<li>Lattes:<\/li>\n<\/ul>\n<\/li>\n<\/ul>\n<p>&nbsp;<\/p>\n<p>Doutorandos<\/p>\n<ul>\n<li>Dr. Paulo Ricardo Centeno Rodrigues.\n<ul>\n<li>Titulo: Clonagem e express\u00e3o do gene da glicoprote\u00edna D do herpesv\u00edrus equ\u00eddeo tipo1 em Pichia pastoris e avalia\u00e7\u00e3o de sua imunogenicidade<\/li>\n<li>Agencia financiadora:<\/li>\n<li>Per\u00edodo:<\/li>\n<li>Lattes: <a href=\"http:\/\/buscatextual.cnpq.br\/buscatextual\/visualizacv.do?id=K4778493P7\">http:\/\/buscatextual.cnpq.br\/buscatextual\/visualizacv.do?id=K4778493P7<\/a><\/li>\n<\/ul>\n<\/li>\n<li>Dr. Alceu Gon\u00e7alves dos Santos Junior.\n<ul>\n<li>T\u00edtulo: Avalia\u00e7\u00e3o de ROP2 recombinante de N. caninum como ant\u00edgeno vacina<\/li>\n<li>Agencia financiadora:<\/li>\n<li>Per\u00edodo: 2013 &#8211; 2017<\/li>\n<li>Lattes: <a href=\"http:\/\/buscatextual.cnpq.br\/buscatextual\/visualizacv.do?id=K4256032T3\">http:\/\/buscatextual.cnpq.br\/buscatextual\/visualizacv.do?id=K4256032T3<\/a><\/li>\n<\/ul>\n<\/li>\n<li>Dr. Ana Mu\u00f1oz Vianna.\n<ul>\n<li>T\u00edtulo: Utiliza\u00e7\u00e3o da prote\u00edna EMA-2 recombinante de Theileria equi, expressa em Pichia pastoris, como imunobiol\u00f3gico<\/li>\n<li>Agencia financiadora: Coordena\u00e7\u00e3o de Aperfei\u00e7oamento de Pessoal de N\u00edvel Superior, CAPES<\/li>\n<li>Per\u00edodo:<\/li>\n<li>Lattes: <a href=\"http:\/\/buscatextual.cnpq.br\/buscatextual\/visualizacv.do?id=K4428103D3\">http:\/\/buscatextual.cnpq.br\/buscatextual\/visualizacv.do?id=K4428103D3<\/a><\/li>\n<\/ul>\n<\/li>\n<li>Dr. Leandro do Monte Ribas.\n<ul>\n<li>T\u00edtulo: Uso do &#8220;Cell ELISA&#8221; como ferramenta auxiliar no controle da Adenite Equina<\/li>\n<li>Agencia financiadora:<\/li>\n<li>Per\u00edodo: 2008 &#8211; 2012<\/li>\n<li>Lattes: <a href=\"http:\/\/buscatextual.cnpq.br\/buscatextual\/visualizacv.do?id=K4776680P5\">http:\/\/buscatextual.cnpq.br\/buscatextual\/visualizacv.do?id=K4776680P5<\/a><\/li>\n<\/ul>\n<\/li>\n<li>Dr. Talita Bandeira Roos.\n<ul>\n<li>T\u00edtulo: Efeito de Saccharomyces boulardii e Bacillus cereus var. toyoi na resposta imune celular e humoral de ruminantes<\/li>\n<li>Agencia financiadora:\u00a0Coordena\u00e7\u00e3o de Aperfei\u00e7oamento de Pessoal de N\u00edvel Superior, CAPES<\/li>\n<li>Per\u00edodo: 2006 &#8211; 2009<\/li>\n<li>Lattes: <a href=\"http:\/\/buscatextual.cnpq.br\/buscatextual\/visualizacv.do?id=K4772378P4\">http:\/\/buscatextual.cnpq.br\/buscatextual\/visualizacv.do?id=K4772378P4<\/a><\/li>\n<\/ul>\n<\/li>\n<\/ul>\n<h2>Programa de P\u00f3s-Gradua\u00e7\u00e3o em Parasitologia (PPGP)<\/h2>\n<p>Mestrandos<\/p>\n<ul>\n<li>Me. Guilherme Borges Weege.\n<ul>\n<li>T\u00edtulo: Clonagem e express\u00e3o da prote\u00edna EMA-3 de Theileria equi<\/li>\n<li>Agencia financiadora: Coordena\u00e7\u00e3o de Aperfei\u00e7oamento de Pessoal de N\u00edvel Superior, CAPES<\/li>\n<li>\u00a0Per\u00edodo: 2016 \u2013 2018<\/li>\n<li>Lattes <a href=\"http:\/\/buscatextual.cnpq.br\/buscatextual\/visualizacv.do?id=K4811530P1\">http:\/\/buscatextual.cnpq.br\/buscatextual\/visualizacv.do?id=K4811530P1<\/a><\/li>\n<\/ul>\n<\/li>\n<li>Me. J\u00e9ssica Lopes Borchardt.\n<ul>\n<li>T\u00edtulo: Avalia\u00e7\u00e3o de vacinas recombinantes e bacterinas compostas pelas prote\u00ednas ROP2 de Neospora caninum e de ROP2 associada a por\u00e7\u00e3o B da toxina termo l\u00e1bel de Escherichia coli.<\/li>\n<li>Agencia financiadora: Coordena\u00e7\u00e3o de Aperfei\u00e7oamento de Pessoal de N\u00edvel Superior, CAPES<\/li>\n<li>Per\u00edodo: 2014 &#8211; 2016<\/li>\n<li>Lattes: <a href=\"http:\/\/buscatextual.cnpq.br\/buscatextual\/visualizacv.do?id=K4335836D7\">http:\/\/buscatextual.cnpq.br\/buscatextual\/visualizacv.do?id=K4335836D7<\/a><\/li>\n<\/ul>\n<\/li>\n<li>Me. Ana Paula de Souza Stori de Lara.\n<ul>\n<li>T\u00edtulo: Caracteriza\u00e7\u00e3o de toxinas nematicidas de Bacillus spp. de importancia em Medicina Veterin\u00e1ria<\/li>\n<li>Agencia financiadora: Coordena\u00e7\u00e3o de Aperfei\u00e7oamento de Pessoal de N\u00edvel Superior, CAPES<\/li>\n<li>Per\u00edodo: 2011 &#8211; 2013<\/li>\n<li>Lattes: <a href=\"http:\/\/buscatextual.cnpq.br\/buscatextual\/visualizacv.do?id=K4327136D7\">http:\/\/buscatextual.cnpq.br\/buscatextual\/visualizacv.do?id=K4327136D7<\/a><\/li>\n<\/ul>\n<\/li>\n<li>Me. Marina SINOTT.\n<ul>\n<li>T\u00edtulo: Avalia\u00e7\u00e3o do poder nematicida do Bacillus circulans em cordeiros infectados por nemat\u00f3ides gastrintestinais<\/li>\n<\/ul>\n<\/li>\n<li>Me. Amanda Fernandes Pinheiro.\n<ul>\n<li>T\u00edtulo: DESENVOLVIMENTO DE ELISAPARA DIAGN\u00d3STICO DE NEOSPOROSE<\/li>\n<li>Agencia financiadora: Coordena\u00e7\u00e3o de Aperfei\u00e7oamento de Pessoal de N\u00edvel Superior.<\/li>\n<li>Per\u00edodo: 2010 &#8211; 2013<\/li>\n<li>Lattes: <a href=\"http:\/\/buscatextual.cnpq.br\/buscatextual\/visualizacv.do?id=K4463559U3\">http:\/\/buscatextual.cnpq.br\/buscatextual\/visualizacv.do?id=K4463559U3<\/a><\/li>\n<\/ul>\n<\/li>\n<li>Me. Fernanda Antunes Brum.\n<ul>\n<li>T\u00edtulo: Clonagem e Express\u00e3o da Proteina gp 19 de Ehrilichia canis.<\/li>\n<li>Agencia financiadora: Coordena\u00e7\u00e3o de Aperfei\u00e7oamento de Pessoal de N\u00edvel Superior.<\/li>\n<li>Per\u00edodo:<\/li>\n<li>Lattes: http:\/\/buscatextual.cnpq.br\/buscatextual\/visualizacv.do?id=K4763076J5<\/li>\n<\/ul>\n<\/li>\n<li>Me. Charlene Nascimento Trindade.\n<ul>\n<li>T\u00edtulo: Levantamento sorol\u00f3gico de Tripanosoma Cruzi em c\u00e3es na regi\u00e3o sul do Rio Grande do Sul.<\/li>\n<li>Agencia financiadora:<\/li>\n<li>Per\u00edodo: 2006 &#8211; 2008<\/li>\n<li>Lattes: <a href=\"http:\/\/buscatextual.cnpq.br\/buscatextual\/visualizacv.do?id=K4753424D1\">http:\/\/buscatextual.cnpq.br\/buscatextual\/visualizacv.do?id=K4753424D1<\/a><\/li>\n<\/ul>\n<\/li>\n<\/ul>\n<p>&nbsp;<\/p>\n<p>Doutorandos<\/p>\n<ul>\n<li>Dr. Luciana Farias da Costa de Avila.\n<ul>\n<li>T\u00edtulo: Efeito imunomodulador de Saccharomyces boulardii em camundongos experimentalmente infectados por Toxocara canis.<\/li>\n<li>Agencia financiadora: Coordena\u00e7\u00e3o de Aperfei\u00e7oamento de Pessoal de N\u00edvel Superior, CAPES<\/li>\n<li>Per\u00edodo: 2010 &#8211; 2013<\/li>\n<li>Lattes: <a href=\"http:\/\/buscatextual.cnpq.br\/buscatextual\/visualizacv.do?id=K4208081Y9\">http:\/\/buscatextual.cnpq.br\/buscatextual\/visualizacv.do?id=K4208081Y9<\/a><\/li>\n<\/ul>\n<\/li>\n<li>Dr. Amanda Fernandes Pinheiro.\n<ul>\n<li>T\u00edtulo: Desenvolvimento de insumos imunobiol\u00f3gicos para o controle da neosporose em bovinos.<\/li>\n<li>Agencia financiadora: Coordena\u00e7\u00e3o de Aperfei\u00e7oamento de Pessoal de N\u00edvel Superior.<\/li>\n<li>Per\u00edodo: 2012 &#8211; 2013<\/li>\n<li>Lattes: http:\/\/buscatextual.cnpq.br\/buscatextual\/visualizacv.do?id=K4463559U3<\/li>\n<\/ul>\n<\/li>\n<li>Dr. Ana Paula de Souza Stori de Lara.\n<ul>\n<li>T\u00edtulo: A\u00e7\u00e3o nematicida da prote\u00edna Cry11Aa de Bacillus thuringiensis var. israelensis em larvas de Haemonchus contortus.<\/li>\n<li>Agencia financiadora: Coordena\u00e7\u00e3o de Aperfei\u00e7oamento de Pessoal de N\u00edvel Superior, CAPES<\/li>\n<li>Per\u00edodo: 2013 &#8211; 2017<\/li>\n<li>Lattes: <a href=\"http:\/\/buscatextual.cnpq.br\/buscatextual\/visualizacv.do?id=K4327136D7\">http:\/\/buscatextual.cnpq.br\/buscatextual\/visualizacv.do?id=K4327136D7<\/a><\/li>\n<\/ul>\n<\/li>\n<\/ul>\n","protected":false},"excerpt":{"rendered":"<p>Conclu\u00eddas Programa de P\u00f3s-Gradua\u00e7\u00e3o em Biotecnologia (PPGB) Mestrandos Me. Tatiane Lotufo Leite. T\u00edtulo: Produ\u00e7\u00e3o de bio-hidrog\u00eanio a partir do efluente da parboliza\u00e7\u00e3o do arroz Agencia financiadora: Coordena\u00e7\u00e3o de Aperfei\u00e7oamento de Pessoal de N\u00edvel Superior, CAPES Per\u00edodo: 2008 &#8211; 2010 Lattes: http:\/\/buscatextual.cnpq.br\/buscatextual\/visualizacv.do?id=K4596956H5 Me. Juliano Lacava Pereira. T\u00edtulo: Castra\u00e7\u00e3o imunologica por Grnh expresso em Pichia pastoris. Agencia [&hellip;]<\/p>\n","protected":false},"author":921,"featured_media":0,"parent":24,"menu_order":0,"comment_status":"closed","ping_status":"closed","template":"","meta":{"footnotes":""},"class_list":["post-66","page","type-page","status-publish","hentry"],"_links":{"self":[{"href":"https:\/\/wp.ufpel.edu.br\/microbiologia\/wp-json\/wp\/v2\/pages\/66","targetHints":{"allow":["GET"]}}],"collection":[{"href":"https:\/\/wp.ufpel.edu.br\/microbiologia\/wp-json\/wp\/v2\/pages"}],"about":[{"href":"https:\/\/wp.ufpel.edu.br\/microbiologia\/wp-json\/wp\/v2\/types\/page"}],"author":[{"embeddable":true,"href":"https:\/\/wp.ufpel.edu.br\/microbiologia\/wp-json\/wp\/v2\/users\/921"}],"replies":[{"embeddable":true,"href":"https:\/\/wp.ufpel.edu.br\/microbiologia\/wp-json\/wp\/v2\/comments?post=66"}],"version-history":[{"count":2,"href":"https:\/\/wp.ufpel.edu.br\/microbiologia\/wp-json\/wp\/v2\/pages\/66\/revisions"}],"predecessor-version":[{"id":78,"href":"https:\/\/wp.ufpel.edu.br\/microbiologia\/wp-json\/wp\/v2\/pages\/66\/revisions\/78"}],"up":[{"embeddable":true,"href":"https:\/\/wp.ufpel.edu.br\/microbiologia\/wp-json\/wp\/v2\/pages\/24"}],"wp:attachment":[{"href":"https:\/\/wp.ufpel.edu.br\/microbiologia\/wp-json\/wp\/v2\/media?parent=66"}],"curies":[{"name":"wp","href":"https:\/\/api.w.org\/{rel}","templated":true}]}}