{"id":33,"date":"2019-04-16T17:41:28","date_gmt":"2019-04-16T20:41:28","guid":{"rendered":"https:\/\/wp.ufpel.edu.br\/microbiologia\/?page_id=33"},"modified":"2019-04-27T00:00:37","modified_gmt":"2019-04-27T03:00:37","slug":"pesquisa","status":"publish","type":"page","link":"https:\/\/wp.ufpel.edu.br\/microbiologia\/pesquisa\/","title":{"rendered":"Pesquisa"},"content":{"rendered":"<p>O Laborat\u00f3rio de Microbiologia esta vinculado aos programas de P\u00f3s-Gradua\u00e7\u00e3o em Biotecnologia, em Parasitologia e em Veterin\u00e1ria. Desta forma, abriga alunos de mestrado e doutorado que desenvolvem seus trabalhos em suas instala\u00e7\u00f5es.<\/p>\n<p>Os interessados em trabalhar conosco devem entrar em contato pelos e-mails <strong>lab4microbiologia@gmail.com<\/strong> e <strong>fleivasleite@gmail.com<\/strong>, ou pelo telefone (53) 3275-7594.<\/p>\n","protected":false},"excerpt":{"rendered":"<p>O Laborat\u00f3rio de Microbiologia esta vinculado aos programas de P\u00f3s-Gradua\u00e7\u00e3o em Biotecnologia, em Parasitologia e em Veterin\u00e1ria. Desta forma, abriga alunos de mestrado e doutorado que desenvolvem seus trabalhos em suas instala\u00e7\u00f5es. Os interessados em trabalhar conosco devem entrar em contato pelos e-mails lab4microbiologia@gmail.com e fleivasleite@gmail.com, ou pelo telefone (53) 3275-7594.<\/p>\n","protected":false},"author":921,"featured_media":0,"parent":0,"menu_order":3,"comment_status":"closed","ping_status":"closed","template":"","meta":{"footnotes":""},"class_list":["post-33","page","type-page","status-publish","hentry"],"_links":{"self":[{"href":"https:\/\/wp.ufpel.edu.br\/microbiologia\/wp-json\/wp\/v2\/pages\/33","targetHints":{"allow":["GET"]}}],"collection":[{"href":"https:\/\/wp.ufpel.edu.br\/microbiologia\/wp-json\/wp\/v2\/pages"}],"about":[{"href":"https:\/\/wp.ufpel.edu.br\/microbiologia\/wp-json\/wp\/v2\/types\/page"}],"author":[{"embeddable":true,"href":"https:\/\/wp.ufpel.edu.br\/microbiologia\/wp-json\/wp\/v2\/users\/921"}],"replies":[{"embeddable":true,"href":"https:\/\/wp.ufpel.edu.br\/microbiologia\/wp-json\/wp\/v2\/comments?post=33"}],"version-history":[{"count":5,"href":"https:\/\/wp.ufpel.edu.br\/microbiologia\/wp-json\/wp\/v2\/pages\/33\/revisions"}],"predecessor-version":[{"id":110,"href":"https:\/\/wp.ufpel.edu.br\/microbiologia\/wp-json\/wp\/v2\/pages\/33\/revisions\/110"}],"wp:attachment":[{"href":"https:\/\/wp.ufpel.edu.br\/microbiologia\/wp-json\/wp\/v2\/media?parent=33"}],"curies":[{"name":"wp","href":"https:\/\/api.w.org\/{rel}","templated":true}]}}