{"id":30,"date":"2019-04-16T17:39:46","date_gmt":"2019-04-16T20:39:46","guid":{"rendered":"https:\/\/wp.ufpel.edu.br\/microbiologia\/?page_id=30"},"modified":"2019-04-26T14:46:23","modified_gmt":"2019-04-26T17:46:23","slug":"publicacoes","status":"publish","type":"page","link":"https:\/\/wp.ufpel.edu.br\/microbiologia\/publicacoes\/","title":{"rendered":"Publica\u00e7\u00f5es"},"content":{"rendered":"<ul>\n<li>Livros<\/li>\n<\/ul>\n<p>&nbsp;<\/p>\n<ul>\n<li>Artigos<\/li>\n<\/ul>\n<p>(2017)<\/p>\n<ol>\n<li>ANDREOTTI, R. ; PIRAINE, R. E. A. ; SANTOS J\u00daNIOR, A. G. ; CUNHA, R. C. ; GONCALVES, V. S. ; SANTOS, F. D. S. ; LEITE, F. P. L. . <strong>Situa\u00e7\u00e3o atual das estrat\u00e9gias para desenvolvimento de ant\u00edgenos para o controle da neosporose em bovinos<\/strong>. DOCUMENTOS EMBRAPA GADO DE CORTE, v. 1, p. 1-48, 2017.\u00a0<a href=\"https:\/\/www.embrapa.br\/busca-de-publicacoes\/-\/publicacao\/1077355\/situacao-atual-das-estrategias-para-desenvolvimento-de-antigenos-para-o-controle-da-neosporose-em-bovinos\">https:\/\/www.embrapa.br\/busca-de-publicacoes\/-\/publicacao\/1077355\/situacao-atual-das-estrategias-para-desenvolvimento-de-antigenos-para-o-controle-da-neosporose-em-bovinos<\/a><\/li>\n<li>SANTOS J\u00daNIOR, A. G. ; PIRAINE, R. E. A. ; CUNHA, R. C. ; NIZOLI, L. Q. ; ANDREOTTI, R. ; LEITE, F. P. L. . <strong>Avalia\u00e7\u00e3o de m\u00e9todos para obten\u00e7\u00e3o de prote\u00ednas recombinantes<\/strong>. Science and Animal Health. v. 5, p. 166, 2017. <a href=\"https:\/\/periodicos.ufpel.edu.br\/ojs2\/index.php\/veterinaria\/article\/view\/11387\">https:\/\/periodicos.ufpel.edu.br\/ojs2\/index.php\/veterinaria\/article\/view\/11387<\/a><\/li>\n<li>SANTOS, F. D. S. ; MENEGON, Y. A. ; PIRAINE, R. E. A. ; CENTENO, P. R. ; CUNHA, R. C. ; LEITE, F. P. L. <strong><em>Bacillus toyonensis<\/em> improves immune response in the mice vaccinated with recombinant antigen of bovine herpesvirus type 5<\/strong>. Beneficial Microbes, p. 1-10, 2017. <a href=\"https:\/\/www.wageningenacademic.com\/doi\/10.3920\/BM2017.0021\">https:\/\/www.wageningenacademic.com\/doi\/10.3920\/BM2017.0021<\/a><\/li>\n<\/ol>\n<p>(2015)<\/p>\n<ol>\n<li>PIRAINE, R. E. A.; ANDREOTTI, R. ; GOL\u00c7ALVES J\u00daNIOR, A. S. ; CUNHA, R. C. ; LEITE, F. P. L. . <strong>The Potential of <em>Neospora caninum<\/em> Immunogens against Neosporosis<\/strong>. Journal of Vaccines &amp; Vaccination, v. 06, p. 1-10, 2015.\u00a0<a href=\"https:\/\/www.longdom.org\/open-access\/the-potential-of-neospora-caninum-immunogens-against-neosporosis-2157-7560-1000298.pdf\">https:\/\/www.longdom.org\/open-access\/the-potential-of-neospora-caninum-immunogens-against-neosporosis-2157-7560-1000298.pdf<\/a><\/li>\n<\/ol>\n<p>&nbsp;<\/p>\n<ul>\n<li>Material did\u00e1tico<\/li>\n<\/ul>\n<p>&nbsp;<\/p>\n","protected":false},"excerpt":{"rendered":"<p>Livros &nbsp; Artigos (2017) ANDREOTTI, R. ; PIRAINE, R. E. A. ; SANTOS J\u00daNIOR, A. G. ; CUNHA, R. C. ; GONCALVES, V. S. ; SANTOS, F. D. S. ; LEITE, F. P. L. . Situa\u00e7\u00e3o atual das estrat\u00e9gias para desenvolvimento de ant\u00edgenos para o controle da neosporose em bovinos. DOCUMENTOS EMBRAPA GADO DE CORTE, [&hellip;]<\/p>\n","protected":false},"author":921,"featured_media":0,"parent":0,"menu_order":4,"comment_status":"closed","ping_status":"closed","template":"","meta":{"footnotes":""},"class_list":["post-30","page","type-page","status-publish","hentry"],"_links":{"self":[{"href":"https:\/\/wp.ufpel.edu.br\/microbiologia\/wp-json\/wp\/v2\/pages\/30","targetHints":{"allow":["GET"]}}],"collection":[{"href":"https:\/\/wp.ufpel.edu.br\/microbiologia\/wp-json\/wp\/v2\/pages"}],"about":[{"href":"https:\/\/wp.ufpel.edu.br\/microbiologia\/wp-json\/wp\/v2\/types\/page"}],"author":[{"embeddable":true,"href":"https:\/\/wp.ufpel.edu.br\/microbiologia\/wp-json\/wp\/v2\/users\/921"}],"replies":[{"embeddable":true,"href":"https:\/\/wp.ufpel.edu.br\/microbiologia\/wp-json\/wp\/v2\/comments?post=30"}],"version-history":[{"count":5,"href":"https:\/\/wp.ufpel.edu.br\/microbiologia\/wp-json\/wp\/v2\/pages\/30\/revisions"}],"predecessor-version":[{"id":105,"href":"https:\/\/wp.ufpel.edu.br\/microbiologia\/wp-json\/wp\/v2\/pages\/30\/revisions\/105"}],"wp:attachment":[{"href":"https:\/\/wp.ufpel.edu.br\/microbiologia\/wp-json\/wp\/v2\/media?parent=30"}],"curies":[{"name":"wp","href":"https:\/\/api.w.org\/{rel}","templated":true}]}}