{"id":24,"date":"2019-04-16T16:17:20","date_gmt":"2019-04-16T19:17:20","guid":{"rendered":"https:\/\/wp.ufpel.edu.br\/microbiologia\/?page_id=24"},"modified":"2019-04-26T12:50:15","modified_gmt":"2019-04-26T15:50:15","slug":"orientacoes","status":"publish","type":"page","link":"https:\/\/wp.ufpel.edu.br\/microbiologia\/orientacoes\/","title":{"rendered":"Orienta\u00e7\u00f5es"},"content":{"rendered":"<p>Aqui no Laborat\u00f3rio de Microbiologia trabalhamos em parceria com os\u00a0 Programas de P\u00f3s-Gradua\u00e7\u00e3o em Biotecnologia (PPGB), em Parasitologia (PPGP) e em Veterin\u00e1ria (PPGV), ambos da UFPEL. Desta forma, abrigamos alunos de mestrado e doutorado destes programas os quias desenvolverem seus seus projetos de disserta\u00e7\u00e3o e tese em nossas depend\u00eancias.<\/p>\n<p>Os interessados em trabalhar conosco, devem manifestar seu interesse pelos e-mails lab4microbiologia@gmail.com e fleivasleite@gmail.com, aos conhecimentos do Professor F\u00e1bio Leivas Leite, ou pelo telefone (53) 32757594.<\/p>\n","protected":false},"excerpt":{"rendered":"<p>Aqui no Laborat\u00f3rio de Microbiologia trabalhamos em parceria com os\u00a0 Programas de P\u00f3s-Gradua\u00e7\u00e3o em Biotecnologia (PPGB), em Parasitologia (PPGP) e em Veterin\u00e1ria (PPGV), ambos da UFPEL. Desta forma, abrigamos alunos de mestrado e doutorado destes programas os quias desenvolverem seus seus projetos de disserta\u00e7\u00e3o e tese em nossas depend\u00eancias. Os interessados em trabalhar conosco, devem [&hellip;]<\/p>\n","protected":false},"author":921,"featured_media":0,"parent":0,"menu_order":2,"comment_status":"closed","ping_status":"closed","template":"","meta":{"footnotes":""},"class_list":["post-24","page","type-page","status-publish","hentry"],"_links":{"self":[{"href":"https:\/\/wp.ufpel.edu.br\/microbiologia\/wp-json\/wp\/v2\/pages\/24","targetHints":{"allow":["GET"]}}],"collection":[{"href":"https:\/\/wp.ufpel.edu.br\/microbiologia\/wp-json\/wp\/v2\/pages"}],"about":[{"href":"https:\/\/wp.ufpel.edu.br\/microbiologia\/wp-json\/wp\/v2\/types\/page"}],"author":[{"embeddable":true,"href":"https:\/\/wp.ufpel.edu.br\/microbiologia\/wp-json\/wp\/v2\/users\/921"}],"replies":[{"embeddable":true,"href":"https:\/\/wp.ufpel.edu.br\/microbiologia\/wp-json\/wp\/v2\/comments?post=24"}],"version-history":[{"count":20,"href":"https:\/\/wp.ufpel.edu.br\/microbiologia\/wp-json\/wp\/v2\/pages\/24\/revisions"}],"predecessor-version":[{"id":77,"href":"https:\/\/wp.ufpel.edu.br\/microbiologia\/wp-json\/wp\/v2\/pages\/24\/revisions\/77"}],"wp:attachment":[{"href":"https:\/\/wp.ufpel.edu.br\/microbiologia\/wp-json\/wp\/v2\/media?parent=24"}],"curies":[{"name":"wp","href":"https:\/\/api.w.org\/{rel}","templated":true}]}}