{"id":18,"date":"2019-04-16T16:08:18","date_gmt":"2019-04-16T19:08:18","guid":{"rendered":"https:\/\/wp.ufpel.edu.br\/microbiologia\/?page_id=18"},"modified":"2019-04-26T12:06:37","modified_gmt":"2019-04-26T15:06:37","slug":"apresentacao","status":"publish","type":"page","link":"https:\/\/wp.ufpel.edu.br\/microbiologia\/apresentacao\/","title":{"rendered":"Apresenta\u00e7\u00e3o"},"content":{"rendered":"<p style=\"text-align: justify\">O Laborat\u00f3rio de Microbiologia, tamb\u00e9m conhecido como Laborat\u00f3rio 4, est\u00e1 sediado no n\u00facleo de Biotecnologia do Centro de Desenvolvimento Tecnol\u00f3gico, onde desenvolvem-se aulas-pr\u00e1ticas e trabalhos de pesquisa e inova\u00e7\u00e3o em n\u00edveis de inicia\u00e7\u00e3o cient\u00edfica, mestrado e doutorado. O laborat\u00f3rio \u00e9 coordenado pelo M\u00e9dico Veterin\u00e1rio PhD. F\u00e1bio Pereira Leivas Leite, o qual \u00e9 professor do curso de gradua\u00e7\u00e3o em Biotecnologia e professor e orientador dos Programas de P\u00f3s-Gradua\u00e7\u00e3o em Biotecnologia (PPGB), Parasitologia (PPGP) e Veterin\u00e1ria (PPGV).<\/p>\n<p style=\"text-align: justify\">O Laborat\u00f3rio de Microbiologia tem como principais atividades o desenvolvimento de vacinas veterin\u00e1rias, kits de diagn\u00f3stico, probi\u00f3ticos, controle biol\u00f3gico e processos fermentativos, possuindo linhas de pesquisas nestas \u00e1reas.<\/p>\n<p style=\"text-align: justify\">Contato:<\/p>\n<p style=\"text-align: justify\">E-mail: fleivasleite@gmail.com<\/p>\n<p style=\"text-align: justify\">Fone: + 55 (53) 32757594<\/p>\n","protected":false},"excerpt":{"rendered":"<p>O Laborat\u00f3rio de Microbiologia, tamb\u00e9m conhecido como Laborat\u00f3rio 4, est\u00e1 sediado no n\u00facleo de Biotecnologia do Centro de Desenvolvimento Tecnol\u00f3gico, onde desenvolvem-se aulas-pr\u00e1ticas e trabalhos de pesquisa e inova\u00e7\u00e3o em n\u00edveis de inicia\u00e7\u00e3o cient\u00edfica, mestrado e doutorado. O laborat\u00f3rio \u00e9 coordenado pelo M\u00e9dico Veterin\u00e1rio PhD. F\u00e1bio Pereira Leivas Leite, o qual \u00e9 professor do curso [&hellip;]<\/p>\n","protected":false},"author":921,"featured_media":0,"parent":0,"menu_order":1,"comment_status":"closed","ping_status":"closed","template":"","meta":{"footnotes":""},"class_list":["post-18","page","type-page","status-publish","hentry"],"_links":{"self":[{"href":"https:\/\/wp.ufpel.edu.br\/microbiologia\/wp-json\/wp\/v2\/pages\/18","targetHints":{"allow":["GET"]}}],"collection":[{"href":"https:\/\/wp.ufpel.edu.br\/microbiologia\/wp-json\/wp\/v2\/pages"}],"about":[{"href":"https:\/\/wp.ufpel.edu.br\/microbiologia\/wp-json\/wp\/v2\/types\/page"}],"author":[{"embeddable":true,"href":"https:\/\/wp.ufpel.edu.br\/microbiologia\/wp-json\/wp\/v2\/users\/921"}],"replies":[{"embeddable":true,"href":"https:\/\/wp.ufpel.edu.br\/microbiologia\/wp-json\/wp\/v2\/comments?post=18"}],"version-history":[{"count":5,"href":"https:\/\/wp.ufpel.edu.br\/microbiologia\/wp-json\/wp\/v2\/pages\/18\/revisions"}],"predecessor-version":[{"id":21,"href":"https:\/\/wp.ufpel.edu.br\/microbiologia\/wp-json\/wp\/v2\/pages\/18\/revisions\/21"}],"wp:attachment":[{"href":"https:\/\/wp.ufpel.edu.br\/microbiologia\/wp-json\/wp\/v2\/media?parent=18"}],"curies":[{"name":"wp","href":"https:\/\/api.w.org\/{rel}","templated":true}]}}