{"id":144,"date":"2019-07-31T12:19:42","date_gmt":"2019-07-31T15:19:42","guid":{"rendered":"https:\/\/wp.ufpel.edu.br\/microbiologia\/?page_id=144"},"modified":"2020-02-11T11:29:04","modified_gmt":"2020-02-11T14:29:04","slug":"livros","status":"publish","type":"page","link":"https:\/\/wp.ufpel.edu.br\/microbiologia\/publicacoes\/livros\/","title":{"rendered":"Livros did\u00e1ticos"},"content":{"rendered":"<p><a href=\"https:\/\/wp.ufpel.edu.br\/microbiologia\/files\/2019\/09\/Garrotilho.pdf\" target=\"_blank\" rel=\"noopener noreferrer\">Garrotilho<\/a><\/p>\n<p><a href=\"https:\/\/wp.ufpel.edu.br\/microbiologia\/files\/2019\/11\/Processamento-Industrial-de-Presunto.pdf\">Processamento Industrial de Presunto<\/a><\/p>\n<p><a href=\"https:\/\/wp.ufpel.edu.br\/microbiologia\/files\/2019\/11\/Theileria-equi-e-piroplasmose-equina.pdf\"><em>Theileria equi<\/em> e piroplasmose equina<\/a><\/p>\n<p>Anota\u00e7\u00f5es em diagn\u00f3stico celular e molecular<\/p>\n<p><em>Haemonchus<\/em> spp.: da biologia ao controle<\/p>\n","protected":false},"excerpt":{"rendered":"<p>Garrotilho Processamento Industrial de Presunto Theileria equi e piroplasmose equina Anota\u00e7\u00f5es em diagn\u00f3stico celular e molecular Haemonchus spp.: da biologia ao controle<\/p>\n","protected":false},"author":921,"featured_media":0,"parent":30,"menu_order":0,"comment_status":"closed","ping_status":"closed","template":"","meta":{"footnotes":""},"class_list":["post-144","page","type-page","status-publish","hentry"],"_links":{"self":[{"href":"https:\/\/wp.ufpel.edu.br\/microbiologia\/wp-json\/wp\/v2\/pages\/144","targetHints":{"allow":["GET"]}}],"collection":[{"href":"https:\/\/wp.ufpel.edu.br\/microbiologia\/wp-json\/wp\/v2\/pages"}],"about":[{"href":"https:\/\/wp.ufpel.edu.br\/microbiologia\/wp-json\/wp\/v2\/types\/page"}],"author":[{"embeddable":true,"href":"https:\/\/wp.ufpel.edu.br\/microbiologia\/wp-json\/wp\/v2\/users\/921"}],"replies":[{"embeddable":true,"href":"https:\/\/wp.ufpel.edu.br\/microbiologia\/wp-json\/wp\/v2\/comments?post=144"}],"version-history":[{"count":18,"href":"https:\/\/wp.ufpel.edu.br\/microbiologia\/wp-json\/wp\/v2\/pages\/144\/revisions"}],"predecessor-version":[{"id":195,"href":"https:\/\/wp.ufpel.edu.br\/microbiologia\/wp-json\/wp\/v2\/pages\/144\/revisions\/195"}],"up":[{"embeddable":true,"href":"https:\/\/wp.ufpel.edu.br\/microbiologia\/wp-json\/wp\/v2\/pages\/30"}],"wp:attachment":[{"href":"https:\/\/wp.ufpel.edu.br\/microbiologia\/wp-json\/wp\/v2\/media?parent=144"}],"curies":[{"name":"wp","href":"https:\/\/api.w.org\/{rel}","templated":true}]}}