{"id":111,"date":"2019-04-29T10:41:15","date_gmt":"2019-04-29T13:41:15","guid":{"rendered":"https:\/\/wp.ufpel.edu.br\/microbiologia\/?page_id=111"},"modified":"2019-04-29T10:50:09","modified_gmt":"2019-04-29T13:50:09","slug":"parcerias","status":"publish","type":"page","link":"https:\/\/wp.ufpel.edu.br\/microbiologia\/parcerias\/","title":{"rendered":"Parcerias"},"content":{"rendered":"<p>O laborat\u00f3rio de Microbiologia conta tamb\u00e9m com parcerias em diferentes setores da ind\u00fastria e suas empresas, como no setor de produ\u00e7\u00e3o de bebidas fermentadas, agropecu\u00e1rias, testes de diagn\u00f3stico de doen\u00e7as veterin\u00e1rias, probi\u00f3ticos, entre outros.<\/p>\n<p>&nbsp;<\/p>\n<p><strong>Yeastech Fabrica\u00e7\u00e3o de Levedura de Cerveja Ltda.<\/strong><\/p>\n<p><img class=\"wp-image-113 alignright\" src=\"https:\/\/wp.ufpel.edu.br\/microbiologia\/files\/2019\/04\/Yastech-logo-1-verde-claro-400x203.png\" alt=\"\" width=\"234\" height=\"119\" srcset=\"https:\/\/wp.ufpel.edu.br\/microbiologia\/files\/2019\/04\/Yastech-logo-1-verde-claro-400x203.png 400w, https:\/\/wp.ufpel.edu.br\/microbiologia\/files\/2019\/04\/Yastech-logo-1-verde-claro-768x389.png 768w, https:\/\/wp.ufpel.edu.br\/microbiologia\/files\/2019\/04\/Yastech-logo-1-verde-claro-1024x519.png 1024w, https:\/\/wp.ufpel.edu.br\/microbiologia\/files\/2019\/04\/Yastech-logo-1-verde-claro.png 1983w\" sizes=\"(max-width: 234px) 100vw, 234px\" \/><\/p>\n<p>Start-up criada dentro do Laborat\u00f3rio de Microbiologia, atua na produ\u00e7\u00e3o e distribui\u00e7\u00e3o de leveduras l\u00edquidas para cervejeiros caseiros e microcervejarias. Contando com a expertise de profissionais de \u00e1reas como biotecnologia,\u00a0veterin\u00e1ria, agronomia, bioprocessos e alimentos, a empresa busca oferecer a m\u00e1xima qualidade em fermentos l\u00edquidos aliada a um cat\u00e1logo que conta com mais de 10 cepas de leveduras exclusivas para produ\u00e7\u00e3o de cerveja.<\/p>\n<p>Mais informa\u00e7\u00f5es em: <em><a href=\"http:\/\/www.yeastech.com.br\">www.yeastech.com.br<\/a><\/em><\/p>\n","protected":false},"excerpt":{"rendered":"<p>O laborat\u00f3rio de Microbiologia conta tamb\u00e9m com parcerias em diferentes setores da ind\u00fastria e suas empresas, como no setor de produ\u00e7\u00e3o de bebidas fermentadas, agropecu\u00e1rias, testes de diagn\u00f3stico de doen\u00e7as veterin\u00e1rias, probi\u00f3ticos, entre outros. &nbsp; Yeastech Fabrica\u00e7\u00e3o de Levedura de Cerveja Ltda. Start-up criada dentro do Laborat\u00f3rio de Microbiologia, atua na produ\u00e7\u00e3o e distribui\u00e7\u00e3o de [&hellip;]<\/p>\n","protected":false},"author":921,"featured_media":0,"parent":0,"menu_order":6,"comment_status":"closed","ping_status":"closed","template":"","meta":{"footnotes":""},"class_list":["post-111","page","type-page","status-publish","hentry"],"_links":{"self":[{"href":"https:\/\/wp.ufpel.edu.br\/microbiologia\/wp-json\/wp\/v2\/pages\/111","targetHints":{"allow":["GET"]}}],"collection":[{"href":"https:\/\/wp.ufpel.edu.br\/microbiologia\/wp-json\/wp\/v2\/pages"}],"about":[{"href":"https:\/\/wp.ufpel.edu.br\/microbiologia\/wp-json\/wp\/v2\/types\/page"}],"author":[{"embeddable":true,"href":"https:\/\/wp.ufpel.edu.br\/microbiologia\/wp-json\/wp\/v2\/users\/921"}],"replies":[{"embeddable":true,"href":"https:\/\/wp.ufpel.edu.br\/microbiologia\/wp-json\/wp\/v2\/comments?post=111"}],"version-history":[{"count":3,"href":"https:\/\/wp.ufpel.edu.br\/microbiologia\/wp-json\/wp\/v2\/pages\/111\/revisions"}],"predecessor-version":[{"id":116,"href":"https:\/\/wp.ufpel.edu.br\/microbiologia\/wp-json\/wp\/v2\/pages\/111\/revisions\/116"}],"wp:attachment":[{"href":"https:\/\/wp.ufpel.edu.br\/microbiologia\/wp-json\/wp\/v2\/media?parent=111"}],"curies":[{"name":"wp","href":"https:\/\/api.w.org\/{rel}","templated":true}]}}