{"id":695,"date":"2024-10-25T14:15:46","date_gmt":"2024-10-25T17:15:46","guid":{"rendered":"https:\/\/wp.ufpel.edu.br\/meteorologia\/?page_id=695"},"modified":"2025-08-21T14:57:13","modified_gmt":"2025-08-21T17:57:13","slug":"projeto-pedagogico","status":"publish","type":"page","link":"https:\/\/wp.ufpel.edu.br\/meteorologia\/projeto-pedagogico\/","title":{"rendered":"Projeto Pedag\u00f3gico"},"content":{"rendered":"<p style=\"text-align: justify;\"><span style=\"font-size: 14pt;\"><strong>PROJETO PEDAG\u00d3GICO DO CURSO DE METEOROLOGIA DA<\/strong><\/span><br \/>\n<span style=\"font-size: 14pt;\"><strong>UNIVERSIDADE FEDERAL DE PELOTAS<\/strong><\/span><\/p>\n<p style=\"text-align: justify;\">O Curso de Bacharelado em Meteorologia teve suas atividades iniciadas em 1979, com o objetivo de formar profissionais qualificados para atuarem nas diversas \u00e1reas de aplica\u00e7\u00e3o da Meteorologia, o que confere ao curso um aspecto interdisciplinar estrat\u00e9gico dentro das ci\u00eancias que abordam processos e pr\u00e1ticas relacionadas com a atmosfera. Ao longo desses 43 anos de exist\u00eancia, o Curso de Bacharelado em Meteorologia vem evoluindo, buscando acompanhar a evolu\u00e7\u00e3o do mundo de trabalho, formando um profissional mais bem qualificado, mas tamb\u00e9m procurando atender as necessidades para a forma\u00e7\u00e3o de um cidad\u00e3o capaz de contribuir para uma sociedade melhor.<\/p>\n<p style=\"text-align: justify;\">Um Projeto Pedag\u00f3gico de Curso (PPC) \u00e9 o documento que concentra as informa\u00e7\u00f5es sobre o Curso que ele apresenta. Todos os detalhes, desde objetivos, disciplinas, atividades acad\u00eamicas, habilidades e compet\u00eancias a serem desenvolvidas, por exemplo, est\u00e3o descritos neste importante documento. O <strong>Projeto Pedag\u00f3gico do Curso de Bacharelado em Meteorologia<\/strong> traz todo o conhecimento acad\u00eamico e regimental necess\u00e1rio para a comunidade envolvida, servindo como um documento norteador \u00e0s atividades desenvolvidas no Curso.<\/p>\n<p style=\"text-align: justify;\">A partir do semestre 2024\/02 entra em vigor um novo o curr\u00edculo para o Curso de Meteorologia, trazendo a integraliza\u00e7\u00e3o da Extens\u00e3o, pr\u00e1tica important\u00edssima \u2013 um dos pilares da Universidade \u2013 de integra\u00e7\u00e3o do mundo acad\u00eamico com a sociedade, a abordagem de t\u00f3picos importantes para uma forma\u00e7\u00e3o cidad\u00e3, preocupada com as rela\u00e7\u00f5es humanas, o conhecimento das quest\u00f5es \u00e9tnico-raciais, de inclus\u00e3o e ambientais. Ao mesmo tempo, insere e atualiza em seu curr\u00edculo quest\u00f5es t\u00e9cnicas importantes, a respeito da Climatologia, da Previs\u00e3o de Tempo de Curt\u00edssimo Prazo, dos Sistemas de Informa\u00e7\u00e3o Geogr\u00e1fica, por exemplo. Por fim, com base na evolu\u00e7\u00e3o da demanda do mundo de trabalho, do saber acad\u00eamico e das rela\u00e7\u00f5es humanas, procura-se atualizar constantemente o curr\u00edculo do curso. Dessa maneira, o PPC do Curso de Bacharelado em Meteorologia \u00e9 um documento din\u00e2mico, como deve ser todo e qualquer PPC, que deve refletir essas mudan\u00e7as buscando a forma\u00e7\u00e3o de um profissional e cidad\u00e3o melhores.<\/p>\n<p style=\"text-align: justify;\">O novo PPC do Curso de Bacharelado em Meteorologia pode ser obtido <a href=\"https:\/\/wp.ufpel.edu.br\/meteorologia\/files\/2025\/08\/Projeto-pedagogico-21082025.pdf\">aqui<\/a><a href=\"https:\/\/wp.ufpel.edu.br\/meteorologia\/files\/2024\/10\/PPCnovo_Meteorologia-1.pdf\">.<\/a><\/p>\n<p style=\"text-align: justify;\">O PPC anterior pode ser consultado <a href=\"https:\/\/wp.ufpel.edu.br\/meteorologia\/files\/2023\/02\/PPC_Meteorologia_2018_atualizado_adequacaoRegulamento_final.pdf\">aqui.<\/a><\/p>\n<p style=\"text-align: justify;\">D\u00favidas, observa\u00e7\u00f5es e sugest\u00f5es sobre o PPC devem ser passados para a Coordena\u00e7\u00e3o do Curso de Meteorologia, pelo e-mail gradmet@ufpel.edu.br.<\/p>\n","protected":false},"excerpt":{"rendered":"<p>PROJETO PEDAG\u00d3GICO DO CURSO DE METEOROLOGIA DA UNIVERSIDADE FEDERAL DE PELOTAS O Curso de Bacharelado em Meteorologia teve suas atividades iniciadas em 1979, com o objetivo de formar profissionais qualificados para atuarem nas diversas \u00e1reas de aplica\u00e7\u00e3o da Meteorologia, o que confere ao curso um aspecto interdisciplinar estrat\u00e9gico dentro das ci\u00eancias que abordam processos e [&hellip;]<\/p>\n","protected":false},"author":681,"featured_media":0,"parent":0,"menu_order":0,"comment_status":"closed","ping_status":"closed","template":"","meta":{"footnotes":""},"class_list":["post-695","page","type-page","status-publish","hentry"],"jetpack_sharing_enabled":true,"_links":{"self":[{"href":"https:\/\/wp.ufpel.edu.br\/meteorologia\/wp-json\/wp\/v2\/pages\/695","targetHints":{"allow":["GET"]}}],"collection":[{"href":"https:\/\/wp.ufpel.edu.br\/meteorologia\/wp-json\/wp\/v2\/pages"}],"about":[{"href":"https:\/\/wp.ufpel.edu.br\/meteorologia\/wp-json\/wp\/v2\/types\/page"}],"author":[{"embeddable":true,"href":"https:\/\/wp.ufpel.edu.br\/meteorologia\/wp-json\/wp\/v2\/users\/681"}],"replies":[{"embeddable":true,"href":"https:\/\/wp.ufpel.edu.br\/meteorologia\/wp-json\/wp\/v2\/comments?post=695"}],"version-history":[{"count":3,"href":"https:\/\/wp.ufpel.edu.br\/meteorologia\/wp-json\/wp\/v2\/pages\/695\/revisions"}],"predecessor-version":[{"id":769,"href":"https:\/\/wp.ufpel.edu.br\/meteorologia\/wp-json\/wp\/v2\/pages\/695\/revisions\/769"}],"wp:attachment":[{"href":"https:\/\/wp.ufpel.edu.br\/meteorologia\/wp-json\/wp\/v2\/media?parent=695"}],"curies":[{"name":"wp","href":"https:\/\/api.w.org\/{rel}","templated":true}]}}