{"id":64,"date":"2016-06-03T11:31:42","date_gmt":"2016-06-03T14:31:42","guid":{"rendered":"https:\/\/wp.ufpel.edu.br\/fmet\/?page_id=64"},"modified":"2022-10-03T09:52:05","modified_gmt":"2022-10-03T12:52:05","slug":"corpo-docente","status":"publish","type":"page","link":"https:\/\/wp.ufpel.edu.br\/meteorologia\/graduacao\/corpo-docente\/","title":{"rendered":"Corpo Docente"},"content":{"rendered":"<div><\/div>\n<div><\/div>\n<div>\n<div id=\"tab1_conteudo\">\n<h2 id=\"tab1_texto\">Andr\u00e9 Becker Nunes<\/h2>\n<div id=\"tab1_descricao\">Doutor em Meteorologia &#8211; Instituto Nacional de Pesquisas Espaciais (Brasil)<\/div>\n<p><a href=\"http:\/\/lattes.cnpq.br\/1873505066686878\">Curriculo Lattes<\/a><\/p>\n<\/div>\n<\/div>\n<h2>D\u00e9bora de Souza Sim\u00f5es<\/h2>\n<p>Doutora em Sensoriamento Remoto &#8211; Universidade Federal do Rio Grande do Sul (Brasil)<\/p>\n<p><a href=\"http:\/\/lattes.cnpq.br\/2433169532211167\">Curriculo Lattes<\/a><\/p>\n<h2>Douglas da Silva Lindemann<\/h2>\n<p>Doutor em Meteorologia Aplicada &#8211; Universidade Federal de Vi\u00e7osa (Brasil)<\/p>\n<p><a href=\"http:\/\/lattes.cnpq.br\/0703689447724368\">Curriculo Lattes<\/a><\/p>\n<h2 class=\"separador1\">Eliana Veleda Klering<\/h2>\n<div>\n<div id=\"tab1_conteudo\">\n<p>Doutora em Agrometeorologia &#8211; Universidade Federal do Rio Grande do Sul (Brasil)<\/p>\n<p><a href=\"http:\/\/lattes.cnpq.br\/8645575031445661\">Curriculo Lattes<\/a><\/p>\n<h2 id=\"tab1_texto\">Fabr\u00edcio Pereira Harter<\/h2>\n<div id=\"tab1_descricao\">Doutor em Comp. Aplicada &#8211; Instituto Nacional de Pesquisas Espaciais (Brasil)<\/div>\n<p><a href=\"http:\/\/lattes.cnpq.br\/9865056179221557\">Curriculo Lattes<\/a><\/p>\n<\/div>\n<div id=\"tab1_conteudo\">\n<h2 id=\"tab1_texto\">Graciela Redies Fischer<\/h2>\n<div id=\"tab1_descricao\">Doutorado em Meteorologia Agr\u00edcola &#8211; Universidade Federal de Vi\u00e7osa<\/div>\n<p><a href=\"http:\/\/lattes.cnpq.br\/3946867460041974\">Curriculo Lattes<\/a><\/p>\n<\/div>\n<div id=\"tab1_conteudo\">\n<h2 id=\"tab1_texto\">Humberto Conrado<\/h2>\n<div id=\"tab1_descricao\">Mestre em Meteorologia &#8211; Instituto Nacional de Pesquisas Espaciais (Brasil)<\/div>\n<p><a href=\"http:\/\/lattes.cnpq.br\/5374548879828020\">Curriculo Lattes<\/a><\/p>\n<\/div>\n<div id=\"tab1_conteudo\">\n<h2 id=\"tab1_texto\">Jonas da Costa Carvalho<\/h2>\n<div id=\"tab1_descricao\">Doutor em Meteorologia &#8211; Universidade de S\u00e3o Paulo (Brasil)<\/div>\n<p><a href=\"http:\/\/lattes.cnpq.br\/4338284890563991\">Curriculo Lattes<\/a><\/p>\n<\/div>\n<div id=\"tab1_conteudo\">\n<h2 id=\"tab1_texto\">J\u00falio Renato Quevedo Marques<\/h2>\n<div id=\"tab1_descricao\">Doutor em Agronomia &#8211; Universidade Federal do Rio Grande do Sul (Brasil)<\/div>\n<p><a href=\"http:\/\/lattes.cnpq.br\/8470069076957589\">Curriculo Lattes<\/a><\/p>\n<\/div>\n<h2 class=\"separador1\">Leonardo Calvetti<\/h2>\n<p>Doutor em Meteorologia &#8211; Universidade de S\u00e3o Paulo (Brasil)<\/p>\n<p><a href=\"http:\/\/lattes.cnpq.br\/1621353966900001\">Curriculo Lattes<\/a><\/p>\n<\/div>\n<h2 class=\"separador1\">Leonardo Jos\u00e9 Gon\u00e7alves Aguiar<\/h2>\n<p>Doutor em Agronomia &#8211; Universidade Federal de Vi\u00e7osa (Brasil)<\/p>\n<p><a href=\"http:\/\/lattes.cnpq.br\/5805330536694551\">Curriculo Lattes<\/a><\/p>\n<div>\n<div id=\"tab1_conteudo\">\n<h2 id=\"tab1_texto\">Luciana Barros Pinto<\/h2>\n<div id=\"tab1_descricao\">Doutora em Meteorologia Agr\u00edcola &#8211; Universidade Federal de Vi\u00e7osa (Brasil)<\/div>\n<p><a href=\"http:\/\/lattes.cnpq.br\/5192318389798896\">Curriculo Lattes<\/a><\/p>\n<\/div>\n<div id=\"tab1_conteudo\">\n<h2 id=\"tab1_texto\">Marcelo F\u00e9lix Alonso<\/h2>\n<div id=\"tab1_descricao\">Doutor em Meteorologia &#8211; Instituto Nacional de Pesquisas Espaciais (Brasil)<\/div>\n<p><a href=\"http:\/\/lattes.cnpq.br\/0480439997738726\">Curriculo Lattes<\/a><\/p>\n<\/div>\n<div id=\"tab1_conteudo\">\n<h2 id=\"tab1_texto\">Mateus da Silva Teixeira<\/h2>\n<div id=\"tab1_descricao\">Doutor em Meteorologia &#8211; Instituto Nacional de Pesquisas Espaciais (Brasil)<\/div>\n<p><a href=\"http:\/\/lattes.cnpq.br\/0531249234182600\">Curriculo Lattes<\/a><\/p>\n<\/div>\n<h2 id=\"tab1_conteudo\">Morgana Vaz da Silva<\/h2>\n<p>Doutorado em Agronomia &#8211; Universidade Federal de Vi\u00e7osa (Brasil)<\/p>\n<p><a href=\"http:\/\/buscatextual.cnpq.br\/buscatextual\/visualizacv.do?id=K4130464P7\">Curriculo Lattes<\/a><\/p>\n<\/div>\n<div>\n<div id=\"tab1_conteudo\">\n<h2 id=\"tab1_texto\">Vilson Dias de \u00c1vila<\/h2>\n<div id=\"tab1_descricao\">Mestre em Meteorologia &#8211; Universidade Federal de Pelotas (Brasil)<\/div>\n<p><a href=\"http:\/\/lattes.cnpq.br\/7603108636137647\">Curriculo Lattes<\/a><\/p>\n<\/div>\n<div id=\"tab1_conteudo\">\n<p>&nbsp;<\/p>\n<\/div>\n<\/div>\n","protected":false},"excerpt":{"rendered":"<p>Andr\u00e9 Becker Nunes Doutor em Meteorologia &#8211; Instituto Nacional de Pesquisas Espaciais (Brasil) Curriculo Lattes D\u00e9bora de Souza Sim\u00f5es Doutora em Sensoriamento Remoto &#8211; Universidade Federal do Rio Grande do Sul (Brasil) Curriculo Lattes Douglas da Silva Lindemann Doutor em Meteorologia Aplicada &#8211; Universidade Federal de Vi\u00e7osa (Brasil) Curriculo Lattes Eliana Veleda Klering Doutora em [&hellip;]<\/p>\n","protected":false},"author":629,"featured_media":0,"parent":46,"menu_order":0,"comment_status":"closed","ping_status":"closed","template":"","meta":{"footnotes":""},"class_list":["post-64","page","type-page","status-publish","hentry"],"jetpack_sharing_enabled":true,"_links":{"self":[{"href":"https:\/\/wp.ufpel.edu.br\/meteorologia\/wp-json\/wp\/v2\/pages\/64","targetHints":{"allow":["GET"]}}],"collection":[{"href":"https:\/\/wp.ufpel.edu.br\/meteorologia\/wp-json\/wp\/v2\/pages"}],"about":[{"href":"https:\/\/wp.ufpel.edu.br\/meteorologia\/wp-json\/wp\/v2\/types\/page"}],"author":[{"embeddable":true,"href":"https:\/\/wp.ufpel.edu.br\/meteorologia\/wp-json\/wp\/v2\/users\/629"}],"replies":[{"embeddable":true,"href":"https:\/\/wp.ufpel.edu.br\/meteorologia\/wp-json\/wp\/v2\/comments?post=64"}],"version-history":[{"count":22,"href":"https:\/\/wp.ufpel.edu.br\/meteorologia\/wp-json\/wp\/v2\/pages\/64\/revisions"}],"predecessor-version":[{"id":513,"href":"https:\/\/wp.ufpel.edu.br\/meteorologia\/wp-json\/wp\/v2\/pages\/64\/revisions\/513"}],"up":[{"embeddable":true,"href":"https:\/\/wp.ufpel.edu.br\/meteorologia\/wp-json\/wp\/v2\/pages\/46"}],"wp:attachment":[{"href":"https:\/\/wp.ufpel.edu.br\/meteorologia\/wp-json\/wp\/v2\/media?parent=64"}],"curies":[{"name":"wp","href":"https:\/\/api.w.org\/{rel}","templated":true}]}}