{"id":46,"date":"2016-06-03T10:56:34","date_gmt":"2016-06-03T13:56:34","guid":{"rendered":"https:\/\/wp.ufpel.edu.br\/fmet\/?page_id=46"},"modified":"2016-06-03T10:56:34","modified_gmt":"2016-06-03T13:56:34","slug":"graduacao","status":"publish","type":"page","link":"https:\/\/wp.ufpel.edu.br\/meteorologia\/graduacao\/","title":{"rendered":"Gradua\u00e7\u00e3o"},"content":{"rendered":"<p style=\"text-align: justify\">O Curso de Gradua\u00e7\u00e3o em Meteorologia foi criado na Universidade Federal de Pelotas em 1975 atrav\u00e9s da portaria 04\/75, por ocasi\u00e3o da sua aprova\u00e7\u00e3o pelo Conselho Universit\u00e1rio. Em 1978 o projeto de cria\u00e7\u00e3o foi aprovado pelo Conselho Federal de Educa\u00e7\u00e3o segundo o parecer n\u00ba 1768. O curso iniciou as suas atividades no ano de 1979, vinculado e sediado no Instituto de F\u00edsica e Matem\u00e1tica, ocorrendo a cola\u00e7\u00e3o de grau da 1\u00aa turma em 20 de dezembro de 1982. O ato de reconhecimento pelo Conselho Federal de Educa\u00e7\u00e3o ocorreu em 14 de fevereiro de 1984, atrav\u00e9s da portaria 64\/84. Em 1988 foi fundada a Faculdade de Meteorologia que passou a sediar Curso de Gradua\u00e7\u00e3o e que, atualmente conta tamb\u00e9m, com um Curso de P\u00f3s-gradua\u00e7\u00e3o em Meteorologia, n\u00edvel de mestrado. A estrutura atual da Faculdade compreende o Departamento de Meteorologia (DMet), Centro de Pesquisas e Previs\u00f5es Meteorol\u00f3gicas (CPPMet) e o N\u00facleo de Meteorologia Aplicada (NMA), sendo que administrativamente \u00e9 constitu\u00edda pelo Conselho Departamental, Colegiado do Curso de Gradua\u00e7\u00e3o em Meteorologia e Colegiado do Curso de P\u00f3s-gradua\u00e7\u00e3o em Meteorologia.<\/p>\n","protected":false},"excerpt":{"rendered":"<p>O Curso de Gradua\u00e7\u00e3o em Meteorologia foi criado na Universidade Federal de Pelotas em 1975 atrav\u00e9s da portaria 04\/75, por ocasi\u00e3o da sua aprova\u00e7\u00e3o pelo Conselho Universit\u00e1rio. Em 1978 o projeto de cria\u00e7\u00e3o foi aprovado pelo Conselho Federal de Educa\u00e7\u00e3o segundo o parecer n\u00ba 1768. O curso iniciou as suas atividades no ano de 1979, [&hellip;]<\/p>\n","protected":false},"author":629,"featured_media":0,"parent":0,"menu_order":0,"comment_status":"closed","ping_status":"closed","template":"","meta":{"footnotes":""},"class_list":["post-46","page","type-page","status-publish","hentry"],"jetpack_sharing_enabled":true,"_links":{"self":[{"href":"https:\/\/wp.ufpel.edu.br\/meteorologia\/wp-json\/wp\/v2\/pages\/46","targetHints":{"allow":["GET"]}}],"collection":[{"href":"https:\/\/wp.ufpel.edu.br\/meteorologia\/wp-json\/wp\/v2\/pages"}],"about":[{"href":"https:\/\/wp.ufpel.edu.br\/meteorologia\/wp-json\/wp\/v2\/types\/page"}],"author":[{"embeddable":true,"href":"https:\/\/wp.ufpel.edu.br\/meteorologia\/wp-json\/wp\/v2\/users\/629"}],"replies":[{"embeddable":true,"href":"https:\/\/wp.ufpel.edu.br\/meteorologia\/wp-json\/wp\/v2\/comments?post=46"}],"version-history":[{"count":1,"href":"https:\/\/wp.ufpel.edu.br\/meteorologia\/wp-json\/wp\/v2\/pages\/46\/revisions"}],"predecessor-version":[{"id":48,"href":"https:\/\/wp.ufpel.edu.br\/meteorologia\/wp-json\/wp\/v2\/pages\/46\/revisions\/48"}],"wp:attachment":[{"href":"https:\/\/wp.ufpel.edu.br\/meteorologia\/wp-json\/wp\/v2\/media?parent=46"}],"curies":[{"name":"wp","href":"https:\/\/api.w.org\/{rel}","templated":true}]}}