{"id":408,"date":"2021-10-20T16:49:40","date_gmt":"2021-10-20T19:49:40","guid":{"rendered":"https:\/\/wp.ufpel.edu.br\/meteorologia\/?page_id=408"},"modified":"2021-10-20T16:49:40","modified_gmt":"2021-10-20T19:49:40","slug":"nota-de-falecimento","status":"publish","type":"page","link":"https:\/\/wp.ufpel.edu.br\/meteorologia\/nota-de-falecimento\/","title":{"rendered":"Nota de Falecimento"},"content":{"rendered":"<p><span style=\"font-size: 14pt\"><strong>Nota de Falecimento<\/strong><\/span><\/p>\n<p>&#8220;\u00c9 com pesar que a Faculdade de Meteorologia (FAMET\/UFPEL) comunica o falecimento do docente aposentado, ex-diretor da FAMET, Prof. Ant\u00f4nio Xavier Andrade.<\/p>\n<p>O Prof. Xavier faleceu ontem, 19\/10\/2021, em decorr\u00eancia de complica\u00e7\u00f5es da COVID-19, aos 72 anos de idade, era casado com a servidora da UFPEL, S\u00f4nia Maria Machado das Neves. Seu corpo ser\u00e1 cremado hoje, 20\/10\/2021, em ato f\u00fanebre restrito a fam\u00edlia.<\/p>\n<p>A comunidade da Faculdade de Meteorologia presta solidariedade \u00e0 fam\u00edlia, em especial a querida colega S\u00f4nia.&#8221;<\/p>\n<p>Abs.,<\/p>\n<p>Fabricio.<\/p>\n","protected":false},"excerpt":{"rendered":"<p>Nota de Falecimento &#8220;\u00c9 com pesar que a Faculdade de Meteorologia (FAMET\/UFPEL) comunica o falecimento do docente aposentado, ex-diretor da FAMET, Prof. Ant\u00f4nio Xavier Andrade. O Prof. Xavier faleceu ontem, 19\/10\/2021, em decorr\u00eancia de complica\u00e7\u00f5es da COVID-19, aos 72 anos de idade, era casado com a servidora da UFPEL, S\u00f4nia Maria Machado das Neves. Seu [&hellip;]<\/p>\n","protected":false},"author":681,"featured_media":0,"parent":0,"menu_order":0,"comment_status":"closed","ping_status":"closed","template":"","meta":{"footnotes":""},"class_list":["post-408","page","type-page","status-publish","hentry"],"jetpack_sharing_enabled":true,"_links":{"self":[{"href":"https:\/\/wp.ufpel.edu.br\/meteorologia\/wp-json\/wp\/v2\/pages\/408","targetHints":{"allow":["GET"]}}],"collection":[{"href":"https:\/\/wp.ufpel.edu.br\/meteorologia\/wp-json\/wp\/v2\/pages"}],"about":[{"href":"https:\/\/wp.ufpel.edu.br\/meteorologia\/wp-json\/wp\/v2\/types\/page"}],"author":[{"embeddable":true,"href":"https:\/\/wp.ufpel.edu.br\/meteorologia\/wp-json\/wp\/v2\/users\/681"}],"replies":[{"embeddable":true,"href":"https:\/\/wp.ufpel.edu.br\/meteorologia\/wp-json\/wp\/v2\/comments?post=408"}],"version-history":[{"count":1,"href":"https:\/\/wp.ufpel.edu.br\/meteorologia\/wp-json\/wp\/v2\/pages\/408\/revisions"}],"predecessor-version":[{"id":410,"href":"https:\/\/wp.ufpel.edu.br\/meteorologia\/wp-json\/wp\/v2\/pages\/408\/revisions\/410"}],"wp:attachment":[{"href":"https:\/\/wp.ufpel.edu.br\/meteorologia\/wp-json\/wp\/v2\/media?parent=408"}],"curies":[{"name":"wp","href":"https:\/\/api.w.org\/{rel}","templated":true}]}}