{"id":161,"date":"2016-06-29T09:17:32","date_gmt":"2016-06-29T12:17:32","guid":{"rendered":"https:\/\/wp.ufpel.edu.br\/meteorologia\/?page_id=161"},"modified":"2025-11-28T14:03:20","modified_gmt":"2025-11-28T17:03:20","slug":"teste-previsao","status":"publish","type":"page","link":"https:\/\/wp.ufpel.edu.br\/meteorologia\/teste-previsao\/","title":{"rendered":"PREVIS\u00c3O DO TEMPO"},"content":{"rendered":"<p>Nesta sexta-feira, a passagem de uma frente fria pelo oceano, favorece a forma\u00e7\u00e3o de \u00e1reas de instabilidades com possibilidades de pancadas isoladas de chuva e trovoadas principalmente na metade leste do estado. Com o forte aquecimento a partir do meio do per\u00edodo \u00e1reas de instabilidade podem gerar pancadas isoladas e trovoadas na maior parte das regi\u00f5es do estado e temperaturas m\u00e1ximas que excedem os 35\u00b0C em pontos da metade oeste e Vale Central.<\/p>\n\n","protected":false},"excerpt":{"rendered":"<p>Nesta sexta-feira, a passagem de uma frente fria pelo oceano, favorece a forma\u00e7\u00e3o de \u00e1reas de instabilidades com possibilidades de pancadas isoladas de chuva e trovoadas principalmente na metade leste do estado. Com o forte aquecimento a partir do meio do per\u00edodo \u00e1reas de instabilidade podem gerar pancadas isoladas e trovoadas na maior parte das [&hellip;]<\/p>\n","protected":false},"author":629,"featured_media":0,"parent":0,"menu_order":0,"comment_status":"closed","ping_status":"closed","template":"","meta":{"footnotes":""},"class_list":["post-161","page","type-page","status-publish","hentry"],"jetpack_sharing_enabled":true,"_links":{"self":[{"href":"https:\/\/wp.ufpel.edu.br\/meteorologia\/wp-json\/wp\/v2\/pages\/161","targetHints":{"allow":["GET"]}}],"collection":[{"href":"https:\/\/wp.ufpel.edu.br\/meteorologia\/wp-json\/wp\/v2\/pages"}],"about":[{"href":"https:\/\/wp.ufpel.edu.br\/meteorologia\/wp-json\/wp\/v2\/types\/page"}],"author":[{"embeddable":true,"href":"https:\/\/wp.ufpel.edu.br\/meteorologia\/wp-json\/wp\/v2\/users\/629"}],"replies":[{"embeddable":true,"href":"https:\/\/wp.ufpel.edu.br\/meteorologia\/wp-json\/wp\/v2\/comments?post=161"}],"version-history":[{"count":4,"href":"https:\/\/wp.ufpel.edu.br\/meteorologia\/wp-json\/wp\/v2\/pages\/161\/revisions"}],"predecessor-version":[{"id":797,"href":"https:\/\/wp.ufpel.edu.br\/meteorologia\/wp-json\/wp\/v2\/pages\/161\/revisions\/797"}],"wp:attachment":[{"href":"https:\/\/wp.ufpel.edu.br\/meteorologia\/wp-json\/wp\/v2\/media?parent=161"}],"curies":[{"name":"wp","href":"https:\/\/api.w.org\/{rel}","templated":true}]}}