{"id":42,"date":"2025-08-17T14:57:00","date_gmt":"2025-08-17T17:57:00","guid":{"rendered":"https:\/\/wp.ufpel.edu.br\/metalofar\/?page_id=5"},"modified":"2025-08-17T14:57:00","modified_gmt":"2025-08-17T17:57:00","slug":"producao-cientifica","status":"publish","type":"page","link":"https:\/\/wp.ufpel.edu.br\/metalofar\/producao-cientifica\/","title":{"rendered":"Produ\u00e7\u00e3o Cient\u00edfica"},"content":{"rendered":"<h1>Produ\u00e7\u00e3o Cient\u00edfica<\/h1>\n<p>Sele\u00e7\u00e3o de publica\u00e7\u00f5es do grupo (adicione links de DOI):<\/p>\n<ul>\n<li>Autor(es). <em>T\u00edtulo<\/em>. Peri\u00f3dico, ano. DOI.<\/li>\n<li>Autor(es). <em>T\u00edtulo<\/em>. Peri\u00f3dico, ano. DOI.<\/li>\n<\/ul>\n<h2>Organiza\u00e7\u00e3o por ano<\/h2>\n<p>Crie subt\u00edtulos por ano para facilitar a navega\u00e7\u00e3o.<\/p>\n","protected":false},"excerpt":{"rendered":"<p>Produ\u00e7\u00e3o Cient\u00edfica Sele\u00e7\u00e3o de publica\u00e7\u00f5es do grupo (adicione links de DOI): Autor(es). T\u00edtulo. Peri\u00f3dico, ano. DOI. Autor(es). T\u00edtulo. Peri\u00f3dico, ano. DOI. Organiza\u00e7\u00e3o por ano Crie subt\u00edtulos por ano para facilitar a navega\u00e7\u00e3o.<\/p>\n","protected":false},"author":1484,"featured_media":0,"parent":0,"menu_order":0,"comment_status":"closed","ping_status":"closed","template":"","meta":{"footnotes":""},"class_list":["post-42","page","type-page","status-publish","hentry"],"_links":{"self":[{"href":"https:\/\/wp.ufpel.edu.br\/metalofar\/wp-json\/wp\/v2\/pages\/42","targetHints":{"allow":["GET"]}}],"collection":[{"href":"https:\/\/wp.ufpel.edu.br\/metalofar\/wp-json\/wp\/v2\/pages"}],"about":[{"href":"https:\/\/wp.ufpel.edu.br\/metalofar\/wp-json\/wp\/v2\/types\/page"}],"author":[{"embeddable":true,"href":"https:\/\/wp.ufpel.edu.br\/metalofar\/wp-json\/wp\/v2\/users\/1484"}],"replies":[{"embeddable":true,"href":"https:\/\/wp.ufpel.edu.br\/metalofar\/wp-json\/wp\/v2\/comments?post=42"}],"version-history":[{"count":0,"href":"https:\/\/wp.ufpel.edu.br\/metalofar\/wp-json\/wp\/v2\/pages\/42\/revisions"}],"wp:attachment":[{"href":"https:\/\/wp.ufpel.edu.br\/metalofar\/wp-json\/wp\/v2\/media?parent=42"}],"curies":[{"name":"wp","href":"https:\/\/api.w.org\/{rel}","templated":true}]}}