{"id":36,"date":"2025-08-17T14:57:00","date_gmt":"2025-08-17T17:57:00","guid":{"rendered":"https:\/\/wp.ufpel.edu.br\/metalofar\/?page_id=2"},"modified":"2025-08-17T14:57:00","modified_gmt":"2025-08-17T17:57:00","slug":"sobre","status":"publish","type":"page","link":"https:\/\/wp.ufpel.edu.br\/metalofar\/sobre\/","title":{"rendered":"Sobre"},"content":{"rendered":"<h1>Sobre o MetaloFar<\/h1>\n<p>O MetaloFar \u00e9 um grupo de pesquisa da UFPel com foco em Qu\u00edmica Inorg\u00e2nica Medicinal. Atuamos no desenvolvimento racional de compostos com potencial terap\u00eautico, integrando s\u00edntese, caracteriza\u00e7\u00e3o espectrosc\u00f3pica\/estrutural e avalia\u00e7\u00e3o biol\u00f3gica.<\/p>\n<h2>Miss\u00e3o<\/h2>\n<p>Gerar conhecimento e solu\u00e7\u00f5es em sa\u00fade por meio da qu\u00edmica de coordena\u00e7\u00e3o aplicada.<\/p>\n<h2>Abordagem<\/h2>\n<ul>\n<li>Planejamento e s\u00edntese de ligantes e complexos met\u00e1licos.<\/li>\n<li>Caracteriza\u00e7\u00e3o (UV-Vis, FTIR, RMN, EPR, difra\u00e7\u00e3o, an\u00e1lise elementar).<\/li>\n<li>Docking e modelagem para guiar otimiza\u00e7\u00f5es.<\/li>\n<li>Ensaios <em>in vitro<\/em> (citotoxicidade, genotoxicidade, ROS, ciclo celular, apoptose).<\/li>\n<\/ul>\n","protected":false},"excerpt":{"rendered":"<p>Sobre o MetaloFar O MetaloFar \u00e9 um grupo de pesquisa da UFPel com foco em Qu\u00edmica Inorg\u00e2nica Medicinal. Atuamos no desenvolvimento racional de compostos com potencial terap\u00eautico, integrando s\u00edntese, caracteriza\u00e7\u00e3o espectrosc\u00f3pica\/estrutural e avalia\u00e7\u00e3o biol\u00f3gica. Miss\u00e3o Gerar conhecimento e solu\u00e7\u00f5es em sa\u00fade por meio da qu\u00edmica de coordena\u00e7\u00e3o aplicada. Abordagem Planejamento e s\u00edntese de ligantes e&#8230; <\/p>\n<div class=\"link-more\"><a href=\"https:\/\/wp.ufpel.edu.br\/metalofar\/sobre\/\">Leia mais<\/a><\/div>\n","protected":false},"author":1484,"featured_media":0,"parent":0,"menu_order":0,"comment_status":"closed","ping_status":"closed","template":"","meta":{"footnotes":""},"class_list":["post-36","page","type-page","status-publish","hentry"],"_links":{"self":[{"href":"https:\/\/wp.ufpel.edu.br\/metalofar\/wp-json\/wp\/v2\/pages\/36","targetHints":{"allow":["GET"]}}],"collection":[{"href":"https:\/\/wp.ufpel.edu.br\/metalofar\/wp-json\/wp\/v2\/pages"}],"about":[{"href":"https:\/\/wp.ufpel.edu.br\/metalofar\/wp-json\/wp\/v2\/types\/page"}],"author":[{"embeddable":true,"href":"https:\/\/wp.ufpel.edu.br\/metalofar\/wp-json\/wp\/v2\/users\/1484"}],"replies":[{"embeddable":true,"href":"https:\/\/wp.ufpel.edu.br\/metalofar\/wp-json\/wp\/v2\/comments?post=36"}],"version-history":[{"count":0,"href":"https:\/\/wp.ufpel.edu.br\/metalofar\/wp-json\/wp\/v2\/pages\/36\/revisions"}],"wp:attachment":[{"href":"https:\/\/wp.ufpel.edu.br\/metalofar\/wp-json\/wp\/v2\/media?parent=36"}],"curies":[{"name":"wp","href":"https:\/\/api.w.org\/{rel}","templated":true}]}}