{"id":7401,"date":"2021-07-02T14:12:21","date_gmt":"2021-07-02T17:12:21","guid":{"rendered":"https:\/\/wp.ufpel.edu.br\/mestradoartesvisuais\/?page_id=7401"},"modified":"2021-07-08T09:27:55","modified_gmt":"2021-07-08T12:27:55","slug":"andrea-lacerda-bachettini","status":"publish","type":"page","link":"https:\/\/wp.ufpel.edu.br\/mestradoartesvisuais\/?page_id=7401","title":{"rendered":"Andr\u00e9a Lacerda Bachettini"},"content":{"rendered":"<p><a href=\"https:\/\/wp.ufpel.edu.br\/mestradoartesvisuais\/files\/2021\/07\/Foto-Andre\u0301a-Bachettini-1.png\"><img class=\"alignnone wp-image-7511\" src=\"https:\/\/wp.ufpel.edu.br\/mestradoartesvisuais\/files\/2021\/07\/Foto-Andre\u0301a-Bachettini-1.png\" alt=\"\" width=\"202\" height=\"202\" \/><\/a><span style=\"font-family: georgia, palatino, serif;font-size: 12pt\"><span style=\"font-size: 18pt\"><strong><span style=\"font-family: 'trebuchet ms', geneva, sans-serif\">Andr\u00e9a Lacerda Bachettini <span style=\"font-size: 10pt;color: #999999\">\/\u00a0<\/span><\/span><\/strong><\/span><span style=\"font-family: 'trebuchet ms', geneva, sans-serif;font-size: 10pt\"><a href=\"http:\/\/lattes.cnpq.br\/9751810424118201\" target=\"_blank\" rel=\"noopener noreferrer\"><span style=\"color: #999999\">Curr\u00edculum Lattes<\/span><\/a><br \/>\n<strong>Linha de Pesquisa<\/strong>: <a href=\"https:\/\/wp.ufpel.edu.br\/mestradoartesvisuais\/linhas-de-pesquisa\/educacao-em-artes-e-processos-de-formacao-estetica\/\">Educa\u00e7\u00e3o em Artes e Processos de Forma\u00e7\u00e3o Est\u00e9tica<\/a><br \/>\n<\/span><\/span><span style=\"font-family: georgia, palatino, serif;font-size: 12pt\"><span style=\"font-family: 'trebuchet ms', geneva, sans-serif;font-size: 10pt\"><strong>E-mail: <\/strong>andreabachettini@gmail.com<\/span><\/span><\/p>\n<p style=\"text-align: justify\"><span style=\"font-family: 'trebuchet ms', geneva, sans-serif;font-size: 10pt\"><strong>Texto introdut\u00f3rio:<\/strong> Possui Gradua\u00e7\u00e3o em Gravura pela Universidade Federal de Pelotas (1992), Gradua\u00e7\u00e3o em Pintura pela Universidade Federal de Pelotas (1994), Especializa\u00e7\u00e3o em Patrim\u00f4nio Cultural: Conserva\u00e7\u00e3o de Artefatos pela Universidade Federal de Pelotas (1997), Especializa\u00e7\u00e3o em Conserva\u00e7\u00e3o e Restaura\u00e7\u00e3o de Bens Culturais pela Universidade Federal de Minas Gerais (2001) e Mestrado em Hist\u00f3ria pela Pontif\u00edcia Universidade Cat\u00f3lica do Rio Grande do Sul (2003), Doutora pelo Programa de P\u00f3s-Gradua\u00e7\u00e3o em Mem\u00f3ria Social e Patrim\u00f4nio Cultural do ICH\/UFPel ( 2013-2017). Foi bolsista do Programa de Coopera\u00e7\u00e3o Ibero Americana na Universidade de Granada &#8211; ES (1996), com pesquisa na \u00e1rea de Pintura Enca\u00fastica, e na Universidade Polit\u00e9cnica de Valencia-ES (1998), com pesquisa na \u00e1rea de Conserva\u00e7\u00e3o e Restauro de Bens Culturais: Restaura\u00e7\u00e3o de Pintura Mural e Escultura Policromada. Foi Restauradora fundadora da Restauratus Conserva\u00e7\u00e3o e Restaura\u00e7\u00e3o de Bens M\u00f3veis Ltda.. Atualmente exerce a carreira de magist\u00e9rio superior, classe professor Adjunto N\u00edvel IV do Departamento de Museologia Conserva\u00e7\u00e3o e Restauro do Instituto de Ci\u00eancias Humanas, da Universidade Federal de Pelotas, atuando no Curso de Bacharelado em Conserva\u00e7\u00e3o e Restauro de Bens Culturais. Professora do Programa de P\u00f3-Gradua\u00e7\u00e3o em Artes do Centro de Artes da UFPel. Faz parte da Comiss\u00e3o Executiva da Rede de Museus da UFPel. Chefia a Divis\u00e3o de Mapeamento e Invent\u00e1rios em Extens\u00e3o da Pro-Reitoria de Extens\u00e3o e Cultura da UFPel. \u00c9 Vice-diretora do Instituto de Ci\u00eancias Humanas da UFPel. Foi presidente da ACOR-RS (Associa\u00e7\u00e3o dos Conservadores Restauradores de Bens Culturais do RGS) (2011-2013), foi Vice-Presidente desta associa\u00e7\u00e3o (2017-2019) e atualmente \u00e9 membro do conselho consultivo (2019-2021). \u00c9 associada \u00e0 ABRACOR (Associa\u00e7\u00e3o Brasileira de Conservadores e Restauradores de Bens Culturais) desde 2000, \u00e9 Membro do ICOM (Conselho Internacional de Museus), foi membro do IIC (The International Institute for Conservation of Historic and Artistic Works). Tem experi\u00eancia na \u00e1rea de Artes, com \u00eanfase em Conserva\u00e7\u00e3o e Restaura\u00e7\u00e3o, atuando principalmente nos seguintes temas: artes pl\u00e1sticas, conserva\u00e7\u00e3o\/restaura\u00e7\u00e3o: azulejos, pintura mural, pintura de cavalete, esculturas policromadas, obras de arte em papel e acervos de museus.\u00a0(Texto extra\u00eddo diretamente da plataforma Lattes)<\/span><\/p>\n<hr \/>\n<p><span style=\"font-family: 'trebuchet ms', geneva, sans-serif;font-size: 10pt\"><strong>PROJETOS DE PESQUISA<br \/>\n<\/strong><\/span><span style=\"font-family: 'trebuchet ms', geneva, sans-serif;font-size: 10pt\">Conserva\u00e7\u00e3o preventiva de bens culturais.<br \/>\n<\/span><span style=\"font-family: 'trebuchet ms', geneva, sans-serif;font-size: 10pt\">\u00a0<\/span><\/p>\n<p><span style=\"font-family: 'trebuchet ms', geneva, sans-serif;font-size: 10pt\"><strong>GRUPOS DE PESQUISA<br \/>\n<\/strong>Pesquisa em conserva\u00e7\u00e3o e restaura\u00e7\u00e3o de bens culturais m\u00f3veis e integrados.<\/span><\/p>\n<p><span style=\"font-family: 'trebuchet ms', geneva, sans-serif;font-size: 10pt\"><br \/>\n<\/span><span style=\"font-family: 'trebuchet ms', geneva, sans-serif;font-size: 10pt\"><strong>PESQUISAS ORIENTADAS<br \/>\n<\/strong><\/span><span style=\"font-family: 'trebuchet ms', geneva, sans-serif;font-size: 10pt\"><br \/>\n<\/span><\/p>\n<h3 style=\"text-align: center\"><\/h3>\n<h3 style=\"text-align: center\"><\/h3>\n<div class=\"layout-cell-pad-5 text-align-right\"><\/div>\n<div><\/div>\n<div><\/div>\n<div><\/div>\n<div><\/div>\n<div class=\"layout-cell layout-cell-1 text-align-right\"><\/div>\n<div class=\"ms-editor-squiggler\" style=\"color: initial;font: initial;background: initial;background-blend-mode: initial;border: initial;border-radius: initial;border-collapse: initial;caption-side: initial;clear: initial;columns: initial;column-fill: initial;column-rule: initial;column-span: initial;cursor: initial;flex: initial;flex-flow: initial;float: initial;height: 0px;letter-spacing: initial;margin: initial;max-height: initial;max-width: initial;min-height: initial;min-width: initial;overflow: initial;padding: initial;text-align: initial;text-decoration: initial;text-indent: initial;text-transform: initial;vertical-align: initial;border-spacing: initial;width: initial\"><\/div>\n<div class=\"ms-editor-squiggler\" style=\"color: initial;font: initial;background: initial;background-blend-mode: initial;border: initial;border-radius: initial;border-collapse: initial;caption-side: initial;clear: initial;columns: initial;column-fill: initial;column-rule: initial;column-span: initial;cursor: initial;flex: initial;flex-flow: initial;float: initial;height: 0px;letter-spacing: initial;margin: initial;max-height: initial;max-width: initial;min-height: initial;min-width: initial;overflow: initial;padding: initial;text-align: initial;text-decoration: initial;text-indent: initial;text-transform: initial;vertical-align: initial;border-spacing: initial;width: initial\"><\/div>\n<div class=\"ms-editor-squiggler\" style=\"color: initial;font: initial;background: initial;background-blend-mode: initial;border: initial;border-radius: initial;border-collapse: initial;caption-side: initial;clear: initial;columns: initial;column-fill: initial;column-rule: initial;column-span: initial;cursor: initial;flex: initial;flex-flow: initial;float: initial;height: 0px;letter-spacing: initial;margin: initial;max-height: initial;max-width: initial;min-height: initial;min-width: initial;overflow: initial;padding: initial;text-align: initial;text-decoration: initial;text-indent: initial;text-transform: initial;vertical-align: initial;border-spacing: initial;width: initial\"><\/div>\n<div class=\"ms-editor-squiggler\" style=\"color: initial;font: initial;background: initial;background-blend-mode: initial;border: initial;border-radius: initial;border-collapse: initial;caption-side: initial;clear: initial;columns: initial;column-fill: initial;column-rule: initial;column-span: initial;cursor: initial;flex: initial;flex-flow: initial;float: initial;height: 0px;letter-spacing: initial;margin: initial;max-height: initial;max-width: initial;min-height: initial;min-width: initial;overflow: initial;padding: initial;text-align: initial;text-decoration: initial;text-indent: initial;text-transform: initial;vertical-align: initial;border-spacing: initial;width: initial\"><\/div>\n<div class=\"ms-editor-squiggler\" style=\"color: initial;font: initial;background: initial;background-blend-mode: initial;border: initial;border-radius: initial;border-collapse: initial;caption-side: initial;clear: initial;columns: initial;column-fill: initial;column-rule: initial;column-span: initial;cursor: initial;flex: initial;flex-flow: initial;float: initial;height: 0px;letter-spacing: initial;margin: initial;max-height: initial;max-width: initial;min-height: initial;min-width: initial;overflow: initial;padding: initial;text-align: initial;text-decoration: initial;text-indent: initial;text-transform: initial;vertical-align: initial;border-spacing: initial;width: initial\"><\/div>\n<div class=\"ms-editor-squiggler\" style=\"color: initial;font: initial;background: initial;background-blend-mode: initial;border: initial;border-radius: initial;border-collapse: initial;caption-side: initial;clear: initial;columns: initial;column-fill: initial;column-rule: initial;column-span: initial;cursor: initial;flex: initial;flex-flow: initial;float: initial;height: 0px;letter-spacing: initial;margin: initial;max-height: initial;max-width: initial;min-height: initial;min-width: initial;overflow: initial;padding: initial;text-align: initial;text-decoration: initial;text-indent: initial;text-transform: initial;vertical-align: initial;border-spacing: initial;width: initial\"><\/div>\n<div class=\"ms-editor-squiggler\" style=\"color: initial;font: initial;background: initial;background-blend-mode: initial;border: initial;border-radius: initial;border-collapse: initial;caption-side: initial;clear: initial;columns: initial;column-fill: initial;column-rule: initial;column-span: initial;cursor: initial;flex: initial;flex-flow: initial;float: initial;height: 0px;letter-spacing: initial;margin: initial;max-height: initial;max-width: initial;min-height: initial;min-width: initial;overflow: initial;padding: initial;text-align: initial;text-decoration: initial;text-indent: initial;text-transform: initial;vertical-align: initial;border-spacing: initial;width: initial\"><\/div>\n<div class=\"ms-editor-squiggler\" style=\"color: initial;font: initial;background: initial;background-blend-mode: initial;border: initial;border-radius: initial;border-collapse: initial;caption-side: initial;clear: initial;columns: initial;column-fill: initial;column-rule: initial;column-span: initial;cursor: initial;flex: initial;flex-flow: initial;float: initial;height: 0px;letter-spacing: initial;margin: initial;max-height: initial;max-width: initial;min-height: initial;min-width: initial;overflow: initial;padding: initial;text-align: initial;text-decoration: initial;text-indent: initial;text-transform: initial;vertical-align: initial;border-spacing: initial;width: initial\"><\/div>\n<div class=\"ms-editor-squiggler\" style=\"color: initial;font: initial;background: initial;background-blend-mode: initial;border: initial;border-radius: initial;border-collapse: initial;caption-side: initial;clear: initial;columns: initial;column-fill: initial;column-rule: initial;column-span: initial;cursor: initial;flex: initial;flex-flow: initial;float: initial;height: 0px;letter-spacing: initial;margin: initial;max-height: initial;max-width: initial;min-height: initial;min-width: initial;overflow: initial;padding: initial;text-align: initial;text-decoration: initial;text-indent: initial;text-transform: initial;vertical-align: initial;border-spacing: initial;width: initial\"><\/div>\n<div class=\"ms-editor-squiggler\" style=\"color: initial;font: initial;background: initial;background-blend-mode: initial;border: initial;border-radius: initial;border-collapse: initial;caption-side: initial;clear: initial;columns: initial;column-fill: initial;column-rule: initial;column-span: initial;cursor: initial;flex: initial;flex-flow: initial;float: initial;height: 0px;letter-spacing: initial;margin: initial;max-height: initial;max-width: initial;min-height: initial;min-width: initial;overflow: initial;padding: initial;text-align: initial;text-decoration: initial;text-indent: initial;text-transform: initial;vertical-align: initial;border-spacing: initial;width: initial\"><\/div>\n","protected":false},"excerpt":{"rendered":"<p>Andr\u00e9a Lacerda Bachettini \/\u00a0Curr\u00edculum Lattes Linha de Pesquisa: Educa\u00e7\u00e3o em Artes e Processos de Forma\u00e7\u00e3o Est\u00e9tica E-mail: andreabachettini@gmail.com Texto introdut\u00f3rio: Possui Gradua\u00e7\u00e3o em Gravura pela Universidade Federal de Pelotas (1992), Gradua\u00e7\u00e3o em Pintura pela Universidade Federal de Pelotas (1994), Especializa\u00e7\u00e3o em Patrim\u00f4nio Cultural: Conserva\u00e7\u00e3o de Artefatos pela Universidade Federal de Pelotas (1997), Especializa\u00e7\u00e3o em Conserva\u00e7\u00e3o [&hellip;]<\/p>\n","protected":false},"author":301,"featured_media":0,"parent":0,"menu_order":0,"comment_status":"closed","ping_status":"closed","template":"","meta":{"jetpack_post_was_ever_published":false,"footnotes":""},"class_list":["post-7401","page","type-page","status-publish","hentry"],"jetpack_sharing_enabled":true,"_links":{"self":[{"href":"https:\/\/wp.ufpel.edu.br\/mestradoartesvisuais\/index.php?rest_route=\/wp\/v2\/pages\/7401","targetHints":{"allow":["GET"]}}],"collection":[{"href":"https:\/\/wp.ufpel.edu.br\/mestradoartesvisuais\/index.php?rest_route=\/wp\/v2\/pages"}],"about":[{"href":"https:\/\/wp.ufpel.edu.br\/mestradoartesvisuais\/index.php?rest_route=\/wp\/v2\/types\/page"}],"author":[{"embeddable":true,"href":"https:\/\/wp.ufpel.edu.br\/mestradoartesvisuais\/index.php?rest_route=\/wp\/v2\/users\/301"}],"replies":[{"embeddable":true,"href":"https:\/\/wp.ufpel.edu.br\/mestradoartesvisuais\/index.php?rest_route=%2Fwp%2Fv2%2Fcomments&post=7401"}],"version-history":[{"count":10,"href":"https:\/\/wp.ufpel.edu.br\/mestradoartesvisuais\/index.php?rest_route=\/wp\/v2\/pages\/7401\/revisions"}],"predecessor-version":[{"id":7513,"href":"https:\/\/wp.ufpel.edu.br\/mestradoartesvisuais\/index.php?rest_route=\/wp\/v2\/pages\/7401\/revisions\/7513"}],"wp:attachment":[{"href":"https:\/\/wp.ufpel.edu.br\/mestradoartesvisuais\/index.php?rest_route=%2Fwp%2Fv2%2Fmedia&parent=7401"}],"curies":[{"name":"wp","href":"https:\/\/api.w.org\/{rel}","templated":true}]}}