{"id":6366,"date":"2021-04-06T18:33:41","date_gmt":"2021-04-06T21:33:41","guid":{"rendered":"https:\/\/wp.ufpel.edu.br\/mestradoartesvisuais\/?page_id=6366"},"modified":"2021-04-08T17:07:01","modified_gmt":"2021-04-08T20:07:01","slug":"spmav","status":"publish","type":"page","link":"https:\/\/wp.ufpel.edu.br\/mestradoartesvisuais\/?page_id=6366","title":{"rendered":"SPMAV"},"content":{"rendered":"<p><img class=\"aligncenter wp-image-6372 size-large\" src=\"https:\/\/wp.ufpel.edu.br\/mestradoartesvisuais\/files\/2021\/04\/SPMAV-2020-04-1024x764.png\" alt=\"\" width=\"1024\" height=\"764\" srcset=\"https:\/\/wp.ufpel.edu.br\/mestradoartesvisuais\/files\/2021\/04\/SPMAV-2020-04-1024x764.png 1024w, https:\/\/wp.ufpel.edu.br\/mestradoartesvisuais\/files\/2021\/04\/SPMAV-2020-04-400x299.png 400w, https:\/\/wp.ufpel.edu.br\/mestradoartesvisuais\/files\/2021\/04\/SPMAV-2020-04-768x573.png 768w, https:\/\/wp.ufpel.edu.br\/mestradoartesvisuais\/files\/2021\/04\/SPMAV-2020-04-1536x1146.png 1536w, https:\/\/wp.ufpel.edu.br\/mestradoartesvisuais\/files\/2021\/04\/SPMAV-2020-04.png 1947w\" sizes=\"(max-width: 1024px) 100vw, 1024px\" \/><\/p>\n<p><span style=\"font-family: georgia, palatino, serif;font-size: 14pt\"><span style=\"font-family: 'trebuchet ms', geneva, sans-serif\"><strong>\/\/ SPMAV &#8211; Semin\u00e1rio de Pesquisa do Mestrado em Artes Visuais da UFPel<\/strong><\/span><\/span><\/p>\n<hr \/>\n<p style=\"text-align: justify\"><span style=\"font-family: 'trebuchet ms', geneva, sans-serif;font-size: 10pt\">Frente \u00e0s resson\u00e2ncias e amplitudes que o programa possibilita, nasce juntamente com o curso, o <strong>Semin\u00e1rio de Pesquisa do Mestrado em Artes Visuais (SPMAV)<\/strong>, um evento anual realizado por discentes e docentes do Programa de P\u00f3s-Gradua\u00e7\u00e3o em Artes Visuais (PPGAVI), do Centro de Artes da Universidade Federal de Pelotas (UFPel).<\/span><\/p>\n<p style=\"text-align: justify\"><span style=\"font-family: 'trebuchet ms', geneva, sans-serif;font-size: 10pt\">A cria\u00e7\u00e3o art\u00edstica contempor\u00e2nea suscita as din\u00e2micas coletivas e colaborativas e prop\u00f5e pesquisas de cunho interdisciplinar. O SPMAV teve sua primeira edi\u00e7\u00e3o em 2012 e surgiu com o objetivo de fomentar, por meio de uma abordagem transdisciplinar e interinstitucional, o debate acerca da produ\u00e7\u00e3o de conhecimento no campo das artes. O evento visa propiciar um ambiente para compartilhar resultados de pesquisa entre pesquisadores, com a comunidade acad\u00eamica e com o p\u00fablico em geral e fomentar a participa\u00e7\u00e3o de pesquisadores de Programas de P\u00f3s-Gradua\u00e7\u00e3o e de estudantes gradua\u00e7\u00e3o de diferentes Institui\u00e7\u00f5es em eventos cient\u00edficos e de inova\u00e7\u00e3o tecnol\u00f3gica. Al\u00e9m disso, ao potencializar o uso das tecnologias de comunica\u00e7\u00e3o virtual, busca impactar positivamente a abrang\u00eancia regional, nacional e internacional do evento. <strong>Pretende-se, a partir deste evento, solidificar rela\u00e7\u00f5es interinstitucionais, que contribuem para qualificar a pesquisa art\u00edstica e reflexiva, com interc\u00e2mbio de conhecimentos e experi\u00eancias.<\/strong> A forma\u00e7\u00e3o desta rede tamb\u00e9m deve potencializar o alcance dos resultados e a abrang\u00eancia do evento e inclui a preocupa\u00e7\u00e3o com a internacionaliza\u00e7\u00e3o, como forma de divulga\u00e7\u00e3o da pesquisa brasileira no exterior. A concentra\u00e7\u00e3o de pesquisadores apresentando e discutindo suas pesquisas atuais nas \u00e1reas de po\u00e9ticas, educa\u00e7\u00e3o e teoria tem potencial de impacto pela cria\u00e7\u00e3o de ambiente prop\u00edcio \u00e0 atualiza\u00e7\u00e3o dos mesmos e das comunidades acad\u00eamica e art\u00edstica locais, al\u00e9m do adensamento das pesquisas que \u00e9 proporcionado pelo debate com os pares e pesquisadores de \u00e1reas correlatas. A publica\u00e7\u00e3o de Anais amplia a abrang\u00eancia para al\u00e9m da dura\u00e7\u00e3o do evento em si, bem como as exposi\u00e7\u00f5es e as atividades art\u00edsticas promovidas e registradas por meio das redes estendem seu impacto cultural.<\/span><\/p>\n<p>&nbsp;<\/p>\n<p><img class=\"aligncenter wp-image-6380 size-large\" src=\"https:\/\/wp.ufpel.edu.br\/mestradoartesvisuais\/files\/2021\/04\/spmav_cabeca-1024x373.jpg\" alt=\"\" width=\"1024\" height=\"373\" srcset=\"https:\/\/wp.ufpel.edu.br\/mestradoartesvisuais\/files\/2021\/04\/spmav_cabeca-1024x373.jpg 1024w, https:\/\/wp.ufpel.edu.br\/mestradoartesvisuais\/files\/2021\/04\/spmav_cabeca-400x146.jpg 400w, https:\/\/wp.ufpel.edu.br\/mestradoartesvisuais\/files\/2021\/04\/spmav_cabeca-768x280.jpg 768w, https:\/\/wp.ufpel.edu.br\/mestradoartesvisuais\/files\/2021\/04\/spmav_cabeca-1536x559.jpg 1536w, https:\/\/wp.ufpel.edu.br\/mestradoartesvisuais\/files\/2021\/04\/spmav_cabeca-2048x746.jpg 2048w\" sizes=\"(max-width: 1024px) 100vw, 1024px\" \/><\/p>\n<p>&nbsp;<\/p>\n<p><span style=\"font-family: 'trebuchet ms', geneva, sans-serif;font-size: 10pt\">\/ para mais informa\u00e7\u00f5es referente ao Semin\u00e1rio de Pesquisa do Mestrado em Artes Visuais da UFPel, acesse:<\/span><\/p>\n<p style=\"padding-left: 40px\"><span style=\"font-family: 'trebuchet ms', geneva, sans-serif\"><span style=\"font-size: 12pt\"><span style=\"font-size: 18pt\"><span style=\"font-size: 14pt\"><span style=\"font-size: 10pt\">\/ <strong>SITE<\/strong> do evento online:<br \/>\n<\/span><\/span><\/span><\/span><a href=\"https:\/\/wp.ufpel.edu.br\/spmav\/\" target=\"_blank\" rel=\"noopener noreferrer\"><strong>SPMAV &#8211; Semin\u00e1rio de Pesquisa do Mestrado em Artes Visuais da UFPel<\/strong><\/a><\/span><\/p>\n<p style=\"padding-left: 40px\"><span style=\"font-family: 'trebuchet ms', geneva, sans-serif\"><span style=\"font-size: 12pt\"><span style=\"font-size: 18pt\"><span style=\"font-size: 14pt\"><span style=\"font-size: 10pt\">\/ <strong>Canal SPMAV<\/strong> com palestras e mesas-redondas:<br \/>\n<\/span><\/span><\/span><\/span><span style=\"font-size: 10pt\"><strong><span style=\"color: #999999\"><a href=\"https:\/\/www.youtube.com\/channel\/UCopoxqwO9CAdAKTFgPQ7iJw?view_as=subscriber\" target=\"_blank\" rel=\"noopener noreferrer\">Youtube ( SPMAV UFPel )<\/a><\/span><\/strong><\/span><\/span><\/p>\n<p style=\"padding-left: 40px\"><span style=\"font-family: 'trebuchet ms', geneva, sans-serif\"><span style=\"font-size: 12pt\"><span style=\"font-size: 18pt\"><span style=\"font-size: 14pt\"><span style=\"font-size: 10pt\">\/ <strong>ANAIS<\/strong> dos eventos anteriores:<br \/>\n<\/span><\/span><\/span><\/span><a href=\"https:\/\/wp.ufpel.edu.br\/mestradoartesvisuais\/publicacoes\/anais-spmav\/\" target=\"_blank\" rel=\"noopener noreferrer\"><span style=\"font-size: 10pt\"><strong>ANAIS SPMAV<\/strong><\/span><\/a><br \/>\n<\/span><\/p>\n<p style=\"padding-left: 40px\"><span style=\"font-family: 'trebuchet ms', geneva, sans-serif\"><span style=\"font-size: 12pt\"><span style=\"font-size: 18pt\"><span style=\"font-size: 14pt\"><span style=\"font-size: 10pt\">\/ <strong>REDES SOCIAIS<\/strong>\u00a0do evento:<br \/>\n<\/span><\/span><\/span><\/span><span style=\"font-size: 10pt\"><a href=\"https:\/\/www.facebook.com\/spmav.ufpel\" target=\"_blank\" rel=\"noopener noreferrer\"><strong>Facebook ( @spmav.ufpel )<\/strong><\/a><strong> <span style=\"color: #999999\">\/ <a href=\"https:\/\/www.instagram.com\/spmav_ufpel\/\" target=\"_blank\" rel=\"noopener noreferrer\">Instagram ( @spmav_ufpel )<\/a><\/span><\/strong><\/span><\/span><\/p>\n<p style=\"padding-left: 40px\"><span style=\"font-family: 'trebuchet ms', geneva, sans-serif\"><span style=\"font-size: 12pt\"><span style=\"font-size: 18pt\"><span style=\"font-size: 14pt\"><span style=\"font-size: 10pt\">\/ <b>EMAIL<\/b> para contato:<br \/>\n<\/span><\/span><\/span><\/span><span style=\"font-size: 10pt\">ufpel.spmav@gmail.com<\/span><\/span><\/p>\n<div class=\"ms-editor-squiggler\" style=\"color: initial;font: initial;background: initial;background-blend-mode: initial;border: initial;border-radius: initial;border-collapse: initial;caption-side: initial;clear: initial;columns: initial;column-fill: initial;column-rule: initial;column-span: initial;cursor: initial;flex: initial;flex-flow: initial;float: initial;height: 0px;letter-spacing: initial;margin: initial;max-height: initial;max-width: initial;min-height: initial;min-width: initial;overflow: initial;padding: initial;text-align: initial;text-decoration: initial;text-indent: initial;text-transform: initial;vertical-align: initial;border-spacing: initial;width: initial\"><\/div>\n<div class=\"ms-editor-squiggler\" style=\"color: initial;font: initial;background: initial;background-blend-mode: initial;border: initial;border-radius: initial;border-collapse: initial;caption-side: initial;clear: initial;columns: initial;column-fill: initial;column-rule: initial;column-span: initial;cursor: initial;flex: initial;flex-flow: initial;float: initial;height: 0px;letter-spacing: initial;margin: initial;max-height: initial;max-width: initial;min-height: initial;min-width: initial;overflow: initial;padding: initial;text-align: initial;text-decoration: initial;text-indent: initial;text-transform: initial;vertical-align: initial;border-spacing: initial;width: initial\"><\/div>\n<div class=\"ms-editor-squiggler\" style=\"color: initial;font: initial;background: initial;background-blend-mode: initial;border: initial;border-radius: initial;border-collapse: initial;caption-side: initial;clear: initial;columns: initial;column-fill: initial;column-rule: initial;column-span: initial;cursor: initial;flex: initial;flex-flow: initial;float: initial;height: 0px;letter-spacing: initial;margin: initial;max-height: initial;max-width: initial;min-height: initial;min-width: initial;overflow: initial;padding: initial;text-align: initial;text-decoration: initial;text-indent: initial;text-transform: initial;vertical-align: initial;border-spacing: initial;width: initial\"><\/div>\n<div class=\"ms-editor-squiggler\" style=\"color: initial;font: initial;background: initial;background-blend-mode: initial;border: initial;border-radius: initial;border-collapse: initial;caption-side: initial;clear: initial;columns: initial;column-fill: initial;column-rule: initial;column-span: initial;cursor: initial;flex: initial;flex-flow: initial;float: initial;height: 0px;letter-spacing: initial;margin: initial;max-height: initial;max-width: initial;min-height: initial;min-width: initial;overflow: initial;padding: initial;text-align: initial;text-decoration: initial;text-indent: initial;text-transform: initial;vertical-align: initial;border-spacing: initial;width: initial\"><\/div>\n<div class=\"ms-editor-squiggler\" style=\"color: initial;font: initial;background: initial;background-blend-mode: initial;border: initial;border-radius: initial;border-collapse: initial;caption-side: initial;clear: initial;columns: initial;column-fill: initial;column-rule: initial;column-span: initial;cursor: initial;flex: initial;flex-flow: initial;float: initial;height: 0px;letter-spacing: initial;margin: initial;max-height: initial;max-width: initial;min-height: initial;min-width: initial;overflow: initial;padding: initial;text-align: initial;text-decoration: initial;text-indent: initial;text-transform: initial;vertical-align: initial;border-spacing: initial;width: initial\"><\/div>\n<div class=\"ms-editor-squiggler\" style=\"color: initial;font: initial;background: initial;background-blend-mode: initial;border: initial;border-radius: initial;border-collapse: initial;caption-side: initial;clear: initial;columns: initial;column-fill: initial;column-rule: initial;column-span: initial;cursor: initial;flex: initial;flex-flow: initial;float: initial;height: 0px;letter-spacing: initial;margin: initial;max-height: initial;max-width: initial;min-height: initial;min-width: initial;overflow: initial;padding: initial;text-align: initial;text-decoration: initial;text-indent: initial;text-transform: initial;vertical-align: initial;border-spacing: initial;width: initial\"><\/div>\n<div class=\"ms-editor-squiggler\" style=\"color: initial;font: initial;background: initial;background-blend-mode: initial;border: initial;border-radius: initial;border-collapse: initial;caption-side: initial;clear: initial;columns: initial;column-fill: initial;column-rule: initial;column-span: initial;cursor: initial;flex: initial;flex-flow: initial;float: initial;height: 0px;letter-spacing: initial;margin: initial;max-height: initial;max-width: initial;min-height: initial;min-width: initial;overflow: initial;padding: initial;text-align: initial;text-decoration: initial;text-indent: initial;text-transform: initial;vertical-align: initial;border-spacing: initial;width: initial\"><\/div>\n<div class=\"ms-editor-squiggler\" style=\"color: initial;font: initial;background: initial;background-blend-mode: initial;border: initial;border-radius: initial;border-collapse: initial;caption-side: initial;clear: initial;columns: initial;column-fill: initial;column-rule: initial;column-span: initial;cursor: initial;flex: initial;flex-flow: initial;float: initial;height: 0px;letter-spacing: initial;margin: initial;max-height: initial;max-width: initial;min-height: initial;min-width: initial;overflow: initial;padding: initial;text-align: initial;text-decoration: initial;text-indent: initial;text-transform: initial;vertical-align: initial;border-spacing: initial;width: initial\"><\/div>\n<div class=\"ms-editor-squiggler\" style=\"color: initial;font: initial;background: initial;background-blend-mode: initial;border: initial;border-radius: initial;border-collapse: initial;caption-side: initial;clear: initial;columns: initial;column-fill: initial;column-rule: initial;column-span: initial;cursor: initial;flex: initial;flex-flow: initial;float: initial;height: 0px;letter-spacing: initial;margin: initial;max-height: initial;max-width: initial;min-height: initial;min-width: initial;overflow: initial;padding: initial;text-align: initial;text-decoration: initial;text-indent: initial;text-transform: initial;vertical-align: initial;border-spacing: initial;width: initial\"><\/div>\n<div class=\"ms-editor-squiggler\" style=\"color: initial;font: initial;background: initial;background-blend-mode: initial;border: initial;border-radius: initial;border-collapse: initial;caption-side: initial;clear: initial;columns: initial;column-fill: initial;column-rule: initial;column-span: initial;cursor: initial;flex: initial;flex-flow: initial;float: initial;height: 0px;letter-spacing: initial;margin: initial;max-height: initial;max-width: initial;min-height: initial;min-width: initial;overflow: initial;padding: initial;text-align: initial;text-decoration: initial;text-indent: initial;text-transform: initial;vertical-align: initial;border-spacing: initial;width: initial\"><\/div>\n<div class=\"ms-editor-squiggler\" style=\"color: initial;font: initial;background: initial;background-blend-mode: initial;border: initial;border-radius: initial;border-collapse: initial;caption-side: initial;clear: initial;columns: initial;column-fill: initial;column-rule: initial;column-span: initial;cursor: initial;flex: initial;flex-flow: initial;float: initial;height: 0px;letter-spacing: initial;margin: initial;max-height: initial;max-width: initial;min-height: initial;min-width: initial;overflow: initial;padding: initial;text-align: initial;text-decoration: initial;text-indent: initial;text-transform: initial;vertical-align: initial;border-spacing: initial;width: initial\"><\/div>\n<div class=\"ms-editor-squiggler\" style=\"color: initial;font: initial;background: initial;background-blend-mode: initial;border: initial;border-radius: initial;border-collapse: initial;caption-side: initial;clear: initial;columns: initial;column-fill: initial;column-rule: initial;column-span: initial;cursor: initial;flex: initial;flex-flow: initial;float: initial;height: 0px;letter-spacing: initial;margin: initial;max-height: initial;max-width: initial;min-height: initial;min-width: initial;overflow: initial;padding: initial;text-align: initial;text-decoration: initial;text-indent: initial;text-transform: initial;vertical-align: initial;border-spacing: initial;width: initial\"><\/div>\n<div class=\"ms-editor-squiggler\" style=\"color: initial;font: initial;background: initial;background-blend-mode: initial;border: initial;border-radius: initial;border-collapse: initial;caption-side: initial;clear: initial;columns: initial;column-fill: initial;column-rule: initial;column-span: initial;cursor: initial;flex: initial;flex-flow: initial;float: initial;height: 0px;letter-spacing: initial;margin: initial;max-height: initial;max-width: initial;min-height: initial;min-width: initial;overflow: initial;padding: initial;text-align: initial;text-decoration: initial;text-indent: initial;text-transform: initial;vertical-align: initial;border-spacing: initial;width: initial\"><\/div>\n<div class=\"ms-editor-squiggler\" style=\"color: initial;font: initial;background: initial;background-blend-mode: initial;border: initial;border-radius: initial;border-collapse: initial;caption-side: initial;clear: initial;columns: initial;column-fill: initial;column-rule: initial;column-span: initial;cursor: initial;flex: initial;flex-flow: initial;float: initial;height: 0px;letter-spacing: initial;margin: initial;max-height: initial;max-width: initial;min-height: initial;min-width: initial;overflow: initial;padding: initial;text-align: initial;text-decoration: initial;text-indent: initial;text-transform: initial;vertical-align: initial;border-spacing: initial;width: initial\"><\/div>\n<div class=\"ms-editor-squiggler\" style=\"color: initial;font: initial;background: initial;background-blend-mode: initial;border: initial;border-radius: initial;border-collapse: initial;caption-side: initial;clear: initial;columns: initial;column-fill: initial;column-rule: initial;column-span: initial;cursor: initial;flex: initial;flex-flow: initial;float: initial;height: 0px;letter-spacing: initial;margin: initial;max-height: initial;max-width: initial;min-height: initial;min-width: initial;overflow: initial;padding: initial;text-align: initial;text-decoration: initial;text-indent: initial;text-transform: initial;vertical-align: initial;border-spacing: initial;width: initial\"><\/div>\n<div class=\"ms-editor-squiggler\" style=\"color: initial;font: initial;background: initial;background-blend-mode: initial;border: initial;border-radius: initial;border-collapse: initial;caption-side: initial;clear: initial;columns: initial;column-fill: initial;column-rule: initial;column-span: initial;cursor: initial;flex: initial;flex-flow: initial;float: initial;height: 0px;letter-spacing: initial;margin: initial;max-height: initial;max-width: initial;min-height: initial;min-width: initial;overflow: initial;padding: initial;text-align: initial;text-decoration: initial;text-indent: initial;text-transform: initial;vertical-align: initial;border-spacing: initial;width: initial\"><\/div>\n<div class=\"ms-editor-squiggler\" style=\"color: initial;font: initial;background: initial;background-blend-mode: initial;border: initial;border-radius: initial;border-collapse: initial;caption-side: initial;clear: initial;columns: initial;column-fill: initial;column-rule: initial;column-span: initial;cursor: initial;flex: initial;flex-flow: initial;float: initial;height: 0px;letter-spacing: initial;margin: initial;max-height: initial;max-width: initial;min-height: initial;min-width: initial;overflow: initial;padding: initial;text-align: initial;text-decoration: initial;text-indent: initial;text-transform: initial;vertical-align: initial;border-spacing: initial;width: initial\"><\/div>\n<div class=\"ms-editor-squiggler\" style=\"color: initial;font: initial;background: initial;background-blend-mode: initial;border: initial;border-radius: initial;border-collapse: initial;caption-side: initial;clear: initial;columns: initial;column-fill: initial;column-rule: initial;column-span: initial;cursor: initial;flex: initial;flex-flow: initial;float: initial;height: 0px;letter-spacing: initial;margin: initial;max-height: initial;max-width: initial;min-height: initial;min-width: initial;overflow: initial;padding: initial;text-align: initial;text-decoration: initial;text-indent: initial;text-transform: initial;vertical-align: initial;border-spacing: initial;width: initial\"><\/div>\n<div class=\"ms-editor-squiggler\" style=\"color: initial;font: initial;background: initial;background-blend-mode: initial;border: initial;border-radius: initial;border-collapse: initial;caption-side: initial;clear: initial;columns: initial;column-fill: initial;column-rule: initial;column-span: initial;cursor: initial;flex: initial;flex-flow: initial;float: initial;height: 0px;letter-spacing: initial;margin: initial;max-height: initial;max-width: initial;min-height: initial;min-width: initial;overflow: initial;padding: initial;text-align: initial;text-decoration: initial;text-indent: initial;text-transform: initial;vertical-align: initial;border-spacing: initial;width: initial\"><\/div>\n<div class=\"ms-editor-squiggler\" style=\"color: initial;font: initial;background: initial;background-blend-mode: initial;border: initial;border-radius: initial;border-collapse: initial;caption-side: initial;clear: initial;columns: initial;column-fill: initial;column-rule: initial;column-span: initial;cursor: initial;flex: initial;flex-flow: initial;float: initial;height: 0px;letter-spacing: initial;margin: initial;max-height: initial;max-width: initial;min-height: initial;min-width: initial;overflow: initial;padding: initial;text-align: initial;text-decoration: initial;text-indent: initial;text-transform: initial;vertical-align: initial;border-spacing: initial;width: initial\"><\/div>\n<div class=\"ms-editor-squiggler\" style=\"color: initial;font: initial;background: initial;background-blend-mode: initial;border: initial;border-radius: initial;border-collapse: initial;caption-side: initial;clear: initial;columns: initial;column-fill: initial;column-rule: initial;column-span: initial;cursor: initial;flex: initial;flex-flow: initial;float: initial;height: 0px;letter-spacing: initial;margin: initial;max-height: initial;max-width: initial;min-height: initial;min-width: initial;overflow: initial;padding: initial;text-align: initial;text-decoration: initial;text-indent: initial;text-transform: initial;vertical-align: initial;border-spacing: initial;width: initial\"><\/div>\n<div class=\"ms-editor-squiggler\" style=\"color: initial;font: initial;background: initial;background-blend-mode: initial;border: initial;border-radius: initial;border-collapse: initial;caption-side: initial;clear: initial;columns: initial;column-fill: initial;column-rule: initial;column-span: initial;cursor: initial;flex: initial;flex-flow: initial;float: initial;height: 0px;letter-spacing: initial;margin: initial;max-height: initial;max-width: initial;min-height: initial;min-width: initial;overflow: initial;padding: initial;text-align: initial;text-decoration: initial;text-indent: initial;text-transform: initial;vertical-align: initial;border-spacing: initial;width: initial\"><\/div>\n<div class=\"ms-editor-squiggler\" style=\"color: initial;font: initial;background: initial;background-blend-mode: initial;border: initial;border-radius: initial;border-collapse: initial;caption-side: initial;clear: initial;columns: initial;column-fill: initial;column-rule: initial;column-span: initial;cursor: initial;flex: initial;flex-flow: initial;float: initial;height: 0px;letter-spacing: initial;margin: initial;max-height: initial;max-width: initial;min-height: initial;min-width: initial;overflow: initial;padding: initial;text-align: initial;text-decoration: initial;text-indent: initial;text-transform: initial;vertical-align: initial;border-spacing: initial;width: initial\"><\/div>\n<div class=\"ms-editor-squiggler\" style=\"color: initial;font: initial;background: initial;background-blend-mode: initial;border: initial;border-radius: initial;border-collapse: initial;caption-side: initial;clear: initial;columns: initial;column-fill: initial;column-rule: initial;column-span: initial;cursor: initial;flex: initial;flex-flow: initial;float: initial;height: 0px;letter-spacing: initial;margin: initial;max-height: initial;max-width: initial;min-height: initial;min-width: initial;overflow: initial;padding: initial;text-align: initial;text-decoration: initial;text-indent: initial;text-transform: initial;vertical-align: initial;border-spacing: initial;width: initial\"><\/div>\n","protected":false},"excerpt":{"rendered":"<p>\/\/ SPMAV &#8211; Semin\u00e1rio de Pesquisa do Mestrado em Artes Visuais da UFPel Frente \u00e0s resson\u00e2ncias e amplitudes que o programa possibilita, nasce juntamente com o curso, o Semin\u00e1rio de Pesquisa do Mestrado em Artes Visuais (SPMAV), um evento anual realizado por discentes e docentes do Programa de P\u00f3s-Gradua\u00e7\u00e3o em Artes Visuais (PPGAVI), do Centro [&hellip;]<\/p>\n","protected":false},"author":301,"featured_media":0,"parent":0,"menu_order":0,"comment_status":"closed","ping_status":"closed","template":"","meta":{"jetpack_post_was_ever_published":false,"footnotes":""},"class_list":["post-6366","page","type-page","status-publish","hentry"],"jetpack_sharing_enabled":true,"_links":{"self":[{"href":"https:\/\/wp.ufpel.edu.br\/mestradoartesvisuais\/index.php?rest_route=\/wp\/v2\/pages\/6366","targetHints":{"allow":["GET"]}}],"collection":[{"href":"https:\/\/wp.ufpel.edu.br\/mestradoartesvisuais\/index.php?rest_route=\/wp\/v2\/pages"}],"about":[{"href":"https:\/\/wp.ufpel.edu.br\/mestradoartesvisuais\/index.php?rest_route=\/wp\/v2\/types\/page"}],"author":[{"embeddable":true,"href":"https:\/\/wp.ufpel.edu.br\/mestradoartesvisuais\/index.php?rest_route=\/wp\/v2\/users\/301"}],"replies":[{"embeddable":true,"href":"https:\/\/wp.ufpel.edu.br\/mestradoartesvisuais\/index.php?rest_route=%2Fwp%2Fv2%2Fcomments&post=6366"}],"version-history":[{"count":25,"href":"https:\/\/wp.ufpel.edu.br\/mestradoartesvisuais\/index.php?rest_route=\/wp\/v2\/pages\/6366\/revisions"}],"predecessor-version":[{"id":6591,"href":"https:\/\/wp.ufpel.edu.br\/mestradoartesvisuais\/index.php?rest_route=\/wp\/v2\/pages\/6366\/revisions\/6591"}],"wp:attachment":[{"href":"https:\/\/wp.ufpel.edu.br\/mestradoartesvisuais\/index.php?rest_route=%2Fwp%2Fv2%2Fmedia&parent=6366"}],"curies":[{"name":"wp","href":"https:\/\/api.w.org\/{rel}","templated":true}]}}