{"id":3411,"date":"2019-08-28T16:54:17","date_gmt":"2019-08-28T19:54:17","guid":{"rendered":"https:\/\/wp.ufpel.edu.br\/mestradoartesvisuais\/?page_id=3411"},"modified":"2022-09-15T14:53:12","modified_gmt":"2022-09-15T17:53:12","slug":"alunos-egressos-em-2015","status":"publish","type":"page","link":"https:\/\/wp.ufpel.edu.br\/mestradoartesvisuais\/?page_id=3411","title":{"rendered":"Alunos Egressos em 2015"},"content":{"rendered":"<p><span style=\"font-family: 'trebuchet ms', geneva, sans-serif; font-size: 10pt;\">Abaixo voc\u00ea encontrar\u00e1 nossos alunos que conclu\u00edram sua forma\u00e7\u00e3o no Programa de P\u00f3s-gradua\u00e7\u00e3o Mestrado em Artes Visuais no ano de 2015.<\/span><\/p>\n<p><span style=\"font-family: 'trebuchet ms', geneva, sans-serif; font-size: 10pt;\">Clique no nome do aluno para maiores informa\u00e7\u00f5es sobre ele.<br \/>\nClicando no link do t\u00edtulo da disserta\u00e7\u00e3o voc\u00ea ser\u00e1 enviado \u00e0 publica\u00e7\u00e3o de sua disserta\u00e7\u00e3o.<\/span><\/p>\n<h1 style=\"text-align: center;\"><span style=\"font-family: 'trebuchet ms', geneva, sans-serif; font-size: 18pt;\"><strong>Alunos Egressos em 2015<\/strong><\/span><\/h1>\n<hr \/>\n<p style=\"padding-left: 40px;\"><span style=\"font-family: 'trebuchet ms', geneva, sans-serif; font-size: 10pt;\"><span style=\"font-size: 12pt;\"><strong>Ana Beatriz Campos Vaz<\/strong><\/span><\/span><br \/>\n<span style=\"font-family: 'trebuchet ms', geneva, sans-serif; font-size: 10pt; color: #999999;\"><strong>T\u00cdTULO:<\/strong> <a style=\"color: #999999;\" href=\"http:\/\/repositorio.ufpel.edu.br:8080\/handle\/prefix\/2845\" target=\"_blank\" rel=\"noopener noreferrer\">Arte Contempor\u00e2nea: cotidiano e experi\u00eancia est\u00e9tica em sala de aula<\/a><\/span><br \/>\n<span style=\"font-family: 'trebuchet ms', geneva, sans-serif; font-size: 10pt; color: #999999;\"><strong>ORIENTADORA:<\/strong> Profa. Dra. Ursula Rosa da Silva (PPGAV\/UFPel)<\/span><\/p>\n<hr \/>\n<p style=\"padding-left: 40px;\"><span style=\"font-family: 'trebuchet ms', geneva, sans-serif; font-size: 10pt;\"><span style=\"font-size: 12pt;\"><strong>Andr\u00e9 Winter Noble<\/strong><\/span><\/span><br \/>\n<span style=\"font-family: 'trebuchet ms', geneva, sans-serif; font-size: 10pt;\"><span style=\"color: #999999;\"><strong>T\u00cdTULO:<\/strong>\u00a0<a style=\"color: #999999;\" href=\"https:\/\/wp.ufpel.edu.br\/mestradoartesvisuais\/files\/2017\/11\/Andr%C3%A9REVER-RELER.pdf\" target=\"_blank\" rel=\"noopener noreferrer\">Rever: Reler<\/a><\/span><br \/>\n<span style=\"color: #999999;\"><strong>ORIENTADORA:<\/strong> Profa. Dra. Renata Azevedo Requi\u00e3o (PPGAV\/UFPel)<\/span><u><\/u><\/span><\/p>\n<hr \/>\n<p style=\"padding-left: 40px;\"><span style=\"font-family: 'trebuchet ms', geneva, sans-serif; font-size: 10pt;\"><span style=\"font-size: 12pt;\"><strong>Carla Viviane Thiel Lautenschl\u00e4ger<\/strong><\/span><\/span><br \/>\n<span style=\"font-family: 'trebuchet ms', geneva, sans-serif; font-size: 10pt;\"><span style=\"color: #999999;\"><strong>T\u00cdTULO:<\/strong>\u00a0<a style=\"color: #999999;\" href=\"https:\/\/wp.ufpel.edu.br\/mestradoartesvisuais\/files\/2017\/11\/Mestrado-Artes-Visuais-Carla-Thiel-2015.pdf\" target=\"_blank\" rel=\"noopener noreferrer\">Lugares para a imagem: reflex\u00f5es sobre as espacialidades na pintura<\/a><u><br \/>\n<\/u><strong>ORIENTADORA:<\/strong> Profa. Dra. Renata Azevedo Requi\u00e3o (PPGAV\/UFPel)<\/span><u><\/u><\/span><\/p>\n<hr \/>\n<p style=\"padding-left: 40px;\"><span style=\"font-family: 'trebuchet ms', geneva, sans-serif; font-size: 10pt;\"><span style=\"font-size: 12pt;\"><strong>Cassius Andre Prietto Souza<\/strong><\/span><\/span><br \/>\n<span style=\"font-family: 'trebuchet ms', geneva, sans-serif; font-size: 10pt;\"><span style=\"color: #999999;\"><strong>T\u00cdTULO:<\/strong> <a style=\"color: #999999;\" href=\"https:\/\/wp.ufpel.edu.br\/mestradoartesvisuais\/files\/2017\/11\/cassiusDisserta%C3%A7%C3%A3o-Monstruario-O-livro-dos-monstros-sensiveis.compressed.pdf\" target=\"_blank\" rel=\"noopener noreferrer\">Monstru\u00e1rio: o livro dos monstros sens\u00edveis<\/a><u><br \/>\n<\/u><strong>ORIENTADORA:<\/strong> Profa. Dra. Nadia da Cruz Senna (PPGAV\/UFPel)<\/span><u><\/u><\/span><\/p>\n<hr \/>\n<p style=\"padding-left: 40px;\"><span style=\"font-family: 'trebuchet ms', geneva, sans-serif; font-size: 10pt;\"><span style=\"font-size: 12pt;\"><strong>Guilherme Franck Tavares<\/strong><\/span><\/span><br \/>\n<span style=\"font-family: 'trebuchet ms', geneva, sans-serif; font-size: 10pt; color: #999999;\"><strong>T\u00cdTULO:<\/strong>\u00a0<a style=\"color: #999999;\" href=\"https:\/\/wp.ufpel.edu.br\/mestradoartesvisuais\/files\/2017\/11\/TAVARES_2015.pdf\" target=\"_blank\" rel=\"noopener noreferrer\">Pelotas \u00e0 deriva: t\u00e1ticas urbanas para cole\u00e7\u00e3o e constru\u00e7\u00e3o de <em>situations trouv\u00e9s<\/em><\/a><\/span><br \/>\n<span style=\"font-family: 'trebuchet ms', geneva, sans-serif; font-size: 10pt; color: #999999;\"><strong>ORIENTADOR:<\/strong> Prof. Dr. Daniel Albernaz Acosta (PPGAV\/UFPel)<\/span><\/p>\n<hr \/>\n<p style=\"padding-left: 40px;\"><span style=\"font-family: 'trebuchet ms', geneva, sans-serif; font-size: 10pt;\"><span style=\"font-size: 12pt;\"><strong>Isadora Ebersol<\/strong><\/span><\/span><br \/>\n<span style=\"font-family: 'trebuchet ms', geneva, sans-serif; font-size: 10pt;\"><span style=\"color: #999999;\"><strong>T\u00cdTULO:<\/strong> <a style=\"color: #999999;\" href=\"https:\/\/wp.ufpel.edu.br\/mestradoartesvisuais\/files\/2017\/11\/Isadora.pdf\" target=\"_blank\" rel=\"noopener noreferrer\">Territ\u00f3rios discursivos de g\u00eanero no cinema contempor\u00e2neo: representa\u00e7\u00e3o de g\u00eanero atrav\u00e9s da dire\u00e7\u00e3o de arte<\/a><u><br \/>\n<\/u><strong>ORIENTADORA:<\/strong> Profa. Dra. Nadia da Cruz Senna (PPGAV\/UFPel)<\/span><u><\/u><\/span><\/p>\n<hr \/>\n<p style=\"padding-left: 40px;\"><span style=\"font-family: 'trebuchet ms', geneva, sans-serif; font-size: 10pt;\"><span style=\"font-size: 12pt;\"><strong>Mariana Leite de Almeida<\/strong><\/span><\/span><br \/>\n<span style=\"font-family: 'trebuchet ms', geneva, sans-serif; font-size: 10pt; color: #999999;\"><strong>T\u00cdTULO:<\/strong>\u00a0<a style=\"color: #999999;\" href=\"https:\/\/wp.ufpel.edu.br\/mestradoartesvisuais\/files\/2017\/11\/disserta%C3%A7%C3%A3o_Mariana.pdf\" target=\"_blank\" rel=\"noopener noreferrer\">GIFs: educa\u00e7\u00e3o est\u00e9tica, afeto e ativismo atrav\u00e9s da imagem animada<\/a><\/span><br \/>\n<span style=\"font-family: 'trebuchet ms', geneva, sans-serif; font-size: 10pt; color: #999999;\"><strong>ORIENTADORA:<\/strong> Profa. Dra. Lucia Bergamaschi Costa Weymar (PPGAV\/UFPel)<\/span><\/p>\n<hr \/>\n<p style=\"padding-left: 40px;\"><span style=\"font-family: 'trebuchet ms', geneva, sans-serif; font-size: 10pt;\"><span style=\"font-size: 12pt;\"><strong>Mariza Fernanda Vargas de Souza<\/strong><\/span><\/span><br \/>\n<span style=\"font-family: 'trebuchet ms', geneva, sans-serif; font-size: 10pt; color: #999999;\"><strong>T\u00cdTULO:<\/strong> <a style=\"color: #999999;\" href=\"https:\/\/wp.ufpel.edu.br\/mestradoartesvisuais\/files\/2017\/11\/Mariza.pdf\" target=\"_blank\" rel=\"noopener noreferrer\">Superf\u00edcies e ac\u00famulos: abordando procedimentos de cria\u00e7\u00e3o em pintura<\/a><\/span><br \/>\n<span style=\"font-family: 'trebuchet ms', geneva, sans-serif; font-size: 10pt; color: #999999;\"><strong>ORIENTADORA:<\/strong> Profa. Dra. Adriane Hernandez (PPGAV\/UFPel)<\/span><\/p>\n<hr \/>\n<p style=\"padding-left: 40px;\"><span style=\"font-family: 'trebuchet ms', geneva, sans-serif; font-size: 10pt;\"><span style=\"font-size: 12pt;\"><strong>Maureen Silveira Mantovani de Castilho<\/strong><\/span><\/span><br \/>\n<span style=\"font-family: 'trebuchet ms', geneva, sans-serif; font-size: 10pt; color: #999999;\"><strong>T\u00cdTULO:<\/strong> <a style=\"color: #999999;\" href=\"https:\/\/wp.ufpel.edu.br\/mestradoartesvisuais\/files\/2017\/11\/Maureen.pdf\" target=\"_blank\" rel=\"noopener noreferrer\">Crian\u00e7a-Corpo no palco do mundo: teatro, uma proposta de educa\u00e7\u00e3o est\u00e9tica com crian\u00e7as arteiras<\/a><\/span><br \/>\n<span style=\"font-family: 'trebuchet ms', geneva, sans-serif; font-size: 10pt; color: #999999;\"><strong>ORIENTADORA:<\/strong> Profa. Dra. Mirela Ribeiro Meira (PPGAV\/UFPel)<\/span><\/p>\n<hr \/>\n<p style=\"padding-left: 40px;\"><span style=\"font-family: 'trebuchet ms', geneva, sans-serif; font-size: 10pt;\"><span style=\"font-size: 12pt;\"><strong>Paula Pereira Pinto<\/strong><\/span><\/span><br \/>\n<span style=\"font-family: 'trebuchet ms', geneva, sans-serif; font-size: 10pt; color: #999999;\"><strong>T\u00cdTULO:<\/strong>\u00a0<a style=\"color: #999999;\" href=\"https:\/\/wp.ufpel.edu.br\/mestradoartesvisuais\/files\/2017\/11\/PaulaCriando-Sentidos-com-os-Toys-Art.pdf\" target=\"_blank\" rel=\"noopener noreferrer\">Criando sentidos com os Toys Art<\/a><\/span><br \/>\n<span style=\"font-family: 'trebuchet ms', geneva, sans-serif; font-size: 10pt; color: #999999;\"><strong>ORIENTADORA:<\/strong>\u00a0Profa. Dra. Ursula Rosa da Silva (PPGAV\/UFPel)<\/span><\/p>\n<hr \/>\n<p style=\"padding-left: 40px;\"><span style=\"font-family: 'trebuchet ms', geneva, sans-serif; font-size: 10pt;\"><span style=\"font-size: 12pt;\"><strong>Rita Patr\u00edcia C\u00e1ceres De Laforet<\/strong><\/span><\/span><br \/>\n<span style=\"font-family: 'trebuchet ms', geneva, sans-serif; font-size: 10pt; color: #999999;\"><strong>T\u00cdTULO:<\/strong> <a style=\"color: #999999;\" href=\"https:\/\/wp.ufpel.edu.br\/mestradoartesvisuais\/files\/2017\/11\/Disserta%C3%A7%C3%A3o-Patr%C3%ADcia-Final.pdf\" target=\"_blank\" rel=\"noopener noreferrer\">T\u00e1ticas de uma professora pedagoga para desenvolver pr\u00e1ticas art\u00edsticas na educa\u00e7\u00e3o infantil<\/a><\/span><br \/>\n<span style=\"font-family: 'trebuchet ms', geneva, sans-serif; font-size: 10pt; color: #999999;\"><strong>ORIENTADORA:<\/strong> Profa. Dra. Eduarda Azevedo Gon\u00e7alves (PPGAV\/UFPel)<\/span><\/p>\n<hr \/>\n<p style=\"padding-left: 40px;\"><span style=\"font-family: 'trebuchet ms', geneva, sans-serif; font-size: 10pt;\"><span style=\"font-size: 12pt;\"><strong>Tha\u00eds Nunes Amarante<\/strong><\/span><\/span><br \/>\n<span style=\"font-family: 'trebuchet ms', geneva, sans-serif; font-size: 10pt; color: #999999;\"><strong>T\u00cdTULO:<\/strong>\u00a0\u00a0<a style=\"color: #999999;\" href=\"http:\/\/guaiaca.ufpel.edu.br:8080\/bitstream\/prefix\/2907\/1\/AMARANTE%2c%20Tha%C3%ADs%20Nunes.pdf\" target=\"_blank\" rel=\"noopener noreferrer\">EPHEMERON: uma experi\u00eancia po\u00e9tica audiovisual e colaborativa<\/a><\/span><br \/>\n<span style=\"font-family: 'trebuchet ms', geneva, sans-serif; font-size: 10pt; color: #999999;\"><strong>ORIENTADORA:<\/strong> Profa. Dra. Angela Raffin Pohlmann (PPGAV\/UFPel)<\/span><\/p>\n<hr \/>\n<div class=\"ms-editor-squiggler\" style=\"color: initial; font: initial; background: initial; background-blend-mode: initial; border: initial; border-radius: initial; border-collapse: initial; caption-side: initial; clear: initial; columns: initial; column-fill: initial; column-rule: initial; column-span: initial; cursor: initial; flex: initial; flex-flow: initial; float: initial; height: 0px; letter-spacing: initial; margin: initial; max-height: initial; max-width: initial; min-height: initial; min-width: initial; overflow: initial; padding: initial; text-align: initial; text-decoration: initial; text-indent: initial; text-transform: initial; vertical-align: initial; border-spacing: initial; width: initial;\"><\/div>\n<div class=\"ms-editor-squiggler\" style=\"color: initial; font: initial; background: initial; background-blend-mode: initial; border: initial; border-radius: initial; border-collapse: initial; caption-side: initial; clear: initial; columns: initial; column-fill: initial; column-rule: initial; column-span: initial; cursor: initial; flex: initial; flex-flow: initial; float: initial; height: 0px; letter-spacing: initial; margin: initial; max-height: initial; max-width: initial; min-height: initial; min-width: initial; overflow: initial; padding: initial; text-align: initial; text-decoration: initial; text-indent: initial; text-transform: initial; vertical-align: initial; border-spacing: initial; width: initial;\"><\/div>\n<div class=\"ms-editor-squiggler\" style=\"color: initial; font: initial; background: initial; background-blend-mode: initial; border: initial; border-radius: initial; border-collapse: initial; caption-side: initial; clear: initial; columns: initial; column-fill: initial; column-rule: initial; column-span: initial; cursor: initial; flex: initial; flex-flow: initial; float: initial; height: 0px; letter-spacing: initial; margin: initial; max-height: initial; max-width: initial; min-height: initial; min-width: initial; overflow: initial; padding: initial; text-align: initial; text-decoration: initial; text-indent: initial; text-transform: initial; vertical-align: initial; border-spacing: initial; width: initial;\"><\/div>\n<div class=\"ms-editor-squiggler\" style=\"color: initial; font: initial; background: initial; background-blend-mode: initial; border: initial; border-radius: initial; border-collapse: initial; caption-side: initial; clear: initial; columns: initial; column-fill: initial; column-rule: initial; column-span: initial; cursor: initial; flex: initial; flex-flow: initial; float: initial; height: 0px; letter-spacing: initial; margin: initial; max-height: initial; max-width: initial; min-height: initial; min-width: initial; overflow: initial; padding: initial; text-align: initial; text-decoration: initial; text-indent: initial; text-transform: initial; vertical-align: initial; border-spacing: initial; width: initial;\"><\/div>\n<div class=\"ms-editor-squiggler\" style=\"color: initial; font: initial; background: initial; background-blend-mode: initial; border: initial; border-radius: initial; border-collapse: initial; caption-side: initial; clear: initial; columns: initial; column-fill: initial; column-rule: initial; column-span: initial; cursor: initial; flex: initial; flex-flow: initial; float: initial; height: 0px; letter-spacing: initial; margin: initial; max-height: initial; max-width: initial; min-height: initial; min-width: initial; overflow: initial; padding: initial; text-align: initial; text-decoration: initial; text-indent: initial; text-transform: initial; vertical-align: initial; border-spacing: initial; width: initial;\"><\/div>\n","protected":false},"excerpt":{"rendered":"<p>Abaixo voc\u00ea encontrar\u00e1 nossos alunos que conclu\u00edram sua forma\u00e7\u00e3o no Programa de P\u00f3s-gradua\u00e7\u00e3o Mestrado em Artes Visuais no ano de 2015. Clique no nome do aluno para maiores informa\u00e7\u00f5es sobre ele. Clicando no link do t\u00edtulo da disserta\u00e7\u00e3o voc\u00ea ser\u00e1 enviado \u00e0 publica\u00e7\u00e3o de sua disserta\u00e7\u00e3o. Alunos Egressos em 2015 Ana Beatriz Campos Vaz T\u00cdTULO: [&hellip;]<\/p>\n","protected":false},"author":301,"featured_media":0,"parent":2738,"menu_order":0,"comment_status":"closed","ping_status":"closed","template":"","meta":{"jetpack_post_was_ever_published":false,"footnotes":""},"class_list":["post-3411","page","type-page","status-publish","hentry"],"jetpack_sharing_enabled":false,"_links":{"self":[{"href":"https:\/\/wp.ufpel.edu.br\/mestradoartesvisuais\/index.php?rest_route=\/wp\/v2\/pages\/3411","targetHints":{"allow":["GET"]}}],"collection":[{"href":"https:\/\/wp.ufpel.edu.br\/mestradoartesvisuais\/index.php?rest_route=\/wp\/v2\/pages"}],"about":[{"href":"https:\/\/wp.ufpel.edu.br\/mestradoartesvisuais\/index.php?rest_route=\/wp\/v2\/types\/page"}],"author":[{"embeddable":true,"href":"https:\/\/wp.ufpel.edu.br\/mestradoartesvisuais\/index.php?rest_route=\/wp\/v2\/users\/301"}],"replies":[{"embeddable":true,"href":"https:\/\/wp.ufpel.edu.br\/mestradoartesvisuais\/index.php?rest_route=%2Fwp%2Fv2%2Fcomments&post=3411"}],"version-history":[{"count":22,"href":"https:\/\/wp.ufpel.edu.br\/mestradoartesvisuais\/index.php?rest_route=\/wp\/v2\/pages\/3411\/revisions"}],"predecessor-version":[{"id":9184,"href":"https:\/\/wp.ufpel.edu.br\/mestradoartesvisuais\/index.php?rest_route=\/wp\/v2\/pages\/3411\/revisions\/9184"}],"up":[{"embeddable":true,"href":"https:\/\/wp.ufpel.edu.br\/mestradoartesvisuais\/index.php?rest_route=\/wp\/v2\/pages\/2738"}],"wp:attachment":[{"href":"https:\/\/wp.ufpel.edu.br\/mestradoartesvisuais\/index.php?rest_route=%2Fwp%2Fv2%2Fmedia&parent=3411"}],"curies":[{"name":"wp","href":"https:\/\/api.w.org\/{rel}","templated":true}]}}