{"id":30,"date":"2013-08-22T16:44:06","date_gmt":"2013-08-22T19:44:06","guid":{"rendered":"https:\/\/wp.ufpel.edu.br\/mestradoartesvisuais\/?page_id=30"},"modified":"2022-09-14T08:51:55","modified_gmt":"2022-09-14T11:51:55","slug":"linhas-de-pesquisa","status":"publish","type":"page","link":"https:\/\/wp.ufpel.edu.br\/mestradoartesvisuais\/?page_id=30","title":{"rendered":"Linhas de Pesquisa"},"content":{"rendered":"<p><span style=\"font-family: 'trebuchet ms', geneva, sans-serif;font-size: 12pt\"><strong><span style=\"font-size: 18pt\">\/\/ Linhas de Pesquisa<br><\/span><\/strong><\/span><span style=\"font-family: 'trebuchet ms', geneva, sans-serif;font-size: 12pt\"><span style=\"font-size: 18pt\"><span style=\"font-size: 10pt\">\/ o Programa de P\u00f3s-Gradua\u00e7\u00e3o em Artes Visuais da UFPel \u00e9 constitu\u00eddo por duas Linhas de Pesquisa:<\/span><\/span><\/span><\/p>\n<hr>\n\n<style>.kt-accordion-id_0479bf-08 .kt-accordion-inner-wrap{column-gap:var(--global-kb-gap-md, 2rem);row-gap:15px;}.kt-accordion-id_0479bf-08 .kt-accordion-panel-inner{border-top-width:0px;border-right-width:0px;border-bottom-width:5px;border-left-width:0px;border-color:#fcb900;border-top-left-radius:0px;border-top-right-radius:0px;border-bottom-right-radius:0px;border-bottom-left-radius:0px;background:rgba(255,255,255,0);padding-top:0px;padding-right:30px;padding-bottom:20px;padding-left:30px;}.kt-accordion-id_0479bf-08 > .kt-accordion-inner-wrap > .wp-block-kadence-pane > .kt-accordion-header-wrap > .kt-blocks-accordion-header{border-top-color:#555555;border-right-color:#555555;border-bottom-color:rgba(85,85,85,0);border-left-color:#eeeeee;border-top-width:0px;border-right-width:0px;border-bottom-width:0px;border-left-width:10px;border-top-left-radius:0px;border-top-right-radius:0px;border-bottom-right-radius:0px;border-bottom-left-radius:0px;background:rgba(243,243,243,0.27);font-size:14px;line-height:20px;letter-spacing:0.2px;font-family:-apple-system,BlinkMacSystemFont,\"Segoe UI\",Roboto,Oxygen-Sans,Ubuntu,Cantarell,\"Helvetica Neue\",sans-serif, \"Apple Color Emoji\", \"Segoe UI Emoji\", \"Segoe UI Symbol\";font-weight:400;text-transform:none;color:#555555;padding-top:20px;padding-right:20px;padding-bottom:20px;padding-left:30px;}.kt-accordion-id_0479bf-08:not( .kt-accodion-icon-style-basiccircle ):not( .kt-accodion-icon-style-xclosecircle ):not( .kt-accodion-icon-style-arrowcircle )  > .kt-accordion-inner-wrap > .wp-block-kadence-pane > .kt-accordion-header-wrap .kt-blocks-accordion-icon-trigger:after, .kt-accordion-id_0479bf-08:not( .kt-accodion-icon-style-basiccircle ):not( .kt-accodion-icon-style-xclosecircle ):not( .kt-accodion-icon-style-arrowcircle )  > .kt-accordion-inner-wrap > .wp-block-kadence-pane > .kt-accordion-header-wrap .kt-blocks-accordion-icon-trigger:before{background:#555555;}.kt-accordion-id_0479bf-08:not( .kt-accodion-icon-style-basic ):not( .kt-accodion-icon-style-xclose ):not( .kt-accodion-icon-style-arrow ) .kt-blocks-accordion-icon-trigger{background:#555555;}.kt-accordion-id_0479bf-08:not( .kt-accodion-icon-style-basic ):not( .kt-accodion-icon-style-xclose ):not( .kt-accodion-icon-style-arrow ) .kt-blocks-accordion-icon-trigger:after, .kt-accordion-id_0479bf-08:not( .kt-accodion-icon-style-basic ):not( .kt-accodion-icon-style-xclose ):not( .kt-accodion-icon-style-arrow ) .kt-blocks-accordion-icon-trigger:before{background:rgba(243,243,243,0.27);}.kt-accordion-id_0479bf-08 > .kt-accordion-inner-wrap > .wp-block-kadence-pane > .kt-accordion-header-wrap > .kt-blocks-accordion-header:hover, \n\t\t\t\tbody:not(.hide-focus-outline) .kt-accordion-id_0479bf-08 .kt-blocks-accordion-header:focus-visible{color:#444444;background:#eeeeee;border-top-color:#eeeeee;border-right-color:#eeeeee;border-bottom-color:#eeeeee;border-left-color:#eeeeee;}.kt-accordion-id_0479bf-08:not( .kt-accodion-icon-style-basiccircle ):not( .kt-accodion-icon-style-xclosecircle ):not( .kt-accodion-icon-style-arrowcircle ) .kt-accordion-header-wrap .kt-blocks-accordion-header:hover .kt-blocks-accordion-icon-trigger:after, .kt-accordion-id_0479bf-08:not( .kt-accodion-icon-style-basiccircle ):not( .kt-accodion-icon-style-xclosecircle ):not( .kt-accodion-icon-style-arrowcircle ) .kt-accordion-header-wrap .kt-blocks-accordion-header:hover .kt-blocks-accordion-icon-trigger:before, body:not(.hide-focus-outline) .kt-accordion-id_0479bf-08:not( .kt-accodion-icon-style-basiccircle ):not( .kt-accodion-icon-style-xclosecircle ):not( .kt-accodion-icon-style-arrowcircle ) .kt-blocks-accordion--visible .kt-blocks-accordion-icon-trigger:after, body:not(.hide-focus-outline) .kt-accordion-id_0479bf-08:not( .kt-accodion-icon-style-basiccircle ):not( .kt-accodion-icon-style-xclosecircle ):not( .kt-accodion-icon-style-arrowcircle ) .kt-blocks-accordion-header:focus-visible .kt-blocks-accordion-icon-trigger:before{background:#444444;}.kt-accordion-id_0479bf-08:not( .kt-accodion-icon-style-basic ):not( .kt-accodion-icon-style-xclose ):not( .kt-accodion-icon-style-arrow ) .kt-accordion-header-wrap .kt-blocks-accordion-header:hover .kt-blocks-accordion-icon-trigger, body:not(.hide-focus-outline) .kt-accordion-id_0479bf-08:not( .kt-accodion-icon-style-basic ):not( .kt-accodion-icon-style-xclose ):not( .kt-accodion-icon-style-arrow ) .kt-accordion-header-wrap .kt-blocks-accordion-header:focus-visible .kt-blocks-accordion-icon-trigger{background:#444444;}.kt-accordion-id_0479bf-08:not( .kt-accodion-icon-style-basic ):not( .kt-accodion-icon-style-xclose ):not( .kt-accodion-icon-style-arrow ) .kt-accordion-header-wrap .kt-blocks-accordion-header:hover .kt-blocks-accordion-icon-trigger:after, .kt-accordion-id_0479bf-08:not( .kt-accodion-icon-style-basic ):not( .kt-accodion-icon-style-xclose ):not( .kt-accodion-icon-style-arrow ) .kt-accordion-header-wrap .kt-blocks-accordion-header:hover .kt-blocks-accordion-icon-trigger:before, body:not(.hide-focus-outline) .kt-accordion-id_0479bf-08:not( .kt-accodion-icon-style-basic ):not( .kt-accodion-icon-style-xclose ):not( .kt-accodion-icon-style-arrow ) .kt-accordion-header-wrap .kt-blocks-accordion-header:focus-visible .kt-blocks-accordion-icon-trigger:after, body:not(.hide-focus-outline) .kt-accordion-id_0479bf-08:not( .kt-accodion-icon-style-basic ):not( .kt-accodion-icon-style-xclose ):not( .kt-accodion-icon-style-arrow ) .kt-accordion-header-wrap .kt-blocks-accordion-header:focus-visible .kt-blocks-accordion-icon-trigger:before{background:#eeeeee;}.kt-accordion-id_0479bf-08 .kt-accordion-header-wrap .kt-blocks-accordion-header:focus-visible,\n\t\t\t\t.kt-accordion-id_0479bf-08 > .kt-accordion-inner-wrap > .wp-block-kadence-pane > .kt-accordion-header-wrap > .kt-blocks-accordion-header.kt-accordion-panel-active{color:#444444;background:rgba(252,185,0,0.05);border-top-color:#444444;border-right-color:#444444;border-bottom-color:#444444;border-left-color:#fcb900;}.kt-accordion-id_0479bf-08:not( .kt-accodion-icon-style-basiccircle ):not( .kt-accodion-icon-style-xclosecircle ):not( .kt-accodion-icon-style-arrowcircle )  > .kt-accordion-inner-wrap > .wp-block-kadence-pane > .kt-accordion-header-wrap > .kt-blocks-accordion-header.kt-accordion-panel-active .kt-blocks-accordion-icon-trigger:after, .kt-accordion-id_0479bf-08:not( .kt-accodion-icon-style-basiccircle ):not( .kt-accodion-icon-style-xclosecircle ):not( .kt-accodion-icon-style-arrowcircle )  > .kt-accordion-inner-wrap > .wp-block-kadence-pane > .kt-accordion-header-wrap > .kt-blocks-accordion-header.kt-accordion-panel-active .kt-blocks-accordion-icon-trigger:before{background:#444444;}.kt-accordion-id_0479bf-08:not( .kt-accodion-icon-style-basic ):not( .kt-accodion-icon-style-xclose ):not( .kt-accodion-icon-style-arrow ) .kt-blocks-accordion-header.kt-accordion-panel-active .kt-blocks-accordion-icon-trigger{background:#444444;}.kt-accordion-id_0479bf-08:not( .kt-accodion-icon-style-basic ):not( .kt-accodion-icon-style-xclose ):not( .kt-accodion-icon-style-arrow ) .kt-blocks-accordion-header.kt-accordion-panel-active .kt-blocks-accordion-icon-trigger:after, .kt-accordion-id_0479bf-08:not( .kt-accodion-icon-style-basic ):not( .kt-accodion-icon-style-xclose ):not( .kt-accodion-icon-style-arrow ) .kt-blocks-accordion-header.kt-accordion-panel-active .kt-blocks-accordion-icon-trigger:before{background:rgba(252,185,0,0.05);}@media all and (max-width: 767px){.kt-accordion-id_0479bf-08 .kt-accordion-inner-wrap{display:block;}.kt-accordion-id_0479bf-08 .kt-accordion-inner-wrap .kt-accordion-pane:not(:first-child){margin-top:15px;}}<\/style>\n<div class=\"wp-block-kadence-accordion alignnone\"><div class=\"kt-accordion-wrap kt-accordion-wrap kt-accordion-id_0479bf-08 kt-accordion-has-37-panes kt-active-pane-0 kt-accordion-block kt-pane-header-alignment-left kt-accodion-icon-style-arrow kt-accodion-icon-side-right\" style=\"max-width:none\"><div class=\"kt-accordion-inner-wrap\" data-allow-multiple-open=\"false\" data-start-open=\"none\">\n<div class=\"wp-block-kadence-pane kt-accordion-pane kt-accordion-pane-36 kt-pane_eabe33-4e\" id=\"lp-educacao-em-artes\"><div class=\"kt-accordion-header-wrap\"><button class=\"kt-blocks-accordion-header kt-acccordion-button-label-show\"><span class=\"kt-blocks-accordion-title-wrap\"><span class=\"kt-blocks-accordion-title\">\/\/ Linha de Pesquisa<strong><strong><strong><br\/>Educa\u00e7\u00e3o em Artes e Processos de Forma\u00e7\u00e3o Est\u00e9tica<\/strong><\/strong><\/strong><\/span><\/span><span class=\"kt-blocks-accordion-icon-trigger\"><\/span><\/button><\/div><div class=\"kt-accordion-panel kt-accordion-panel-hidden\"><div class=\"kt-accordion-panel-inner\">\n<p><span style=\"font-family: 'trebuchet ms', geneva, sans-serif; font-size: 10pt;\">Estudos que tratam de processos educacionais em artes, relacionados a experi\u00eancias est\u00e9ticas e pr\u00e1ticas pedag\u00f3gicas, na educa\u00e7\u00e3o formal e n\u00e3o formal. Processos de media\u00e7\u00e3o e forma\u00e7\u00e3o em artes, nas rela\u00e7\u00f5es entre cotidiano, cultura e sociedade. \u00canfase na arte como campo de saber aberto que envolve a historiografia da arte, teoria e cr\u00edtica.<\/span><\/p>\n<hr \/>\n<p style=\"padding-left: 40px;\"><span style=\"font-family: 'trebuchet ms', geneva, sans-serif;\">\/\/ Professores da Linha de Pesquisa<strong><br \/>Educa\u00e7\u00e3o em Artes e Processos de Forma\u00e7\u00e3o Est\u00e9tica<br \/><\/strong><span style=\"font-size: 10pt;\">clique sobre o nome do docente para acessar o perfil<\/span><\/span><\/p>\n<p style=\"padding-left: 40px;\"><span style=\"font-family: 'trebuchet ms', geneva, sans-serif; font-size: 10pt;\"><a href=\"https:\/\/wp.ufpel.edu.br\/mestradoartesvisuais\/andrea-lacerda-bachettini\/\">Andr\u00e9a Lacerda Bachettini<\/a><\/span><\/p>\n<p style=\"padding-left: 40px;\"><span style=\"font-family: 'trebuchet ms', geneva, sans-serif; font-size: 10pt;\"><a href=\"https:\/\/wp.ufpel.edu.br\/mestradoartesvisuais\/carmen-anita-hoffmann\/\">Carmen Anita Hoffmann<\/a><\/span><\/p>\n<p style=\"padding-left: 40px;\"><span style=\"font-family: 'trebuchet ms', geneva, sans-serif; font-size: 10pt;\"><a href=\"https:\/\/wp.ufpel.edu.br\/mestradoartesvisuais\/claudia-mariza-mattos-brandao\/\">Claudia Mariza Brand\u00e3o<\/a><\/span><\/p>\n<p style=\"padding-left: 40px;\"><span style=\"font-family: 'trebuchet ms', geneva, sans-serif; font-size: 10pt;\"><a href=\"https:\/\/wp.ufpel.edu.br\/mestradoartesvisuais\/eleonora-campos-da-motta-santos\/\">Eleonora Campos Motta Santos<\/a><\/span><\/p>\n<p style=\"padding-left: 40px;\"><span style=\"font-family: 'trebuchet ms', geneva, sans-serif; font-size: 10pt;\"><a href=\"https:\/\/wp.ufpel.edu.br\/mestradoartesvisuais\/larissa-patron-chaves\/\">Larissa Patron Chaves<\/a><\/span><\/p>\n<p style=\"padding-left: 40px;\"><a href=\"https:\/\/wp.ufpel.edu.br\/mestradoartesvisuais\/8673-2\/\"><span style=\"font-family: 'trebuchet ms', geneva, sans-serif; font-size: 10pt;\">Marco Aurelio da Cruz Souza<\/span><\/a><\/p>\n<p style=\"padding-left: 40px;\"><span style=\"font-family: 'trebuchet ms', geneva, sans-serif; font-size: 10pt;\"><a href=\"https:\/\/wp.ufpel.edu.br\/mestradoartesvisuais\/nadia-da-cruz-senna\/\">N\u00e1dia da Cruz Senna<\/a><\/span><\/p>\n<p style=\"padding-left: 40px;\"><a href=\"https:\/\/wp.ufpel.edu.br\/mestradoartesvisuais\/rogerio-vanderlei-de-lima-trindade\/\"><span style=\"font-family: 'trebuchet ms', geneva, sans-serif; font-size: 10pt;\">Rog\u00e9rio Vanderlei de Lima Trindade<\/span><\/a><\/p>\n<p style=\"padding-left: 40px;\"><span style=\"font-family: 'trebuchet ms', geneva, sans-serif; font-size: 10pt;\"><a href=\"https:\/\/wp.ufpel.edu.br\/mestradoartesvisuais\/rosangela-fachel-de-medeiros\/\">Ros\u00e2ngela Fachel de Medeiros<\/a><\/span><\/p>\n<p style=\"padding-left: 40px;\"><span style=\"font-family: 'trebuchet ms', geneva, sans-serif; font-size: 10pt;\"><a href=\"https:\/\/wp.ufpel.edu.br\/mestradoartesvisuais\/ursula-rosa-da-silva\/\">Ursula Rosa da Silva<\/a><\/span><\/p>\n<p style=\"padding-left: 40px;\">\u00a0<\/p>\n<hr \/>\n<p><span style=\"font-family: 'trebuchet ms', geneva, sans-serif; font-size: 10pt;\">Para mais informa\u00e7\u00f5es referente aos professores do Programa de P\u00f3s-Gradua\u00e7\u00e3o em Artes Visuais da UFPel, consulte a p\u00e1gina\u00a0<a href=\"https:\/\/wp.ufpel.edu.br\/mestradoartesvisuais\/docentes\/\"><strong>docentes<\/strong><\/a><\/span><\/p>\n<\/div><\/div><\/div>\n\n\n\n<div class=\"wp-block-kadence-pane kt-accordion-pane kt-accordion-pane-37 kt-pane_a553a4-6d\" id=\"lp-processos-de-criacao\"><div class=\"kt-accordion-header-wrap\"><button class=\"kt-blocks-accordion-header kt-acccordion-button-label-show\"><span class=\"kt-blocks-accordion-title-wrap\"><span class=\"kt-blocks-accordion-title\">\/\/ Linha de Pesquisa<strong><strong><strong><br\/>Processos de Cria\u00e7\u00e3o e Po\u00e9ticas do Cotidiano<\/strong><\/strong><\/strong><\/span><\/span><span class=\"kt-blocks-accordion-icon-trigger\"><\/span><\/button><\/div><div class=\"kt-accordion-panel kt-accordion-panel-hidden\"><div class=\"kt-accordion-panel-inner\">\n<p><span style=\"font-family: 'trebuchet ms', geneva, sans-serif; font-size: 10pt;\">Investiga\u00e7\u00f5es no pensar e no fazer da arte, enfocando o processo de cria\u00e7\u00e3o e as dimens\u00f5es po\u00e9ticas da produ\u00e7\u00e3o art\u00edstica contempor\u00e2nea. \u00canfase nas rela\u00e7\u00f5es entre artes, sociedade, pol\u00edtica, \u00e9tica e linguagens nos contextos culturais e ligados ao cotidiano.<\/span><\/p>\n<hr \/>\n<p style=\"padding-left: 40px;\"><span style=\"font-family: 'trebuchet ms', geneva, sans-serif; font-size: 10pt;\"><span style=\"font-size: 12pt;\">\/\/ Professores da Linha de Pesquisa<\/span><strong><br \/><span style=\"font-size: 12pt;\">Processos de Cria\u00e7\u00e3o e Po\u00e9ticas do Cotidiano<\/span><br \/><\/strong>clique sobre o nome do docente para acessar o perfil<\/span><\/p>\n<p style=\"padding-left: 40px;\"><span style=\"font-family: 'trebuchet ms', geneva, sans-serif; font-size: 10pt;\"><a href=\"https:\/\/wp.ufpel.edu.br\/mestradoartesvisuais\/alice-jean-monsell\/\">Alice Jean Monsell<\/a><\/span><\/p>\n<p style=\"padding-left: 40px;\"><span style=\"font-family: 'trebuchet ms', geneva, sans-serif; font-size: 10pt;\"><a href=\"https:\/\/wp.ufpel.edu.br\/mestradoartesvisuais\/ana-zeferina-ferreira-maio\/\">Ana Zeferina Ferreira Maio<\/a><\/span><\/p>\n<p style=\"padding-left: 40px;\"><span style=\"font-family: 'trebuchet ms', geneva, sans-serif; font-size: 10pt;\"><a href=\"https:\/\/wp.ufpel.edu.br\/mestradoartesvisuais\/angela-raffin-pohlmann\/\">Angela Raffin Pohlmann<\/a><\/span><\/p>\n<p style=\"padding-left: 40px;\"><span style=\"font-family: 'trebuchet ms', geneva, sans-serif; font-size: 10pt;\"><a href=\"https:\/\/wp.ufpel.edu.br\/mestradoartesvisuais\/clovis-vergara-de-almeida-martins-costa\/\">Cl\u00f3vis Vergara de Almeida Martins Costa<\/a><\/span><\/p>\n<p style=\"padding-left: 40px;\"><span style=\"font-size: 10pt;\"><span style=\"font-family: 'trebuchet ms', geneva, sans-serif;\"><a href=\"https:\/\/wp.ufpel.edu.br\/mestradoartesvisuais\/edio-ranieri-da-silva\/\">\u00c9dio Raniere da Silva<\/a><\/span><\/span><\/p>\n<p style=\"padding-left: 40px;\"><span style=\"font-family: 'trebuchet ms', geneva, sans-serif; font-size: 10pt;\"><a href=\"https:\/\/wp.ufpel.edu.br\/mestradoartesvisuais\/eduarda-azevedo-goncalves\/\">Eduarda Azevedo Gon\u00e7alves<\/a><\/span><\/p>\n<p style=\"padding-left: 40px;\"><span style=\"font-family: 'trebuchet ms', geneva, sans-serif; font-size: 10pt;\"><a href=\"https:\/\/wp.ufpel.edu.br\/mestradoartesvisuais\/felipe-merker-castellani\/\">Felipe Merker Castellani<\/a><\/span><\/p>\n<p style=\"padding-left: 40px;\"><span style=\"font-family: 'trebuchet ms', geneva, sans-serif; font-size: 10pt;\"><a href=\"https:\/\/wp.ufpel.edu.br\/mestradoartesvisuais\/helene-gomes-sacco\/\">Helene Carbone Sacco<\/a><\/span><\/p>\n<p style=\"padding-left: 40px;\"><span style=\"font-family: 'trebuchet ms', geneva, sans-serif; font-size: 10pt;\"><a href=\"https:\/\/wp.ufpel.edu.br\/mestradoartesvisuais\/joao-carlos-machado\/\">Jo\u00e3o Carlos Machado<\/a><\/span><\/p>\n<p style=\"padding-left: 40px;\"><span style=\"font-family: 'trebuchet ms', geneva, sans-serif; font-size: 10pt;\"><a href=\"https:\/\/wp.ufpel.edu.br\/mestradoartesvisuais\/kelly-wendt\/\">Kelly Wendt<\/a><\/span><\/p>\n<p style=\"padding-left: 40px;\"><span style=\"font-family: georgia, palatino, serif; font-size: 10pt;\"><a href=\"https:\/\/wp.ufpel.edu.br\/mestradoartesvisuais\/lauer-alves-nunes-dos-santos\/\"><span style=\"font-family: 'trebuchet ms', geneva, sans-serif;\">Lauer Alves Nunes dos Santos<\/span><\/a><\/span><\/p>\n<p style=\"padding-left: 40px;\"><span style=\"font-family: georgia, palatino, serif; font-size: 10pt;\"><span style=\"font-family: 'trebuchet ms', geneva, sans-serif;\"><a href=\"https:\/\/wp.ufpel.edu.br\/mestradoartesvisuais\/martha-gomes-de-freitas\/\">Martha Gomes de Freitas<\/a><\/span><\/span><\/p>\n<p style=\"padding-left: 40px;\"><span style=\"font-family: georgia, palatino, serif; font-size: 10pt;\"><a href=\"https:\/\/wp.ufpel.edu.br\/mestradoartesvisuais\/rebeca-da-cunha-recuero\/\"><span style=\"font-family: 'trebuchet ms', geneva, sans-serif;\">Rebeca da Cunha Recuero<\/span><\/a><\/span><\/p>\n<p style=\"padding-left: 40px;\"><span style=\"font-family: 'trebuchet ms', geneva, sans-serif; font-size: 10pt;\"><a href=\"https:\/\/wp.ufpel.edu.br\/mestradoartesvisuais\/renata-azevedo-requiao\/\">Renata Azevedo Requi\u00e3o<\/a><\/span><\/p>\n<p style=\"padding-left: 40px;\"><span style=\"font-family: 'trebuchet ms', geneva, sans-serif; font-size: 10pt;\"><a href=\"https:\/\/wp.ufpel.edu.br\/mestradoartesvisuais\/roseli-aparecida-da-silva-nery\/\">Roseli Aparecida da Silva Nery<\/a><\/span><\/p>\n<p>\u00a0<\/p>\n<hr \/>\n<p><span style=\"font-family: 'trebuchet ms', geneva, sans-serif; font-size: 10pt;\">Para mais informa\u00e7\u00f5es referente aos professores do Programa de P\u00f3s-Gradua\u00e7\u00e3o em Artes Visuais da UFPel, consulte a p\u00e1gina\u00a0<a href=\"https:\/\/wp.ufpel.edu.br\/mestradoartesvisuais\/docentes\/\"><strong>docentes<\/strong><\/a><\/span><\/p>\n<\/div><\/div><\/div>\n<\/div><\/div><\/div>\n\n\n\n<p><\/p>\n","protected":false},"excerpt":{"rendered":"<p>\/\/ Linhas de Pesquisa\/ o Programa de P\u00f3s-Gradua\u00e7\u00e3o em Artes Visuais da UFPel \u00e9 constitu\u00eddo por duas Linhas de Pesquisa:<\/p>\n","protected":false},"author":301,"featured_media":0,"parent":0,"menu_order":2,"comment_status":"closed","ping_status":"closed","template":"","meta":{"jetpack_post_was_ever_published":false,"footnotes":""},"class_list":["post-30","page","type-page","status-publish","hentry"],"jetpack_sharing_enabled":false,"_links":{"self":[{"href":"https:\/\/wp.ufpel.edu.br\/mestradoartesvisuais\/index.php?rest_route=\/wp\/v2\/pages\/30","targetHints":{"allow":["GET"]}}],"collection":[{"href":"https:\/\/wp.ufpel.edu.br\/mestradoartesvisuais\/index.php?rest_route=\/wp\/v2\/pages"}],"about":[{"href":"https:\/\/wp.ufpel.edu.br\/mestradoartesvisuais\/index.php?rest_route=\/wp\/v2\/types\/page"}],"author":[{"embeddable":true,"href":"https:\/\/wp.ufpel.edu.br\/mestradoartesvisuais\/index.php?rest_route=\/wp\/v2\/users\/301"}],"replies":[{"embeddable":true,"href":"https:\/\/wp.ufpel.edu.br\/mestradoartesvisuais\/index.php?rest_route=%2Fwp%2Fv2%2Fcomments&post=30"}],"version-history":[{"count":44,"href":"https:\/\/wp.ufpel.edu.br\/mestradoartesvisuais\/index.php?rest_route=\/wp\/v2\/pages\/30\/revisions"}],"predecessor-version":[{"id":9176,"href":"https:\/\/wp.ufpel.edu.br\/mestradoartesvisuais\/index.php?rest_route=\/wp\/v2\/pages\/30\/revisions\/9176"}],"wp:attachment":[{"href":"https:\/\/wp.ufpel.edu.br\/mestradoartesvisuais\/index.php?rest_route=%2Fwp%2Fv2%2Fmedia&parent=30"}],"curies":[{"name":"wp","href":"https:\/\/api.w.org\/{rel}","templated":true}]}}