{"id":998,"date":"2012-06-24T22:18:06","date_gmt":"2012-06-25T01:18:06","guid":{"rendered":"https:\/\/wp.ufpel.edu.br\/mercosul\/?page_id=998"},"modified":"2019-07-17T16:27:19","modified_gmt":"2019-07-17T19:27:19","slug":"curso-superior-de-tecnologia-en-transportes-terrestres","status":"publish","type":"page","link":"https:\/\/wp.ufpel.edu.br\/mercosul\/cursos-relacionados-con-el-cim\/curso-superior-de-tecnologia-en-transportes-terrestres\/","title":{"rendered":"Curso Superior de Tecnolog\u00eda en Transportes Terrestres"},"content":{"rendered":"<p>El Curso Superior de Tecnolog\u00eda en Transportes Terrestres comprende tecnolog\u00edas relacionadas al transporte, contemplando acciones de planificaci\u00f3n, operaci\u00f3n, mantenimiento, proposici\u00f3n y gesti\u00f3n de soluciones tecnol\u00f3gicas para infraestructura. Comprende tambi\u00e9n el transporte de personas y bienes, movilizando, de forma articulada, saberes y tecnolog\u00edas relacionadas al control de tr\u00e1fico y tr\u00e1fico, ensayos de laboratorios, c\u00e1lculo y lectura de diagramas y mapas, normas t\u00e9cnicas y legislaci\u00f3n. Las caracter\u00edsticas b\u00e1sicas son el enfoque sistem\u00e1tico de la gesti\u00f3n de la calidad, \u00e9tica y seguridad, viabilidad t\u00e9cnico-econ\u00f3mica y sustentabilidad.<\/p>\n<p>El Tecn\u00f3logo en Transportes Terrestres analiza el crecimiento de los centros urbanos e investiga, planea e implanta medidas para solucionar problemas de tr\u00e1fico y transporte de personas y cargas. Asimismo, perfecciona y adapta sistemas de transporte colectivo a la legislaci\u00f3n vigente. Estudia y acota sistemas de transporte y almacenamiento de productos, de forma econ\u00f3mica y segura. Gesti\u00f3n e integraci\u00f3n estrat\u00e9gica de los modales de transportes, elaboraci\u00f3n y an\u00e1lisis de los indicadores de desempe\u00f1o, adem\u00e1s de la gesti\u00f3n de riesgo en el transporte, son actividades cotidianas de ese profesional.<\/p>\n<p>&nbsp;<\/p>\n<h4><strong>Contacto<\/strong><\/h4>\n<h4><strong>Curso Superior de Tecnolog\u00eda en\u00a0Transportes Terrestres<\/strong><\/h4>\n<p>Direcci\u00f3n: Rua Francisca da Silva, 319 &#8211;\u00a0Bairro Ch\u00e1cara &#8211;\u00a0Eldorado do Sui \u2013 RS, Brasil<br \/>\nJunto de las dependencias de la Escuela Municipal\u00a0Con\u00eago Eug\u00eanio Mees<\/p>\n<h4><strong>Coordinador:<\/strong><\/h4>\n<p>F\u00e1bio Saraiva da Rocha<br \/>\nCorreo-e: <a href=\"mailto:fabio.saraiva.rocha@gmail.com\">fabio.saraiva.rocha@gmail.com<\/a><\/p>\n<h4><strong>Secretaria del Curso:<\/strong><\/h4>\n<p>Correo-e: <a href=\"mailto:secretaria.csttt@gmail.com\">secretaria.csttt@gmail.com<\/a><\/p>\n","protected":false},"excerpt":{"rendered":"<p>El Curso Superior de Tecnolog\u00eda en Transportes Terrestres comprende tecnolog\u00edas relacionadas al transporte, contemplando acciones de planificaci\u00f3n, operaci\u00f3n, mantenimiento, proposici\u00f3n y gesti\u00f3n de soluciones tecnol\u00f3gicas para infraestructura. Comprende tambi\u00e9n el transporte de personas y bienes, movilizando, de forma articulada, saberes y tecnolog\u00edas relacionadas al control de tr\u00e1fico y tr\u00e1fico, ensayos de laboratorios, c\u00e1lculo y lectura [&hellip;]<\/p>\n","protected":false},"author":185,"featured_media":0,"parent":175,"menu_order":0,"comment_status":"closed","ping_status":"closed","template":"","meta":{"footnotes":"","_links_to":"","_links_to_target":""},"class_list":["post-998","page","type-page","status-publish","hentry"],"jetpack_sharing_enabled":true,"_links":{"self":[{"href":"https:\/\/wp.ufpel.edu.br\/mercosul\/wp-json\/wp\/v2\/pages\/998","targetHints":{"allow":["GET"]}}],"collection":[{"href":"https:\/\/wp.ufpel.edu.br\/mercosul\/wp-json\/wp\/v2\/pages"}],"about":[{"href":"https:\/\/wp.ufpel.edu.br\/mercosul\/wp-json\/wp\/v2\/types\/page"}],"author":[{"embeddable":true,"href":"https:\/\/wp.ufpel.edu.br\/mercosul\/wp-json\/wp\/v2\/users\/185"}],"replies":[{"embeddable":true,"href":"https:\/\/wp.ufpel.edu.br\/mercosul\/wp-json\/wp\/v2\/comments?post=998"}],"version-history":[{"count":5,"href":"https:\/\/wp.ufpel.edu.br\/mercosul\/wp-json\/wp\/v2\/pages\/998\/revisions"}],"predecessor-version":[{"id":2451,"href":"https:\/\/wp.ufpel.edu.br\/mercosul\/wp-json\/wp\/v2\/pages\/998\/revisions\/2451"}],"up":[{"embeddable":true,"href":"https:\/\/wp.ufpel.edu.br\/mercosul\/wp-json\/wp\/v2\/pages\/175"}],"wp:attachment":[{"href":"https:\/\/wp.ufpel.edu.br\/mercosul\/wp-json\/wp\/v2\/media?parent=998"}],"curies":[{"name":"wp","href":"https:\/\/api.w.org\/{rel}","templated":true}]}}