{"id":908,"date":"2012-06-18T18:23:56","date_gmt":"2012-06-18T21:23:56","guid":{"rendered":"https:\/\/wp.ufpel.edu.br\/mercosul\/?page_id=908"},"modified":"2012-06-24T22:30:33","modified_gmt":"2012-06-25T01:30:33","slug":"2012-centro-de-estudios-fronterizos","status":"publish","type":"page","link":"https:\/\/wp.ufpel.edu.br\/mercosul\/centro-de-estudios-fronterizos\/actividades-del-centro-de-estudios-fronterizos\/2012-centro-de-estudios-fronterizos\/","title":{"rendered":"2012 &#8211; Centro de Estudios Fronterizos"},"content":{"rendered":"<p><a href=\"https:\/\/wp.ufpel.edu.br\/mercosul\/files\/2012\/05\/Cartaz-A-Fronteira-em-Debate.jpg\"><img class=\"aligncenter\" src=\"https:\/\/wp.ufpel.edu.br\/mercosul\/files\/2012\/05\/Cartaz-A-Fronteira-em-Debate-300x212.jpg\" alt=\"\" width=\"300\" height=\"212\" \/><\/a><\/p>\n<p><a href=\"https:\/\/wp.ufpel.edu.br\/mercosul\/files\/2012\/05\/fronteiras1.jpg\"><img class=\"aligncenter\" src=\"https:\/\/wp.ufpel.edu.br\/mercosul\/files\/2012\/05\/fronteiras1-300x200.jpg\" alt=\"\" width=\"300\" height=\"200\" \/><\/a><\/p>\n<p>Promovido por el Centro de Integraci\u00f3n del Mercosur y el N\u00facleo de Estudios Fronterizos de UFPel, tendr\u00e1 lugar el pr\u00f3ximo 22 de mayo en el auditorio Sim\u00f3n Bol\u00edvar (Centro de Integraci\u00f3n del Mercosur) el seminario\u00a0<em>La frontera en debate<\/em>. Las actividades se llevar\u00e1n a cabo por la ma\u00f1ana y tarde, con la presencia de panelistas de UFPel, UFRGS y UFRJ.<\/p>\n<p>Se discutir\u00e1n temas como el uso de v\u00edas fluviales para el transporte a trav\u00e9s dela Laguna Mer\u00edn, la integraci\u00f3n \u00e9tnica en las regiones fronterizas, el papel de los medios de comunicaci\u00f3n en la integraci\u00f3n fronteriza, entre otros.<\/p>\n<p>&nbsp;<\/p>\n<h4><strong>N\u00facleo de Estudios Fronterizos acoge el lanzamiento del Ciclo de Ponencias sobre la Plaza Internacional<\/strong><\/h4>\n<h4><strong><em>16\u00a0 Abril\u00a0 2012<\/em><\/strong><\/h4>\n<h4><img src=\"http:\/\/www.ufpel.edu.br\/mercosul\/images\/nucleo.jpg\" alt=\"\" width=\"350\" height=\"214\" \/><\/h4>\n<p>El \u00faltimo viernes (13), el N\u00facleo de Estudios Fronterizos del Centro de Integraci\u00f3n del Mercosur acogi\u00f3 el primer encuentro del Ciclo de Ponencias sobrela Plaza Internacional, localizada en la frontera entre Santana do Livramento \u00a0(Brasil) y Rivera (Uruguay). El Ciclo de Ponencias tendr\u00e1 continuidad en las escuelas de Livramento y Rivera, bajo la coordinaci\u00f3n dela Comisi\u00f3nBinacionalde Cultura Brasil-Uruguay y Rotary Club Integraci\u00f3n (Livramento) y ser\u00e1 impartido por el autor del libro \u201cLa Historiadela Plaza Internacional\u201d, Nelson Ferreira Moreira.<\/p>\n<p><img src=\"http:\/\/www.ufpel.edu.br\/mercosul\/images\/relogio.jpg\" alt=\"\" width=\"350\" height=\"466\" \/><\/p>\n<p>Seg\u00fan relato del libro, para demarcar la l\u00ednea entre <em>Serrillada<\/em> y <em>Massoller<\/em>, extensa regi\u00f3n de llanuras continuas de los dos pa\u00edses, Brasil y Uruguay, donde no existen cursos de agua u otros accidentes geogr\u00e1ficos capaces de servir de referencias, las Comisiones Demarcadoras optaron por recurrir al llamado \u201cDivisor de Aguas\u201d. De ah\u00ed la raz\u00f3n de la forma irregular que caracteriza la l\u00ednea l\u00edmite y de uno de los principales cuestionamientos hechos por todos cuantos visitan la frontera. El llamado \u201cDivisor de Aguas\u201d es la manera m\u00e1s justa para establecer los l\u00edmites, pues no perjudica a ninguna de las partes interesadas. Es definido como \u201cuna l\u00ednea te\u00f3rica de menor inclinaci\u00f3n, que limita las tierras drenadas por una cuenca fluvial de otra cuenca fluvial\u201d. Una explicaci\u00f3n m\u00e1s f\u00e1cil es la que este divisor de aguas es establecido por la propia naturaleza. Cuando el agua de la lluvia cae, escurre una parte para cada lado y determina la l\u00ednea por donde debe pasar la frontera. Sin embargo, al alcanzar los suburbios de Santana do Livramento y Rivera,la Comisi\u00f3n Demarcadora, integrada por elementos de ambos pa\u00edses, verific\u00f3 que ya no podr\u00eda mantener la se\u00f1alizaci\u00f3n de la frontera por el divisor de aguas, conforme se hac\u00eda. A partir del llamado \u201cCerro del Caquero\u201d, la l\u00ednea demarcadora invadir\u00eda casas, cortar\u00eda terrenos y causar\u00eda otros problemas de naturaleza grave para las dos comunidades siamesas, una vez que las construcciones brasile\u00f1as y uruguayas se hab\u00edan aproximado demasiado. De esa manera, un trecho de aproximadamente cuatro kil\u00f3metros qued\u00f3 pendiente para una pr\u00f3xima definici\u00f3n. Finalmente, ese problema fue definitivamente resuelto en 1923, ocasi\u00f3n en que fue sugerida la construcci\u00f3n de un \u201cParque Internacional\u201d en el \u00e1rea existente entre Santana do Livramento y Rivera, considerada \u201ctierra de nadie\u201d. El Parque Internacional, que pertenece a los dos pa\u00edses, constituye un caso \u00fanico en el mundo. En consonancia con el coordinador del N\u00facleo de Estudios Fronterizos, el profesor Maur\u00edcio Pinto de Silva, el libro estar\u00e1 a disposici\u00f3n de los lectores en el N\u00facleo y en el Centro de Integraci\u00f3n del Mercosur, en Pelotas.<\/p>\n<h4><strong>Protecci\u00f3n Ambiental en la frontera Brasil-Uruguay<\/strong><\/h4>\n<h4><strong><em>2 Marzo 2012<\/em><\/strong><\/h4>\n<p><img src=\"http:\/\/www.ufpel.edu.br\/mercosul\/images\/nucleo-fronteirico-g.jpg\" alt=\"\" \/><\/p>\n<p>La problem\u00e1tica de la gobernanza territorial ambiental en las fronteras, en una perspectiva hist\u00f3rica, se destaca en raz\u00f3n de que los pa\u00edses, en su mayor\u00eda, apliquen regulaciones espec\u00edficas para sus \u00e1reas de frontera, generalmente calificadas como zonas o rangos de seguridad, cuyos criterios restringen y inhiben la implementaci\u00f3n de proyectos de integraci\u00f3n, de car\u00e1cter regional.<\/p>\n<p>En ese sentido, la articulaci\u00f3n de los actores p\u00fablicos y privados ante la gobernanza territorial en el \u00e1rea de frontera entre Santana do Livramento en Brasil y Rivera, Uruguay, en especial en el \u00e1rea ambiental, ha sido discutida desde el \u00faltimo d\u00eda 28 de febrero, en el N\u00facleo de Estudios Fronterizos del Centro de Integraci\u00f3n del Mercosur\/UFPel, en la ciudad de Santana do Livramento.<\/p>\n<p>La reuni\u00f3n t\u00e9cnica del Programa <strong>URB-AL-PAMPA<\/strong>, programa cofinanciado por la Comunidad Europea y coordenada por el Dr. \u00c2ngelo de S\u00e1 Borba (Portugal), representante para Am\u00e9rica Latina, tiene car\u00e1cter binacional, y cuenta con la participaci\u00f3n de los municipios brasile\u00f1os de Alegrete, Santana do Livramento, Ros\u00e1rio do Sul y Quara\u00ed, regi\u00f3n que comprende el \u00e1rea de la Reserva Biol\u00f3gica de Ibirapuit\u00e3 (Alegrete) y la Sierra de Caver\u00e1 (Ros\u00e1rio do Sul) a lo largo de la carretera BR 290, adem\u00e1s de Rivera, Uruguay, donde las \u00e1reas son los parques Natural Valle del Lunarejo y Gran Breta\u00f1a y los l\u00edmites internacionales de Rivera.<\/p>\n<p>Toda el \u00e1rea ambiental comprendida por los dos pa\u00edses es denominada \u00c1rea de Protecci\u00f3n Ambiental (APA) del Ibirapuit\u00e3 y las discusiones tienen como objetivo intensificar los estudios y an\u00e1lisis para el desarrollo socio econ\u00f3mico y su relaci\u00f3n con la naturaleza en la regi\u00f3n fronteriza, a ejemplo de la explotaci\u00f3n del acu\u00edfero Guaran\u00ed y la implantaci\u00f3n del parque e\u00f3lico en la regi\u00f3n.<\/p>\n<h4><strong>La cultura fronteriza en debate en el N\u00facleo Centro de Estudios Fronterizos de UFPEL<\/strong><\/h4>\n<h4><strong><em>10\u00a0 febrero 2012<\/em><\/strong><\/h4>\n<p><img src=\"http:\/\/www.ufpel.edu.br\/mercosul\/images\/mercosul-(1).jpg\" alt=\"\" width=\"350\" height=\"263\" \/><\/p>\n<p>En una reuni\u00f3n de la Comisi\u00f3n Binacional de Cultura Brasil-Uruguay celebrada ayer, 09 de febrero, la Universidad Federal de Pelotas estuvo representada por la profesora del curso de Cine C\u00edntia Langie y el coordinador del N\u00facleo de Estudios Fronterizos del Centro de Integraci\u00f3n del MERCOSUR, Maur\u00edcio Pinto da Silva. Entre las autoridades, participaron el alcalde de Santana do Livramento, Wainer Machado, el C\u00f3nsul de Uruguay en Livramento, Sr. Ricardo Duarte, y la representante del Ministerio de Cultura en la regi\u00f3n sur de Brasil, Margarete Moraes. En su conferencia, Margarete Moraes destac\u00f3 la importancia de involucrar a instituciones de educaci\u00f3n superior en la difusi\u00f3n y desarrollo de la cultura de la frontera. En el tema de los debates y discusiones el Sistema Nacional de Cultura y el Programa Nacional de Cultura (PRONAC) que han sido ampliamente presentados por el representante del Ministerio de Cultura a los miembros de la Comisi\u00f3n Binacional. La reuni\u00f3n tambi\u00e9n cont\u00f3 con la participaci\u00f3n de representantes de secretar\u00edas municipales de cultura de frontera Brasil-Uruguay, adem\u00e1s de URCAMP, UNIPAMPA e IFSUL-Livramento.<\/p>\n<p>El representante de la Universidad Federal de Pelotas mostr\u00f3 a la Comisi\u00f3n Binacional de acciones, actividades y proyectos en preparaci\u00f3n, como la restauraci\u00f3n de edificios hist\u00f3ricos en Livramento, la restauraci\u00f3n de la hidr\u00e1ulica Cu\u00f1apir\u00fa en Rivera, ambos preparados a partir del Acuerdo de Cooperaci\u00f3n entre la Rector\u00eda de UFPel, Prefectura de Santana do Livramento e Intendencia de Rivera, adem\u00e1s de la pel\u00edcula en preparaci\u00f3n de la profesora C\u00edntia Langie a hacerse en las ciudades fronterizas de Acegu\u00e1, Chui y Santana do Livramento, con la participaci\u00f3n de estudiantes y profesores de UFPel .<\/p>\n<h4><strong>Reuni\u00f3n t\u00e9cnica sobre la cooperaci\u00f3n cultural en la frontera Brasil-Uruguay<\/strong><\/h4>\n<h4><strong><em>06 de febrero 2012<\/em><\/strong><\/h4>\n<p><img src=\"http:\/\/www.ufpel.edu.br\/mercosul\/images\/reuniao_comissao_binacional_de_cultura1.JPG\" alt=\"\" \/><\/p>\n<p>Continuando con las actividades de la \u00faltima reuni\u00f3n (foto), celebrada a finales de enero, en Rivera, Uruguay, la Comisi\u00f3n Binacional de Cultura de Brasil-Uruguay se re\u00fane el pr\u00f3ximo jueves (9), en el N\u00facleo de Estudios Fronterizos del Centro de Integraci\u00f3n del Mercosur de UFPel, en Santana do Livramento. La reuni\u00f3n contar\u00e1 con la presencia de t\u00e9cnicos del Ministerio de Cultura de Brasil y se discutir\u00e1n temas como el Sistema Nacional la Cultura y PRONAC (Programa Nacional de Cultura), a cargo de la representante del Ministerio de Cultura, Margarita Moraes (Minc \u2013 regi\u00f3n Sur).<\/p>\n<p>&nbsp;<\/p>\n<h4><strong>N\u00facleo de Estudios Fronterizos acogi\u00f3 el lanzamiento del libro Mart\u00edn Fierro<\/strong><\/h4>\n<h4><strong><em>27\u00a0 Enero 2012<\/em><\/strong><\/h4>\n<p><img src=\"http:\/\/www.ufpel.edu.br\/mercosul\/images\/fierro.jpg\" alt=\"\" width=\"350\" height=\"488\" \/><\/p>\n<p>En presencia de brasile\u00f1os, uruguayos y argentinos, el N\u00facleo de Estudios Fronterizos del Centro de Integraci\u00f3n del Mercosur acogi\u00f3 el mi\u00e9rcoles (25) la ceremonia de lanzamiento del libro Mart\u00edn Fierro de Jos\u00e9 Hern\u00e1ndez, protagonizada por el editor nacido en Santana do Livramento Sergio Rosa de Paiva, con traducci\u00f3n del paisano Paulo Bentancur.<\/p>\n<p>Para el Coordinador del N\u00facleo de Estudios Fronterizos, profesor Mauricio Pinto da Silva, la esmerada edici\u00f3n, con ilustraciones en colores y en negro, tuvo el cuidado para que el lector pudiera compendiar en la misma p\u00e1gina los versos en lengua portuguesa y espa\u00f1ola, facilitando la comprensi\u00f3n y la ling\u00fc\u00edstica de los idiomas.<\/p>\n<p>En consonancia con Paiva, editor de la obra, el libro de Jos\u00e9 Hern\u00e1ndez \u201cEl gaucho Mart\u00edn Fierro\u201d fue concebido en Santana do Livramento en el siglo XIX. Hern\u00e1ndez, un fugitivo que se escondi\u00f3 en la Frontera, logr\u00f3 traducir en palabras el alma del hombre que cruzaba campos y escrib\u00eda su historia con base en la pura esencia. Adem\u00e1s, para Paiva, ese es un regalo para todos los fronterizos que tienen ahora la oportunidad de comprender mejor el significado de algunos t\u00e9rminos que, aunque escritos desde hace muchos a\u00f1os, se hacen cada vez m\u00e1s actuales.<\/p>\n<p>En pronunciamiento, el Secretario General del Gobierno de Santana do Livramento, Robson Cabral, agradeci\u00f3 y dijo que es un orgullo la misi\u00f3n de distribuir la edici\u00f3n gratuitamente en las escuelas, bibliotecas y Centros de Tradiciones Gauchas (CTG). La edici\u00f3n biling\u00fce de Mart\u00edn Fierro fue editada a trav\u00e9s de la Ley de Incentivo a la Cultura (Minc), con el patrocinio de Petrobr\u00e1s y el Gobierno del Estado de Rio Grande do Sul, y estar\u00e1 a disposici\u00f3n del lector en el Centro de Integraci\u00f3n del MERCOSUR, en Pelotas, en el N\u00facleo de Estudios Fronterizos, en Santana do Livramento, y en el Centro de Letras y Comunicaci\u00f3n de UFPel, en el Campus Porto, en Pelotas.<\/p>\n<p>&nbsp;<\/p>\n<p>&nbsp;<\/p>\n","protected":false},"excerpt":{"rendered":"<p>Promovido por el Centro de Integraci\u00f3n del Mercosur y el N\u00facleo de Estudios Fronterizos de UFPel, tendr\u00e1 lugar el pr\u00f3ximo 22 de mayo en el auditorio Sim\u00f3n Bol\u00edvar (Centro de Integraci\u00f3n del Mercosur) el seminario\u00a0La frontera en debate. Las actividades se llevar\u00e1n a cabo por la ma\u00f1ana y tarde, con la presencia de panelistas de [&hellip;]<\/p>\n","protected":false},"author":185,"featured_media":0,"parent":491,"menu_order":0,"comment_status":"closed","ping_status":"closed","template":"","meta":{"footnotes":"","_links_to":"","_links_to_target":""},"class_list":["post-908","page","type-page","status-publish","hentry"],"jetpack_sharing_enabled":true,"_links":{"self":[{"href":"https:\/\/wp.ufpel.edu.br\/mercosul\/wp-json\/wp\/v2\/pages\/908","targetHints":{"allow":["GET"]}}],"collection":[{"href":"https:\/\/wp.ufpel.edu.br\/mercosul\/wp-json\/wp\/v2\/pages"}],"about":[{"href":"https:\/\/wp.ufpel.edu.br\/mercosul\/wp-json\/wp\/v2\/types\/page"}],"author":[{"embeddable":true,"href":"https:\/\/wp.ufpel.edu.br\/mercosul\/wp-json\/wp\/v2\/users\/185"}],"replies":[{"embeddable":true,"href":"https:\/\/wp.ufpel.edu.br\/mercosul\/wp-json\/wp\/v2\/comments?post=908"}],"version-history":[{"count":9,"href":"https:\/\/wp.ufpel.edu.br\/mercosul\/wp-json\/wp\/v2\/pages\/908\/revisions"}],"predecessor-version":[{"id":910,"href":"https:\/\/wp.ufpel.edu.br\/mercosul\/wp-json\/wp\/v2\/pages\/908\/revisions\/910"}],"up":[{"embeddable":true,"href":"https:\/\/wp.ufpel.edu.br\/mercosul\/wp-json\/wp\/v2\/pages\/491"}],"wp:attachment":[{"href":"https:\/\/wp.ufpel.edu.br\/mercosul\/wp-json\/wp\/v2\/media?parent=908"}],"curies":[{"name":"wp","href":"https:\/\/api.w.org\/{rel}","templated":true}]}}