{"id":864,"date":"2012-06-15T08:41:46","date_gmt":"2012-06-15T11:41:46","guid":{"rendered":"https:\/\/wp.ufpel.edu.br\/mercosul\/?page_id=864"},"modified":"2012-06-25T15:44:09","modified_gmt":"2012-06-25T18:44:09","slug":"2012-cim-2","status":"publish","type":"page","link":"https:\/\/wp.ufpel.edu.br\/mercosul\/2012-cim-2\/","title":{"rendered":"2012 &#8211; CIM"},"content":{"rendered":"<h4><strong>EXPOSICI\u00d3N \u201cSomos el Jugo del Carnaval\u201d\u00a0<\/strong><\/h4>\n<p align=\"center\">\n<p align=\"center\"><strong>Fragmentos Carnavalescos del Club Social 24 de Agosto de Jaguar\u00e3o \u2013 RS<\/strong><\/p>\n<p style=\"text-align: justify\" align=\"center\"><strong>\u00a0<\/strong><\/p>\n<p style=\"text-align: justify\" align=\"center\"><strong><\/strong>La Exposici\u00f3n,\u00a0en forma de banners,\u00a0tiene como prop\u00f3sito presentar a la\u00a0comunidad en general parte de la historia carnavalesca de una de las\u00a0entidades m\u00e1s tradicionales\u00a0de la ciudad de Jaguar\u00e3o en Rio Grande do\u00a0Sul,\u00a0el\u00a0<strong>Club Social 24 de Agosto<\/strong>. El club\u00a0fue fundado en el a\u00f1o 1918 como un espacio de sociabilidad y entretenimiento para la poblaci\u00f3n negra de Jaguar\u00e3o, impedidas de asistir a otros espacios sociales de la ciudad en la \u00e9poca de su surgimiento.\u00a0La muestra cuenta la historia de un club \u00e9tnico y resalta la importancia hist\u00f3rica y actual de este patrimonio popular.<\/p>\n<p style=\"text-align: justify\">La Exposici\u00f3nconsta de cuatro ejes tem\u00e1ticos, elaborados a partir de investigaci\u00f3n documental y oral,\u00a0y aborda\u00a0los\u00a0diferentes\u00a0estilos carnavalescos a trav\u00e9s de los que el Club 24 de Agosto se ha expresado a lo largo de los a\u00f1os: 1- El Carnaval Veneciano; 2\u2013 Los Grupos de Carnaval; 3- Las Reinas \u00c9tnicas; 4- Las\u00a0<em>Marchinhas<\/em>\u00a0(m\u00fasicas) Carnavalescas.<\/p>\n<p style=\"text-align: justify\">La Exposici\u00f3nse llevar\u00e1 a cabo en el vest\u00edbulo del\u00a0<strong>Centro de Integraci\u00f3n del Mercosur \u2013 UFPel entre los d\u00edas 5 y 25 de junio de 2012 con apertura prevista para el 5 a las 18 h.<\/strong><\/p>\n<p style=\"text-align: justify\"><strong><\/strong>Contar\u00e1 tambi\u00e9n con monitores, alumnos del curso de\u00a0Ciencias Musicales del Centro de Artes\u00a0de UFPel,\u00a0para orientar al p\u00fablico visitante en horarios espec\u00edficos.<\/p>\n<p style=\"text-align: justify\">La investigaci\u00f3n hist\u00f3rica y el gui\u00f3n son de la historiadora Juliana dos Santos Nunes y la coordinaci\u00f3n general de la muestra es del Prof. Dr. Werner Ewald de UFPel.<\/p>\n<p><a href=\"https:\/\/wp.ufpel.edu.br\/mercosul\/files\/2012\/05\/Convitee.jpg\"><img src=\"https:\/\/wp.ufpel.edu.br\/mercosul\/files\/2012\/05\/Convitee-1024x724.jpg\" alt=\"\" width=\"645\" height=\"456\" \/><\/a><\/p>\n<p>&nbsp;<\/p>\n<p>&nbsp;<\/p>\n<p><a href=\"https:\/\/wp.ufpel.edu.br\/mercosul\/files\/2012\/06\/CLA.jpg\"><img class=\"alignleft size-large wp-image-778\" src=\"https:\/\/wp.ufpel.edu.br\/mercosul\/files\/2012\/06\/CLA-726x1024.jpg\" alt=\"\" width=\"645\" height=\"909\" srcset=\"https:\/\/wp.ufpel.edu.br\/mercosul\/files\/2012\/06\/CLA-726x1024.jpg 726w, https:\/\/wp.ufpel.edu.br\/mercosul\/files\/2012\/06\/CLA-212x300.jpg 212w, https:\/\/wp.ufpel.edu.br\/mercosul\/files\/2012\/06\/CLA.jpg 843w\" sizes=\"(max-width: 645px) 100vw, 645px\" \/><\/a><\/p>\n<p>&nbsp;<\/p>\n<p>&nbsp;<\/p>\n<p><a href=\"https:\/\/wp.ufpel.edu.br\/mercosul\/files\/2012\/05\/ii-sma1.jpg\"><img class=\"size-large wp-image-542 aligncenter\" src=\"https:\/\/wp.ufpel.edu.br\/mercosul\/files\/2012\/05\/ii-sma1-1024x724.jpg\" alt=\"\" width=\"645\" height=\"456\" srcset=\"https:\/\/wp.ufpel.edu.br\/mercosul\/files\/2012\/05\/ii-sma1-1024x724.jpg 1024w, https:\/\/wp.ufpel.edu.br\/mercosul\/files\/2012\/05\/ii-sma1-300x212.jpg 300w, https:\/\/wp.ufpel.edu.br\/mercosul\/files\/2012\/05\/ii-sma1.jpg 1043w\" sizes=\"(max-width: 645px) 100vw, 645px\" \/><\/a><\/p>\n<p style=\"text-align: center\"><a href=\"http:\/\/www.ufpel.edu.br\/gestaoambiental\/smaufpel\/\">http:\/\/www.ufpel.edu.br\/gestaoambiental\/smaufpel\/<\/a><\/p>\n<p><a href=\"https:\/\/wp.ufpel.edu.br\/mercosul\/files\/2012\/05\/cartaz_semin\u00e1rioII.jpg\"><img class=\" wp-image-437 aligncenter\" src=\"https:\/\/wp.ufpel.edu.br\/mercosul\/files\/2012\/05\/cartaz_semin\u00e1rioII-715x1024.jpg\" alt=\"\" width=\"451\" height=\"646\" \/><\/a><\/p>\n<p>&nbsp;<\/p>\n<p>&nbsp;<\/p>\n<p><a href=\"https:\/\/wp.ufpel.edu.br\/mercosul\/files\/2012\/05\/Cartaz-A-Fronteira-em-Debate.jpg\"><img class=\"aligncenter\" src=\"https:\/\/wp.ufpel.edu.br\/mercosul\/files\/2012\/05\/Cartaz-A-Fronteira-em-Debate-300x212.jpg\" alt=\"\" width=\"300\" height=\"212\" \/><\/a><\/p>\n<p><a href=\"https:\/\/wp.ufpel.edu.br\/mercosul\/files\/2012\/05\/fronteiras1.jpg\"><img class=\"alignleft size-medium wp-image-860\" src=\"https:\/\/wp.ufpel.edu.br\/mercosul\/files\/2012\/05\/fronteiras1-300x200.jpg\" alt=\"\" width=\"300\" height=\"200\" srcset=\"https:\/\/wp.ufpel.edu.br\/mercosul\/files\/2012\/05\/fronteiras1-300x200.jpg 300w, https:\/\/wp.ufpel.edu.br\/mercosul\/files\/2012\/05\/fronteiras1-1024x683.jpg 1024w, https:\/\/wp.ufpel.edu.br\/mercosul\/files\/2012\/05\/fronteiras1.jpg 1361w\" sizes=\"(max-width: 300px) 100vw, 300px\" \/><\/a><\/p>\n<p>Promovido por el Centro de Integraci\u00f3n del Mercosur y el N\u00facleo de Estudios Fronterizos de UFPel, tendr\u00e1 lugar el pr\u00f3ximo 22 de mayo en el auditorio Sim\u00f3n Bol\u00edvar (Centro de Integraci\u00f3n del Mercosur) el seminario\u00a0<em>La frontera en debate<\/em>. Las actividades se llevar\u00e1n a cabo por la ma\u00f1ana y tarde, con la presencia de panelistas de UFPel, UFRGS y UFRJ.<\/p>\n<p>Se discutir\u00e1n temas como el uso de v\u00edas fluviales para el transporte a trav\u00e9s dela Laguna Mer\u00edn, la integraci\u00f3n \u00e9tnica en las regiones fronterizas, el papel de los medios de comunicaci\u00f3n en la integraci\u00f3n fronteriza, entre otros.<\/p>\n<p>&nbsp;<\/p>\n<p>&nbsp;<\/p>\n<p><a href=\"https:\/\/wp.ufpel.edu.br\/mercosul\/files\/2012\/05\/Convite-Pelotas-Trilhando-2.jpg\"><img class=\"aligncenter\" src=\"https:\/\/wp.ufpel.edu.br\/mercosul\/files\/2012\/05\/Convite-Pelotas-Trilhando-2-300x300.jpg\" alt=\"\" width=\"300\" height=\"300\" \/><\/a><\/p>\n<p>El fot\u00f3grafo:<\/p>\n<p>Luiz Eduardo Achutti &#8211; Fot\u00f3grafo, periodista, profesor de la Universidad Federal de Rio Grande do Sul, doctor en Antropolog\u00eda Visual y miembro de\u00a0<em>Phanie, Centre de I\u2019ethnologie et de I\u2019image<\/em>.<\/p>\n<p>Propuesta:<\/p>\n<p>La exposici\u00f3n fotogr\u00e1fica\u00a0<em>TRILHANDO A MEM\u00d3RIA<\/em>\u00a0(Caminando en la memoria) est\u00e1 vinculada a un proyecto de investigaci\u00f3n de la Prorrector\u00eda de UFRGS y tiene como objetivo mapear el universo de la memoria ferroviaria en todo el estado de Rio Grande do Sul. Al final del estudio se publicar\u00e1 un libro.<\/p>\n<p>Proponemos a SESC\/RS la promoci\u00f3n de una exposici\u00f3n itinerante por cuatro ciudades del estado, a definirse, preferiblemente las que tienen estaciones de ferrocarril.<\/p>\n<p>La exposici\u00f3n consta de cuarenta fotograf\u00edas, en formato 78 cm x 78 cm (incluido el paspart\u00fa), en color y B\/N, que presentan el universo de la RED FERROVIARIA FEDERAL de RS-estaciones de tren, talleres, los ferroviarios, etc., captadas de 1993 hasta el d\u00eda de hoy.<\/p>\n<p>Las fotograf\u00edas se exhibir\u00e1n del 14 de mayo al 1<sup>er<\/sup>\u00a0de junio en el vest\u00edbulo del Centro de Integraci\u00f3n del MERCOSUR.<\/p>\n<p>&nbsp;<\/p>\n<p>&nbsp;<\/p>\n<p>&nbsp;<\/p>\n<p>&nbsp;<\/p>\n","protected":false},"excerpt":{"rendered":"<p>EXPOSICI\u00d3N \u201cSomos el Jugo del Carnaval\u201d\u00a0 Fragmentos Carnavalescos del Club Social 24 de Agosto de Jaguar\u00e3o \u2013 RS \u00a0 La Exposici\u00f3n,\u00a0en forma de banners,\u00a0tiene como prop\u00f3sito presentar a la\u00a0comunidad en general parte de la historia carnavalesca de una de las\u00a0entidades m\u00e1s tradicionales\u00a0de la ciudad de Jaguar\u00e3o en Rio Grande do\u00a0Sul,\u00a0el\u00a0Club Social 24 de Agosto. El [&hellip;]<\/p>\n","protected":false},"author":185,"featured_media":0,"parent":0,"menu_order":0,"comment_status":"closed","ping_status":"closed","template":"","meta":{"footnotes":"","_links_to":"","_links_to_target":""},"class_list":["post-864","page","type-page","status-publish","hentry"],"jetpack_sharing_enabled":true,"_links":{"self":[{"href":"https:\/\/wp.ufpel.edu.br\/mercosul\/wp-json\/wp\/v2\/pages\/864","targetHints":{"allow":["GET"]}}],"collection":[{"href":"https:\/\/wp.ufpel.edu.br\/mercosul\/wp-json\/wp\/v2\/pages"}],"about":[{"href":"https:\/\/wp.ufpel.edu.br\/mercosul\/wp-json\/wp\/v2\/types\/page"}],"author":[{"embeddable":true,"href":"https:\/\/wp.ufpel.edu.br\/mercosul\/wp-json\/wp\/v2\/users\/185"}],"replies":[{"embeddable":true,"href":"https:\/\/wp.ufpel.edu.br\/mercosul\/wp-json\/wp\/v2\/comments?post=864"}],"version-history":[{"count":9,"href":"https:\/\/wp.ufpel.edu.br\/mercosul\/wp-json\/wp\/v2\/pages\/864\/revisions"}],"predecessor-version":[{"id":872,"href":"https:\/\/wp.ufpel.edu.br\/mercosul\/wp-json\/wp\/v2\/pages\/864\/revisions\/872"}],"wp:attachment":[{"href":"https:\/\/wp.ufpel.edu.br\/mercosul\/wp-json\/wp\/v2\/media?parent=864"}],"curies":[{"name":"wp","href":"https:\/\/api.w.org\/{rel}","templated":true}]}}