{"id":851,"date":"2012-06-14T02:08:24","date_gmt":"2012-06-14T05:08:24","guid":{"rendered":"https:\/\/wp.ufpel.edu.br\/mercosul\/?page_id=851"},"modified":"2012-06-14T02:08:24","modified_gmt":"2012-06-14T05:08:24","slug":"reserva-para-eventos-2","status":"publish","type":"page","link":"https:\/\/wp.ufpel.edu.br\/mercosul\/reserva-para-eventos-2\/","title":{"rendered":"Reserva para Eventos"},"content":{"rendered":"<p>Faz parte da estrutura do Centro de Integra\u00e7\u00e3o do MERCOSUL, o Audit\u00f3rio Sim\u00f3n<\/p>\n<p>Bol\u00edvar, que tem capacidade para at\u00e9 90 pessoas.<\/p>\n<p>O audit\u00f3rio \u00e9 equipado com sistema de som e multim\u00eddia, que fica dispon\u00edvel para<br \/>\nutiliza\u00e7\u00e3o nos eventos realizados.<\/p>\n<p>Para a realiza\u00e7\u00e3o de eventos no audit\u00f3rio, \u00e9 necess\u00e1rio:<\/p>\n<p>\u2022 Que se verifique a data e a disponibilidade do audit\u00f3rio;<br \/>\n\u2022 Realizar o preenchimento do formul\u00e1rio de reserva que est\u00e1 dispon\u00edvel na<br \/>\np\u00e1gina;<br \/>\n\u2022 Encaminhar o formul\u00e1rio assinado pelo coordenador do evento ao Centro de<br \/>\nIntegra\u00e7\u00e3o do Mercosul.<\/p>\n<p>N\u00e3o h\u00e1 cobran\u00e7a de loca\u00e7\u00e3o para as unidades da UFPel.<\/p>\n<p>&nbsp;<\/p>\n<p><strong><a href=\"https:\/\/wp.ufpel.edu.br\/mercosul\/files\/2012\/05\/Formul\u00e1rio-Eventos.pdf\">[Clique aqui para obter o Formul\u00e1rio de Eventos]<\/a><\/strong><\/p>\n","protected":false},"excerpt":{"rendered":"<p>Faz parte da estrutura do Centro de Integra\u00e7\u00e3o do MERCOSUL, o Audit\u00f3rio Sim\u00f3n Bol\u00edvar, que tem capacidade para at\u00e9 90 pessoas. O audit\u00f3rio \u00e9 equipado com sistema de som e multim\u00eddia, que fica dispon\u00edvel para utiliza\u00e7\u00e3o nos eventos realizados. Para a realiza\u00e7\u00e3o de eventos no audit\u00f3rio, \u00e9 necess\u00e1rio: \u2022 Que se verifique a data e [&hellip;]<\/p>\n","protected":false},"author":185,"featured_media":0,"parent":0,"menu_order":0,"comment_status":"closed","ping_status":"closed","template":"","meta":{"footnotes":"","_links_to":"","_links_to_target":""},"class_list":["post-851","page","type-page","status-publish","hentry"],"jetpack_sharing_enabled":true,"_links":{"self":[{"href":"https:\/\/wp.ufpel.edu.br\/mercosul\/wp-json\/wp\/v2\/pages\/851","targetHints":{"allow":["GET"]}}],"collection":[{"href":"https:\/\/wp.ufpel.edu.br\/mercosul\/wp-json\/wp\/v2\/pages"}],"about":[{"href":"https:\/\/wp.ufpel.edu.br\/mercosul\/wp-json\/wp\/v2\/types\/page"}],"author":[{"embeddable":true,"href":"https:\/\/wp.ufpel.edu.br\/mercosul\/wp-json\/wp\/v2\/users\/185"}],"replies":[{"embeddable":true,"href":"https:\/\/wp.ufpel.edu.br\/mercosul\/wp-json\/wp\/v2\/comments?post=851"}],"version-history":[{"count":2,"href":"https:\/\/wp.ufpel.edu.br\/mercosul\/wp-json\/wp\/v2\/pages\/851\/revisions"}],"predecessor-version":[{"id":855,"href":"https:\/\/wp.ufpel.edu.br\/mercosul\/wp-json\/wp\/v2\/pages\/851\/revisions\/855"}],"wp:attachment":[{"href":"https:\/\/wp.ufpel.edu.br\/mercosul\/wp-json\/wp\/v2\/media?parent=851"}],"curies":[{"name":"wp","href":"https:\/\/api.w.org\/{rel}","templated":true}]}}