{"id":796,"date":"2012-06-12T16:45:10","date_gmt":"2012-06-12T19:45:10","guid":{"rendered":"https:\/\/wp.ufpel.edu.br\/mercosul\/?page_id=796"},"modified":"2012-06-12T16:49:58","modified_gmt":"2012-06-12T19:49:58","slug":"muestra-fotografica","status":"publish","type":"page","link":"https:\/\/wp.ufpel.edu.br\/mercosul\/muestra-fotografica\/","title":{"rendered":"Muestra Fotogr\u00e1fica"},"content":{"rendered":"<p style=\"text-align: left\" align=\"center\"><strong>UFPEL (Universidad Federal de Pelotas) con la necesidad de ampliar su espacio acad\u00e9mico adquiri\u00f3 el edificio del antiguo frigor\u00edfico ANGLO, por lo que se me pidi\u00f3 para hacer un registro fotogr\u00e1fico de la situaci\u00f3n en el lugar.<\/strong><\/p>\n<p style=\"text-align: left\" align=\"center\"><strong>Cuando empec\u00e9 el trabajo, conociendo parte de la historia de nuestra ciudad, me sorprendi\u00f3 el estado en que se encontraba completamente en ruinas la construcci\u00f3n. Las ventanas, techo, puertas y paredes estaban da\u00f1ados por la acci\u00f3n del tiempo, actos de vandalismo y negligencia. Fui recopilando, entonces, im\u00e1genes que pensaba interesantes, (columnas de hormig\u00f3n alineadas iluminadas por peque\u00f1os rayos de luz, tejas rotas ca\u00eddas en el suelo, partes de la madera y otros detalles arquitect\u00f3nicos). Las obras de reforma se iniciaron y segu\u00ed fotografiando, encantado con el resultado. Me ha despertado un gran inter\u00e9s en presentar, a trav\u00e9s de mi visi\u00f3n fotogr\u00e1fica, la posibilidad de transformaci\u00f3n que la vida nos da. La empresa que en el pasado ofreci\u00f3 empleo a una gran parte de la poblaci\u00f3n de clase obrera, en su mayor\u00eda sin cualificaci\u00f3n profesional, y contribuy\u00f3 para el desarrollo de la ciudad, en particular la regi\u00f3n del <em>Porto<\/em>, pero que hace mucho no funciona m\u00e1s, est\u00e1 siendo adaptada para futuramente formar a miles de j\u00f3venes de nuestra ciudad y los alrededores con cualificaciones profesionales y valorados por este mercado laboral cada vez m\u00e1s exigente.<\/strong><\/p>\n<p><strong>Por ello, yo ten\u00eda la idea de realizar una exposici\u00f3n de fotograf\u00edas que registran el antes y el despu\u00e9s de las reformas, la que he llamado &#8220;Metamorfosis&#8221; en un intento de dar a conocer a la gente la historia de nuestra ciudad en la \u00e9poca del frigor\u00edfico ANGLO (empresa extranjera), con la industrializaci\u00f3n de la carne, un marco de transformaci\u00f3n que puso fin a la era del charqui, la mayor actividad econ\u00f3mica en la ciudad, que hoy experimenta una transformaci\u00f3n, el &#8220;Saber en movimiento.&#8221;<\/strong><\/p>\n<p>&nbsp;<\/p>\n<p><strong><span style=\"text-decoration: underline\">JOS\u00c9 PACHECO (reportero fotogr\u00e1fico)<\/span><\/strong><\/p>\n<p>&nbsp;<\/p>\n<p style=\"text-align: center\"><strong>Haga clic en las im\u00e1genes de abajo para acceder los \u00e1lbumes :<\/strong><\/p>\n<p style=\"text-align: center\"><a href=\"https:\/\/picasaweb.google.com\/116411847716124856715\/MetamorfoseColor\" target=\"_blank\"><img class=\"size-medium wp-image-688\" src=\"https:\/\/wp.ufpel.edu.br\/mercosul\/files\/2012\/05\/IMG_0913-200x300.jpg\" alt=\"\" width=\"200\" height=\"300\" srcset=\"https:\/\/wp.ufpel.edu.br\/mercosul\/files\/2012\/05\/IMG_0913-200x300.jpg 200w, https:\/\/wp.ufpel.edu.br\/mercosul\/files\/2012\/05\/IMG_0913-684x1024.jpg 684w, https:\/\/wp.ufpel.edu.br\/mercosul\/files\/2012\/05\/IMG_0913.jpg 1368w\" sizes=\"(max-width: 200px) 100vw, 200px\" \/><\/a><\/p>\n<p style=\"text-align: center\"><strong>Muestra &#8211; en color<\/strong><\/p>\n<p style=\"text-align: center\"><a href=\"https:\/\/picasaweb.google.com\/116411847716124856715\/MetamorfosePB\" target=\"_blank\"><img class=\"size-medium wp-image-689\" src=\"https:\/\/wp.ufpel.edu.br\/mercosul\/files\/2012\/05\/2634-225x300.jpg\" alt=\"\" width=\"225\" height=\"300\" srcset=\"https:\/\/wp.ufpel.edu.br\/mercosul\/files\/2012\/05\/2634-225x300.jpg 225w, https:\/\/wp.ufpel.edu.br\/mercosul\/files\/2012\/05\/2634-768x1024.jpg 768w, https:\/\/wp.ufpel.edu.br\/mercosul\/files\/2012\/05\/2634.jpg 1536w\" sizes=\"(max-width: 225px) 100vw, 225px\" \/><\/a><\/p>\n<p style=\"text-align: center\"><strong>Muestra &#8211; Blanco y Negro<\/strong><\/p>\n<p style=\"text-align: center\"><a href=\"https:\/\/wp.ufpel.edu.br\/mercosul\/es\/\">[Voltar]<\/a><\/p>\n<p>&nbsp;<\/p>\n","protected":false},"excerpt":{"rendered":"<p>UFPEL (Universidad Federal de Pelotas) con la necesidad de ampliar su espacio acad\u00e9mico adquiri\u00f3 el edificio del antiguo frigor\u00edfico ANGLO, por lo que se me pidi\u00f3 para hacer un registro fotogr\u00e1fico de la situaci\u00f3n en el lugar. Cuando empec\u00e9 el trabajo, conociendo parte de la historia de nuestra ciudad, me sorprendi\u00f3 el estado en que [&hellip;]<\/p>\n","protected":false},"author":185,"featured_media":0,"parent":0,"menu_order":0,"comment_status":"closed","ping_status":"closed","template":"","meta":{"footnotes":"","_links_to":"","_links_to_target":""},"class_list":["post-796","page","type-page","status-publish","hentry"],"jetpack_sharing_enabled":true,"_links":{"self":[{"href":"https:\/\/wp.ufpel.edu.br\/mercosul\/wp-json\/wp\/v2\/pages\/796","targetHints":{"allow":["GET"]}}],"collection":[{"href":"https:\/\/wp.ufpel.edu.br\/mercosul\/wp-json\/wp\/v2\/pages"}],"about":[{"href":"https:\/\/wp.ufpel.edu.br\/mercosul\/wp-json\/wp\/v2\/types\/page"}],"author":[{"embeddable":true,"href":"https:\/\/wp.ufpel.edu.br\/mercosul\/wp-json\/wp\/v2\/users\/185"}],"replies":[{"embeddable":true,"href":"https:\/\/wp.ufpel.edu.br\/mercosul\/wp-json\/wp\/v2\/comments?post=796"}],"version-history":[{"count":14,"href":"https:\/\/wp.ufpel.edu.br\/mercosul\/wp-json\/wp\/v2\/pages\/796\/revisions"}],"predecessor-version":[{"id":809,"href":"https:\/\/wp.ufpel.edu.br\/mercosul\/wp-json\/wp\/v2\/pages\/796\/revisions\/809"}],"wp:attachment":[{"href":"https:\/\/wp.ufpel.edu.br\/mercosul\/wp-json\/wp\/v2\/media?parent=796"}],"curies":[{"name":"wp","href":"https:\/\/api.w.org\/{rel}","templated":true}]}}